{"id":2308,"date":"2025-09-11T13:33:53","date_gmt":"2025-09-11T05:33:53","guid":{"rendered":"https:\/\/weitai2.globaldeepsea.site\/product\/semiconductor-using-accessory-black-alumina-ceramic-arm\/"},"modified":"2026-04-29T15:27:33","modified_gmt":"2026-04-29T07:27:33","slug":"semiconductor-using-accessory-black-alumina-ceramic-arm","status":"publish","type":"product","link":"https:\/\/www.cn-semiconductorparts.com\/de\/product\/semiconductor-using-accessory-black-alumina-ceramic-arm\/","title":{"rendered":"Semiconductor using accessory black alumina ceramic arm"},"content":{"rendered":"<p><!--?xml encoding=\"utf-8\" ?--><\/p>\n<div class=\"fl-builder-content fl-builder-content-1728 fl-builder-content-primary fl-builder-global-templates-locked\" data-post-id=\"1728\">\n<div class=\"fl-row fl-row-full-width fl-row-bg-none fl-node-64b0f9642b366\" data-node=\"64b0f9642b366\">\n<div class=\"fl-row-content-wrap\">\n<div class=\"fl-row-content fl-row-full-width fl-node-content\">\n<div class=\"fl-col-group fl-node-64b0f9642c311\" data-node=\"64b0f9642c311\">\n<div class=\"fl-col fl-node-64b0f9642c48c\" style=\"width: 100%\" data-node=\"64b0f9642c48c\">\n<div class=\"fl-col-content fl-node-content\">\n<div class=\"fl-module fl-module-rich-text fl-node-64b0f9642b21e\" data-animation-delay=\"0.0\" data-node=\"64b0f9642b21e\">\n<div class=\"fl-module-content fl-node-content\">\n<div class=\"fl-rich-text\">\n<p>Alumina ceramics<\/p>\n<p>1. High hardness<\/p>\n<p>Rockwell hardness is HRA80-90, the hardness is lower than diamond, far more than the wear resistance of wear-resistant steel and stainless steel.<\/p>\n<p>2. Excellent wear resistance<\/p>\n<p>Measured by professional research institutions, its wear resistance is equivalent to 266 times of manganese steel. Gaoming cast iron 171.5 times, according to our more than ten years of customer tracking survey, under the same working conditions, can extend the service life of the equipment at least ten times more.<\/p>\n<p>3. Light weight<\/p>\n<p>Its density of 3.5g\/cm3 is only half that of steel, which can greatly reduce equipment load.<\/p>\n<p>&nbsp;<\/p>\n<\/div>\n<p>&nbsp;<\/p>\n<\/div>\n<p>&nbsp;<\/p>\n<\/div>\n<p>&nbsp;<\/p>\n<\/div>\n<p>&nbsp;<\/p>\n<\/div>\n<p>&nbsp;<\/p>\n<\/div>\n<div class=\"fl-col-group fl-node-64b0fb03e5aa1\" data-node=\"64b0fb03e5aa1\">\n<div class=\"fl-col fl-node-64b0fb03e5c25\" style=\"width: 100%\" data-node=\"64b0fb03e5c25\">\n<div class=\"fl-col-content fl-node-content\">\n<div class=\"fl-module fl-module-gallery fl-node-64b0fb03e596e\" data-animation-delay=\"0.0\" data-node=\"64b0fb03e596e\">\n<div class=\"fl-module-content fl-node-content\">\n<div class=\"fl-mosaicflow\">\n<div class=\"fl-mosaicflow-content\">\n<div class=\"fl-mosaicflow-item\">\n<div class=\"fl-photo fl-photo-align-center\">\n<div class=\"fl-photo-content fl-photo-img-png\"><a href=\"\/de\/uploads\/Black-ceramic-arm-11.webp\/\" target=\"_self\"> <img decoding=\"async\" class=\"fl-photo-img wp-image-1733\" src=\"\/wp-content\/uploads\/2025\/09\/33db2e271bbed18c.webp\" alt=\"Black ceramic arm (1)\"> <\/a><\/div>\n<p>&nbsp;<\/p>\n<\/div>\n<p>&nbsp;<\/p>\n<\/div>\n<div class=\"fl-mosaicflow-item\">\n<div class=\"fl-photo fl-photo-align-center\">\n<div class=\"fl-photo-content fl-photo-img-png\"><a href=\"\/de\/uploads\/Black-ceramic-arm-2.webp\/\" target=\"_self\"> <img decoding=\"async\" class=\"fl-photo-img wp-image-1734\" src=\"\/wp-content\/uploads\/2025\/09\/8157b778d6cb78e5.webp\" alt=\"Black ceramic arm (2)\"> <\/a><\/div>\n<p>&nbsp;<\/p>\n<\/div>\n<p>&nbsp;<\/p>\n<\/div>\n<div class=\"fl-mosaicflow-item\">\n<div class=\"fl-photo fl-photo-align-center\">\n<div class=\"fl-photo-content fl-photo-img-png\"><a href=\"\/de\/uploads\/Black-ceramic-arm-3.webp\/\" target=\"_self\"> <img decoding=\"async\" class=\"fl-photo-img wp-image-1735\" src=\"\/wp-content\/uploads\/2025\/09\/5edbe60fa393ea3a.webp\" alt=\"Black ceramic arm (3)\"> <\/a><\/div>\n<p>&nbsp;<\/p>\n<\/div>\n<p>&nbsp;<\/p>\n<\/div>\n<p>&nbsp;<\/p>\n<\/div>\n<div class=\"fl-clear\">&nbsp;<\/div>\n<p>&nbsp;<\/p>\n<\/div>\n<p>&nbsp;<\/p>\n<\/div>\n<p>&nbsp;<\/p>\n<\/div>\n<p>&nbsp;<\/p>\n<\/div>\n<p>&nbsp;<\/p>\n<\/div>\n<p>&nbsp;<\/p>\n<\/div>\n<div class=\"fl-col-group fl-node-64b0f96d7cfeb\" data-node=\"64b0f96d7cfeb\">\n<div class=\"fl-col fl-node-64b0f96d7d19e\" style=\"width: 100%\" data-node=\"64b0f96d7d19e\">\n<div class=\"fl-col-content fl-node-content\">\n<div class=\"fl-module fl-module-photo fl-node-64b0f96d7cec2\" data-animation-delay=\"0.0\" data-node=\"64b0f96d7cec2\">\n<div class=\"fl-module-content fl-node-content\">\n<div class=\"fl-photo fl-photo-align-center\">\n<div class=\"fl-photo-content fl-photo-img-png\"><img decoding=\"async\" class=\"fl-photo-img wp-image-1731\" src=\"\/wp-content\/uploads\/2025\/09\/b84b8df002587240.webp\" alt=\"\u5fae\u4fe1\u622a\u56fe_20230714092108-2\"><\/div>\n<p>&nbsp;<\/p>\n<\/div>\n<p>&nbsp;<\/p>\n<\/div>\n<p>&nbsp;<\/p>\n<\/div>\n<p>&nbsp;<\/p>\n<\/div>\n<p>&nbsp;<\/p>\n<\/div>\n<p>&nbsp;<\/p>\n<\/div>\n<div class=\"fl-col-group fl-node-64b0fe609123e\" data-node=\"64b0fe609123e\">\n<div class=\"fl-col fl-node-64b0fe60913ee\" style=\"width: 100%\" data-node=\"64b0fe60913ee\">\n<div class=\"fl-col-content fl-node-content\">\n<div class=\"fl-module fl-module-gallery fl-node-64b0fe60910f0\" data-animation-delay=\"0.0\" data-node=\"64b0fe60910f0\">\n<div class=\"fl-module-content fl-node-content\">\n<div class=\"fl-mosaicflow\">\n<div class=\"fl-mosaicflow-content\">\n<div class=\"fl-mosaicflow-item\">\n<div class=\"fl-photo fl-photo-align-center\">\n<div class=\"fl-photo-content fl-photo-img-png\"><a href=\"\/de\/uploads\/SDfsdCFTYHJN.webp\/\" target=\"_self\"> <img decoding=\"async\" class=\"fl-photo-img wp-image-1736\" src=\"\/wp-content\/uploads\/2025\/09\/0a5d2007841c9923.webp\" alt=\"Sdfsdcftyhjn\"> <\/a><\/div>\n<p>&nbsp;<\/p>\n<\/div>\n<p>&nbsp;<\/p>\n<\/div>\n<div class=\"fl-mosaicflow-item\">\n<div class=\"fl-photo fl-photo-align-center\">\n<div class=\"fl-photo-content fl-photo-img-png\"><a href=\"\/de\/uploads\/SFDvSDcfvaq.webp\/\" target=\"_self\"> <img decoding=\"async\" class=\"fl-photo-img wp-image-1737\" src=\"\/wp-content\/uploads\/2025\/09\/5d34c27c40e0923f.webp\" alt=\"SFDVSDCFVAQ\"> <\/a><\/div>\n<p>&nbsp;<\/p>\n<\/div>\n<p>&nbsp;<\/p>\n<\/div>\n<div class=\"fl-mosaicflow-item\">\n<div class=\"fl-photo fl-photo-align-center\">\n<div class=\"fl-photo-content fl-photo-img-png\"><a href=\"\/de\/uploads\/ZADfvSXCD.webp\/\" target=\"_self\"> <img decoding=\"async\" class=\"fl-photo-img wp-image-1738\" src=\"\/wp-content\/uploads\/2025\/09\/6acb3916de7499d8.webp\" alt=\"ZADFVSXCD\"> <\/a><\/div>\n<p>&nbsp;<\/p>\n<\/div>\n<p>&nbsp;<\/p>\n<\/div>\n<p>&nbsp;<\/p>\n<\/div>\n<div class=\"fl-clear\">&nbsp;<\/div>\n<p>&nbsp;<\/p>\n<\/div>\n<p>&nbsp;<\/p>\n<\/div>\n<p>&nbsp;<\/p>\n<\/div>\n<p>&nbsp;<\/p>\n<\/div>\n<p>&nbsp;<\/p>\n<\/div>\n<p>&nbsp;<\/p>\n<\/div>\n<div class=\"fl-col-group fl-node-64b0f98c22eb2\" data-node=\"64b0f98c22eb2\">\n<div class=\"fl-col fl-node-64b0f98c23031\" style=\"width: 100%\" data-node=\"64b0f98c23031\">\n<div class=\"fl-col-content fl-node-content\">\n<div class=\"fl-module fl-module-photo fl-node-64b0f98c22d80\" data-animation-delay=\"0.0\" data-node=\"64b0f98c22d80\">\n<div class=\"fl-module-content fl-node-content\">\n<div class=\"fl-photo fl-photo-align-center\">\n<div class=\"fl-photo-content fl-photo-img-png\"><img decoding=\"async\" class=\"fl-photo-img wp-image-1732\" src=\"\/wp-content\/uploads\/2025\/09\/b2c38ce1672f5a38.webp\" alt=\"ADFvZCVXCD\"><\/div>\n<p>&nbsp;<\/p>\n<\/div>\n<p>&nbsp;<\/p>\n<\/div>\n<p>&nbsp;<\/p>\n<\/div>\n<p>&nbsp;<\/p>\n<\/div>\n<p>&nbsp;<\/p>\n<\/div>\n<p>&nbsp;<\/p>\n<\/div>\n<div class=\"fl-col-group fl-node-661786ab6cc72\" data-node=\"661786ab6cc72\">\n<div class=\"fl-col fl-node-661786ab6ce12\" style=\"width: 100%\" data-node=\"661786ab6ce12\">\n<div class=\"fl-col-content fl-node-content\">\n<div class=\"fl-module fl-module-rich-text fl-node-661786ab6cb0f\" data-animation-delay=\"0.0\" data-node=\"661786ab6cb0f\">\n<div class=\"fl-module-content fl-node-content\">\n<div class=\"fl-rich-text\">\n<p>&nbsp;<\/p>\n<\/div>\n<p>&nbsp;<\/p>\n<\/div>\n<p>&nbsp;<\/p>\n<\/div>\n<p>&nbsp;<\/p>\n<\/div>\n<p>&nbsp;<\/p>\n<\/div>\n<p>&nbsp;<\/p>\n<\/div>\n<p>&nbsp;<\/p>\n<\/div>\n<p>&nbsp;<\/p>\n<\/div>\n<p>&nbsp;<\/p>\n<\/div>\n<\/div>","protected":false},"excerpt":{"rendered":"<p><!--?xml encoding=\"utf-8\" ?--><\/p>\n<p>Die Verschlei\u00dffestigkeit der Aluminiumoxid -Keramik ist der gleiche wie der von Korund, der die H\u00e4rte von MOHS erreicht, und der Verschlei\u00dffestigkeit ist vergleichbar mit der von Superhard -Legierungen. Die W\u00e4rmebest\u00e4ndigkeit der Aluminiumoxidkeramik hat die Eigenschaften eines kleinen thermischen Expansionskoeffizienten, einer hohen mechanischen Festigkeit und einer guten thermischen Leitf\u00e4higkeit. Gleichzeitig wird Aluminiumoxid in mechanischen Teilen, die unter hohen Temperaturbedingungen aufgrund ihrer hervorragenden Hochtemperaturleistung (bis zu 1700 \u00b0) verwendet werden, h\u00e4ufig verwendet.<\/p>","protected":false},"featured_media":4570,"comment_status":"closed","ping_status":"open","template":"","meta":[],"product_brand":[],"product_cat":[48,31],"product_tag":[],"class_list":{"0":"post-2308","1":"product","2":"type-product","3":"status-publish","4":"has-post-thumbnail","6":"product_cat-aluminum-oxide-ceramics","7":"product_cat-more-ceramic-products","9":"first","10":"instock","11":"product-type-simple"},"_links":{"self":[{"href":"https:\/\/www.cn-semiconductorparts.com\/de\/wp-json\/wp\/v2\/product\/2308","targetHints":{"allow":["GET"]}}],"collection":[{"href":"https:\/\/www.cn-semiconductorparts.com\/de\/wp-json\/wp\/v2\/product"}],"about":[{"href":"https:\/\/www.cn-semiconductorparts.com\/de\/wp-json\/wp\/v2\/types\/product"}],"replies":[{"embeddable":true,"href":"https:\/\/www.cn-semiconductorparts.com\/de\/wp-json\/wp\/v2\/comments?post=2308"}],"wp:featuredmedia":[{"embeddable":true,"href":"https:\/\/www.cn-semiconductorparts.com\/de\/wp-json\/wp\/v2\/media\/4570"}],"wp:attachment":[{"href":"https:\/\/www.cn-semiconductorparts.com\/de\/wp-json\/wp\/v2\/media?parent=2308"}],"wp:term":[{"taxonomy":"product_brand","embeddable":true,"href":"https:\/\/www.cn-semiconductorparts.com\/de\/wp-json\/wp\/v2\/product_brand?post=2308"},{"taxonomy":"product_cat","embeddable":true,"href":"https:\/\/www.cn-semiconductorparts.com\/de\/wp-json\/wp\/v2\/product_cat?post=2308"},{"taxonomy":"product_tag","embeddable":true,"href":"https:\/\/www.cn-semiconductorparts.com\/de\/wp-json\/wp\/v2\/product_tag?post=2308"}],"curies":[{"name":"wp","href":"https:\/\/api.w.org\/{rel}","templated":true}]}}