{"id":1308,"date":"2025-09-11T05:28:18","date_gmt":"2025-09-11T05:28:18","guid":{"rendered":"https:\/\/weitai2.globaldeepsea.site\/product\/lanthanum-tungsten-tube\/"},"modified":"2026-04-29T15:34:26","modified_gmt":"2026-04-29T07:34:26","slug":"lanthanum-tungsten-tube","status":"publish","type":"product","link":"https:\/\/www.cn-semiconductorparts.com\/es\/product\/lanthanum-tungsten-tube\/","title":{"rendered":"Tubo de tungsteno de lantano"},"content":{"rendered":"<div class=\"fl-builder-content fl-builder-content-11841 fl-builder-content-primary fl-builder-global-templates-locked\" data-post-id=\"11841\">\n<div class=\"fl-row fl-row-full-width fl-row-bg-none fl-node-67594c2962dfc\" data-node=\"67594c2962dfc\">\n<div class=\"fl-row-content-wrap\">\n<div class=\"fl-row-content fl-row-full-width fl-node-content\">\n<div class=\"fl-col-group fl-node-67594c2963d65\" data-node=\"67594c2963d65\">\n<div class=\"fl-col fl-node-67594c2963ef9\" data-node=\"67594c2963ef9\" style=\"width: 100%;\">\n<div class=\"fl-col-content fl-node-content\">\n<div class=\"fl-module fl-module-rich-text fl-node-67594c2962c7e\" data-animation-delay=\"0.0\" data-node=\"67594c2962c7e\">\n<div class=\"fl-module-content fl-node-content\">\n<div class=\"fl-rich-text\">\n<p><span style=\"font-family: arial, helvetica, sans-serif; font-size: medium;\">El tubo de tungsteno de Lanthanum por Semicera es una soluci\u00f3n excepcional para las industrias que requieren materiales que puedan soportar temperaturas extremas y condiciones desafiantes. Hecho a partir de una aleaci\u00f3n de tungsteno dopada con lantano de alta pureza, este tubo ofrece una mayor durabilidad, conductividad t\u00e9rmica superior y una excelente resistencia a la deformaci\u00f3n, lo que lo convierte en la opci\u00f3n preferida para aplicaciones cr\u00edticas de alta temperatura.<\/span><\/p>\n<p><span style=\"font-family: arial, helvetica, sans-serif; font-size: medium;\">Como un proveedor de tubo de tungsteno dopado con lantano l\u00edder, Semicera ofrece tubos de tungsteno de lantano de alto rendimiento dise\u00f1ados para funcionar de manera consistente en entornos exigentes. La adici\u00f3n de \u00f3xido de lantano mejora las propiedades mec\u00e1nicas del tubo y aumenta su temperatura de recristalizaci\u00f3n, asegurando un rendimiento sobresaliente en los sistemas de calefacci\u00f3n industrial, aeroespacial, electr\u00f3nica y de alto espacio.<\/span><\/p>\n<p><span style=\"font-family: arial, helvetica, sans-serif; font-size: medium;\">El tubo de aleaci\u00f3n de tungsteno de lantano est\u00e1 dise\u00f1ado para mantener la integridad estructural incluso en aplicaciones con un r\u00e1pido ciclo t\u00e9rmico. Su resistencia al agrietamiento, deformaci\u00f3n y oxidaci\u00f3n asegura una larga vida \u00fatil y una operaci\u00f3n confiable. Ya sea que est\u00e9 involucrado en la fabricaci\u00f3n especializada, calefacci\u00f3n de hornos o mecanizado de descarga el\u00e9ctrica (EDM), este producto est\u00e1 dise\u00f1ado para admitir la precisi\u00f3n y la eficiencia.<\/span><\/p>\n<p><span style=\"font-family: arial, helvetica, sans-serif; font-size: medium;\">Para las industrias que exigen consistencia y calidad, los tubos de tungsteno La-W de Semicera para aplicaciones industriales son la opci\u00f3n ideal. Con un enfoque inquebrantable en el rendimiento, la durabilidad y la excelencia material, Semicera proporciona las soluciones avanzadas que necesita para cumplir con los m\u00e1s altos est\u00e1ndares de la industria moderna.<\/span><\/p>\n<\/p><\/div>\n<\/p><\/div>\n<\/p><\/div>\n<\/p><\/div>\n<\/p><\/div>\n<\/p><\/div>\n<div class=\"fl-col-group fl-node-67594c5801045\" data-node=\"67594c5801045\">\n<div class=\"fl-col fl-node-67594c58011ed\" data-node=\"67594c58011ed\" style=\"width: 100%;\">\n<div class=\"fl-col-content fl-node-content\">\n<div class=\"fl-module fl-module-rich-text fl-node-67594c5800ede\" data-animation-delay=\"0.0\" data-node=\"67594c5800ede\">\n<div class=\"fl-module-content fl-node-content\">\n<div class=\"fl-rich-text\">\n<div style=\"text-align: center;\"><strong><span style=\"font-family: arial, helvetica, sans-serif; font-size: large;\">Hoja de datos de aleaci\u00f3n de tungsteno de lantano<\/span><\/strong><\/div>\n<div style=\"text-align: center;\">\u00a0<\/div>\n<div style=\"text-align: center;\">\n<table align=\"center\" border=\"0\" style=\"width: 600px;\">\n<tbody>\n<tr>\n<td>\n<div><span style=\"font-family: arial, helvetica, sans-serif; font-size: medium; color: #333333;\">Elementos<\/span><\/div>\n<\/td>\n<td>\n<div><span style=\"font-family: arial, helvetica, sans-serif; font-size: medium; color: #333333;\">Datos<\/span><\/div>\n<\/td>\n<td>\n<div><span style=\"font-family: arial, helvetica, sans-serif; font-size: medium; color: #333333;\">Unidad<\/span><\/div>\n<\/td>\n<\/tr>\n<tr>\n<td>\n<div><span style=\"font-family: arial, helvetica, sans-serif; font-size: medium;\">Punto de fusi\u00f3n<\/span><\/div>\n<\/td>\n<td>\n<div><span style=\"font-family: arial, helvetica, sans-serif; font-size: medium;\">3410\u00b120<\/span><\/div>\n<\/td>\n<td>\n<div><span style=\"font-family: arial, helvetica, sans-serif; font-size: medium;\">\u2103<\/span><\/div>\n<\/td>\n<\/tr>\n<tr>\n<td>\n<div><span style=\"font-family: arial, helvetica, sans-serif; font-size: medium;\">Densidad masiva<\/span><\/div>\n<\/td>\n<td>\n<div><span style=\"font-family: arial, helvetica, sans-serif; font-size: medium;\">19.35<\/span><\/div>\n<\/td>\n<td>\n<div><span style=\"font-family: arial, helvetica, sans-serif; font-size: medium;\">g\/cm3<\/span><\/div>\n<\/td>\n<\/tr>\n<tr>\n<td>\n<div><span style=\"font-family: arial, helvetica, sans-serif; font-size: medium;\">Resistividad el\u00e9ctrica<\/span><\/div>\n<\/td>\n<td>\n<div><span style=\"font-family: arial, helvetica, sans-serif; font-size: medium;\">1.8^10(-8)<\/span><\/div>\n<\/td>\n<td>\n<div><span style=\"font-family: arial, helvetica, sans-serif; font-size: medium;\">MAM\u00c1<\/span><\/div>\n<\/td>\n<\/tr>\n<tr>\n<td>\n<div><span style=\"font-family: arial, helvetica, sans-serif; font-size: medium;\">Proporci\u00f3n de tungsteno<\/span><\/div>\n<\/td>\n<td>\n<div><span style=\"font-family: arial, helvetica, sans-serif; font-size: medium;\">28:2<\/span><\/div>\n<\/td>\n<td>\n<div><span style=\"font-family: arial, helvetica, sans-serif; font-size: medium;\">\u00a0tungsteno: lantano<\/span><\/div>\n<\/td>\n<\/tr>\n<tr>\n<td>\n<div><span style=\"font-family: arial, helvetica, sans-serif; font-size: medium;\">Temperaturas de funcionamiento m\u00e1ximas<\/span><\/div>\n<\/td>\n<td>\n<div><span style=\"font-family: arial, helvetica, sans-serif; font-size: medium;\">2000<\/span><\/div>\n<\/td>\n<td>\n<div><span style=\"font-family: arial, helvetica, sans-serif; font-size: medium;\">\u2103<\/span><\/div>\n<\/td>\n<\/tr>\n<\/tbody>\n<\/table><\/div>\n<\/p><\/div>\n<\/p><\/div>\n<\/p><\/div>\n<div class=\"fl-module fl-module-rich-text fl-node-67594d81e473e\" data-animation-delay=\"0.0\" data-node=\"67594d81e473e\">\n<div class=\"fl-module-content fl-node-content\">\n<div class=\"fl-rich-text\">\n<div style=\"text-align: center;\">\n<div style=\"text-align: left;\"><strong><span style=\"font-family: arial, helvetica, sans-serif; font-size: large;\">Elementos qu\u00edmicos<\/span><\/strong><\/div>\n<\/p><\/div>\n<div style=\"text-align: center;\">\u00a0<\/div>\n<div style=\"text-align: center;\">\n<table align=\"center\" border=\"0\" style=\"width: 600px;\">\n<tbody>\n<tr>\n<td>\n<div><span style=\"font-family: arial, helvetica, sans-serif; font-size: medium; color: #333333;\">Mayor \uff08%\uff09<\/span><\/div>\n<\/td>\n<td colspan=\"4\">\n<div><span style=\"font-family: arial, helvetica, sans-serif; font-size: medium; color: #333333;\">LA2O3: 1%\uff1b W \uff1a REST ELEMENTO PRINCIPAL<\/span><\/div>\n<\/td>\n<\/tr>\n<tr>\n<td rowspan=\"7\">\n<div><span style=\"font-family: arial, helvetica, sans-serif; font-size: medium;\">Impureza \uff08%\uff09<\/span><\/div>\n<\/td>\n<td>\n<div><span style=\"font-family: arial, helvetica, sans-serif; font-size: medium;\">Elemento<\/span><\/div>\n<\/td>\n<td>\n<div><span style=\"font-family: arial, helvetica, sans-serif; font-size: medium;\">Valor real<\/span><\/div>\n<\/td>\n<td>\n<div>\n<div><span style=\"font-family: arial, helvetica, sans-serif; font-size: medium;\">Elemento<\/span><\/div>\n<\/p><\/div>\n<\/td>\n<td>\n<div>\n<div><span style=\"font-family: arial, helvetica, sans-serif; font-size: medium;\">Valor real<\/span><\/div>\n<\/p><\/div>\n<\/td>\n<\/tr>\n<tr>\n<td>\n<div>\n<div><span style=\"font-family: arial, helvetica, sans-serif; font-size: medium;\">Alabama<\/span><\/div>\n<\/p><\/div>\n<\/td>\n<td>\n<div>\n<div><span style=\"font-family: arial, helvetica, sans-serif; font-size: medium;\">0.0002<\/span><\/div>\n<\/p><\/div>\n<\/td>\n<td>\n<div>\n<div>\n<div><span style=\"font-family: arial, helvetica, sans-serif; font-size: medium;\">SB<\/span><\/div>\n<\/p><\/div>\n<\/p><\/div>\n<\/td>\n<td><span style=\"font-family: arial, helvetica, sans-serif; font-size: medium;\">0.0002<\/span><\/td>\n<\/tr>\n<tr>\n<td>\n<div>\n<div><span style=\"font-family: arial, helvetica, sans-serif; font-size: medium;\">California<\/span><\/div>\n<\/p><\/div>\n<\/td>\n<td>\n<div>\n<div><span style=\"font-family: arial, helvetica, sans-serif; font-size: medium;\">0.0005<\/span><\/div>\n<\/p><\/div>\n<\/td>\n<td>\n<div>\n<div>\n<div><span style=\"font-family: arial, helvetica, sans-serif; font-size: medium;\">P<\/span><\/div>\n<\/p><\/div>\n<\/p><\/div>\n<\/td>\n<td><span style=\"font-family: arial, helvetica, sans-serif; font-size: medium;\">0.0005<\/span><\/td>\n<\/tr>\n<tr>\n<td>\n<div><span style=\"font-family: arial, helvetica, sans-serif; font-size: medium;\">Como<\/span><\/div>\n<\/td>\n<td>\n<div><span style=\"font-family: arial, helvetica, sans-serif; font-size: medium;\">0.0005<\/span><\/div>\n<\/td>\n<td>\n<div>\n<div><span style=\"font-family: arial, helvetica, sans-serif; font-size: medium;\">PB<\/span><\/div>\n<\/p><\/div>\n<\/td>\n<td><span style=\"font-family: arial, helvetica, sans-serif; font-size: medium;\">0.0001<\/span><\/td>\n<\/tr>\n<tr>\n<td>\n<div><span style=\"font-family: arial, helvetica, sans-serif; font-size: medium;\">Cu<\/span><\/div>\n<\/td>\n<td>\n<div><span style=\"font-family: arial, helvetica, sans-serif; font-size: medium;\">0.0001<\/span><\/div>\n<\/td>\n<td>\n<div><span style=\"font-family: arial, helvetica, sans-serif; font-size: medium;\">Bi<\/span><\/div>\n<\/td>\n<td><span style=\"font-family: arial, helvetica, sans-serif; font-size: medium;\">0.0001<\/span><\/td>\n<\/tr>\n<tr>\n<td>\n<div><span style=\"font-family: arial, helvetica, sans-serif; font-size: medium;\">N \/ A<\/span><\/div>\n<\/td>\n<td>\n<div><span style=\"font-family: arial, helvetica, sans-serif; font-size: medium;\">0.0005<\/span><\/div>\n<\/td>\n<td><span style=\"font-family: arial, helvetica, sans-serif; font-size: medium;\">Ce\u00f1udo<\/span><\/td>\n<td><span style=\"font-family: arial, helvetica, sans-serif; font-size: medium;\">0.001<\/span><\/td>\n<\/tr>\n<tr>\n<td>\n<div><span style=\"font-family: arial, helvetica, sans-serif; font-size: medium;\">K<\/span><\/div>\n<\/td>\n<td>\n<div><span style=\"font-family: arial, helvetica, sans-serif; font-size: medium;\">0.0005<\/span><\/div>\n<\/td>\n<td><span style=\"font-family: arial, helvetica, sans-serif; font-size: medium;\">\u00a0<\/span><\/td>\n<td><span style=\"font-family: arial, helvetica, sans-serif; font-size: medium;\">\u00a0<\/span><\/td>\n<\/tr>\n<\/tbody>\n<\/table><\/div>\n<\/p><\/div>\n<\/p><\/div>\n<\/p><\/div>\n<\/p><\/div>\n<\/p><\/div>\n<\/p><\/div>\n<\/p><\/div>\n<\/p><\/div>\n<\/p><\/div>\n<div class=\"fl-row fl-row-full-width fl-row-bg-none fl-node-67594c445e8ae\" data-node=\"67594c445e8ae\">\n<div class=\"fl-row-content-wrap\">\n<div class=\"fl-row-content fl-row-full-width fl-node-content\">\n<div class=\"fl-col-group fl-node-67594c445e8f1\" data-node=\"67594c445e8f1\">\n<div class=\"fl-col fl-node-67594c445e932\" data-node=\"67594c445e932\" style=\"width: 100%;\">\n<div class=\"fl-col-content fl-node-content\">\n<div class=\"fl-module fl-module-photo fl-node-67594c445e973\" data-animation-delay=\"0.0\" data-node=\"67594c445e973\">\n<div class=\"fl-module-content fl-node-content\">\n<div class=\"fl-photo fl-photo-align-center\" itemscope=\"\" itemtype=\"http:\/\/schema.org\/ImageObject\">\n<div class=\"fl-photo-content fl-photo-img-jpg\"> <img decoding=\"async\" alt=\"Lugar de trabajo de semicera\" class=\"fl-photo-img wp-image-9038\" itemprop=\"image\" src=\"\/wp-content\/uploads\/2025\/09\/b1dd0bcab1675ff4.webp\"> <\/img><\/div>\n<\/p><\/div>\n<\/p><\/div>\n<\/p><\/div>\n<div class=\"fl-module fl-module-photo fl-node-67594c445eab6\" data-animation-delay=\"0.0\" data-node=\"67594c445eab6\">\n<div class=\"fl-module-content fl-node-content\">\n<div class=\"fl-photo fl-photo-align-center\" itemscope=\"\" itemtype=\"http:\/\/schema.org\/ImageObject\">\n<div class=\"fl-photo-content fl-photo-img-jpg\"> <img decoding=\"async\" alt=\"Semicera Work Place 2\" class=\"fl-photo-img wp-image-9037\" itemprop=\"image\" src=\"\/wp-content\/uploads\/2025\/09\/2b946d2b4b61306d.webp\"> <\/img><\/div>\n<\/p><\/div>\n<\/p><\/div>\n<\/p><\/div>\n<div class=\"fl-module fl-module-photo fl-node-67594c445ea75\" data-animation-delay=\"0.0\" data-node=\"67594c445ea75\">\n<div class=\"fl-module-content fl-node-content\">\n<div class=\"fl-photo fl-photo-align-center\" itemscope=\"\" itemtype=\"http:\/\/schema.org\/ImageObject\">\n<div class=\"fl-photo-content fl-photo-img-jpg\"> <img decoding=\"async\" alt=\"M\u00e1quina de equipos\" class=\"fl-photo-img wp-image-9034 size-full\" itemprop=\"image\" src=\"\/wp-content\/uploads\/2025\/09\/081b6529d68ead23.webp\"> <\/img><\/div>\n<\/p><\/div>\n<\/p><\/div>\n<\/p><\/div>\n<div class=\"fl-module fl-module-photo fl-node-67594c445ea34\" data-animation-delay=\"0.0\" data-node=\"67594c445ea34\">\n<div class=\"fl-module-content fl-node-content\">\n<div class=\"fl-photo fl-photo-align-center\" itemscope=\"\" itemtype=\"http:\/\/schema.org\/ImageObject\">\n<div class=\"fl-photo-content fl-photo-img-jpg\"> <img decoding=\"async\" alt=\"Procesamiento de CNN, limpieza qu\u00edmica, recubrimiento de CVD\" class=\"fl-photo-img wp-image-9033\" itemprop=\"image\" src=\"\/wp-content\/uploads\/2025\/09\/a4132b2b399abbac.webp\"> <\/img><\/div>\n<\/p><\/div>\n<\/p><\/div>\n<\/p><\/div>\n<div class=\"fl-module fl-module-photo fl-node-67594c445e9f4\" data-animation-delay=\"0.0\" data-node=\"67594c445e9f4\">\n<div class=\"fl-module-content fl-node-content\">\n<div class=\"fl-photo fl-photo-align-center\" itemscope=\"\" itemtype=\"http:\/\/schema.org\/ImageObject\">\n<div class=\"fl-photo-content fl-photo-img-jpg\"> <img decoding=\"async\" alt=\"Casa de Ware de Semicera\" class=\"fl-photo-img wp-image-9036\" itemprop=\"image\" src=\"\/wp-content\/uploads\/2025\/09\/2190bb9ce5c1d546.webp\"> <\/img><\/div>\n<\/p><\/div>\n<\/p><\/div>\n<\/p><\/div>\n<div class=\"fl-module fl-module-photo fl-node-67594c445e9b3\" data-animation-delay=\"0.0\" data-node=\"67594c445e9b3\">\n<div class=\"fl-module-content fl-node-content\">\n<div class=\"fl-photo fl-photo-align-center\" itemscope=\"\" itemtype=\"http:\/\/schema.org\/ImageObject\">\n<div class=\"fl-photo-content fl-photo-img-jpg\"> <img decoding=\"async\" alt=\"Nuestro servicio\" class=\"fl-photo-img wp-image-9035\" itemprop=\"image\" src=\"\/wp-content\/uploads\/2025\/09\/b07f222c0ec0ab8d.webp\"> <\/img><\/div>\n<\/p><\/div>\n<\/p><\/div>\n<\/p><\/div>\n<\/p><\/div>\n<\/p><\/div>\n<\/p><\/div>\n<\/p><\/div>\n<\/p><\/div>\n<\/p><\/div>\n<\/div>","protected":false},"excerpt":{"rendered":"<p>Los tubos de tungsteno de lantano de Semicera est\u00e1n dise\u00f1ados para proporcionar un rendimiento superior en ambientes de alta temperatura y alto estr\u00e9s. Hecho de tungsteno dopado con lantano de alta calidad, los tubos ofrecen una excelente resistencia mec\u00e1nica, alta conductividad t\u00e9rmica y resistencia sobresaliente a la deformaci\u00f3n a altas temperaturas. Estas propiedades los hacen ideales para su uso en industrias como aeroespacial, electr\u00f3nica y hornos de alta temperatura. Esperamos ser su socio a largo plazo en China.<\/p>","protected":false},"featured_media":692,"comment_status":"closed","ping_status":"open","template":"","meta":[],"product_brand":[],"product_cat":[27,26],"product_tag":[],"class_list":{"0":"post-1308","1":"product","2":"type-product","3":"status-publish","4":"has-post-thumbnail","6":"product_cat-si-wafer","7":"product_cat-wafer","9":"first","10":"instock","11":"product-type-simple"},"_links":{"self":[{"href":"https:\/\/www.cn-semiconductorparts.com\/es\/wp-json\/wp\/v2\/product\/1308","targetHints":{"allow":["GET"]}}],"collection":[{"href":"https:\/\/www.cn-semiconductorparts.com\/es\/wp-json\/wp\/v2\/product"}],"about":[{"href":"https:\/\/www.cn-semiconductorparts.com\/es\/wp-json\/wp\/v2\/types\/product"}],"replies":[{"embeddable":true,"href":"https:\/\/www.cn-semiconductorparts.com\/es\/wp-json\/wp\/v2\/comments?post=1308"}],"wp:featuredmedia":[{"embeddable":true,"href":"https:\/\/www.cn-semiconductorparts.com\/es\/wp-json\/wp\/v2\/media\/692"}],"wp:attachment":[{"href":"https:\/\/www.cn-semiconductorparts.com\/es\/wp-json\/wp\/v2\/media?parent=1308"}],"wp:term":[{"taxonomy":"product_brand","embeddable":true,"href":"https:\/\/www.cn-semiconductorparts.com\/es\/wp-json\/wp\/v2\/product_brand?post=1308"},{"taxonomy":"product_cat","embeddable":true,"href":"https:\/\/www.cn-semiconductorparts.com\/es\/wp-json\/wp\/v2\/product_cat?post=1308"},{"taxonomy":"product_tag","embeddable":true,"href":"https:\/\/www.cn-semiconductorparts.com\/es\/wp-json\/wp\/v2\/product_tag?post=1308"}],"curies":[{"name":"WP","href":"https:\/\/api.w.org\/{rel}","templated":true}]}}