{"id":1313,"date":"2025-09-11T05:28:18","date_gmt":"2025-09-11T05:28:18","guid":{"rendered":"https:\/\/weitai2.globaldeepsea.site\/product\/rigid-felt-crucible\/"},"modified":"2026-04-29T15:34:28","modified_gmt":"2026-04-29T07:34:28","slug":"rigid-felt-crucible","status":"publish","type":"product","link":"https:\/\/www.cn-semiconductorparts.com\/es\/product\/rigid-felt-crucible\/","title":{"rendered":"R\u00edgido se sinti\u00f3 crisol"},"content":{"rendered":"<div class=\"fl-builder-content fl-builder-content-11572 fl-builder-content-primary fl-builder-global-templates-locked\" data-post-id=\"11572\">\n<div class=\"fl-row fl-row-full-width fl-row-bg-none fl-node-672dbdf6e615c\" data-node=\"672dbdf6e615c\">\n<div class=\"fl-row-content-wrap\">\n<div class=\"fl-row-content fl-row-full-width fl-node-content\">\n<div class=\"fl-col-group fl-node-672dbe1f42783\" data-node=\"672dbe1f42783\">\n<div class=\"fl-col fl-node-672dbe1f42994\" data-node=\"672dbe1f42994\" style=\"width: 100%;\">\n<div class=\"fl-col-content fl-node-content\">\n<div class=\"fl-module fl-module-rich-text fl-node-672dbe1f425c4\" data-animation-delay=\"0.0\" data-node=\"672dbe1f425c4\">\n<div class=\"fl-module-content fl-node-content\">\n<div class=\"fl-rich-text\">\n<p><span style=\"font-family: arial, helvetica, sans-serif; font-size: medium;\">El r\u00edgido crisol de Semicera est\u00e1 elaborado para satisfacer las necesidades exigentes de entornos de alta temperatura, combinando durabilidad, excelente aislamiento t\u00e9rmico e integridad estructural. Hecho de fieltro r\u00edgido de alta calidad, este crisol est\u00e1 dise\u00f1ado para ofrecer una estabilidad de calor superior y resistencia a la abrasi\u00f3n, asegurando la confiabilidad y el rendimiento a largo plazo. Su composici\u00f3n de alta pureza y su baja conductividad t\u00e9rmica lo convierten en una soluci\u00f3n ideal para las industrias que requieren un control preciso de temperaturas extremas, incluida la fabricaci\u00f3n de semiconductores, la metalurgia y el procesamiento avanzado de materiales.<\/span><\/p>\n<p><strong><span style=\"font-family: arial, helvetica, sans-serif; font-size: medium;\">Dise\u00f1ado con materiales avanzados para un rendimiento \u00f3ptimo<\/span><\/strong><\/p>\n<p><span style=\"font-family: arial, helvetica, sans-serif; font-size: medium;\">El crisol de fieltro r\u00edgido semicera integra materiales especializados como grafito isost\u00e1tico, grafito poroso y l\u00e1mina de grafito para mejorar la estabilidad del calor y minimizar la p\u00e9rdida t\u00e9rmica. Estos materiales son conocidos por su alta pureza y su resistencia excepcional de choque t\u00e9rmico, lo que permite que el crisol mantenga su forma y resistencia a calor intenso. La combinaci\u00f3n de fieltro r\u00edgido y otros componentes avanzados como el fieltro suave y el compuesto C\/C proporciona las propiedades de aislamiento sobresalientes crisolas, reduciendo el riesgo de contaminaci\u00f3n y desgaste en procesos de alta precisi\u00f3n.<\/span><\/p>\n<\/p><\/div>\n<\/p><\/div>\n<\/p><\/div>\n<\/p><\/div>\n<\/p><\/div>\n<\/p><\/div>\n<div class=\"fl-col-group fl-node-672dbdf6e61a1\" data-node=\"672dbdf6e61a1\">\n<div class=\"fl-col fl-node-672dbdf6e61e2\" data-node=\"672dbdf6e61e2\" style=\"width: 100%;\">\n<div class=\"fl-col-content fl-node-content\">\n<div class=\"fl-module fl-module-heading fl-node-672dbdf6e6265\" data-animation-delay=\"0.0\" data-node=\"672dbdf6e6265\">\n<div class=\"fl-module-content fl-node-content\">\n<h3 class=\"fl-heading\"> <span class=\"fl-heading-text\">Detalles del producto<\/span> <\/h3>\n<\/p><\/div>\n<\/p><\/div>\n<div class=\"fl-module fl-module-rich-text fl-node-672dbdf6e6223\" data-animation-delay=\"0.0\" data-node=\"672dbdf6e6223\">\n<div class=\"fl-module-content fl-node-content\">\n<div class=\"fl-rich-text\">\n<table border=\"0\" cellspacing=\"0\">\n<tbody>\n<tr>\n<td valign=\"center\" width=\"337\">\n<p>Nombre del producto<\/p>\n<\/td>\n<td valign=\"center\" width=\"330\">\n<p>Fieltro de grafito<\/p>\n<\/td>\n<\/tr>\n<tr>\n<td valign=\"center\" width=\"337\">\n<p>Composici\u00f3n qu\u00edmica<\/p>\n<\/td>\n<td valign=\"center\" width=\"330\">\n<p>Fibra de carbono<\/p>\n<\/td>\n<\/tr>\n<tr>\n<td valign=\"center\" width=\"337\">\n<p>Densidad masiva<\/p>\n<\/td>\n<td valign=\"center\" width=\"330\">\n<p>0.12-0.14g\/cm3<\/p>\n<\/td>\n<\/tr>\n<tr>\n<td valign=\"center\" width=\"337\">\n<p>Contenido de carbono<\/p>\n<\/td>\n<td valign=\"center\" width=\"330\">\n<p>&gt; = 99%<\/p>\n<\/td>\n<\/tr>\n<tr>\n<td valign=\"center\" width=\"337\">\n<p>Resistencia a la tracci\u00f3n<\/p>\n<\/td>\n<td valign=\"center\" width=\"330\">\n<p>0.14Mpa<\/p>\n<\/td>\n<\/tr>\n<tr>\n<td valign=\"center\" width=\"337\">\n<p>Conductividad t\u00e9rmica (1150 \u2103)<\/p>\n<\/td>\n<td valign=\"center\" width=\"330\">\n<p>0.08 ~ 0.14W\/mk<\/p>\n<\/td>\n<\/tr>\n<tr>\n<td valign=\"center\" width=\"337\">\n<p>Ceniza<\/p>\n<\/td>\n<td valign=\"center\" width=\"330\">\n<p>&lt;= 0.005%<\/p>\n<\/td>\n<\/tr>\n<tr>\n<td valign=\"center\" width=\"337\">\n<p>Estr\u00e9s aplastante<\/p>\n<\/td>\n<td valign=\"center\" width=\"330\">\n<p>8-10N\/cm<\/p>\n<\/td>\n<\/tr>\n<tr>\n<td valign=\"center\" width=\"337\">\n<p>Espesor<\/p>\n<\/td>\n<td valign=\"center\" width=\"330\">\n<p>1-10mm<\/p>\n<\/td>\n<\/tr>\n<tr>\n<td valign=\"center\" width=\"337\">\n<p>Temperatura de procesamiento<\/p>\n<\/td>\n<td valign=\"center\" width=\"330\">\n<p>2500(\u2103)<\/p>\n<\/td>\n<\/tr>\n<\/tbody>\n<\/table><\/div>\n<\/p><\/div>\n<\/p><\/div>\n<\/p><\/div>\n<\/p><\/div>\n<\/p><\/div>\n<div class=\"fl-col-group fl-node-672dbdf6e65f3\" data-node=\"672dbdf6e65f3\">\n<div class=\"fl-col fl-node-672dbdf6e6634\" data-node=\"672dbdf6e6634\" style=\"width: 50.89%;\">\n<div class=\"fl-col-content fl-node-content\">\n<div class=\"fl-module fl-module-rich-text fl-node-672dbdf6e6678\" data-animation-delay=\"0.0\" data-node=\"672dbdf6e6678\">\n<div class=\"fl-module-content fl-node-content\">\n<div class=\"fl-rich-text\">\n<p><strong><span style=\"font-family: arial, helvetica, sans-serif; font-size: medium;\">Actualmente hay cuatro grados disponibles para proporcionar productos en bruto o procesados.:<\/span><\/strong><br \/><span style=\"font-family: arial, helvetica, sans-serif; font-size: medium;\"><strong>SCRF:<\/strong> Fibra de grafito curada purificada Fibra dura, temperatura de tratamiento t\u00e9rmico por encima de 1900\u2103<\/span><br \/><span style=\"font-family: arial, helvetica, sans-serif; font-size: medium;\"><strong>SCRF-P:<\/strong> Fieltro duro RGB altamente purificado<\/span><br \/><span style=\"font-family: arial, helvetica, sans-serif; font-size: medium;\"><strong>SCRF-LTC:<\/strong> Fibra de grafito solidificada purificada Fibra dura, temperatura de tratamiento t\u00e9rmico por encima de 1900 \u2103, con un mejor rendimiento de aislamiento t\u00e9rmico<\/span><br \/><span style=\"font-family: arial, helvetica, sans-serif; font-size: medium;\"><strong>SCRF-LTC-P:<\/strong> Fieltro duro RGB-LTC altamente purificado<\/span><\/p>\n<p><strong><span style=\"font-family: arial, helvetica, sans-serif; font-size: medium;\">Tama\u00f1o disponible:<\/span><\/strong><br \/><span style=\"font-family: arial, helvetica, sans-serif; font-size: medium;\">Placa: 1500*1800 (m\u00e1ximo) Espesor 20-200 mm<\/span><br \/><span style=\"font-family: arial, helvetica, sans-serif; font-size: medium;\">Tambor redondo: 1500*2000 (m\u00e1ximo) gruesos 20-150 mm<\/span><br \/><span style=\"font-family: arial, helvetica, sans-serif; font-size: medium;\">Tambor cuadrado: 1500*1500*2000 (m\u00e1ximo) Espesor 60-120 mm<\/span><br \/><span style=\"font-family: arial, helvetica, sans-serif; font-size: medium;\">Rango de temperatura aplicativo: 1250-2600<\/span><\/p>\n<\/p><\/div>\n<\/p><\/div>\n<\/p><\/div>\n<\/p><\/div>\n<\/p><\/div>\n<div class=\"fl-col fl-node-672dbdf6e6841 fl-col-small\" data-node=\"672dbdf6e6841\" style=\"width: 49.11%;\">\n<div class=\"fl-col-content fl-node-content\">\n<div class=\"fl-module fl-module-photo fl-node-672dbdf6e67bf\" data-animation-delay=\"0.0\" data-node=\"672dbdf6e67bf\">\n<div class=\"fl-module-content fl-node-content\">\n<div class=\"fl-photo fl-photo-align-center\" itemscope=\"\" itemtype=\"http:\/\/schema.org\/ImageObject\">\n<div class=\"fl-photo-content fl-photo-img-png\"> <img decoding=\"async\" alt=\"si-growth-882326\" class=\"fl-photo-img wp-image-11575\" itemprop=\"image\" src=\"\/wp-content\/uploads\/2025\/09\/152a8e9d596dbb3c.webp\"> <\/img><\/div>\n<\/p><\/div>\n<\/p><\/div>\n<\/p><\/div>\n<\/p><\/div>\n<\/p><\/div>\n<\/p><\/div>\n<div class=\"fl-col-group fl-node-672dbe52556d1\" data-node=\"672dbe52556d1\">\n<div class=\"fl-col fl-node-672dbe52558d5\" data-node=\"672dbe52558d5\" style=\"width: 100%;\">\n<div class=\"fl-col-content fl-node-content\">\n<div class=\"fl-module fl-module-rich-text fl-node-672dbe525552f\" data-animation-delay=\"0.0\" data-node=\"672dbe525552f\">\n<div class=\"fl-module-content fl-node-content\">\n<div class=\"fl-rich-text\">\n<p><strong><span style=\"font-family: arial, helvetica, sans-serif; font-size: medium;\">Aplicaciones en la industria de semiconductores<\/span><\/strong><\/p>\n<p><span style=\"font-family: arial, helvetica, sans-serif; font-size: medium;\">En la industria de los semiconductores, el crisol r\u00edgido semicera es indispensable en procesos de alta temperatura, como la fabricaci\u00f3n de obleas, el crecimiento de cristales y la deposici\u00f3n qu\u00edmica del vapor. Su material de fieltro r\u00edgido de alta pureza garantiza un riesgo de contaminaci\u00f3n m\u00ednimo, lo que lo hace bien adecuado para entornos de sala limpia y aplicaciones t\u00e9rmicas precisas. La durabilidad y la resistencia a la abrasi\u00f3n del crisol son particularmente valiosas para los equipos de semiconductores que sufre un ciclo t\u00e9rmico frecuente, ya que ayuda a mantener la consistencia y la eficiencia del producto con el tiempo.<\/span><\/p>\n<p><span style=\"font-family: arial, helvetica, sans-serif; font-size: medium;\">Adem\u00e1s, el crisol de fieltro r\u00edgido semicera sirve como un componente clave en procesos que involucran l\u00e1minas de grafito, grafito poroso y compuestos C\/C utilizados en la fabricaci\u00f3n de semiconductores, que respalda la integridad y la calidad de las obleas y componentes de semiconductores.<\/span><\/p>\n<p><strong><span style=\"font-family: arial, helvetica, sans-serif; font-size: medium;\">Resistencia al calor y durabilidad del calor excepcional<\/span><\/strong><\/p>\n<p><span style=\"font-family: arial, helvetica, sans-serif; font-size: medium;\">Con su alta estabilidad t\u00e9rmica y resistencia a la abrasi\u00f3n, el r\u00edgido se sent\u00eda crisol por semicera est\u00e1 construido para manejar los entornos m\u00e1s exigentes con facilidad. Su resistencia al calor extremo y las condiciones abrasivas garantiza que resistente el uso a largo plazo sin degradaci\u00f3n, lo que lo hace ideal para aplicaciones que requieren un rendimiento constante de alta temperatura y un bajo mantenimiento.<\/span><\/p>\n<p><strong><span style=\"font-family: arial, helvetica, sans-serif; font-size: medium;\">Soluci\u00f3n de alta pureza para procesos industriales avanzados<\/span><\/strong><\/p>\n<p><span style=\"font-family: arial, helvetica, sans-serif; font-size: medium;\">Dise\u00f1ados con los m\u00e1s altos est\u00e1ndares de pureza y rendimiento, el crisol r\u00edgido de Semicera, que se sent\u00eda, proporciona una soluci\u00f3n confiable, duradera y de alto rendimiento para las industrias que exigen una calidad y durabilidad rigurosas. Desde las necesidades precisas de la producci\u00f3n de semiconductores hasta otras industrias de alta tecnolog\u00eda que requieren un control t\u00e9rmico exigente, este crisol est\u00e1 dise\u00f1ado para mejorar la eficiencia operativa y la calidad del producto.<\/span><\/p>\n<p><span style=\"font-family: arial, helvetica, sans-serif; font-size: medium;\">Elija el r\u00edgido que se sent\u00eda crisol por semicera para la estabilidad t\u00e9rmica avanzada, la resistencia a la abrasi\u00f3n y las soluciones de alta pureza a trav\u00e9s de aplicaciones cr\u00edticas de alta temperatura.<\/span><\/p>\n<\/p><\/div>\n<\/p><\/div>\n<\/p><\/div>\n<\/p><\/div>\n<\/p><\/div>\n<\/p><\/div>\n<\/p><\/div>\n<\/p><\/div>\n<\/p><\/div>\n<div class=\"fl-row fl-row-full-width fl-row-bg-none fl-node-672dbe0a304c5\" data-node=\"672dbe0a304c5\">\n<div class=\"fl-row-content-wrap\">\n<div class=\"fl-row-content fl-row-full-width fl-node-content\">\n<div class=\"fl-col-group fl-node-672dbe0a30507\" data-node=\"672dbe0a30507\">\n<div class=\"fl-col fl-node-672dbe0a30532\" data-node=\"672dbe0a30532\" style=\"width: 100%;\">\n<div class=\"fl-col-content fl-node-content\">\n<div class=\"fl-module fl-module-photo fl-node-672dbe0a30571\" data-animation-delay=\"0.0\" data-node=\"672dbe0a30571\">\n<div class=\"fl-module-content fl-node-content\">\n<div class=\"fl-photo fl-photo-align-center\" itemscope=\"\" itemtype=\"http:\/\/schema.org\/ImageObject\">\n<div class=\"fl-photo-content fl-photo-img-jpg\"> <img decoding=\"async\" alt=\"Lugar de trabajo de semicera\" class=\"fl-photo-img wp-image-9038\" itemprop=\"image\" src=\"\/wp-content\/uploads\/2025\/09\/b1dd0bcab1675ff4.webp\"> <\/img><\/div>\n<\/p><\/div>\n<\/p><\/div>\n<\/p><\/div>\n<div class=\"fl-module fl-module-photo fl-node-672dbe0a306ac\" data-animation-delay=\"0.0\" data-node=\"672dbe0a306ac\">\n<div class=\"fl-module-content fl-node-content\">\n<div class=\"fl-photo fl-photo-align-center\" itemscope=\"\" itemtype=\"http:\/\/schema.org\/ImageObject\">\n<div class=\"fl-photo-content fl-photo-img-jpg\"> <img decoding=\"async\" alt=\"Semicera Work Place 2\" class=\"fl-photo-img wp-image-9037\" itemprop=\"image\" src=\"\/wp-content\/uploads\/2025\/09\/2b946d2b4b61306d.webp\"> <\/img><\/div>\n<\/p><\/div>\n<\/p><\/div>\n<\/p><\/div>\n<div class=\"fl-module fl-module-photo fl-node-672dbe0a3066d\" data-animation-delay=\"0.0\" data-node=\"672dbe0a3066d\">\n<div class=\"fl-module-content fl-node-content\">\n<div class=\"fl-photo fl-photo-align-center\" itemscope=\"\" itemtype=\"http:\/\/schema.org\/ImageObject\">\n<div class=\"fl-photo-content fl-photo-img-jpg\"> <img decoding=\"async\" alt=\"M\u00e1quina de equipos\" class=\"fl-photo-img wp-image-9034 size-full\" itemprop=\"image\" src=\"\/wp-content\/uploads\/2025\/09\/081b6529d68ead23.webp\"> <\/img><\/div>\n<\/p><\/div>\n<\/p><\/div>\n<\/p><\/div>\n<div class=\"fl-module fl-module-photo fl-node-672dbe0a3062e\" data-animation-delay=\"0.0\" data-node=\"672dbe0a3062e\">\n<div class=\"fl-module-content fl-node-content\">\n<div class=\"fl-photo fl-photo-align-center\" itemscope=\"\" itemtype=\"http:\/\/schema.org\/ImageObject\">\n<div class=\"fl-photo-content fl-photo-img-jpg\"> <img decoding=\"async\" alt=\"Procesamiento de CNN, limpieza qu\u00edmica, recubrimiento de CVD\" class=\"fl-photo-img wp-image-9033\" itemprop=\"image\" src=\"\/wp-content\/uploads\/2025\/09\/a4132b2b399abbac.webp\"> <\/img><\/div>\n<\/p><\/div>\n<\/p><\/div>\n<\/p><\/div>\n<div class=\"fl-module fl-module-photo fl-node-672dbe0a305ef\" data-animation-delay=\"0.0\" data-node=\"672dbe0a305ef\">\n<div class=\"fl-module-content fl-node-content\">\n<div class=\"fl-photo fl-photo-align-center\" itemscope=\"\" itemtype=\"http:\/\/schema.org\/ImageObject\">\n<div class=\"fl-photo-content fl-photo-img-jpg\"> <img decoding=\"async\" alt=\"Casa de Ware de Semicera\" class=\"fl-photo-img wp-image-9036\" itemprop=\"image\" src=\"\/wp-content\/uploads\/2025\/09\/2190bb9ce5c1d546.webp\"> <\/img><\/div>\n<\/p><\/div>\n<\/p><\/div>\n<\/p><\/div>\n<div class=\"fl-module fl-module-photo fl-node-672dbe0a305b0\" data-animation-delay=\"0.0\" data-node=\"672dbe0a305b0\">\n<div class=\"fl-module-content fl-node-content\">\n<div class=\"fl-photo fl-photo-align-center\" itemscope=\"\" itemtype=\"http:\/\/schema.org\/ImageObject\">\n<div class=\"fl-photo-content fl-photo-img-jpg\"> <img decoding=\"async\" alt=\"Nuestro servicio\" class=\"fl-photo-img wp-image-9035\" itemprop=\"image\" src=\"\/wp-content\/uploads\/2025\/09\/b07f222c0ec0ab8d.webp\"> <\/img><\/div>\n<\/p><\/div>\n<\/p><\/div>\n<\/p><\/div>\n<\/p><\/div>\n<\/p><\/div>\n<\/p><\/div>\n<\/p><\/div>\n<\/p><\/div>\n<\/p><\/div>\n<\/div>","protected":false},"excerpt":{"rendered":"<p>El crisol r\u00edgido de Semicera est\u00e1 dise\u00f1ado para un rendimiento superior en aplicaciones de alta temperatura, que ofrece un excelente aislamiento t\u00e9rmico e integridad estructural. Construido a partir de materiales de fieltro r\u00edgido de calidad premium, este crisol proporciona resistencia al calor confiable, baja conductividad t\u00e9rmica y una durabilidad sobresaliente, lo que lo hace ideal para procesos en la fabricaci\u00f3n avanzada y las pruebas de materiales.<\/p>","protected":false},"featured_media":665,"comment_status":"closed","ping_status":"open","template":"","meta":[],"product_brand":[],"product_cat":[29,30],"product_tag":[],"class_list":{"0":"post-1313","1":"product","2":"type-product","3":"status-publish","4":"has-post-thumbnail","6":"product_cat-carbon-fiber","7":"product_cat-hard-felt","9":"first","10":"instock","11":"product-type-simple"},"_links":{"self":[{"href":"https:\/\/www.cn-semiconductorparts.com\/es\/wp-json\/wp\/v2\/product\/1313","targetHints":{"allow":["GET"]}}],"collection":[{"href":"https:\/\/www.cn-semiconductorparts.com\/es\/wp-json\/wp\/v2\/product"}],"about":[{"href":"https:\/\/www.cn-semiconductorparts.com\/es\/wp-json\/wp\/v2\/types\/product"}],"replies":[{"embeddable":true,"href":"https:\/\/www.cn-semiconductorparts.com\/es\/wp-json\/wp\/v2\/comments?post=1313"}],"wp:featuredmedia":[{"embeddable":true,"href":"https:\/\/www.cn-semiconductorparts.com\/es\/wp-json\/wp\/v2\/media\/665"}],"wp:attachment":[{"href":"https:\/\/www.cn-semiconductorparts.com\/es\/wp-json\/wp\/v2\/media?parent=1313"}],"wp:term":[{"taxonomy":"product_brand","embeddable":true,"href":"https:\/\/www.cn-semiconductorparts.com\/es\/wp-json\/wp\/v2\/product_brand?post=1313"},{"taxonomy":"product_cat","embeddable":true,"href":"https:\/\/www.cn-semiconductorparts.com\/es\/wp-json\/wp\/v2\/product_cat?post=1313"},{"taxonomy":"product_tag","embeddable":true,"href":"https:\/\/www.cn-semiconductorparts.com\/es\/wp-json\/wp\/v2\/product_tag?post=1313"}],"curies":[{"name":"WP","href":"https:\/\/api.w.org\/{rel}","templated":true}]}}