{"id":1321,"date":"2025-09-11T05:28:25","date_gmt":"2025-09-11T05:28:25","guid":{"rendered":"https:\/\/weitai2.globaldeepsea.site\/product\/6-inch-linbo3-bonding-wafer\/"},"modified":"2026-04-29T15:34:16","modified_gmt":"2026-04-29T07:34:16","slug":"6-inch-linbo3-bonding-wafer","status":"publish","type":"product","link":"https:\/\/www.cn-semiconductorparts.com\/es\/product\/6-inch-linbo3-bonding-wafer\/","title":{"rendered":"Oblea de uni\u00f3n Linbo3 de 6 pulgadas"},"content":{"rendered":"<div class=\"fl-builder-content fl-builder-content-11508 fl-builder-content-primary fl-builder-global-templates-locked\" data-post-id=\"11508\">\n<div class=\"fl-row fl-row-full-width fl-row-bg-none fl-node-672b33561f440\" data-node=\"672b33561f440\">\n<div class=\"fl-row-content-wrap\">\n<div class=\"fl-row-content fl-row-full-width fl-node-content\">\n<div class=\"fl-col-group fl-node-672b33561f697\" data-node=\"672b33561f697\">\n<div class=\"fl-col fl-node-672b33561f6d8\" data-node=\"672b33561f6d8\" style=\"width: 100%;\">\n<div class=\"fl-col-content fl-node-content\">\n<div class=\"fl-module fl-module-rich-text fl-node-672b33561f719\" data-animation-delay=\"0.0\" data-node=\"672b33561f719\">\n<div class=\"fl-module-content fl-node-content\">\n<div class=\"fl-rich-text\">\n<p><span style=\"font-family: arial, helvetica, sans-serif; font-size: medium;\">La oblea de enlace Linbo3 de 6 pulgadas de Semicera est\u00e1 dise\u00f1ada para cumplir con los rigurosos est\u00e1ndares de la industria de semiconductores, ofreciendo un rendimiento incomparable tanto en entornos de investigaci\u00f3n como de producci\u00f3n. Ya sea para optoelectr\u00f3nica de alta gama, MEMS o envases de semiconductores avanzados, esta oblea de uni\u00f3n ofrece la confiabilidad y durabilidad necesaria para el desarrollo de tecnolog\u00eda de punta.<\/span><\/p>\n<p><span style=\"font-family: arial, helvetica, sans-serif; font-size: medium;\">En la industria de los semiconductores, la oblea de enlace Linbo3 de 6 pulgadas se usa ampliamente para unir capas delgadas en dispositivos optoelectr\u00f3nicos, sensores y sistemas microelectromec\u00e1nicos (MEMS). Sus propiedades excepcionales lo convierten en un componente valioso para aplicaciones que requieren una integraci\u00f3n precisa de capa, como en la fabricaci\u00f3n de circuitos integrados (ICS) y dispositivos fot\u00f3nicos. La alta pureza de la oblea asegura que el producto final mantenga un rendimiento \u00f3ptimo, minimizando el riesgo de contaminaci\u00f3n que podr\u00eda afectar la confiabilidad del dispositivo.<\/span><\/p>\n<\/p><\/div>\n<\/p><\/div>\n<\/p><\/div>\n<div class=\"fl-module fl-module-rich-text fl-node-672b33561f79b\" data-animation-delay=\"0.0\" data-node=\"672b33561f79b\">\n<div class=\"fl-module-content fl-node-content\">\n<div class=\"fl-rich-text\">\n<table align=\"center\" border=\"0\">\n<tbody>\n<tr>\n<td colspan=\"2\" style=\"text-align: center;\"><strong><span style=\"font-family: arial, helvetica, sans-serif; font-size: small; color: #000000;\">Propiedades t\u00e9rmicas y el\u00e9ctricas de Linbo3<\/span><\/strong><\/td>\n<\/tr>\n<tr>\n<td style=\"text-align: center;\"><span style=\"font-family: arial, helvetica, sans-serif; font-size: small;\">Punto de fusi\u00f3n<\/span><\/td>\n<td style=\"text-align: center;\"><span style=\"font-family: arial, helvetica, sans-serif; font-size: small;\">1250\u00a0\u2103<\/span><\/td>\n<\/tr>\n<tr>\n<td style=\"text-align: center;\"><span style=\"font-family: arial, helvetica, sans-serif; font-size: small;\">Temperatura curie<\/span><\/td>\n<td style=\"text-align: center;\"><span style=\"font-family: arial, helvetica, sans-serif; font-size: small;\">1140\u00a0\u2103<\/span><\/td>\n<\/tr>\n<tr>\n<td style=\"text-align: center;\"><span style=\"font-family: arial, helvetica, sans-serif; font-size: small;\">Conductividad t\u00e9rmica<\/span><\/td>\n<td style=\"text-align: center;\"><span style=\"font-family: arial, helvetica, sans-serif; font-size: small;\">38 w\/m\/k @ 25\u00a0\u2103<\/span><\/td>\n<\/tr>\n<tr>\n<td style=\"text-align: center;\"><span style=\"font-family: arial, helvetica, sans-serif; font-size: small;\">Coeficiente de expansi\u00f3n t\u00e9rmica (@ 25 \u00b0 C)<\/span><\/td>\n<td style=\"text-align: center;\">\n<p><span style=\"font-family: arial, helvetica, sans-serif; font-size: small;\">\/\/a \uff0c 2.0 \u00d7 10<sup>-6<\/sup>\u00a0\/K<\/span><\/p>\n<p><span style=\"font-family: arial, helvetica, sans-serif; font-size: small;\">\/\/c \uff0c 2.2 \u00d7 10<sup>-6<\/sup>\u00a0\/K<\/span><\/p>\n<\/td>\n<\/tr>\n<tr>\n<td style=\"text-align: center;\"><span style=\"font-family: arial, helvetica, sans-serif; font-size: small;\">Resistividad<\/span><\/td>\n<td style=\"text-align: center;\"><span style=\"font-family: arial, helvetica, sans-serif; font-size: small;\">2 \u00d7 10<sup>-6<\/sup>\u00a0\u03a9 \u00b7 cm @ 200\u00a0\u2103<\/span><\/td>\n<\/tr>\n<tr>\n<td style=\"text-align: center;\"><span style=\"font-family: arial, helvetica, sans-serif; font-size: small;\">Constante diel\u00e9ctrica<\/span><\/td>\n<td style=\"text-align: center;\">\n<p><span style=\"font-family: arial, helvetica, sans-serif; font-size: small;\">ES11\/E0 = 43 \uff0c ET11\/E0 = 78<\/span><\/p>\n<p><span style=\"font-family: arial, helvetica, sans-serif; font-size: small;\">ES33\/E0 = 28 \uff0c ET33\/E0 = 2<\/span><\/p>\n<\/td>\n<\/tr>\n<tr>\n<td style=\"text-align: center;\"><span style=\"font-family: arial, helvetica, sans-serif; font-size: small;\">Constante piezoel\u00e9ctrica<\/span><\/td>\n<td style=\"text-align: center;\">\n<p><span style=\"font-family: arial, helvetica, sans-serif; font-size: small;\">D<sub>22<\/sub>=2.04 \u00d7 10<sup>-11<\/sup>\u00a0C\/n\u00a0<\/span><\/p>\n<p><span style=\"font-family: arial, helvetica, sans-serif; font-size: small;\">D<sub>33<\/sub>=19.22 \u00d7 10<sup>-11<\/sup>\u00a0C\/n<\/span><\/p>\n<\/td>\n<\/tr>\n<tr>\n<td style=\"text-align: center;\"><span style=\"font-family: arial, helvetica, sans-serif; font-size: small;\">Coeficiente electro\u00f3ptico<\/span><\/td>\n<td style=\"text-align: center;\">\n<p><span style=\"font-family: arial, helvetica, sans-serif; font-size: small;\">Connecticut<sub>33<\/sub>=32 PM\/V \uff0c \u03b3s<sub>33<\/sub>=31 pm\/v \uff0c\u00a0<\/span><\/p>\n<p><span style=\"font-family: arial, helvetica, sans-serif; font-size: small;\">Connecticut<sub>31<\/sub>=10 PM\/V \uff0c \u03b3s<sub>31<\/sub>=8.6 pm\/v \uff0c<\/span><\/p>\n<p><span style=\"font-family: arial, helvetica, sans-serif; font-size: small;\">Connecticut<sub>22<\/sub>=6.8 PM\/V \uff0c \u03b3s<sub>22<\/sub>=3.4 pm\/v \uff0c<\/span><\/p>\n<\/td>\n<\/tr>\n<tr>\n<td style=\"text-align: center;\">\n<p><span style=\"font-family: arial, helvetica, sans-serif; font-size: small;\">Voltaje de media onda, DC<\/span><br \/><span style=\"font-family: arial, helvetica, sans-serif; font-size: small;\">Campo el\u00e9ctrico \/\/ z, luz \u22a5 z;<\/span><br \/><span style=\"font-family: arial, helvetica, sans-serif; font-size: small;\">Campo el\u00e9ctrico \/\/ x o y, luz \u22a5 z<\/span><\/p>\n<\/td>\n<td style=\"text-align: center;\">\n<p><span style=\"font-family: arial, helvetica, sans-serif; font-size: small;\">3.03 kV<\/span><\/p>\n<p><span style=\"font-family: arial, helvetica, sans-serif; font-size: small;\">4.02 kV<\/span><\/p>\n<\/td>\n<\/tr>\n<\/tbody>\n<\/table><\/div>\n<\/p><\/div>\n<\/p><\/div>\n<div class=\"fl-module fl-module-rich-text fl-node-672b33561f75a\" data-animation-delay=\"0.0\" data-node=\"672b33561f75a\">\n<div class=\"fl-module-content fl-node-content\">\n<div class=\"fl-rich-text\">\n<p><span style=\"font-family: arial, helvetica, sans-serif; font-size: medium;\">La oblea de uni\u00f3n LinBO3 de 6 pulgadas de Semicera est\u00e1 espec\u00edficamente dise\u00f1ada para aplicaciones avanzadas en las industrias de semiconductores y optoelectr\u00f3nica. Conocida por su resistencia al desgaste superior, alta estabilidad t\u00e9rmica y pureza excepcional, esta oblea de uni\u00f3n es ideal para la fabricaci\u00f3n de semiconductores de alto rendimiento, ofreciendo una confiabilidad y precisi\u00f3n de larga duraci\u00f3n incluso en condiciones exigentes.<\/span><\/p>\n<p><span style=\"font-family: arial, helvetica, sans-serif; font-size: medium;\">Hecho a mano con tecnolog\u00eda de vanguardia, la oblea de enlace Linbo3 de 6 pulgadas garantiza una contaminaci\u00f3n m\u00ednima, lo cual es crucial para los procesos de producci\u00f3n de semiconductores que requieren altos niveles de pureza. Su excelente estabilidad t\u00e9rmica le permite resistir temperaturas elevadas sin comprometer la integridad estructural, lo que lo convierte en una elecci\u00f3n confiable para aplicaciones de uni\u00f3n a alta temperatura. Adem\u00e1s, la excepcional resistencia al desgaste de la oblea asegura que funcione constantemente sobre un uso extendido, proporcionando durabilidad a largo plazo y reduciendo la necesidad de reemplazos frecuentes.<\/span><\/p>\n<\/p><\/div>\n<\/p><\/div>\n<\/p><\/div>\n<\/p><\/div>\n<\/p><\/div>\n<\/p><\/div>\n<div class=\"fl-col-group fl-node-672b33561f484\" data-node=\"672b33561f484\">\n<div class=\"fl-col fl-node-672b33561f4c6\" data-node=\"672b33561f4c6\" style=\"width: 100%;\">\n<div class=\"fl-col-content fl-node-content\">\n<div class=\"fl-module fl-module-photo fl-node-672b33561f507\" data-animation-delay=\"0.0\" data-node=\"672b33561f507\">\n<div class=\"fl-module-content fl-node-content\">\n<div class=\"fl-photo fl-photo-align-center\" itemscope=\"\" itemtype=\"http:\/\/schema.org\/ImageObject\">\n<div class=\"fl-photo-content fl-photo-img-jpg\"> <img decoding=\"async\" alt=\"Lugar de trabajo de semicera\" class=\"fl-photo-img wp-image-9038\" itemprop=\"image\" src=\"\/wp-content\/uploads\/2025\/09\/b1dd0bcab1675ff4.webp\"> <\/img><\/div>\n<\/p><\/div>\n<\/p><\/div>\n<\/p><\/div>\n<div class=\"fl-module fl-module-photo fl-node-672b33561f656\" data-animation-delay=\"0.0\" data-node=\"672b33561f656\">\n<div class=\"fl-module-content fl-node-content\">\n<div class=\"fl-photo fl-photo-align-center\" itemscope=\"\" itemtype=\"http:\/\/schema.org\/ImageObject\">\n<div class=\"fl-photo-content fl-photo-img-jpg\"> <img decoding=\"async\" alt=\"Semicera Work Place 2\" class=\"fl-photo-img wp-image-9037\" itemprop=\"image\" src=\"\/wp-content\/uploads\/2025\/09\/2b946d2b4b61306d.webp\"> <\/img><\/div>\n<\/p><\/div>\n<\/p><\/div>\n<\/p><\/div>\n<div class=\"fl-module fl-module-photo fl-node-672b33561f613\" data-animation-delay=\"0.0\" data-node=\"672b33561f613\">\n<div class=\"fl-module-content fl-node-content\">\n<div class=\"fl-photo fl-photo-align-center\" itemscope=\"\" itemtype=\"http:\/\/schema.org\/ImageObject\">\n<div class=\"fl-photo-content fl-photo-img-jpg\"> <img decoding=\"async\" alt=\"M\u00e1quina de equipos\" class=\"fl-photo-img wp-image-9034 size-full\" itemprop=\"image\" src=\"\/wp-content\/uploads\/2025\/09\/081b6529d68ead23.webp\"> <\/img><\/div>\n<\/p><\/div>\n<\/p><\/div>\n<\/p><\/div>\n<div class=\"fl-module fl-module-photo fl-node-672b33561f5ca\" data-animation-delay=\"0.0\" data-node=\"672b33561f5ca\">\n<div class=\"fl-module-content fl-node-content\">\n<div class=\"fl-photo fl-photo-align-center\" itemscope=\"\" itemtype=\"http:\/\/schema.org\/ImageObject\">\n<div class=\"fl-photo-content fl-photo-img-jpg\"> <img decoding=\"async\" alt=\"Procesamiento de CNN, limpieza qu\u00edmica, recubrimiento de CVD\" class=\"fl-photo-img wp-image-9033\" itemprop=\"image\" src=\"\/wp-content\/uploads\/2025\/09\/a4132b2b399abbac.webp\"> <\/img><\/div>\n<\/p><\/div>\n<\/p><\/div>\n<\/p><\/div>\n<div class=\"fl-module fl-module-photo fl-node-672b33561f589\" data-animation-delay=\"0.0\" data-node=\"672b33561f589\">\n<div class=\"fl-module-content fl-node-content\">\n<div class=\"fl-photo fl-photo-align-center\" itemscope=\"\" itemtype=\"http:\/\/schema.org\/ImageObject\">\n<div class=\"fl-photo-content fl-photo-img-jpg\"> <img decoding=\"async\" alt=\"Casa de Ware de Semicera\" class=\"fl-photo-img wp-image-9036\" itemprop=\"image\" src=\"\/wp-content\/uploads\/2025\/09\/2190bb9ce5c1d546.webp\"> <\/img><\/div>\n<\/p><\/div>\n<\/p><\/div>\n<\/p><\/div>\n<div class=\"fl-module fl-module-photo fl-node-672b33561f548\" data-animation-delay=\"0.0\" data-node=\"672b33561f548\">\n<div class=\"fl-module-content fl-node-content\">\n<div class=\"fl-photo fl-photo-align-center\" itemscope=\"\" itemtype=\"http:\/\/schema.org\/ImageObject\">\n<div class=\"fl-photo-content fl-photo-img-jpg\"> <img decoding=\"async\" alt=\"Nuestro servicio\" class=\"fl-photo-img wp-image-9035\" itemprop=\"image\" src=\"\/wp-content\/uploads\/2025\/09\/b07f222c0ec0ab8d.webp\"> <\/img><\/div>\n<\/p><\/div>\n<\/p><\/div>\n<\/p><\/div>\n<\/p><\/div>\n<\/p><\/div>\n<\/p><\/div>\n<\/p><\/div>\n<\/p><\/div>\n<\/p><\/div>\n<\/div>","protected":false},"excerpt":{"rendered":"<p>La oblea de enlace Linbo3 de 6 pulgadas de Semicera es ideal para procesos de uni\u00f3n avanzados en dispositivos optoelectr\u00f3nicos, MEMS y circuitos integrados (ICS). Con sus caracter\u00edsticas de uni\u00f3n superiores, es ideal para lograr una alineaci\u00f3n e integraci\u00f3n de capa precisa, asegurando el rendimiento y la eficiencia de los dispositivos semiconductores. La alta pureza de la oblea minimiza la contaminaci\u00f3n, por lo que es una opci\u00f3n confiable para aplicaciones que requieren la mayor precisi\u00f3n.<\/p>","protected":false},"featured_media":799,"comment_status":"closed","ping_status":"open","template":"","meta":[],"product_brand":[],"product_cat":[26,34],"product_tag":[],"class_list":{"0":"post-1321","1":"product","2":"type-product","3":"status-publish","4":"has-post-thumbnail","6":"product_cat-wafer","7":"product_cat-wafer-bonding-technology","9":"first","10":"instock","11":"product-type-simple"},"_links":{"self":[{"href":"https:\/\/www.cn-semiconductorparts.com\/es\/wp-json\/wp\/v2\/product\/1321","targetHints":{"allow":["GET"]}}],"collection":[{"href":"https:\/\/www.cn-semiconductorparts.com\/es\/wp-json\/wp\/v2\/product"}],"about":[{"href":"https:\/\/www.cn-semiconductorparts.com\/es\/wp-json\/wp\/v2\/types\/product"}],"replies":[{"embeddable":true,"href":"https:\/\/www.cn-semiconductorparts.com\/es\/wp-json\/wp\/v2\/comments?post=1321"}],"wp:featuredmedia":[{"embeddable":true,"href":"https:\/\/www.cn-semiconductorparts.com\/es\/wp-json\/wp\/v2\/media\/799"}],"wp:attachment":[{"href":"https:\/\/www.cn-semiconductorparts.com\/es\/wp-json\/wp\/v2\/media?parent=1321"}],"wp:term":[{"taxonomy":"product_brand","embeddable":true,"href":"https:\/\/www.cn-semiconductorparts.com\/es\/wp-json\/wp\/v2\/product_brand?post=1321"},{"taxonomy":"product_cat","embeddable":true,"href":"https:\/\/www.cn-semiconductorparts.com\/es\/wp-json\/wp\/v2\/product_cat?post=1321"},{"taxonomy":"product_tag","embeddable":true,"href":"https:\/\/www.cn-semiconductorparts.com\/es\/wp-json\/wp\/v2\/product_tag?post=1321"}],"curies":[{"name":"WP","href":"https:\/\/api.w.org\/{rel}","templated":true}]}}