{"id":1401,"date":"2025-09-11T05:28:53","date_gmt":"2025-09-11T05:28:53","guid":{"rendered":"https:\/\/weitai2.globaldeepsea.site\/product\/4%e2%80%b3-gallium-oxide-substrates\/"},"modified":"2026-04-29T15:33:47","modified_gmt":"2026-04-29T07:33:47","slug":"4%e2%80%b3-gallium-oxide-substrates","status":"publish","type":"product","link":"https:\/\/www.cn-semiconductorparts.com\/es\/product\/4\u2033-gallium-oxide-substrates\/","title":{"rendered":"Sustratos de \u00f3xido de galio de 4 \u2033"},"content":{"rendered":"<div class=\"fl-builder-content fl-builder-content-10258 fl-builder-content-primary fl-builder-global-templates-locked\" data-post-id=\"10258\">\n<div class=\"fl-row fl-row-full-width fl-row-bg-none fl-node-66c2f1eec9901\" data-node=\"66c2f1eec9901\">\n<div class=\"fl-row-content-wrap\">\n<div class=\"fl-row-content fl-row-full-width fl-node-content\">\n<div class=\"fl-col-group fl-node-66c2f1eec9946\" data-node=\"66c2f1eec9946\">\n<div class=\"fl-col fl-node-66c2f1eec9988\" data-node=\"66c2f1eec9988\" style=\"width: 100%;\">\n<div class=\"fl-col-content fl-node-content\">\n<div class=\"fl-module fl-module-rich-text fl-node-66c2f1eec99ca\" data-animation-delay=\"0.0\" data-node=\"66c2f1eec99ca\">\n<div class=\"fl-module-content fl-node-content\">\n<div class=\"fl-rich-text\">\n<p><span style=\"font-family: arial, helvetica, sans-serif; font-size: medium;\"><em>Semicera<\/em> Orgullosamente presenta su <strong>Sustratos de \u00f3xido de galio de 4 \u2033<\/strong>, un material innovador dise\u00f1ado para satisfacer las crecientes demandas de dispositivos semiconductores de alto rendimiento. \u00d3xido de galio (GA<sub>2<\/sub>O<sub>3<\/sub>) Los sustratos ofrecen una banda de banda ultra de ancho, lo que los hace ideales para la electr\u00f3nica de potencia de pr\u00f3xima generaci\u00f3n, la optoelectr\u00f3nica UV y los dispositivos de alta frecuencia.<\/span><\/p>\n<p>\u00a0<\/p>\n<p><span style=\"font-family: arial, helvetica, sans-serif; font-size: medium;\"><strong>Caracter\u00edsticas clave:<\/strong><\/span><\/p>\n<p><span style=\"font-family: arial, helvetica, sans-serif; font-size: medium;\"><strong><\/strong><strong>\u00a0 \u00a0 \u00a0\u2022 Ultra ancho de banda<\/strong>: El <strong>Sustratos de \u00f3xido de galio de 4 \u2033<\/strong> Cuenta con un BANGAP de aproximadamente 4.8 eV, lo que permite una tolerancia excepcional en voltaje y temperatura, superando significativamente los materiales semiconductores tradicionales como el silicio.<\/span><\/p>\n<p><span style=\"font-family: arial, helvetica, sans-serif; font-size: medium;\"><strong><strong>\u00a0 \u00a0 \u00a0\u2022\u00a0<\/strong>Voltaje de desglose alto<\/strong>: Estos sustratos permiten que los dispositivos funcionen a voltajes y potencias m\u00e1s altos, lo que los hace perfectos para aplicaciones de alta voltaje en Electr\u00f3nica de potencia.<\/span><\/p>\n<p><span style=\"font-family: arial, helvetica, sans-serif; font-size: medium;\"><strong><strong>\u00a0 \u00a0 \u00a0\u2022\u00a0<\/strong>Estabilidad t\u00e9rmica superior<\/strong>: Los sustratos de \u00f3xido de galio ofrecen una excelente conductividad t\u00e9rmica, asegurando un rendimiento estable en condiciones extremas, ideal para su uso en entornos exigentes.<\/span><\/p>\n<p><span style=\"font-family: arial, helvetica, sans-serif; font-size: medium;\"><strong><strong>\u00a0 \u00a0 \u00a0\u2022\u00a0<\/strong>Alta calidad de material<\/strong>: Con bajas densidades de defectos y alta calidad de cristal, estos sustratos aseguran un rendimiento confiable y consistente, mejorando la eficiencia y la durabilidad de sus dispositivos.<\/span><\/p>\n<p><span style=\"font-family: arial, helvetica, sans-serif; font-size: medium;\"><strong>\u00a0 \u00a0 \u00a0\u2022\u00a0<\/strong><strong>Aplicaci\u00f3n vers\u00e1til<\/strong>: Adecuado para una amplia gama de aplicaciones, incluidos transistores de energ\u00eda, diodos Schottky y dispositivos LED UV-C, que permiten innovaciones en los campos de energ\u00eda y optoelectr\u00f3nicos.<\/span><\/p>\n<p>\u00a0<\/p>\n<p><span style=\"font-family: arial, helvetica, sans-serif; font-size: medium;\">Explore el futuro de la tecnolog\u00eda de semiconductores con las semicera <strong>Sustratos de \u00f3xido de galio de 4 \u2033<\/strong>. Nuestros sustratos est\u00e1n dise\u00f1ados para admitir las aplicaciones m\u00e1s avanzadas, proporcionando la confiabilidad y la eficiencia requeridas para los dispositivos de vanguardia de hoy. Conf\u00ede en las semicera para la calidad y la innovaci\u00f3n en sus materiales semiconductores.<\/span><\/p>\n<\/p><\/div>\n<\/p><\/div>\n<\/p><\/div>\n<\/p><\/div>\n<\/p><\/div>\n<\/p><\/div>\n<div class=\"fl-col-group fl-node-66c2f1eec9a0b\" data-node=\"66c2f1eec9a0b\">\n<div class=\"fl-col fl-node-66c2f1eec9a4d\" data-node=\"66c2f1eec9a4d\" style=\"width: 100%;\">\n<div class=\"fl-col-content fl-node-content\">\n<div class=\"fl-module fl-module-rich-text fl-node-66c2f1eec9a8f\" data-animation-delay=\"0.0\" data-node=\"66c2f1eec9a8f\">\n<div class=\"fl-module-content fl-node-content\">\n<div class=\"fl-rich-text\">\n<table border=\"0\" cellspacing=\"0\">\n<tbody>\n<tr>\n<td>\n<p>Elementos<\/p>\n<\/td>\n<td>\n<p>Producci\u00f3n<\/p>\n<\/td>\n<td>\n<p>Investigaci\u00f3n<\/p>\n<\/td>\n<td>\n<p>Ficticio<\/p>\n<\/td>\n<\/tr>\n<tr>\n<td colspan=\"4\">\n<p style=\"text-align: center;\">Par\u00e1metros de cristal<\/p>\n<\/td>\n<\/tr>\n<tr>\n<td>\n<p>Politito<\/p>\n<\/td>\n<td colspan=\"3\">\n<p>4H<\/p>\n<\/td>\n<\/tr>\n<tr>\n<td>\n<p>Error de orientaci\u00f3n de la superficie<\/p>\n<\/td>\n<td colspan=\"3\">\n<p>4\u00b10.15\u00b0<\/p>\n<\/td>\n<\/tr>\n<tr>\n<td colspan=\"4\">\n<p style=\"text-align: center;\">Par\u00e1metros el\u00e9ctricos<\/p>\n<\/td>\n<\/tr>\n<tr>\n<td>\n<p>Dopante<\/p>\n<\/td>\n<td colspan=\"3\">\n<p>nitr\u00f3geno de tipo N<\/p>\n<\/td>\n<\/tr>\n<tr>\n<td>\n<p>Resistividad<\/p>\n<\/td>\n<td colspan=\"3\">\n<p>0.015-0.025ohm \u00b7 cm<\/p>\n<\/td>\n<\/tr>\n<tr>\n<td colspan=\"4\">\n<p style=\"text-align: center;\">Par\u00e1metros mec\u00e1nicos<\/p>\n<\/td>\n<\/tr>\n<tr>\n<td>\n<p>Di\u00e1metro<\/p>\n<\/td>\n<td colspan=\"3\">\n<p>150.0 \u00b1 0.2 mm<\/p>\n<\/td>\n<\/tr>\n<tr>\n<td>\n<p>Espesor<\/p>\n<\/td>\n<td colspan=\"3\">\n<p>350 \u00b1 25 \u00b5m<\/p>\n<\/td>\n<\/tr>\n<tr>\n<td>\n<p>Orientaci\u00f3n plana primaria<\/p>\n<\/td>\n<td colspan=\"3\">\n<p>[1-100]\u00b15\u00b0<\/p>\n<\/td>\n<\/tr>\n<tr>\n<td>\n<p>Longitud plana primaria<\/p>\n<\/td>\n<td colspan=\"3\">\n<p>47.5 \u00b1 1.5 mm<\/p>\n<\/td>\n<\/tr>\n<tr>\n<td>\n<p>Plano secundario<\/p>\n<\/td>\n<td colspan=\"3\">\n<p>Ninguno<\/p>\n<\/td>\n<\/tr>\n<tr>\n<td>\n<p>TTV<\/p>\n<\/td>\n<td>\n<p>\u22645 \u00b5m<\/p>\n<\/td>\n<td>\n<p>\u226410 \u00b5m<\/p>\n<\/td>\n<td>\n<p>\u226415 \u00b5m<\/p>\n<\/td>\n<\/tr>\n<tr>\n<td>\n<p>LTV<\/p>\n<\/td>\n<td>\n<p>\u22643 \u03bcm (5 mm*5 mm)<\/p>\n<\/td>\n<td>\n<p>\u22645 \u03bcm (5 mm*5 mm)<\/p>\n<\/td>\n<td>\n<p>\u226410 \u03bcm (5 mm*5 mm)<\/p>\n<\/td>\n<\/tr>\n<tr>\n<td>\n<p>Arco<\/p>\n<\/td>\n<td>\n<p>-15 \u03bcm ~ 15 \u03bcm<\/p>\n<\/td>\n<td>\n<p>-35 \u03bcm ~ 35 \u03bcm<\/p>\n<\/td>\n<td>\n<p>-45 \u03bcm ~ 45 \u03bcm<\/p>\n<\/td>\n<\/tr>\n<tr>\n<td>\n<p>Urdimbre<\/p>\n<\/td>\n<td>\n<p>\u226435 \u00b5m<\/p>\n<\/td>\n<td>\n<p>\u226445 \u00b5m<\/p>\n<\/td>\n<td>\n<p>\u226455 \u00b5m<\/p>\n<\/td>\n<\/tr>\n<tr>\n<td>\n<p>Rugosidad delantera (SI-FACE) (AFM)<\/p>\n<\/td>\n<td colspan=\"3\">\n<p>RA\u22640.2Nm (5 \u03bcm*5 \u03bcm)<\/p>\n<\/td>\n<\/tr>\n<tr>\n<td colspan=\"4\">\n<p style=\"text-align: center;\">Estructura<\/p>\n<\/td>\n<\/tr>\n<tr>\n<td>\n<p>Densidad de micropipe<\/p>\n<\/td>\n<td>\n<p>&lt;1 ea\/cm2<\/p>\n<\/td>\n<td>\n<p>&lt;10 ea\/cm2<\/p>\n<\/td>\n<td>\n<p>&lt;15 ea\/cm2<\/p>\n<\/td>\n<\/tr>\n<tr>\n<td>\n<p>Impurezas de metal<\/p>\n<\/td>\n<td colspan=\"2\">\n<p>\u22645E10atoms\/cm2<\/p>\n<\/td>\n<td>\n<p>N \/ A<\/p>\n<\/td>\n<\/tr>\n<tr>\n<td>\n<p>BPD<\/p>\n<\/td>\n<td>\n<p>\u22641500 ea\/cm2<\/p>\n<\/td>\n<td>\n<p>\u22643000 ea\/cm2<\/p>\n<\/td>\n<td>\n<p>N \/ A<\/p>\n<\/td>\n<\/tr>\n<tr>\n<td>\n<p>TSD<\/p>\n<\/td>\n<td>\n<p>\u2264500 ea\/cm2<\/p>\n<\/td>\n<td>\n<p>\u22641000 ea\/cm2<\/p>\n<\/td>\n<td>\n<p>N \/ A<\/p>\n<\/td>\n<\/tr>\n<tr>\n<td colspan=\"4\">\n<p style=\"text-align: center;\">Calidad frontal<\/p>\n<\/td>\n<\/tr>\n<tr>\n<td>\n<p>Frente<\/p>\n<\/td>\n<td colspan=\"3\">\n<p>Si<\/p>\n<\/td>\n<\/tr>\n<tr>\n<td>\n<p>Acabado superficial<\/p>\n<\/td>\n<td colspan=\"3\">\n<p>SI-FACE CMP<\/p>\n<\/td>\n<\/tr>\n<tr>\n<td>\n<p>Part\u00edculas<\/p>\n<\/td>\n<td>\n<p>\u226460ea\/oblea (tama\u00f1o \u22650.3 \u03bcm)<\/p>\n<\/td>\n<td colspan=\"2\">\n<p>N \/ A<\/p>\n<\/td>\n<\/tr>\n<tr>\n<td>\n<p>Ara\u00f1azos<\/p>\n<\/td>\n<td>\n<p>\u22645ea\/mm. Longitud acumulativa \u2264diameter<\/p>\n<\/td>\n<td>\n<p>Longitud acumulativa \u22642*di\u00e1metro<\/p>\n<\/td>\n<td>\n<p>N \/ A<\/p>\n<\/td>\n<\/tr>\n<tr>\n<td>\n<p>Peel de naranja\/pits\/manchas\/estr\u00edas\/grietas\/contaminaci\u00f3n<\/p>\n<\/td>\n<td colspan=\"2\">\n<p>Ninguno<\/p>\n<\/td>\n<td>\n<p>N \/ A<\/p>\n<\/td>\n<\/tr>\n<tr>\n<td>\n<p>Chips de borde\/sangr\u00eda\/placas hexagonales<\/p>\n<\/td>\n<td colspan=\"3\">\n<p>Ninguno<\/p>\n<\/td>\n<\/tr>\n<tr>\n<td>\n<p>\u00c1reas de politype<\/p>\n<\/td>\n<td>\n<p>Ninguno<\/p>\n<\/td>\n<td>\n<p>\u00c1rea acumulada \u226420%<\/p>\n<\/td>\n<td>\n<p>\u00c1rea acumulada \u226430%<\/p>\n<\/td>\n<\/tr>\n<tr>\n<td>\n<p>Marcado l\u00e1ser delantero<\/p>\n<\/td>\n<td colspan=\"3\">\n<p>Ninguno<\/p>\n<\/td>\n<\/tr>\n<tr>\n<td colspan=\"4\">\n<p style=\"text-align: center;\">Calidad espalda<\/p>\n<\/td>\n<\/tr>\n<tr>\n<td>\n<p>Final<\/p>\n<\/td>\n<td colspan=\"3\">\n<p>CMP C-FACE<\/p>\n<\/td>\n<\/tr>\n<tr>\n<td>\n<p>Ara\u00f1azos<\/p>\n<\/td>\n<td>\n<p>\u22645EA\/mm, longitud acumulativa \u22642*di\u00e1metro<\/p>\n<\/td>\n<td colspan=\"2\">\n<p>N \/ A<\/p>\n<\/td>\n<\/tr>\n<tr>\n<td>\n<p>Defectos posteriores (chips\/muescas de borde)<\/p>\n<\/td>\n<td colspan=\"3\">\n<p>Ninguno<\/p>\n<\/td>\n<\/tr>\n<tr>\n<td>\n<p>Rugosidad<\/p>\n<\/td>\n<td colspan=\"3\">\n<p>RA\u22640.2Nm (5 \u03bcm*5 \u03bcm)<\/p>\n<\/td>\n<\/tr>\n<tr>\n<td>\n<p>Marcado l\u00e1ser de espalda<\/p>\n<\/td>\n<td colspan=\"3\">\n<p>1 mm (desde el borde superior)<\/p>\n<\/td>\n<\/tr>\n<tr>\n<td colspan=\"4\">\n<p style=\"text-align: center;\">Borde<\/p>\n<\/td>\n<\/tr>\n<tr>\n<td>\n<p>Borde<\/p>\n<\/td>\n<td colspan=\"3\">\n<p>Chafl\u00e1n<\/p>\n<\/td>\n<\/tr>\n<tr>\n<td colspan=\"4\">\n<p style=\"text-align: center;\">Embalaje<\/p>\n<\/td>\n<\/tr>\n<tr>\n<td>\n<p>Embalaje<\/p>\n<\/td>\n<td colspan=\"3\">\n<p>Lista de EPI con embalaje de vac\u00edo<\/p>\n<p>Embalaje de cassette de m\u00faltiples obras<\/p>\n<\/td>\n<\/tr>\n<tr>\n<td colspan=\"4\">\n<p style=\"text-align: center;\">*Notas: \"NA\" significa que ning\u00fan elemento de solicitud no mencionado puede referirse a SEMI-STD.<\/p>\n<\/td>\n<\/tr>\n<\/tbody>\n<\/table><\/div>\n<\/p><\/div>\n<\/p><\/div>\n<\/p><\/div>\n<\/p><\/div>\n<\/p><\/div>\n<div class=\"fl-col-group fl-node-66c2f1eec9b94\" data-node=\"66c2f1eec9b94\">\n<div class=\"fl-col fl-node-66c2f1eec9bd5\" data-node=\"66c2f1eec9bd5\" style=\"width: 100%;\">\n<div class=\"fl-col-content fl-node-content\">\n<div class=\"fl-module fl-module-photo fl-node-66c2f1eec9c16\" data-animation-delay=\"0.0\" data-node=\"66c2f1eec9c16\">\n<div class=\"fl-module-content fl-node-content\">\n<div class=\"fl-photo fl-photo-align-center\" itemscope=\"\" itemtype=\"http:\/\/schema.org\/ImageObject\">\n<div class=\"fl-photo-content fl-photo-img-png\"> <img decoding=\"async\" alt=\"tech_1_2_size\" class=\"fl-photo-img wp-image-2173\" itemprop=\"image\" src=\"\/wp-content\/uploads\/2025\/09\/e3ee0b4147c636ee.webp\"> <\/img><\/div>\n<\/p><\/div>\n<\/p><\/div>\n<\/p><\/div>\n<\/p><\/div>\n<\/p><\/div>\n<\/p><\/div>\n<div class=\"fl-col-group fl-node-66c2f1eec9ad1\" data-node=\"66c2f1eec9ad1\">\n<div class=\"fl-col fl-node-66c2f1eec9b12\" data-node=\"66c2f1eec9b12\" style=\"width: 100%;\">\n<div class=\"fl-col-content fl-node-content\">\n<div class=\"fl-module fl-module-photo fl-node-66c2f1eec9b53\" data-animation-delay=\"0.0\" data-node=\"66c2f1eec9b53\">\n<div class=\"fl-module-content fl-node-content\">\n<div class=\"fl-photo fl-photo-align-center\" itemscope=\"\" itemtype=\"http:\/\/schema.org\/ImageObject\">\n<div class=\"fl-photo-content fl-photo-img-jpg\"> <img decoding=\"async\" alt=\"Obleas de sic\" class=\"fl-photo-img wp-image-2174\" itemprop=\"image\" src=\"\/wp-content\/uploads\/2025\/09\/4530d9462eb0bb0b.webp\"> <\/img><\/div>\n<\/p><\/div>\n<\/p><\/div>\n<\/p><\/div>\n<\/p><\/div>\n<\/p><\/div>\n<\/p><\/div>\n<\/p><\/div>\n<\/p><\/div>\n<\/p><\/div>\n<\/div>","protected":false},"excerpt":{"rendered":"<p>Sustratos de \u00f3xido de galio de 4 \u2033: desbloquee nuevos niveles de eficiencia y rendimiento en la electr\u00f3nica de potencia y dispositivos UV con sustratos de \u00f3xido de galio de 4 \u2033 de alta calidad de Semicera, dise\u00f1ados para aplicaciones de semiconductores de vanguardia.<\/p>","protected":false},"featured_media":725,"comment_status":"closed","ping_status":"open","template":"","meta":[],"product_brand":[],"product_cat":[54,26],"product_tag":[],"class_list":{"0":"post-1401","1":"product","2":"type-product","3":"status-publish","4":"has-post-thumbnail","6":"product_cat-gallium-oxide-ga203","7":"product_cat-wafer","9":"first","10":"instock","11":"product-type-simple"},"_links":{"self":[{"href":"https:\/\/www.cn-semiconductorparts.com\/es\/wp-json\/wp\/v2\/product\/1401","targetHints":{"allow":["GET"]}}],"collection":[{"href":"https:\/\/www.cn-semiconductorparts.com\/es\/wp-json\/wp\/v2\/product"}],"about":[{"href":"https:\/\/www.cn-semiconductorparts.com\/es\/wp-json\/wp\/v2\/types\/product"}],"replies":[{"embeddable":true,"href":"https:\/\/www.cn-semiconductorparts.com\/es\/wp-json\/wp\/v2\/comments?post=1401"}],"wp:featuredmedia":[{"embeddable":true,"href":"https:\/\/www.cn-semiconductorparts.com\/es\/wp-json\/wp\/v2\/media\/725"}],"wp:attachment":[{"href":"https:\/\/www.cn-semiconductorparts.com\/es\/wp-json\/wp\/v2\/media?parent=1401"}],"wp:term":[{"taxonomy":"product_brand","embeddable":true,"href":"https:\/\/www.cn-semiconductorparts.com\/es\/wp-json\/wp\/v2\/product_brand?post=1401"},{"taxonomy":"product_cat","embeddable":true,"href":"https:\/\/www.cn-semiconductorparts.com\/es\/wp-json\/wp\/v2\/product_cat?post=1401"},{"taxonomy":"product_tag","embeddable":true,"href":"https:\/\/www.cn-semiconductorparts.com\/es\/wp-json\/wp\/v2\/product_tag?post=1401"}],"curies":[{"name":"WP","href":"https:\/\/api.w.org\/{rel}","templated":true}]}}