{"id":1435,"date":"2025-09-11T05:29:06","date_gmt":"2025-09-11T05:29:06","guid":{"rendered":"https:\/\/weitai2.globaldeepsea.site\/product\/silicon-carbide-coated-graphite-wafer-carriers\/"},"modified":"2026-04-29T15:33:29","modified_gmt":"2026-04-29T07:33:29","slug":"silicon-carbide-coated-graphite-wafer-carriers","status":"publish","type":"product","link":"https:\/\/www.cn-semiconductorparts.com\/es\/product\/silicon-carbide-coated-graphite-wafer-carriers\/","title":{"rendered":"Portadores de obleas de grafito con carburo de silicio"},"content":{"rendered":"<div class=\"fl-builder-content fl-builder-content-9746 fl-builder-content-primary fl-builder-global-templates-locked\" data-post-id=\"9746\">\n<div class=\"fl-row fl-row-full-width fl-row-bg-none fl-node-66a7580c8216a\" data-node=\"66a7580c8216a\">\n<div class=\"fl-row-content-wrap\">\n<div class=\"fl-row-content fl-row-full-width fl-node-content\">\n<div class=\"fl-col-group fl-node-66a7580c821af\" data-node=\"66a7580c821af\">\n<div class=\"fl-col fl-node-66a7580c821f1\" data-node=\"66a7580c821f1\" style=\"width: 100%;\">\n<div class=\"fl-col-content fl-node-content\">\n<div class=\"fl-module fl-module-heading fl-node-66a7580c82232 pro_tit\" data-animation-delay=\"0.0\" data-node=\"66a7580c82232\">\n<div class=\"fl-module-content fl-node-content\">\n<h3 class=\"fl-heading\"> <span class=\"fl-heading-text\">Descripci\u00f3n<\/span> <\/h3>\n<\/p><\/div>\n<\/p><\/div>\n<\/p><\/div>\n<\/p><\/div>\n<\/p><\/div>\n<div class=\"fl-col-group fl-node-66a7580c82273\" data-node=\"66a7580c82273\">\n<div class=\"fl-col fl-node-66a7580c822b4\" data-node=\"66a7580c822b4\" style=\"width: 100%;\">\n<div class=\"fl-col-content fl-node-content\">\n<div class=\"fl-module fl-module-rich-text fl-node-66a7580c822f5\" data-animation-delay=\"0.0\" data-node=\"66a7580c822f5\">\n<div class=\"fl-module-content fl-node-content\">\n<div class=\"fl-rich-text\">\n<p>Los portadores de obleas semicorex con recubrimiento SIC proporcionan una estabilidad y conductividad t\u00e9rmica excepcionales, asegurando una distribuci\u00f3n de calor uniforme durante los procesos de ECV, crucial para la pel\u00edcula delgada de alta calidad y las caracter\u00edsticas de recubrimiento.<\/p>\n<\/p><\/div>\n<\/p><\/div>\n<\/p><\/div>\n<div class=\"fl-module fl-module-heading fl-node-66a759835e976 pro_tit\" data-animation-delay=\"0.0\" data-node=\"66a759835e976\">\n<div class=\"fl-module-content fl-node-content\">\n<h3 class=\"fl-heading\"> <span class=\"fl-heading-text\">Caracter\u00edsticas clave:<\/span> <\/h3>\n<\/p><\/div>\n<\/p><\/div>\n<div class=\"fl-module fl-module-rich-text fl-node-66a7590bc4695\" data-animation-delay=\"0.0\" data-node=\"66a7590bc4695\">\n<div class=\"fl-module-content fl-node-content\">\n<div class=\"fl-rich-text\">\n<p><strong>1. Excelente estabilidad t\u00e9rmica y conductividad<\/strong> Nuestros portadores de obleas recubiertas de SIC se destacan en el mantenimiento de temperaturas estables y consistentes, cruciales para los procesos de ECV. Esto garantiza una distribuci\u00f3n de calor uniforme, lo que lleva a una pel\u00edcula delgada superior y una calidad de recubrimiento.<\/p>\n<p><strong>2. Fabricaci\u00f3n de precisi\u00f3n<\/strong> Cada portador de obleas se fabrica con est\u00e1ndares exigentes, asegurando un grosor uniforme y suavidad de la superficie. Esta precisi\u00f3n es vital para lograr tasas de deposici\u00f3n consistentes y propiedades de la pel\u00edcula en m\u00faltiples obleas, mejorando la calidad general de la fabricaci\u00f3n.<\/p>\n<p><strong>3. Barrera de impureza<\/strong> El recubrimiento SIC act\u00faa como una barrera impermeable, evitando la difusi\u00f3n de impurezas del susceptor en la oblea. Esto minimiza los riesgos de contaminaci\u00f3n, lo cual es fundamental para producir dispositivos semiconductores de alta pureza.<\/p>\n<p><strong>4. Durabilidad y costumbre<\/strong> La construcci\u00f3n robusta y el recubrimiento SIC mejoran la durabilidad de los portadores de la oblea, reduciendo la frecuencia de los reemplazos de susceptores. Esto conduce a menores costos de mantenimiento y un tiempo de inactividad minimizado, aumentando la eficiencia de las operaciones de fabricaci\u00f3n de semiconductores.<\/p>\n<p><strong>5. Opciones de personalizaci\u00f3n<\/strong> Los portadores de obleas semicorex con recubrimiento SIC se pueden personalizar para cumplir con los requisitos de proceso espec\u00edficos, incluidas las variaciones en tama\u00f1o, forma y espesor de recubrimiento. Esta flexibilidad permite la optimizaci\u00f3n del susceptor para que coincida con las demandas \u00fanicas de diferentes procesos de fabricaci\u00f3n de semiconductores. Las opciones de personalizaci\u00f3n permiten el desarrollo de dise\u00f1os de susceptores adaptados a aplicaciones especializadas, como fabricaci\u00f3n o investigaci\u00f3n y desarrollo de alto volumen, lo que garantiza un rendimiento \u00f3ptimo para casos de uso espec\u00edficos.<\/p>\n<\/p><\/div>\n<\/p><\/div>\n<\/p><\/div>\n<\/p><\/div>\n<\/p><\/div>\n<\/p><\/div>\n<\/p><\/div>\n<\/p><\/div>\n<\/p><\/div>\n<div class=\"fl-row fl-row-full-width fl-row-bg-none fl-node-66a7580c8247b\" data-node=\"66a7580c8247b\">\n<div class=\"fl-row-content-wrap\">\n<div class=\"fl-row-content fl-row-full-width fl-node-content\">\n<div class=\"fl-col-group fl-node-66a7580c824bd\" data-node=\"66a7580c824bd\">\n<div class=\"fl-col fl-node-66a7580c824ff\" data-node=\"66a7580c824ff\" style=\"width: 100%;\">\n<div class=\"fl-col-content fl-node-content\">\n<div class=\"fl-module fl-module-heading fl-node-66a7580c82540 pro_tit\" data-animation-delay=\"0.0\" data-node=\"66a7580c82540\">\n<div class=\"fl-module-content fl-node-content\">\n<h3 class=\"fl-heading\"> <span class=\"fl-heading-text\">Aplicaciones:<\/span> <\/h3>\n<\/p><\/div>\n<\/p><\/div>\n<\/p><\/div>\n<\/p><\/div>\n<\/p><\/div>\n<div class=\"fl-col-group fl-node-66a7580c82581\" data-node=\"66a7580c82581\">\n<div class=\"fl-col fl-node-66a7580c825c2\" data-node=\"66a7580c825c2\" style=\"width: 100%;\">\n<div class=\"fl-col-content fl-node-content\">\n<div class=\"fl-module fl-module-rich-text fl-node-66a7580c82603\" data-animation-delay=\"0.0\" data-node=\"66a7580c82603\">\n<div class=\"fl-module-content fl-node-content\">\n<div class=\"fl-rich-text\">\n<p>Los transportistas de obleas de semicera con recubrimiento SIC son ideales para:<\/p>\n<p>\u2022\u00a0Crecimiento epitaxial de materiales semiconductores<\/p>\n<p>\u2022\u00a0Procesos de deposici\u00f3n de vapor qu\u00edmico (CVD)<\/p>\n<p>\u2022\u00a0Producci\u00f3n de obleas de semiconductores de alta calidad<\/p>\n<p>\u2022\u00a0Aplicaciones avanzadas de fabricaci\u00f3n de semiconductores<\/p>\n<\/p><\/div>\n<\/p><\/div>\n<\/p><\/div>\n<\/p><\/div>\n<\/p><\/div>\n<\/p><\/div>\n<\/p><\/div>\n<\/p><\/div>\n<\/p><\/div>\n<div class=\"fl-row fl-row-full-width fl-row-bg-none fl-node-66a7580c82644\" data-node=\"66a7580c82644\">\n<div class=\"fl-row-content-wrap\">\n<div class=\"fl-row-content fl-row-full-width fl-node-content\">\n<div class=\"fl-col-group fl-node-66a7580c82684\" data-node=\"66a7580c82684\">\n<div class=\"fl-col fl-node-66a7580c826c6\" data-node=\"66a7580c826c6\" style=\"width: 100%;\">\n<div class=\"fl-col-content fl-node-content\">\n<div class=\"fl-module fl-module-heading fl-node-66a7580c82706 pro_tit\" data-animation-delay=\"0.0\" data-node=\"66a7580c82706\">\n<div class=\"fl-module-content fl-node-content\">\n<h3 class=\"fl-heading\"> <span class=\"fl-heading-text\">Especificaciones t\u00e9cnicas:<\/span> <\/h3>\n<\/p><\/div>\n<\/p><\/div>\n<\/p><\/div>\n<\/p><\/div>\n<\/p><\/div>\n<div class=\"fl-col-group fl-node-66a758d34a177\" data-node=\"66a758d34a177\">\n<div class=\"fl-col fl-node-66a758d34a390\" data-node=\"66a758d34a390\" style=\"width: 100%;\">\n<div class=\"fl-col-content fl-node-content\">\n<div class=\"fl-module fl-module-photo fl-node-66a758d349fe7\" data-animation-delay=\"0.0\" data-node=\"66a758d349fe7\">\n<div class=\"fl-module-content fl-node-content\">\n<div class=\"fl-photo fl-photo-align-center\" itemscope=\"\" itemtype=\"http:\/\/schema.org\/ImageObject\">\n<div class=\"fl-photo-content fl-photo-img-jpg\"> <img decoding=\"async\" alt=\"WeChat Captura de pantalla_20240wert729144258\" class=\"fl-photo-img wp-image-9723\" itemprop=\"image\" src=\"\/wp-content\/uploads\/2025\/09\/f4f3abcce1fbe002.webp\"> <\/img><\/div>\n<\/p><\/div>\n<\/p><\/div>\n<\/p><\/div>\n<\/p><\/div>\n<\/p><\/div>\n<\/p><\/div>\n<\/p><\/div>\n<\/p><\/div>\n<\/p><\/div>\n<div class=\"fl-row fl-row-full-width fl-row-bg-none fl-node-66a75814aac90\" data-node=\"66a75814aac90\">\n<div class=\"fl-row-content-wrap\">\n<div class=\"fl-row-content fl-row-full-width fl-node-content\">\n<div class=\"fl-col-group fl-node-66a75814aacd3\" data-node=\"66a75814aacd3\">\n<div class=\"fl-col fl-node-66a75814aad18\" data-node=\"66a75814aad18\" style=\"width: 100%;\">\n<div class=\"fl-col-content fl-node-content\">\n<div class=\"fl-module fl-module-photo fl-node-66a75814aad58\" data-animation-delay=\"0.0\" data-node=\"66a75814aad58\">\n<div class=\"fl-module-content fl-node-content\">\n<div class=\"fl-photo fl-photo-align-center\" itemscope=\"\" itemtype=\"http:\/\/schema.org\/ImageObject\">\n<div class=\"fl-photo-content fl-photo-img-jpg\"> <img decoding=\"async\" alt=\"Lugar de trabajo de semicera\" class=\"fl-photo-img wp-image-9038\" itemprop=\"image\" src=\"\/wp-content\/uploads\/2025\/09\/b1dd0bcab1675ff4.webp\"> <\/img><\/div>\n<\/p><\/div>\n<\/p><\/div>\n<\/p><\/div>\n<div class=\"fl-module fl-module-photo fl-node-66a75814aae9f\" data-animation-delay=\"0.0\" data-node=\"66a75814aae9f\">\n<div class=\"fl-module-content fl-node-content\">\n<div class=\"fl-photo fl-photo-align-center\" itemscope=\"\" itemtype=\"http:\/\/schema.org\/ImageObject\">\n<div class=\"fl-photo-content fl-photo-img-jpg\"> <img decoding=\"async\" alt=\"Semicera Work Place 2\" class=\"fl-photo-img wp-image-9037\" itemprop=\"image\" src=\"\/wp-content\/uploads\/2025\/09\/2b946d2b4b61306d.webp\"> <\/img><\/div>\n<\/p><\/div>\n<\/p><\/div>\n<\/p><\/div>\n<div class=\"fl-module fl-module-photo fl-node-66a75814aae60\" data-animation-delay=\"0.0\" data-node=\"66a75814aae60\">\n<div class=\"fl-module-content fl-node-content\">\n<div class=\"fl-photo fl-photo-align-center\" itemscope=\"\" itemtype=\"http:\/\/schema.org\/ImageObject\">\n<div class=\"fl-photo-content fl-photo-img-jpg\"> <img decoding=\"async\" alt=\"M\u00e1quina de equipos\" class=\"fl-photo-img wp-image-9034 size-full\" itemprop=\"image\" src=\"\/wp-content\/uploads\/2025\/09\/081b6529d68ead23.webp\"> <\/img><\/div>\n<\/p><\/div>\n<\/p><\/div>\n<\/p><\/div>\n<div class=\"fl-module fl-module-photo fl-node-66a75814aae21\" data-animation-delay=\"0.0\" data-node=\"66a75814aae21\">\n<div class=\"fl-module-content fl-node-content\">\n<div class=\"fl-photo fl-photo-align-center\" itemscope=\"\" itemtype=\"http:\/\/schema.org\/ImageObject\">\n<div class=\"fl-photo-content fl-photo-img-jpg\"> <img decoding=\"async\" alt=\"Procesamiento de CNN, limpieza qu\u00edmica, recubrimiento de CVD\" class=\"fl-photo-img wp-image-9033\" itemprop=\"image\" src=\"\/wp-content\/uploads\/2025\/09\/a4132b2b399abbac.webp\"> <\/img><\/div>\n<\/p><\/div>\n<\/p><\/div>\n<\/p><\/div>\n<div class=\"fl-module fl-module-photo fl-node-66a75814aadd9\" data-animation-delay=\"0.0\" data-node=\"66a75814aadd9\">\n<div class=\"fl-module-content fl-node-content\">\n<div class=\"fl-photo fl-photo-align-center\" itemscope=\"\" itemtype=\"http:\/\/schema.org\/ImageObject\">\n<div class=\"fl-photo-content fl-photo-img-jpg\"> <img decoding=\"async\" alt=\"Casa de Ware de Semicera\" class=\"fl-photo-img wp-image-9036\" itemprop=\"image\" src=\"\/wp-content\/uploads\/2025\/09\/2190bb9ce5c1d546.webp\"> <\/img><\/div>\n<\/p><\/div>\n<\/p><\/div>\n<\/p><\/div>\n<div class=\"fl-module fl-module-photo fl-node-66a75814aad98\" data-animation-delay=\"0.0\" data-node=\"66a75814aad98\">\n<div class=\"fl-module-content fl-node-content\">\n<div class=\"fl-photo fl-photo-align-center\" itemscope=\"\" itemtype=\"http:\/\/schema.org\/ImageObject\">\n<div class=\"fl-photo-content fl-photo-img-jpg\"> <img decoding=\"async\" alt=\"Nuestro servicio\" class=\"fl-photo-img wp-image-9035\" itemprop=\"image\" src=\"\/wp-content\/uploads\/2025\/09\/b07f222c0ec0ab8d.webp\"> <\/img><\/div>\n<\/p><\/div>\n<\/p><\/div>\n<\/p><\/div>\n<\/p><\/div>\n<\/p><\/div>\n<\/p><\/div>\n<\/p><\/div>\n<\/p><\/div>\n<\/p><\/div>\n<\/div>","protected":false},"excerpt":{"rendered":"<p>Los portadores de obleas de grafito recubiertos con carburo de silicio de semiconductores semicera ofrecen resistencia excepcional y estabilidad t\u00e9rmica para el manejo de la oblea. Elija Semicera para portadores de alto rendimiento con tecnolog\u00eda avanzada de recubrimiento SIC, asegurando una mayor durabilidad y eficiencia en aplicaciones de semiconductores.<\/p>","protected":false},"featured_media":645,"comment_status":"closed","ping_status":"open","template":"","meta":[],"product_brand":[],"product_cat":[16,18],"product_tag":[],"class_list":{"0":"post-1435","1":"product","2":"type-product","3":"status-publish","4":"has-post-thumbnail","6":"product_cat-cvd-sic","7":"product_cat-sic-epitaxial-parts","9":"first","10":"instock","11":"product-type-simple"},"_links":{"self":[{"href":"https:\/\/www.cn-semiconductorparts.com\/es\/wp-json\/wp\/v2\/product\/1435","targetHints":{"allow":["GET"]}}],"collection":[{"href":"https:\/\/www.cn-semiconductorparts.com\/es\/wp-json\/wp\/v2\/product"}],"about":[{"href":"https:\/\/www.cn-semiconductorparts.com\/es\/wp-json\/wp\/v2\/types\/product"}],"replies":[{"embeddable":true,"href":"https:\/\/www.cn-semiconductorparts.com\/es\/wp-json\/wp\/v2\/comments?post=1435"}],"wp:featuredmedia":[{"embeddable":true,"href":"https:\/\/www.cn-semiconductorparts.com\/es\/wp-json\/wp\/v2\/media\/645"}],"wp:attachment":[{"href":"https:\/\/www.cn-semiconductorparts.com\/es\/wp-json\/wp\/v2\/media?parent=1435"}],"wp:term":[{"taxonomy":"product_brand","embeddable":true,"href":"https:\/\/www.cn-semiconductorparts.com\/es\/wp-json\/wp\/v2\/product_brand?post=1435"},{"taxonomy":"product_cat","embeddable":true,"href":"https:\/\/www.cn-semiconductorparts.com\/es\/wp-json\/wp\/v2\/product_cat?post=1435"},{"taxonomy":"product_tag","embeddable":true,"href":"https:\/\/www.cn-semiconductorparts.com\/es\/wp-json\/wp\/v2\/product_tag?post=1435"}],"curies":[{"name":"WP","href":"https:\/\/api.w.org\/{rel}","templated":true}]}}