{"id":1455,"date":"2025-09-11T05:29:13","date_gmt":"2025-09-11T05:29:13","guid":{"rendered":"https:\/\/weitai2.globaldeepsea.site\/product\/silicon-carbide-ceramic-mandrel\/"},"modified":"2025-09-11T05:29:14","modified_gmt":"2025-09-11T05:29:14","slug":"silicon-carbide-ceramic-mandrel","status":"publish","type":"product","link":"https:\/\/www.cn-semiconductorparts.com\/es\/product\/silicon-carbide-ceramic-mandrel\/","title":{"rendered":"Mandril de cer\u00e1mica de carburo de silicio"},"content":{"rendered":"<div class=\"fl-builder-content fl-builder-content-9400 fl-builder-content-primary fl-builder-global-templates-locked\" data-post-id=\"9400\">\n<div class=\"fl-row fl-row-full-width fl-row-bg-none fl-node-6687af8fb2466\" data-node=\"6687af8fb2466\">\n<div class=\"fl-row-content-wrap\">\n<div class=\"fl-row-content fl-row-full-width fl-node-content\">\n<div class=\"fl-col-group fl-node-6687b01a5526a\" data-node=\"6687b01a5526a\">\n<div class=\"fl-col fl-node-6687b01a55415\" data-node=\"6687b01a55415\" style=\"width: 100%;\">\n<div class=\"fl-col-content fl-node-content\">\n<div class=\"fl-module fl-module-rich-text fl-node-6687b01a5511b\" data-animation-delay=\"0.0\" data-node=\"6687b01a5511b\">\n<div class=\"fl-module-content fl-node-content\">\n<div class=\"fl-rich-text\">\n<p>El mandril de cer\u00e1mica de carburo de silicio es un elemento en forma de varilla hecho de material cer\u00e1mico de carburo de silicio. El mandril de cer\u00e1mica de carburo de silicio tiene excelentes propiedades f\u00edsicas y qu\u00edmicas y se usa ampliamente en campos industriales bajo ambientes de alta temperatura, alta presi\u00f3n y corrosiva.<\/p>\n<p>El carburo de silicio es un nuevo tipo de cer\u00e1mica con rendimiento de alto costo y excelentes propiedades del material. Debido a caracter\u00edsticas como alta resistencia y dureza, alta resistencia a la temperatura, gran conductividad t\u00e9rmica y resistencia a la corrosi\u00f3n qu\u00edmica, el carburo de silicio puede casi resistir todo el medio qu\u00edmico. Por lo tanto, SIC se usa ampliamente en miner\u00eda de petr\u00f3leo, qu\u00edmicos, maquinaria y espacio a\u00e9reo, incluso la energ\u00eda nuclear y los militares tienen sus demandas especiales sobre SIC. Algunas aplicaciones normales que podemos ofrecer son los anillos de sello para la bomba, la v\u00e1lvula y la armadura protectora, etc.<\/p>\n<\/p><\/div>\n<\/p><\/div>\n<\/p><\/div>\n<\/p><\/div>\n<\/p><\/div>\n<\/p><\/div>\n<div class=\"fl-col-group fl-node-6687b075b4238\" data-node=\"6687b075b4238\">\n<div class=\"fl-col fl-node-6687b07db6e59 fl-col-small\" data-node=\"6687b07db6e59\" style=\"width: 50%;\">\n<div class=\"fl-col-content fl-node-content\">\n<div class=\"fl-module fl-module-photo fl-node-6687b07945ff5\" data-animation-delay=\"0.0\" data-node=\"6687b07945ff5\">\n<div class=\"fl-module-content fl-node-content\">\n<div class=\"fl-photo fl-photo-align-center\" itemscope=\"\" itemtype=\"http:\/\/schema.org\/ImageObject\">\n<div class=\"fl-photo-content fl-photo-img-png\"> <img decoding=\"async\" alt=\"Imagen 15\" class=\"fl-photo-img wp-image-9413\" itemprop=\"image\" src=\"\/wp-content\/uploads\/2025\/09\/d47633ab98c298d1.webp\"> <\/img><\/div>\n<\/p><\/div>\n<\/p><\/div>\n<\/p><\/div>\n<\/p><\/div>\n<\/p><\/div>\n<div class=\"fl-col fl-node-6687b075b4474 fl-col-small\" data-node=\"6687b075b4474\" style=\"width: 50%;\">\n<div class=\"fl-col-content fl-node-content\">\n<div class=\"fl-module fl-module-rich-text fl-node-6687b05daf077\" data-animation-delay=\"0.0\" data-node=\"6687b05daf077\">\n<div class=\"fl-module-content fl-node-content\">\n<div class=\"fl-rich-text\">\n<p>La forma y el tama\u00f1o se pueden personalizar de acuerdo con los requisitos<\/p>\n<p>Muy alta dureza (HV10): 22.2 (GPA)<\/p>\n<p>Muy baja densidad (3.10-3.20 g\/cm\u00b3)<\/p>\n<p>A temperaturas de hasta 1400 \u2103, SIC incluso puede mantener su fuerza<\/p>\n<p>Debido a su estabilidad qu\u00edmica y f\u00edsica, SIC tiene alta dureza y resistencia a la corrosi\u00f3n.<\/p>\n<\/p><\/div>\n<\/p><\/div>\n<\/p><\/div>\n<\/p><\/div>\n<\/p><\/div>\n<\/p><\/div>\n<div class=\"fl-col-group fl-node-6687afa7842b4\" data-node=\"6687afa7842b4\">\n<div class=\"fl-col fl-node-6687b00283e4e fl-col-small\" data-node=\"6687b00283e4e\" style=\"width: 50%;\">\n<div class=\"fl-col-content fl-node-content\">\n<div class=\"fl-module fl-module-photo fl-node-6687afff162d8\" data-animation-delay=\"0.0\" data-node=\"6687afff162d8\">\n<div class=\"fl-module-content fl-node-content\">\n<div class=\"fl-photo fl-photo-align-center\" itemscope=\"\" itemtype=\"http:\/\/schema.org\/ImageObject\">\n<div class=\"fl-photo-content fl-photo-img-png\"> <img decoding=\"async\" alt=\"Imagen 14\" class=\"fl-photo-img wp-image-9410 size-full\" itemprop=\"image\" src=\"\/wp-content\/uploads\/2025\/09\/32a51cec59e02ff0.webp\"> <\/img><\/div>\n<\/p><\/div>\n<\/p><\/div>\n<\/p><\/div>\n<\/p><\/div>\n<\/p><\/div>\n<div class=\"fl-col fl-node-6687afa78443e fl-col-small\" data-node=\"6687afa78443e\" style=\"width: 50%;\">\n<div class=\"fl-col-content fl-node-content\">\n<div class=\"fl-module fl-module-photo fl-node-6687afce942e8\" data-animation-delay=\"0.0\" data-node=\"6687afce942e8\">\n<div class=\"fl-module-content fl-node-content\">\n<div class=\"fl-photo fl-photo-align-center\" itemscope=\"\" itemtype=\"http:\/\/schema.org\/ImageObject\">\n<div class=\"fl-photo-content fl-photo-img-png\"> <img decoding=\"async\" alt=\"Imagen 13\" class=\"fl-photo-img wp-image-9411\" itemprop=\"image\" src=\"\/wp-content\/uploads\/2025\/09\/1a98696e55893dd0.webp\"> <\/img><\/div>\n<\/p><\/div>\n<\/p><\/div>\n<\/p><\/div>\n<\/p><\/div>\n<\/p><\/div>\n<\/p><\/div>\n<div class=\"fl-col-group fl-node-6687af8fb341d\" data-node=\"6687af8fb341d\">\n<div class=\"fl-col fl-node-6687af8fb35a5\" data-node=\"6687af8fb35a5\" style=\"width: 100%;\">\n<div class=\"fl-col-content fl-node-content\">\n<div class=\"fl-module fl-module-rich-text fl-node-6687af8fb230b\" data-animation-delay=\"0.0\" data-node=\"6687af8fb230b\">\n<div class=\"fl-module-content fl-node-content\">\n<div class=\"fl-rich-text\">\n<p>Caracter\u00edsticas principales:<\/p>\n<p>1. Estabilidad de alta temperatura: el mandril cer\u00e1mico de carburo de silicio puede mantener la estabilidad de su estructura y rendimiento en un entorno de alta temperatura. Puede soportar temperaturas extremadamente altas y tiene una excelente resistencia al calor, que es adecuada para aplicaciones en procesos y equipos de alta temperatura.<\/p>\n<p>2. Resistencia a la corrosi\u00f3n: el mandril de cer\u00e1mica de carburo de silicio tiene una excelente resistencia a la corrosi\u00f3n y puede resistir la erosi\u00f3n de \u00e1cidos, \u00e1lcalis, solventes y algunos medios corrosivos. No reaccionar\u00e1 qu\u00edmicamente ni se corroer\u00e1 en un entorno corrosivo, manteniendo su rendimiento y estabilidad originales.<\/p>\n<p>3. Resistencia al desgaste: el mandril de cer\u00e1mica de carburo de silicio tiene resistencia extremadamente alta en la dureza y el desgaste, y puede mantener una baja tasa de desgaste bajo alta velocidad y alta fricci\u00f3n. Esto hace que tenga una larga vida y confiabilidad en un ambiente de desgaste severo.<\/p>\n<p>4. Excelente rendimiento de aislamiento: el mandril de cer\u00e1mica de carburo de silicio tiene un buen rendimiento de aislamiento y puede proporcionar una protecci\u00f3n de aislamiento confiable bajo altas condiciones de campo el\u00e9ctrico y altas condiciones de campo el\u00e9ctrico. Se usa ampliamente en equipos de alto voltaje y componentes de aislamiento en los campos de potencia, electr\u00f3nica y semiconductores.<\/p>\n<p>5. Ligera y alta resistencia: los mandreles de cer\u00e1mica de carburo de silicio tienen baja densidad y alta resistencia, y tienen excelentes propiedades mec\u00e1nicas. Tienen alta resistencia a la flexi\u00f3n y la tracci\u00f3n y pueden soportar alta presi\u00f3n y estr\u00e9s mec\u00e1nico.<\/p>\n<\/p><\/div>\n<\/p><\/div>\n<\/p><\/div>\n<\/p><\/div>\n<\/p><\/div>\n<\/p><\/div>\n<\/p><\/div>\n<\/p><\/div>\n<\/p><\/div>\n<div class=\"fl-row fl-row-full-width fl-row-bg-none fl-node-6687b0c195538\" data-node=\"6687b0c195538\">\n<div class=\"fl-row-content-wrap\">\n<div class=\"fl-row-content fl-row-full-width fl-node-content\">\n<div class=\"fl-col-group fl-node-6687b0c195579\" data-node=\"6687b0c195579\">\n<div class=\"fl-col fl-node-6687b0c1955b7\" data-node=\"6687b0c1955b7\" style=\"width: 100%;\">\n<div class=\"fl-col-content fl-node-content\">\n<div class=\"fl-module fl-module-photo fl-node-6687b0c1955f5\" data-animation-delay=\"0.0\" data-node=\"6687b0c1955f5\">\n<div class=\"fl-module-content fl-node-content\">\n<div class=\"fl-photo fl-photo-align-center\" itemscope=\"\" itemtype=\"http:\/\/schema.org\/ImageObject\">\n<div class=\"fl-photo-content fl-photo-img-jpg\"> <img decoding=\"async\" alt=\"Lugar de trabajo de semicera\" class=\"fl-photo-img wp-image-9038\" itemprop=\"image\" src=\"\/wp-content\/uploads\/2025\/09\/b1dd0bcab1675ff4.webp\"> <\/img><\/div>\n<\/p><\/div>\n<\/p><\/div>\n<\/p><\/div>\n<div class=\"fl-module fl-module-photo fl-node-6687b0c19572d\" data-animation-delay=\"0.0\" data-node=\"6687b0c19572d\">\n<div class=\"fl-module-content fl-node-content\">\n<div class=\"fl-photo fl-photo-align-center\" itemscope=\"\" itemtype=\"http:\/\/schema.org\/ImageObject\">\n<div class=\"fl-photo-content fl-photo-img-jpg\"> <img decoding=\"async\" alt=\"Semicera Work Place 2\" class=\"fl-photo-img wp-image-9037\" itemprop=\"image\" src=\"\/wp-content\/uploads\/2025\/09\/2b946d2b4b61306d.webp\"> <\/img><\/div>\n<\/p><\/div>\n<\/p><\/div>\n<\/p><\/div>\n<div class=\"fl-module fl-module-photo fl-node-6687b0c1956ef\" data-animation-delay=\"0.0\" data-node=\"6687b0c1956ef\">\n<div class=\"fl-module-content fl-node-content\">\n<div class=\"fl-photo fl-photo-align-center\" itemscope=\"\" itemtype=\"http:\/\/schema.org\/ImageObject\">\n<div class=\"fl-photo-content fl-photo-img-jpg\"> <img decoding=\"async\" alt=\"M\u00e1quina de equipos\" class=\"fl-photo-img wp-image-9034 size-full\" itemprop=\"image\" src=\"\/wp-content\/uploads\/2025\/09\/081b6529d68ead23.webp\"\/> <\/div>\n<\/p><\/div>\n<\/p><\/div>\n<\/p><\/div>\n<div class=\"fl-module fl-module-photo fl-node-6687b0c1956a5\" data-animation-delay=\"0.0\" data-node=\"6687b0c1956a5\">\n<div class=\"fl-module-content fl-node-content\">\n<div class=\"fl-photo fl-photo-align-center\" itemscope=\"\" itemtype=\"http:\/\/schema.org\/ImageObject\">\n<div class=\"fl-photo-content fl-photo-img-jpg\"> <img decoding=\"async\" alt=\"Procesamiento de CNN, limpieza qu\u00edmica, recubrimiento de CVD\" class=\"fl-photo-img wp-image-9033\" itemprop=\"image\" src=\"\/wp-content\/uploads\/2025\/09\/a4132b2b399abbac.webp\"\/> <\/div>\n<\/p><\/div>\n<\/p><\/div>\n<\/p><\/div>\n<div class=\"fl-module fl-module-photo fl-node-6687b0c195667\" data-animation-delay=\"0.0\" data-node=\"6687b0c195667\">\n<div class=\"fl-module-content fl-node-content\">\n<div class=\"fl-photo fl-photo-align-center\" itemscope=\"\" itemtype=\"http:\/\/schema.org\/ImageObject\">\n<div class=\"fl-photo-content fl-photo-img-jpg\"> <img decoding=\"async\" alt=\"Casa de Ware de Semicera\" class=\"fl-photo-img wp-image-9036\" itemprop=\"image\" src=\"\/wp-content\/uploads\/2025\/09\/2190bb9ce5c1d546.webp\"\/> <\/div>\n<\/p><\/div>\n<\/p><\/div>\n<\/p><\/div>\n<div class=\"fl-module fl-module-photo fl-node-6687b0c195633\" data-animation-delay=\"0.0\" data-node=\"6687b0c195633\">\n<div class=\"fl-module-content fl-node-content\">\n<div class=\"fl-photo fl-photo-align-center\" itemscope=\"\" itemtype=\"http:\/\/schema.org\/ImageObject\">\n<div class=\"fl-photo-content fl-photo-img-jpg\"> <img decoding=\"async\" alt=\"Nuestro servicio\" class=\"fl-photo-img wp-image-9035\" itemprop=\"image\" src=\"\/wp-content\/uploads\/2025\/09\/b07f222c0ec0ab8d.webp\"\/> <\/div>\n<\/p><\/div>\n<\/p><\/div>\n<\/p><\/div>\n<\/p><\/div>\n<\/p><\/div>\n<\/p><\/div>\n<\/p><\/div>\n<\/p><\/div>\n<\/p><\/div>\n<\/div>","protected":false},"excerpt":{"rendered":"<p>El mandril de cer\u00e1mica de carburo de silicio es un componente cer\u00e1mico de alto rendimiento con alta estabilidad de temperatura, resistencia a la corrosi\u00f3n y resistencia al desgaste. El mandril de cer\u00e1mica de carburo de silicio juega un papel importante en entornos industriales duros y es adecuado para diversas aplicaciones a alta temperatura, alta presi\u00f3n y medios corrosivos.<\/p>","protected":false},"featured_media":848,"comment_status":"closed","ping_status":"open","template":"","meta":[],"product_brand":[],"product_cat":[25,24],"product_tag":[],"class_list":{"0":"post-1455","1":"product","2":"type-product","3":"status-publish","4":"has-post-thumbnail","6":"product_cat-more-sic-product","7":"product_cat-silicon-carbide-ceramic","9":"first","10":"instock","11":"product-type-simple"},"_links":{"self":[{"href":"https:\/\/www.cn-semiconductorparts.com\/es\/wp-json\/wp\/v2\/product\/1455","targetHints":{"allow":["GET"]}}],"collection":[{"href":"https:\/\/www.cn-semiconductorparts.com\/es\/wp-json\/wp\/v2\/product"}],"about":[{"href":"https:\/\/www.cn-semiconductorparts.com\/es\/wp-json\/wp\/v2\/types\/product"}],"replies":[{"embeddable":true,"href":"https:\/\/www.cn-semiconductorparts.com\/es\/wp-json\/wp\/v2\/comments?post=1455"}],"wp:featuredmedia":[{"embeddable":true,"href":"https:\/\/www.cn-semiconductorparts.com\/es\/wp-json\/wp\/v2\/media\/848"}],"wp:attachment":[{"href":"https:\/\/www.cn-semiconductorparts.com\/es\/wp-json\/wp\/v2\/media?parent=1455"}],"wp:term":[{"taxonomy":"product_brand","embeddable":true,"href":"https:\/\/www.cn-semiconductorparts.com\/es\/wp-json\/wp\/v2\/product_brand?post=1455"},{"taxonomy":"product_cat","embeddable":true,"href":"https:\/\/www.cn-semiconductorparts.com\/es\/wp-json\/wp\/v2\/product_cat?post=1455"},{"taxonomy":"product_tag","embeddable":true,"href":"https:\/\/www.cn-semiconductorparts.com\/es\/wp-json\/wp\/v2\/product_tag?post=1455"}],"curies":[{"name":"WP","href":"https:\/\/api.w.org\/{rel}","templated":true}]}}