{"id":1458,"date":"2025-09-11T05:29:13","date_gmt":"2025-09-11T05:29:13","guid":{"rendered":"https:\/\/weitai2.globaldeepsea.site\/product\/sic-ceramic-rollers\/"},"modified":"2025-09-11T05:29:14","modified_gmt":"2025-09-11T05:29:14","slug":"sic-ceramic-rollers","status":"publish","type":"product","link":"https:\/\/www.cn-semiconductorparts.com\/es\/product\/sic-ceramic-rollers\/","title":{"rendered":"Rodillos de cer\u00e1mica sic"},"content":{"rendered":"<div class=\"fl-builder-content fl-builder-content-9283 fl-builder-content-primary fl-builder-global-templates-locked\" data-post-id=\"9283\">\n<div class=\"fl-row fl-row-full-width fl-row-bg-none fl-node-66851d3a6bdfc\" data-node=\"66851d3a6bdfc\">\n<div class=\"fl-row-content-wrap\">\n<div class=\"fl-row-content fl-row-full-width fl-node-content\">\n<div class=\"fl-col-group fl-node-66851da101419\" data-node=\"66851da101419\">\n<div class=\"fl-col fl-node-66851da1016a7\" data-node=\"66851da1016a7\" style=\"width: 100%;\">\n<div class=\"fl-col-content fl-node-content\">\n<div class=\"fl-module fl-module-rich-text fl-node-66851d3a6c07c\" data-animation-delay=\"0.0\" data-node=\"66851d3a6c07c\">\n<div class=\"fl-module-content fl-node-content\">\n<div class=\"fl-rich-text\">\n<p>Los rodillos de cer\u00e1mica SIC tienen una excelente resistencia al desgaste y pueden soportar alta presi\u00f3n y fricci\u00f3n sin perder la calidad de la superficie. Su dureza est\u00e1 cerca de la de Diamond, lo que le permite reducir efectivamente el desgaste de contacto con materiales met\u00e1licos y extender la vida \u00fatil del rodillo. El coeficiente de baja fricci\u00f3n de los rodillos de cer\u00e1mica SIC tambi\u00e9n reduce la p\u00e9rdida de energ\u00eda y la generaci\u00f3n de calor, mejorando la eficiencia de producci\u00f3n.<\/p>\n<p>Adem\u00e1s, los rodillos cer\u00e1micos SIC tienen una excelente resistencia a la temperatura alta. Puede funcionar de manera estable en entornos de alta temperatura sin ablandarse o deformaci\u00f3n. Esto hace que los rodillos de cer\u00e1mica SIC sean muy adecuados para procesos de procesamiento de alta temperatura, como el rodillo caliente de metal y la fundici\u00f3n continua, lo que garantiza que los rodillos mantengan un excelente rendimiento y estabilidad dimensional a temperaturas extremas.<\/p>\n<p>Los rodillos de cer\u00e1mica SIC tambi\u00e9n tienen una excelente resistencia a la corrosi\u00f3n. Puede resistir la erosi\u00f3n de productos qu\u00edmicos como \u00e1cidos, \u00e1lcalis, solventes y gases corrosivos, manteniendo el acabado superficial y la funcionalidad de los rodillos. Esto hace que los rodillos de cer\u00e1mica SIC funcionen bien en aplicaciones como el procesamiento qu\u00edmico y la electroplataci\u00f3n, extendiendo la vida \u00fatil de los equipos y mejorando la calidad de la producci\u00f3n.<\/p>\n<p>Las caracter\u00edsticas livianas de los rodillos de cer\u00e1mica SIC les dan excelentes caracter\u00edsticas inerciales y capacidades de reducci\u00f3n de vibraciones, reduciendo as\u00ed la vibraci\u00f3n y el ruido, mejorando la estabilidad del equipo y la comodidad operativa. Sus dimensiones precisas y superficie plana aseguran la estabilidad y suavidad del rodillo, proporcionando excelentes resultados para los procesos de metalurgia e impresi\u00f3n.<\/p>\n<\/p><\/div>\n<\/p><\/div>\n<\/p><\/div>\n<\/p><\/div>\n<\/p><\/div>\n<\/p><\/div>\n<div class=\"fl-col-group fl-node-66851d3a6be3f\" data-node=\"66851d3a6be3f\">\n<div class=\"fl-col fl-node-66851d3a6bf7e\" data-node=\"66851d3a6bf7e\" style=\"width: 100%;\">\n<div class=\"fl-col-content fl-node-content\">\n<div class=\"fl-module fl-module-photo fl-node-66851d3a6bfbe\" data-animation-delay=\"0.0\" data-node=\"66851d3a6bfbe\">\n<div class=\"fl-module-content fl-node-content\">\n<div class=\"fl-photo fl-photo-align-center\" itemscope=\"\" itemtype=\"http:\/\/schema.org\/ImageObject\">\n<div class=\"fl-photo-content fl-photo-img-png\"> <img decoding=\"async\" alt=\"Rodillos de cer\u00e1mica SIC - Copia\" class=\"fl-photo-img wp-image-9286\" itemprop=\"image\" src=\"\/wp-content\/uploads\/2025\/09\/7c2ee77c8e71ef98.webp\"> <\/img><\/div>\n<\/p><\/div>\n<\/p><\/div>\n<\/p><\/div>\n<\/p><\/div>\n<\/p><\/div>\n<\/p><\/div>\n<div class=\"fl-col-group fl-node-66851d3a6c0bc\" data-node=\"66851d3a6c0bc\">\n<div class=\"fl-col fl-node-66851d3a6c0fc\" data-node=\"66851d3a6c0fc\" style=\"width: 100%;\">\n<div class=\"fl-col-content fl-node-content\">\n<div class=\"fl-module fl-module-rich-text fl-node-66851d3a6c03d\" data-animation-delay=\"0.0\" data-node=\"66851d3a6c03d\">\n<div class=\"fl-module-content fl-node-content\">\n<div class=\"fl-rich-text\">\n<p data-section=\"0\">Productos de cer\u00e1mica de carburo sinterizado sin presi\u00f3n sin presi\u00f3n, el uso de polvo de carburo de silicio de silicio sinterizado de alta pureza, sinterizado a 2450 \u2103 Alta temperatura, contenido de carburo de silicio de m\u00e1s de 99.1%, densidad del producto \u22653.10g\/cm3, sin impurezas met\u00e1licas como silicio met\u00e1lico.<\/p>\n<p data-section=\"2\">\u25ba Contenido de carburo de silicio - \u226599%;<\/p>\n<p data-section=\"4\">\u25ba Resistencia de alta temperatura: uso normal a 1800 \u2103;<\/p>\n<p data-section=\"6\">\u25ba Alta conductividad t\u00e9rmica: comparable a la conductividad t\u00e9rmica de los materiales de grafito;<\/p>\n<p data-section=\"8\">\u25ba Alta dureza: dureza el segundo solo por diamante, nitruro de boro c\u00fabico;<\/p>\n<p data-section=\"10\">\u25ba Resistencia a la corrosi\u00f3n: el \u00e1cido fuerte y el \u00e1lcali no tienen ninguna corrosi\u00f3n, la resistencia a la corrosi\u00f3n es mejor que el carburo de tungsteno y la al\u00famina;<\/p>\n<p data-section=\"12\">\u25ba Peso ligero - densidad 3.10 g\/cm3, cerca del aluminio;<\/p>\n<p data-section=\"14\">\u25ba Sin deformaci\u00f3n: coeficiente muy peque\u00f1o de expansi\u00f3n t\u00e9rmica;<\/p>\n<p data-section=\"16\">\u25ba Resistencia al choque t\u00e9rmico: el material puede soportar cambios r\u00e1pidos de temperatura, resistencia al choque t\u00e9rmico, resistencia al fr\u00edo y al calor, un rendimiento estable.<\/p>\n<\/p><\/div>\n<\/p><\/div>\n<\/p><\/div>\n<\/p><\/div>\n<\/p><\/div>\n<\/p><\/div>\n<div class=\"fl-col-group fl-node-66851d3a6bebf\" data-node=\"66851d3a6bebf\">\n<div class=\"fl-col fl-node-66851d3a6beff fl-col-has-cols\" data-node=\"66851d3a6beff\" style=\"width: 100%;\">\n<div class=\"fl-col-content fl-node-content\">\n<div class=\"fl-module fl-module-heading fl-node-66851d3a6bf3f\" data-animation-delay=\"0.0\" data-node=\"66851d3a6bf3f\">\n<div class=\"fl-module-content fl-node-content\">\n<h3 class=\"fl-heading\"> <span class=\"fl-heading-text\">Par\u00e1metros t\u00e9cnicos:<\/span> <\/h3>\n<\/p><\/div>\n<\/p><\/div>\n<div class=\"fl-col-group fl-node-66851d3a6c13c fl-col-group-nested\" data-node=\"66851d3a6c13c\">\n<div class=\"fl-col fl-node-66851d3a6bffd\" data-node=\"66851d3a6bffd\" style=\"width: 100%;\">\n<div class=\"fl-col-content fl-node-content\">\n<div class=\"fl-module fl-module-photo fl-node-66851d3a6c23c\" data-animation-delay=\"0.0\" data-node=\"66851d3a6c23c\">\n<div class=\"fl-module-content fl-node-content\">\n<div class=\"fl-photo fl-photo-align-center\" itemscope=\"\" itemtype=\"http:\/\/schema.org\/ImageObject\">\n<div class=\"fl-photo-content fl-photo-img-png\"> <img decoding=\"async\" alt=\"Par\u00e1metros de carburo de silicio\" class=\"fl-photo-img wp-image-3336\" itemprop=\"image\" src=\"\/wp-content\/uploads\/2025\/09\/f34bdb8e2db1ea64.webp\"> <\/img><\/div>\n<\/p><\/div>\n<\/p><\/div>\n<\/p><\/div>\n<\/p><\/div>\n<\/p><\/div>\n<\/p><\/div>\n<\/p><\/div>\n<\/p><\/div>\n<\/p><\/div>\n<\/p><\/div>\n<\/p><\/div>\n<\/p><\/div>\n<div class=\"fl-row fl-row-full-width fl-row-bg-none fl-node-66851dcf05c1d\" data-node=\"66851dcf05c1d\">\n<div class=\"fl-row-content-wrap\">\n<div class=\"fl-row-content fl-row-full-width fl-node-content\">\n<div class=\"fl-col-group fl-node-66851dcf05c63\" data-node=\"66851dcf05c63\">\n<div class=\"fl-col fl-node-66851dcf05ca4\" data-node=\"66851dcf05ca4\" style=\"width: 100%;\">\n<div class=\"fl-col-content fl-node-content\">\n<div class=\"fl-module fl-module-photo fl-node-66851dcf05ce4\" data-animation-delay=\"0.0\" data-node=\"66851dcf05ce4\">\n<div class=\"fl-module-content fl-node-content\">\n<div class=\"fl-photo fl-photo-align-center\" itemscope=\"\" itemtype=\"http:\/\/schema.org\/ImageObject\">\n<div class=\"fl-photo-content fl-photo-img-jpg\"> <img decoding=\"async\" alt=\"Lugar de trabajo de semicera\" class=\"fl-photo-img wp-image-9038\" itemprop=\"image\" src=\"\/wp-content\/uploads\/2025\/09\/b1dd0bcab1675ff4.webp\"> <\/img><\/div>\n<\/p><\/div>\n<\/p><\/div>\n<\/p><\/div>\n<div class=\"fl-module fl-module-photo fl-node-66851dcf05e23\" data-animation-delay=\"0.0\" data-node=\"66851dcf05e23\">\n<div class=\"fl-module-content fl-node-content\">\n<div class=\"fl-photo fl-photo-align-center\" itemscope=\"\" itemtype=\"http:\/\/schema.org\/ImageObject\">\n<div class=\"fl-photo-content fl-photo-img-jpg\"> <img decoding=\"async\" alt=\"Semicera Work Place 2\" class=\"fl-photo-img wp-image-9037\" itemprop=\"image\" src=\"\/wp-content\/uploads\/2025\/09\/2b946d2b4b61306d.webp\"> <\/img><\/div>\n<\/p><\/div>\n<\/p><\/div>\n<\/p><\/div>\n<div class=\"fl-module fl-module-photo fl-node-66851dcf05de4\" data-animation-delay=\"0.0\" data-node=\"66851dcf05de4\">\n<div class=\"fl-module-content fl-node-content\">\n<div class=\"fl-photo fl-photo-align-center\" itemscope=\"\" itemtype=\"http:\/\/schema.org\/ImageObject\">\n<div class=\"fl-photo-content fl-photo-img-jpg\"> <img decoding=\"async\" alt=\"M\u00e1quina de equipos\" class=\"fl-photo-img wp-image-9034 size-full\" itemprop=\"image\" src=\"\/wp-content\/uploads\/2025\/09\/081b6529d68ead23.webp\"> <\/img><\/div>\n<\/p><\/div>\n<\/p><\/div>\n<\/p><\/div>\n<div class=\"fl-module fl-module-photo fl-node-66851dcf05da4\" data-animation-delay=\"0.0\" data-node=\"66851dcf05da4\">\n<div class=\"fl-module-content fl-node-content\">\n<div class=\"fl-photo fl-photo-align-center\" itemscope=\"\" itemtype=\"http:\/\/schema.org\/ImageObject\">\n<div class=\"fl-photo-content fl-photo-img-jpg\"> <img decoding=\"async\" alt=\"Procesamiento de CNN, limpieza qu\u00edmica, recubrimiento de CVD\" class=\"fl-photo-img wp-image-9033\" itemprop=\"image\" src=\"\/wp-content\/uploads\/2025\/09\/a4132b2b399abbac.webp\"> <\/img><\/div>\n<\/p><\/div>\n<\/p><\/div>\n<\/p><\/div>\n<div class=\"fl-module fl-module-photo fl-node-66851dcf05d64\" data-animation-delay=\"0.0\" data-node=\"66851dcf05d64\">\n<div class=\"fl-module-content fl-node-content\">\n<div class=\"fl-photo fl-photo-align-center\" itemscope=\"\" itemtype=\"http:\/\/schema.org\/ImageObject\">\n<div class=\"fl-photo-content fl-photo-img-jpg\"> <img decoding=\"async\" alt=\"Casa de Ware de Semicera\" class=\"fl-photo-img wp-image-9036\" itemprop=\"image\" src=\"\/wp-content\/uploads\/2025\/09\/2190bb9ce5c1d546.webp\"> <\/img><\/div>\n<\/p><\/div>\n<\/p><\/div>\n<\/p><\/div>\n<div class=\"fl-module fl-module-photo fl-node-66851dcf05d24\" data-animation-delay=\"0.0\" data-node=\"66851dcf05d24\">\n<div class=\"fl-module-content fl-node-content\">\n<div class=\"fl-photo fl-photo-align-center\" itemscope=\"\" itemtype=\"http:\/\/schema.org\/ImageObject\">\n<div class=\"fl-photo-content fl-photo-img-jpg\"> <img decoding=\"async\" alt=\"Nuestro servicio\" class=\"fl-photo-img wp-image-9035\" itemprop=\"image\" src=\"\/wp-content\/uploads\/2025\/09\/b07f222c0ec0ab8d.webp\"> <\/img><\/div>\n<\/p><\/div>\n<\/p><\/div>\n<\/p><\/div>\n<\/p><\/div>\n<\/p><\/div>\n<\/p><\/div>\n<\/p><\/div>\n<\/p><\/div>\n<\/p><\/div>\n<\/div>","protected":false},"excerpt":{"rendered":"<p>SIC Ceramic Rollers es un rodillo de alto rendimiento ampliamente utilizado en las industrias de procesamiento e impresi\u00f3n de metales. Los rodillos de cer\u00e1mica SIC han atra\u00eddo mucha atenci\u00f3n por sus excelentes propiedades f\u00edsicas y qu\u00edmicas, y pueden proporcionar una excelente resistencia al desgaste, alta resistencia a la temperatura y resistencia a la corrosi\u00f3n.<\/p>","protected":false},"featured_media":813,"comment_status":"closed","ping_status":"open","template":"","meta":[],"product_brand":[],"product_cat":[58,24],"product_tag":[],"class_list":{"0":"post-1458","1":"product","2":"type-product","3":"status-publish","4":"has-post-thumbnail","6":"product_cat-sic-furnace-tube","7":"product_cat-silicon-carbide-ceramic","9":"first","10":"instock","11":"product-type-simple"},"_links":{"self":[{"href":"https:\/\/www.cn-semiconductorparts.com\/es\/wp-json\/wp\/v2\/product\/1458","targetHints":{"allow":["GET"]}}],"collection":[{"href":"https:\/\/www.cn-semiconductorparts.com\/es\/wp-json\/wp\/v2\/product"}],"about":[{"href":"https:\/\/www.cn-semiconductorparts.com\/es\/wp-json\/wp\/v2\/types\/product"}],"replies":[{"embeddable":true,"href":"https:\/\/www.cn-semiconductorparts.com\/es\/wp-json\/wp\/v2\/comments?post=1458"}],"wp:featuredmedia":[{"embeddable":true,"href":"https:\/\/www.cn-semiconductorparts.com\/es\/wp-json\/wp\/v2\/media\/813"}],"wp:attachment":[{"href":"https:\/\/www.cn-semiconductorparts.com\/es\/wp-json\/wp\/v2\/media?parent=1458"}],"wp:term":[{"taxonomy":"product_brand","embeddable":true,"href":"https:\/\/www.cn-semiconductorparts.com\/es\/wp-json\/wp\/v2\/product_brand?post=1458"},{"taxonomy":"product_cat","embeddable":true,"href":"https:\/\/www.cn-semiconductorparts.com\/es\/wp-json\/wp\/v2\/product_cat?post=1458"},{"taxonomy":"product_tag","embeddable":true,"href":"https:\/\/www.cn-semiconductorparts.com\/es\/wp-json\/wp\/v2\/product_tag?post=1458"}],"curies":[{"name":"WP","href":"https:\/\/api.w.org\/{rel}","templated":true}]}}