{"id":1459,"date":"2025-09-11T05:29:13","date_gmt":"2025-09-11T05:29:13","guid":{"rendered":"https:\/\/weitai2.globaldeepsea.site\/product\/sic-sealing-rings\/"},"modified":"2025-09-11T05:29:15","modified_gmt":"2025-09-11T05:29:15","slug":"sic-sealing-rings","status":"publish","type":"product","link":"https:\/\/www.cn-semiconductorparts.com\/es\/product\/sic-sealing-rings\/","title":{"rendered":"Anillos de sellado de sic"},"content":{"rendered":"<div class=\"fl-builder-content fl-builder-content-9270 fl-builder-content-primary fl-builder-global-templates-locked\" data-post-id=\"9270\">\n<div class=\"fl-row fl-row-full-width fl-row-bg-none fl-node-668515c313a29\" data-node=\"668515c313a29\">\n<div class=\"fl-row-content-wrap\">\n<div class=\"fl-row-content fl-row-full-width fl-node-content\">\n<div class=\"fl-col-group fl-node-668515c313a72\" data-node=\"668515c313a72\">\n<div class=\"fl-col fl-node-668515c313ab7\" data-node=\"668515c313ab7\" style=\"width: 100%;\">\n<div class=\"fl-col-content fl-node-content\">\n<div class=\"fl-module fl-module-rich-text fl-node-66851615a4ff4\" data-animation-delay=\"0.0\" data-node=\"66851615a4ff4\">\n<div class=\"fl-module-content fl-node-content\">\n<div class=\"fl-rich-text\">\n<p>Silicon carbide seals have excellent high temperature resistance and can withstand extreme temperature changes in high temperature environments without losing sealing performance. It has excellent thermal conductivity and thermal stability, can effectively conduct and disperse heat, thereby reducing thermal stress caused by temperature changes and ensuring the reliability and long life of the seal.<\/p>\n<p>In addition, silicon carbide seals also have excellent corrosion resistance. It can resist corrosion and erosion from various chemicals, including acids, alkalis and solvents. This makes silicon carbide seals very suitable for applications that require high chemical stability, such as chemical, petroleum and food processing industries.<\/p>\n<p>The high hardness and excellent wear resistance of silicon carbide seals are also one of its important features. It can withstand high-speed rotation, friction and wear, maintain sealing effect and extend service life. This makes silicon carbide seals an indispensable key component in many rotating equipment and mechanical systems.<\/p>\n<p>Choosing silicon carbide seals, you will get a high-quality, high-performance sealing solution to ensure the reliable operation of your industrial equipment and systems, and improve production efficiency and safety.<\/p>\n<\/p><\/div>\n<\/p><\/div>\n<\/p><\/div>\n<\/p><\/div>\n<\/p><\/div>\n<\/p><\/div>\n<div class=\"fl-col-group fl-node-668515c313d11\" data-node=\"668515c313d11\">\n<div class=\"fl-col fl-node-668515c313d55\" data-node=\"668515c313d55\" style=\"width: 100%;\">\n<div class=\"fl-col-content fl-node-content\">\n<div class=\"fl-module fl-module-photo fl-node-6685164401241\" data-animation-delay=\"0.0\" data-node=\"6685164401241\">\n<div class=\"fl-module-content fl-node-content\">\n<div class=\"fl-photo fl-photo-align-center\" itemscope=\"\" itemtype=\"http:\/\/schema.org\/ImageObject\">\n<div class=\"fl-photo-content fl-photo-img-jpg\"> <img decoding=\"async\" alt=\"SiC sealing rings_proc\" class=\"fl-photo-img wp-image-9274\" itemprop=\"image\" src=\"\/wp-content\/uploads\/2025\/09\/9620beb1729a1298.webp\"> <\/img><\/div>\n<\/p><\/div>\n<\/p><\/div>\n<\/p><\/div>\n<\/p><\/div>\n<\/p><\/div>\n<\/p><\/div>\n<div class=\"fl-col-group fl-node-668515c313b3e\" data-node=\"668515c313b3e\">\n<div class=\"fl-col fl-node-668515c313b83\" data-node=\"668515c313b83\" style=\"width: 100%;\">\n<div class=\"fl-col-content fl-node-content\">\n<div class=\"fl-module fl-module-rich-text fl-node-668515c313bc4\" data-animation-delay=\"0.0\" data-node=\"668515c313bc4\">\n<div class=\"fl-module-content fl-node-content\">\n<div class=\"fl-rich-text\">\n<p><span style=\"font-family: Calibri;\">Aplicaciones:<\/span><\/p>\n<p><span style=\"font-family: Calibri;\">-Campo resistente al desgaste: buje, placa, boquilla de arena, revestimiento de ciclones, barril de molienda, etc.\u2026<\/span><\/p>\n<p><span style=\"font-family: Calibri;\">-Campo de alta temperatura: losa SIC, tubo de horno de enfriamiento, tubo radiante, crisol, elemento de calentamiento, rodillo, haz, intercambiador de calor, tuber\u00eda de aire fr\u00edo, boquilla de quemador, tubo de protecci\u00f3n de termopar, bote SIC, estructura de autom\u00f3vil del horno, setter, etc.<\/span><\/p>\n<p><span style=\"font-family: Calibri;\">-Campo militar a prueba de balas<\/span><\/p>\n<p><span style=\"font-family: Calibri;\">-Semiconductor de carburo de silicio: bote de obleas SIC, chuck sic, paleta SiC, cassette de SiC, tubo de difusi\u00f3n SIC, horquilla de oblea, placa de succi\u00f3n, v\u00eda gu\u00eda, etc.<\/span><\/p>\n<p><span style=\"font-family: Calibri;\">-Campo de sello de carburo de silicio: todo tipo de anillo de sellado, rodamiento, buje, etc.<\/span><\/p>\n<p><span style=\"font-family: Calibri;\">-Campo fotovoltaico: paleta en voladizo, barril de molienda, rodillo de carburo de silicio, etc.<\/span><\/p>\n<p><span style=\"font-family: Calibri;\">-Campo de bater\u00eda de litio<\/span><\/p>\n<\/p><\/div>\n<\/p><\/div>\n<\/p><\/div>\n<\/p><\/div>\n<\/p><\/div>\n<\/p><\/div>\n<div class=\"fl-col-group fl-node-668515c313dd8\" data-node=\"668515c313dd8\">\n<div class=\"fl-col fl-node-668515c313e19\" data-node=\"668515c313e19\" style=\"width: 100%;\">\n<div class=\"fl-col-content fl-node-content\">\n<div class=\"fl-module fl-module-gallery fl-node-668515c313e5b\" data-animation-delay=\"0.0\" data-node=\"668515c313e5b\">\n<div class=\"fl-module-content fl-node-content\">\n<div class=\"fl-mosaicflow\">\n<div class=\"fl-mosaicflow-content\">\n<div class=\"fl-mosaicflow-item\">\n<div class=\"fl-photo fl-photo-align-center\" itemscope=\"\" itemtype=\"http:\/\/schema.org\/ImageObject\">\n<div class=\"fl-photo-content fl-photo-img-jpg\"> <a href=\"\/es\/uploads\/Silicon-carbide-sealing11.webp\/\" itemprop=\"url\" target=\"_self\"> <img decoding=\"async\" alt=\"Silicon carbide sealing1\" class=\"fl-photo-img wp-image-2483\" itemprop=\"image\" src=\"\/wp-content\/uploads\/2025\/09\/a59fd2ce35021335.webp\"> <\/img><\/a> <\/div>\n<\/p><\/div>\n<\/p><\/div>\n<div class=\"fl-mosaicflow-item\">\n<div class=\"fl-photo fl-photo-align-center\" itemscope=\"\" itemtype=\"http:\/\/schema.org\/ImageObject\">\n<div class=\"fl-photo-content fl-photo-img-jpg\"> <a href=\"\/es\/uploads\/Silicon-carbide-sealing42.webp\/\" itemprop=\"url\" target=\"_self\"> <img decoding=\"async\" alt=\"Silicon carbide sealing4\" class=\"fl-photo-img wp-image-2484\" itemprop=\"image\" src=\"\/wp-content\/uploads\/2025\/09\/8f0a5c179e6f1109.webp\"> <\/img><\/a> <\/div>\n<\/p><\/div>\n<\/p><\/div>\n<div class=\"fl-mosaicflow-item\">\n<div class=\"fl-photo fl-photo-align-center\" itemscope=\"\" itemtype=\"http:\/\/schema.org\/ImageObject\">\n<div class=\"fl-photo-content fl-photo-img-jpg\"> <a href=\"\/es\/uploads\/Silicon-carbide-sealing5.webp\/\" itemprop=\"url\" target=\"_self\"> <img decoding=\"async\" alt=\"Silicon carbide sealing5\" class=\"fl-photo-img wp-image-2485\" itemprop=\"image\" src=\"\/wp-content\/uploads\/2025\/09\/5c415e62155fc68f.webp\"> <\/img><\/a> <\/div>\n<\/p><\/div>\n<\/p><\/div>\n<\/p><\/div>\n<div class=\"fl-clear\"><\/div>\n<\/p><\/div>\n<\/p><\/div>\n<\/p><\/div>\n<\/p><\/div>\n<\/p><\/div>\n<\/p><\/div>\n<div class=\"fl-col-group fl-node-668515c313c07\" data-node=\"668515c313c07\">\n<div class=\"fl-col fl-node-668515c313c4b\" data-node=\"668515c313c4b\" style=\"width: 100%;\">\n<div class=\"fl-col-content fl-node-content\">\n<div class=\"fl-module fl-module-heading fl-node-668515c313cce\" data-animation-delay=\"0.0\" data-node=\"668515c313cce\">\n<div class=\"fl-module-content fl-node-content\">\n<h3 class=\"fl-heading\"> <span class=\"fl-heading-text\">Par\u00e1metros t\u00e9cnicos<\/span> <\/h3>\n<\/p><\/div>\n<\/p><\/div>\n<div class=\"fl-module fl-module-photo fl-node-668515c313c8d\" data-animation-delay=\"0.0\" data-node=\"668515c313c8d\">\n<div class=\"fl-module-content fl-node-content\">\n<div class=\"fl-photo fl-photo-align-center\" itemscope=\"\" itemtype=\"http:\/\/schema.org\/ImageObject\">\n<div class=\"fl-photo-content fl-photo-img-png\"> <img decoding=\"async\" alt=\"Imagen 1\" class=\"fl-photo-img wp-image-2429\" itemprop=\"image\" src=\"\/wp-content\/uploads\/2025\/09\/d989e2953820a92d.webp\"> <\/img><\/div>\n<\/p><\/div>\n<\/p><\/div>\n<\/p><\/div>\n<\/p><\/div>\n<\/p><\/div>\n<\/p><\/div>\n<\/p><\/div>\n<\/p><\/div>\n<\/p><\/div>\n<div class=\"fl-row fl-row-full-width fl-row-bg-none fl-node-668515d2be103\" data-node=\"668515d2be103\">\n<div class=\"fl-row-content-wrap\">\n<div class=\"fl-row-content fl-row-full-width fl-node-content\">\n<div class=\"fl-col-group fl-node-668515d2be147\" data-node=\"668515d2be147\">\n<div class=\"fl-col fl-node-668515d2be187\" data-node=\"668515d2be187\" style=\"width: 100%;\">\n<div class=\"fl-col-content fl-node-content\">\n<div class=\"fl-module fl-module-photo fl-node-668515d2be1cb\" data-animation-delay=\"0.0\" data-node=\"668515d2be1cb\">\n<div class=\"fl-module-content fl-node-content\">\n<div class=\"fl-photo fl-photo-align-center\" itemscope=\"\" itemtype=\"http:\/\/schema.org\/ImageObject\">\n<div class=\"fl-photo-content fl-photo-img-jpg\"> <img decoding=\"async\" alt=\"Lugar de trabajo de semicera\" class=\"fl-photo-img wp-image-9038\" itemprop=\"image\" src=\"\/wp-content\/uploads\/2025\/09\/b1dd0bcab1675ff4.webp\"> <\/img><\/div>\n<\/p><\/div>\n<\/p><\/div>\n<\/p><\/div>\n<div class=\"fl-module fl-module-photo fl-node-668515d2be30b\" data-animation-delay=\"0.0\" data-node=\"668515d2be30b\">\n<div class=\"fl-module-content fl-node-content\">\n<div class=\"fl-photo fl-photo-align-center\" itemscope=\"\" itemtype=\"http:\/\/schema.org\/ImageObject\">\n<div class=\"fl-photo-content fl-photo-img-jpg\"> <img decoding=\"async\" alt=\"Semicera Work Place 2\" class=\"fl-photo-img wp-image-9037\" itemprop=\"image\" src=\"\/wp-content\/uploads\/2025\/09\/2b946d2b4b61306d.webp\"> <\/img><\/div>\n<\/p><\/div>\n<\/p><\/div>\n<\/p><\/div>\n<div class=\"fl-module fl-module-photo fl-node-668515d2be2cc\" data-animation-delay=\"0.0\" data-node=\"668515d2be2cc\">\n<div class=\"fl-module-content fl-node-content\">\n<div class=\"fl-photo fl-photo-align-center\" itemscope=\"\" itemtype=\"http:\/\/schema.org\/ImageObject\">\n<div class=\"fl-photo-content fl-photo-img-jpg\"> <img decoding=\"async\" alt=\"M\u00e1quina de equipos\" class=\"fl-photo-img wp-image-9034 size-full\" itemprop=\"image\" src=\"\/wp-content\/uploads\/2025\/09\/081b6529d68ead23.webp\"> <\/img><\/div>\n<\/p><\/div>\n<\/p><\/div>\n<\/p><\/div>\n<div class=\"fl-module fl-module-photo fl-node-668515d2be28c\" data-animation-delay=\"0.0\" data-node=\"668515d2be28c\">\n<div class=\"fl-module-content fl-node-content\">\n<div class=\"fl-photo fl-photo-align-center\" itemscope=\"\" itemtype=\"http:\/\/schema.org\/ImageObject\">\n<div class=\"fl-photo-content fl-photo-img-jpg\"> <img decoding=\"async\" alt=\"Procesamiento de CNN, limpieza qu\u00edmica, recubrimiento de CVD\" class=\"fl-photo-img wp-image-9033\" itemprop=\"image\" src=\"\/wp-content\/uploads\/2025\/09\/a4132b2b399abbac.webp\"\/> <\/div>\n<\/p><\/div>\n<\/p><\/div>\n<\/p><\/div>\n<div class=\"fl-module fl-module-photo fl-node-668515d2be24c\" data-animation-delay=\"0.0\" data-node=\"668515d2be24c\">\n<div class=\"fl-module-content fl-node-content\">\n<div class=\"fl-photo fl-photo-align-center\" itemscope=\"\" itemtype=\"http:\/\/schema.org\/ImageObject\">\n<div class=\"fl-photo-content fl-photo-img-jpg\"> <img decoding=\"async\" alt=\"Casa de Ware de Semicera\" class=\"fl-photo-img wp-image-9036\" itemprop=\"image\" src=\"\/wp-content\/uploads\/2025\/09\/2190bb9ce5c1d546.webp\"\/> <\/div>\n<\/p><\/div>\n<\/p><\/div>\n<\/p><\/div>\n<div class=\"fl-module fl-module-photo fl-node-668515d2be20c\" data-animation-delay=\"0.0\" data-node=\"668515d2be20c\">\n<div class=\"fl-module-content fl-node-content\">\n<div class=\"fl-photo fl-photo-align-center\" itemscope=\"\" itemtype=\"http:\/\/schema.org\/ImageObject\">\n<div class=\"fl-photo-content fl-photo-img-jpg\"> <img decoding=\"async\" alt=\"Nuestro servicio\" class=\"fl-photo-img wp-image-9035\" itemprop=\"image\" src=\"\/wp-content\/uploads\/2025\/09\/b07f222c0ec0ab8d.webp\"\/> <\/div>\n<\/p><\/div>\n<\/p><\/div>\n<\/p><\/div>\n<\/p><\/div>\n<\/p><\/div>\n<\/p><\/div>\n<\/p><\/div>\n<\/p><\/div>\n<\/p><\/div>\n<\/div>","protected":false},"excerpt":{"rendered":"<p>Silicon carbide sealing ring is a high-performance sealing product widely used in various industrial fields. Silicon carbide sealing ring is known for its excellent physical and chemical properties, and can provide reliable sealing solutions under extreme conditions.<\/p>","protected":false},"featured_media":845,"comment_status":"closed","ping_status":"open","template":"","meta":[],"product_brand":[],"product_cat":[25,24],"product_tag":[],"class_list":{"0":"post-1459","1":"product","2":"type-product","3":"status-publish","4":"has-post-thumbnail","6":"product_cat-more-sic-product","7":"product_cat-silicon-carbide-ceramic","9":"first","10":"instock","11":"product-type-simple"},"_links":{"self":[{"href":"https:\/\/www.cn-semiconductorparts.com\/es\/wp-json\/wp\/v2\/product\/1459","targetHints":{"allow":["GET"]}}],"collection":[{"href":"https:\/\/www.cn-semiconductorparts.com\/es\/wp-json\/wp\/v2\/product"}],"about":[{"href":"https:\/\/www.cn-semiconductorparts.com\/es\/wp-json\/wp\/v2\/types\/product"}],"replies":[{"embeddable":true,"href":"https:\/\/www.cn-semiconductorparts.com\/es\/wp-json\/wp\/v2\/comments?post=1459"}],"wp:featuredmedia":[{"embeddable":true,"href":"https:\/\/www.cn-semiconductorparts.com\/es\/wp-json\/wp\/v2\/media\/845"}],"wp:attachment":[{"href":"https:\/\/www.cn-semiconductorparts.com\/es\/wp-json\/wp\/v2\/media?parent=1459"}],"wp:term":[{"taxonomy":"product_brand","embeddable":true,"href":"https:\/\/www.cn-semiconductorparts.com\/es\/wp-json\/wp\/v2\/product_brand?post=1459"},{"taxonomy":"product_cat","embeddable":true,"href":"https:\/\/www.cn-semiconductorparts.com\/es\/wp-json\/wp\/v2\/product_cat?post=1459"},{"taxonomy":"product_tag","embeddable":true,"href":"https:\/\/www.cn-semiconductorparts.com\/es\/wp-json\/wp\/v2\/product_tag?post=1459"}],"curies":[{"name":"WP","href":"https:\/\/api.w.org\/{rel}","templated":true}]}}