{"id":1461,"date":"2025-09-11T05:29:13","date_gmt":"2025-09-11T05:29:13","guid":{"rendered":"https:\/\/weitai2.globaldeepsea.site\/product\/high-purity-pyrolytic-carbon-coated-rigid-felt-ring\/"},"modified":"2025-09-11T05:29:15","modified_gmt":"2025-09-11T05:29:15","slug":"high-purity-pyrolytic-carbon-coated-rigid-felt-ring","status":"publish","type":"product","link":"https:\/\/www.cn-semiconductorparts.com\/es\/product\/high-purity-pyrolytic-carbon-coated-rigid-felt-ring\/","title":{"rendered":"Anillo de fieltro r\u00edgido recubierto de carbono pirol\u00edtico de alta pureza"},"content":{"rendered":"<div class=\"fl-builder-content fl-builder-content-9244 fl-builder-content-primary fl-builder-global-templates-locked\" data-post-id=\"9244\">\n<div class=\"fl-row fl-row-full-width fl-row-bg-none fl-node-667fc4e5bb7c5\" data-node=\"667fc4e5bb7c5\">\n<div class=\"fl-row-content-wrap\">\n<div class=\"fl-row-content fl-row-full-width fl-node-content\">\n<div class=\"fl-col-group fl-node-667fc4e5bb809\" data-node=\"667fc4e5bb809\">\n<div class=\"fl-col fl-node-667fc4e5bb84b\" data-node=\"667fc4e5bb84b\" style=\"width: 100%;\">\n<div class=\"fl-col-content fl-node-content\">\n<div class=\"fl-module fl-module-rich-text fl-node-667fc4e5bb993\" data-animation-delay=\"0.0\" data-node=\"667fc4e5bb993\">\n<div class=\"fl-module-content fl-node-content\">\n<div class=\"fl-rich-text\">\n<p>The main function of the pyrolytic carbon coated high purity hard felt ring is to provide excellent sealing performance and thermal protection. It can be used in various high temperature equipment and processes, such as high temperature furnaces, burners, petrochemical process units, etc. The material can effectively isolate and prevent the leakage of high temperature gases, liquids or solids, and can resist chemical corrosion and wear.<\/p>\n<\/p><\/div>\n<\/p><\/div>\n<\/p><\/div>\n<div class=\"fl-module fl-module-rich-text fl-node-667fc5004eaa9\" data-animation-delay=\"0.0\" data-node=\"667fc5004eaa9\">\n<div class=\"fl-module-content fl-node-content\">\n<div class=\"fl-rich-text\">\n<div><span style=\"font-family: \u5fae\u8f6f\u96c5\u9ed1;\">Pyrolytic carbon coating is a thin layer of pyrolytic carbon coated on the surface of highly purified isostatic\u00a0<\/span><span style=\"font-family: \u5fae\u8f6f\u96c5\u9ed1;\">Grafito utilizando tecnolog\u00eda de deposici\u00f3n de vapor qu\u00edmico (CVD). Tiene alta densidad, alta pureza y anisotr\u00f3pico\u00a0<\/span><span style=\"font-family: \u5fae\u8f6f\u96c5\u9ed1;\">Propiedades t\u00e9rmicas, el\u00e9ctricas, magn\u00e9ticas y mec\u00e1nicas.<\/span><\/div>\n<\/p><\/div>\n<\/p><\/div>\n<\/p><\/div>\n<\/p><\/div>\n<\/p><\/div>\n<\/p><\/div>\n<div class=\"fl-col-group fl-node-667fc4e5bb8cf\" data-node=\"667fc4e5bb8cf\">\n<div class=\"fl-col fl-node-667fc4e5bb910\" data-node=\"667fc4e5bb910\" style=\"width: 100%;\">\n<div class=\"fl-col-content fl-node-content\">\n<div class=\"fl-module fl-module-heading fl-node-667fc4e5bb951\" data-animation-delay=\"0.0\" data-node=\"667fc4e5bb951\">\n<div class=\"fl-module-content fl-node-content\">\n<h3 class=\"fl-heading\"> <span class=\"fl-heading-text\">Derechos principales:<\/span> <\/h3>\n<\/p><\/div>\n<\/p><\/div>\n<div class=\"fl-module fl-module-rich-text fl-node-667fc4e5bb88e\" data-animation-delay=\"0.0\" data-node=\"667fc4e5bb88e\">\n<div class=\"fl-module-content fl-node-content\">\n<div class=\"fl-rich-text\">\n<div><span style=\"font-family: \u5fae\u8f6f\u96c5\u9ed1;\">1. La superficie es densa y libre de poros.<\/span><\/div>\n<div>\n<div>\u00a0<\/div>\n<div><span style=\"font-family: \u5fae\u8f6f\u96c5\u9ed1;\">2. Alta pureza, contenido de impureza total &lt;20ppm,<\/span><span style=\"font-family: \u5fae\u8f6f\u96c5\u9ed1;\">Buena herm\u00e9tica.<\/span><\/div>\n<div>\u00a0<\/div>\n<div>3.\u00a0<span style=\"font-family: \u5fae\u8f6f\u96c5\u9ed1;\">Alta resistencia a la temperatura, la resistencia aumenta con el aumento de la temperatura de uso, alcanzando la m\u00e1s alta\u00a0<\/span><span style=\"font-family: \u5fae\u8f6f\u96c5\u9ed1;\">valor a 2750 \u2103, sublimaci\u00f3n a 3600 \u2103.<\/span><\/div>\n<div>\u00a0<\/div>\n<div>4.\u00a0<span style=\"font-family: \u5fae\u8f6f\u96c5\u9ed1;\">M\u00f3dulo el\u00e1stico bajo, conductividad t\u00e9rmica alta, coeficiente de expansi\u00f3n t\u00e9rmica baja,\u00a0<\/span><span style=\"font-family: \u5fae\u8f6f\u96c5\u9ed1;\">y excelente resistencia al choque t\u00e9rmico.<\/span><\/div>\n<div>\u00a0<\/div>\n<div>5.\u00a0<span style=\"font-family: \u5fae\u8f6f\u96c5\u9ed1;\">Buena estabilidad qu\u00edmica, resistente al \u00e1cido, \u00e1lcali, sal y reactivos org\u00e1nicos, y tiene\u00a0<\/span><span style=\"font-family: \u5fae\u8f6f\u96c5\u9ed1;\">No hay efecto sobre los metales fundidos, la escoria y otros medios corrosivos. No se oxida\u00a0<\/span><span style=\"font-family: \u5fae\u8f6f\u96c5\u9ed1;\">significativamente en la atm\u00f3sfera por debajo de 400 \u2103, y la tasa de oxidaci\u00f3n significativamente\u00a0<\/span><span style=\"font-family: \u5fae\u8f6f\u96c5\u9ed1;\">aumenta a 800 \u2103.<\/span><\/div>\n<div>\n<div>\u00a0<\/div>\n<div><span style=\"font-family: \u5fae\u8f6f\u96c5\u9ed1;\">6. Sin liberar gases a altas temperaturas, puede mantener un vac\u00edo de\u00a0<\/span><span style=\"font-family: \u5fae\u8f6f\u96c5\u9ed1;\">10-7 mmhg a alrededor de 1800 \u2103.<\/span><\/div>\n<\/p><\/div>\n<\/p><\/div>\n<\/p><\/div>\n<\/p><\/div>\n<\/p><\/div>\n<\/p><\/div>\n<\/p><\/div>\n<\/p><\/div>\n<div class=\"fl-col-group fl-node-667fc4e5bba15\" data-node=\"667fc4e5bba15\">\n<div class=\"fl-col fl-node-667fc4e5bba57\" data-node=\"667fc4e5bba57\" style=\"width: 100%;\">\n<div class=\"fl-col-content fl-node-content\">\n<div class=\"fl-module fl-module-heading fl-node-667fc4e5bb9d4\" data-animation-delay=\"0.0\" data-node=\"667fc4e5bb9d4\">\n<div class=\"fl-module-content fl-node-content\">\n<h3 class=\"fl-heading\"> <span class=\"fl-heading-text\">Aplicaci\u00f3n de productos:<\/span> <\/h3>\n<\/p><\/div>\n<\/p><\/div>\n<div class=\"fl-module fl-module-rich-text fl-node-667fc4e5bba98\" data-animation-delay=\"0.0\" data-node=\"667fc4e5bba98\">\n<div class=\"fl-module-content fl-node-content\">\n<div class=\"fl-rich-text\">\n<div><span style=\"font-family: \u5fae\u8f6f\u96c5\u9ed1;\">1. Melto crisol por evaporaci\u00f3n en\u00a0<\/span><span style=\"font-family: \u5fae\u8f6f\u96c5\u9ed1;\">Industria de semiconductores.<\/span><\/div>\n<div>\n<div>\u00a0<\/div>\n<div><span style=\"font-family: \u5fae\u8f6f\u96c5\u9ed1;\">2. Puerta de tubo electr\u00f3nica de alta potencia.<\/span><\/div>\n<div>\n<div>\u00a0<\/div>\n<div><span style=\"font-family: \u5fae\u8f6f\u96c5\u9ed1;\">3. Cepille que contacte al regulador de voltaje.<\/span><\/div>\n<div>\n<div>\u00a0<\/div>\n<div><span style=\"font-family: \u5fae\u8f6f\u96c5\u9ed1;\">4. Monocromador de grafito para rayos X y neutrones.<\/span><\/div>\n<div>\n<div>\u00a0<\/div>\n<div><span style=\"font-family: \u5fae\u8f6f\u96c5\u9ed1;\">5. Varias formas de sustratos de grafito y<\/span><span style=\"font-family: \u5fae\u8f6f\u96c5\u9ed1;\">recubrimiento del tubo de absorci\u00f3n at\u00f3mica.<\/span><\/div>\n<\/p><\/div>\n<\/p><\/div>\n<\/p><\/div>\n<\/p><\/div>\n<\/p><\/div>\n<\/p><\/div>\n<\/p><\/div>\n<\/p><\/div>\n<\/p><\/div>\n<\/p><\/div>\n<div class=\"fl-col-group fl-node-667fc4e5bbad9\" data-node=\"667fc4e5bbad9\">\n<div class=\"fl-col fl-node-667fc4e5bbb1a\" data-node=\"667fc4e5bbb1a\" style=\"width: 100%;\">\n<div class=\"fl-col-content fl-node-content\">\n<div class=\"fl-module fl-module-photo fl-node-667fc4e5bbb5b\" data-animation-delay=\"0.0\" data-node=\"667fc4e5bbb5b\">\n<div class=\"fl-module-content fl-node-content\">\n<div class=\"fl-photo fl-photo-align-center\" itemscope=\"\" itemtype=\"http:\/\/schema.org\/ImageObject\">\n<div class=\"fl-photo-content fl-photo-img-png\"> <img decoding=\"async\" alt=\"imagen\" class=\"fl-photo-img wp-image-9239\" itemprop=\"image\" src=\"\/wp-content\/uploads\/2025\/09\/f0a1f70226f1e210.webp\"> <\/img><\/div>\n<\/p><\/div>\n<\/p><\/div>\n<\/p><\/div>\n<div class=\"fl-module fl-module-heading fl-node-667fc4e5bbb9c\" data-animation-delay=\"0.0\" data-node=\"667fc4e5bbb9c\">\n<div class=\"fl-module-content fl-node-content\">\n<h3 class=\"fl-heading\"> <span class=\"fl-heading-text\">Efecto de recubrimiento de carbono pirol\u00edtico bajo un microscopio de 500X, con superficie intacta y sellada.<\/span> <\/h3>\n<\/p><\/div>\n<\/p><\/div>\n<\/p><\/div>\n<\/p><\/div>\n<\/p><\/div>\n<\/p><\/div>\n<\/p><\/div>\n<\/p><\/div>\n<div class=\"fl-row fl-row-full-width fl-row-bg-none fl-node-667fc4e5bbbe6\" data-node=\"667fc4e5bbbe6\">\n<div class=\"fl-row-content-wrap\">\n<div class=\"fl-row-content fl-row-full-width fl-node-content\">\n<div class=\"fl-col-group fl-node-667fc4e5bbc27\" data-node=\"667fc4e5bbc27\">\n<div class=\"fl-col fl-node-667fc4e5bbc6f\" data-node=\"667fc4e5bbc6f\" style=\"width: 100%;\">\n<div class=\"fl-col-content fl-node-content\">\n<div class=\"fl-module fl-module-photo fl-node-667fc4e5bbcb1\" data-animation-delay=\"0.0\" data-node=\"667fc4e5bbcb1\">\n<div class=\"fl-module-content fl-node-content\">\n<div class=\"fl-photo fl-photo-align-center\" itemscope=\"\" itemtype=\"http:\/\/schema.org\/ImageObject\">\n<div class=\"fl-photo-content fl-photo-img-jpg\"> <img decoding=\"async\" alt=\"Lugar de trabajo de semicera\" class=\"fl-photo-img wp-image-9038\" itemprop=\"image\" src=\"\/wp-content\/uploads\/2025\/09\/b1dd0bcab1675ff4.webp\"> <\/img><\/div>\n<\/p><\/div>\n<\/p><\/div>\n<\/p><\/div>\n<div class=\"fl-module fl-module-photo fl-node-667fc4e5bbdf7\" data-animation-delay=\"0.0\" data-node=\"667fc4e5bbdf7\">\n<div class=\"fl-module-content fl-node-content\">\n<div class=\"fl-photo fl-photo-align-center\" itemscope=\"\" itemtype=\"http:\/\/schema.org\/ImageObject\">\n<div class=\"fl-photo-content fl-photo-img-jpg\"> <img decoding=\"async\" alt=\"Semicera Work Place 2\" class=\"fl-photo-img wp-image-9037\" itemprop=\"image\" src=\"\/wp-content\/uploads\/2025\/09\/2b946d2b4b61306d.webp\"> <\/img><\/div>\n<\/p><\/div>\n<\/p><\/div>\n<\/p><\/div>\n<div class=\"fl-module fl-module-photo fl-node-667fc4e5bbdb5\" data-animation-delay=\"0.0\" data-node=\"667fc4e5bbdb5\">\n<div class=\"fl-module-content fl-node-content\">\n<div class=\"fl-photo fl-photo-align-center\" itemscope=\"\" itemtype=\"http:\/\/schema.org\/ImageObject\">\n<div class=\"fl-photo-content fl-photo-img-jpg\"> <img decoding=\"async\" alt=\"M\u00e1quina de equipos\" class=\"fl-photo-img wp-image-9034 size-full\" itemprop=\"image\" src=\"\/wp-content\/uploads\/2025\/09\/081b6529d68ead23.webp\"> <\/img><\/div>\n<\/p><\/div>\n<\/p><\/div>\n<\/p><\/div>\n<div class=\"fl-module fl-module-photo fl-node-667fc4e5bbd74\" data-animation-delay=\"0.0\" data-node=\"667fc4e5bbd74\">\n<div class=\"fl-module-content fl-node-content\">\n<div class=\"fl-photo fl-photo-align-center\" itemscope=\"\" itemtype=\"http:\/\/schema.org\/ImageObject\">\n<div class=\"fl-photo-content fl-photo-img-jpg\"> <img decoding=\"async\" alt=\"Procesamiento de CNN, limpieza qu\u00edmica, recubrimiento de CVD\" class=\"fl-photo-img wp-image-9033\" itemprop=\"image\" src=\"\/wp-content\/uploads\/2025\/09\/a4132b2b399abbac.webp\"> <\/img><\/div>\n<\/p><\/div>\n<\/p><\/div>\n<\/p><\/div>\n<div class=\"fl-module fl-module-photo fl-node-667fc4e5bbd33\" data-animation-delay=\"0.0\" data-node=\"667fc4e5bbd33\">\n<div class=\"fl-module-content fl-node-content\">\n<div class=\"fl-photo fl-photo-align-center\" itemscope=\"\" itemtype=\"http:\/\/schema.org\/ImageObject\">\n<div class=\"fl-photo-content fl-photo-img-jpg\"> <img decoding=\"async\" alt=\"Casa de Ware de Semicera\" class=\"fl-photo-img wp-image-9036\" itemprop=\"image\" src=\"\/wp-content\/uploads\/2025\/09\/2190bb9ce5c1d546.webp\"> <\/img><\/div>\n<\/p><\/div>\n<\/p><\/div>\n<\/p><\/div>\n<div class=\"fl-module fl-module-photo fl-node-667fc4e5bbcf2\" data-animation-delay=\"0.0\" data-node=\"667fc4e5bbcf2\">\n<div class=\"fl-module-content fl-node-content\">\n<div class=\"fl-photo fl-photo-align-center\" itemscope=\"\" itemtype=\"http:\/\/schema.org\/ImageObject\">\n<div class=\"fl-photo-content fl-photo-img-jpg\"> <img decoding=\"async\" alt=\"Nuestro servicio\" class=\"fl-photo-img wp-image-9035\" itemprop=\"image\" src=\"\/wp-content\/uploads\/2025\/09\/b07f222c0ec0ab8d.webp\"> <\/img><\/div>\n<\/p><\/div>\n<\/p><\/div>\n<\/p><\/div>\n<\/p><\/div>\n<\/p><\/div>\n<\/p><\/div>\n<\/p><\/div>\n<\/p><\/div>\n<\/p><\/div>\n<\/div>","protected":false},"excerpt":{"rendered":"<p>Semicera\u2019s High-Purity Pyrolytic Carbon Coated Rigid Felt Ring features\u00a0a robust combination of advanced pyrolytic carbon coating and high-quality rigid felt material, delivering superior heat and corrosion resistance. This innovative component is essential for semiconductor and high-temperature applications, providing exceptional performance and durability. Semicera ensures that each ring meets the highest standards for temperature control and material longevity, making it ideal for demanding industrial environments.<\/p>","protected":false},"featured_media":989,"comment_status":"closed","ping_status":"open","template":"","meta":[],"product_brand":[],"product_cat":[58,24],"product_tag":[],"class_list":{"0":"post-1461","1":"product","2":"type-product","3":"status-publish","4":"has-post-thumbnail","6":"product_cat-sic-furnace-tube","7":"product_cat-silicon-carbide-ceramic","9":"first","10":"instock","11":"product-type-simple"},"_links":{"self":[{"href":"https:\/\/www.cn-semiconductorparts.com\/es\/wp-json\/wp\/v2\/product\/1461","targetHints":{"allow":["GET"]}}],"collection":[{"href":"https:\/\/www.cn-semiconductorparts.com\/es\/wp-json\/wp\/v2\/product"}],"about":[{"href":"https:\/\/www.cn-semiconductorparts.com\/es\/wp-json\/wp\/v2\/types\/product"}],"replies":[{"embeddable":true,"href":"https:\/\/www.cn-semiconductorparts.com\/es\/wp-json\/wp\/v2\/comments?post=1461"}],"wp:featuredmedia":[{"embeddable":true,"href":"https:\/\/www.cn-semiconductorparts.com\/es\/wp-json\/wp\/v2\/media\/989"}],"wp:attachment":[{"href":"https:\/\/www.cn-semiconductorparts.com\/es\/wp-json\/wp\/v2\/media?parent=1461"}],"wp:term":[{"taxonomy":"product_brand","embeddable":true,"href":"https:\/\/www.cn-semiconductorparts.com\/es\/wp-json\/wp\/v2\/product_brand?post=1461"},{"taxonomy":"product_cat","embeddable":true,"href":"https:\/\/www.cn-semiconductorparts.com\/es\/wp-json\/wp\/v2\/product_cat?post=1461"},{"taxonomy":"product_tag","embeddable":true,"href":"https:\/\/www.cn-semiconductorparts.com\/es\/wp-json\/wp\/v2\/product_tag?post=1461"}],"curies":[{"name":"WP","href":"https:\/\/api.w.org\/{rel}","templated":true}]}}