{"id":1462,"date":"2025-09-11T05:29:13","date_gmt":"2025-09-11T05:29:13","guid":{"rendered":"https:\/\/weitai2.globaldeepsea.site\/product\/silicon-carbide-ceramic-tube\/"},"modified":"2025-09-11T05:29:16","modified_gmt":"2025-09-11T05:29:16","slug":"silicon-carbide-ceramic-tube","status":"publish","type":"product","link":"https:\/\/www.cn-semiconductorparts.com\/es\/product\/silicon-carbide-ceramic-tube\/","title":{"rendered":"Silicon carbide ceramic tube"},"content":{"rendered":"<div class=\"fl-builder-content fl-builder-content-9358 fl-builder-content-primary fl-builder-global-templates-locked\" data-post-id=\"9358\">\n<div class=\"fl-row fl-row-full-width fl-row-bg-none fl-node-66879f32402fa\" data-node=\"66879f32402fa\">\n<div class=\"fl-row-content-wrap\">\n<div class=\"fl-row-content fl-row-full-width fl-node-content\">\n<div class=\"fl-col-group fl-node-66879f324033e\" data-node=\"66879f324033e\">\n<div class=\"fl-col fl-node-66879f324037f\" data-node=\"66879f324037f\" style=\"width: 100%;\">\n<div class=\"fl-col-content fl-node-content\">\n<div class=\"fl-module fl-module-rich-text fl-node-66879f324057e\" data-animation-delay=\"0.0\" data-node=\"66879f324057e\">\n<div class=\"fl-module-content fl-node-content\">\n<div class=\"fl-rich-text\">\n<p>Silicon carbide ceramic tube has excellent high temperature stability and can maintain its structure and performance in extremely high temperature environments. It can withstand high temperatures up to thousands of degrees Celsius, so it has a wide range of uses in high temperature applications. In addition, silicon carbide ceramic tube also has good thermal conductivity and can effectively conduct heat, making it play an important role in the field of thermal management and heat dissipation.<\/p>\n<p>Silicon carbide ceramic tube also exhibits excellent chemical stability and corrosion resistance. It has good resistance to many acids, alkalis and other chemicals, making it widely used in chemical processes, corrosive environments and acid-base treatment. In addition, silicon carbide ceramic tube also has a low coefficient of thermal expansion, which enables it to maintain good stability when the temperature changes.<\/p>\n<p>Silicon carbide ceramic tube has a wide range of applications in many industries. In high-temperature furnaces, heat treatment equipment and burners, silicon carbide ceramic tube can be used as furnace internals, refractory materials and thermal insulation materials. In the chemical industry, it can be used for pipelines, reactors and storage tanks for corrosive media. In addition, silicon carbide ceramic tube is also widely used in semiconductor manufacturing, solar industry, electronic equipment and aerospace.<\/p>\n<\/p><\/div>\n<\/p><\/div>\n<\/p><\/div>\n<\/p><\/div>\n<\/p><\/div>\n<\/p><\/div>\n<div class=\"fl-col-group fl-node-66879f32405bd\" data-node=\"66879f32405bd\">\n<div class=\"fl-col fl-node-6687a0d805e1d fl-col-small\" data-node=\"6687a0d805e1d\" style=\"width: 49.78%;\">\n<div class=\"fl-col-content fl-node-content\">\n<div class=\"fl-module fl-module-photo fl-node-66879f32404be\" data-animation-delay=\"0.0\" data-node=\"66879f32404be\">\n<div class=\"fl-module-content fl-node-content\">\n<div class=\"fl-photo fl-photo-align-center\" itemscope=\"\" itemtype=\"http:\/\/schema.org\/ImageObject\">\n<div class=\"fl-photo-content fl-photo-img-png\"> <img decoding=\"async\" alt=\"Silicon carbide ceramic tube (3)\" class=\"fl-photo-img wp-image-9371\" itemprop=\"image\" src=\"\/wp-content\/uploads\/2025\/09\/d55d9ba421154a39.webp\"> <\/img><\/div>\n<\/p><\/div>\n<\/p><\/div>\n<\/p><\/div>\n<\/p><\/div>\n<\/p><\/div>\n<div class=\"fl-col fl-node-66879f32405fd\" data-node=\"66879f32405fd\" style=\"width: 50.22%;\">\n<div class=\"fl-col-content fl-node-content\">\n<div class=\"fl-module fl-module-rich-text fl-node-66879f324053e\" data-animation-delay=\"0.0\" data-node=\"66879f324053e\">\n<div class=\"fl-module-content fl-node-content\">\n<div class=\"fl-rich-text\">\n<p>La forma y el tama\u00f1o se pueden personalizar de acuerdo con los requisitos<\/p>\n<p>Muy alta dureza (HV10): 22.2 (GPA)<\/p>\n<p>Muy baja densidad (3.10-3.20 g\/cm\u00b3)<\/p>\n<p>A temperaturas de hasta 1400 \u2103, SIC incluso puede mantener su fuerza<\/p>\n<p>Debido a su estabilidad qu\u00edmica y f\u00edsica, SIC tiene alta dureza y resistencia a la corrosi\u00f3n.<\/p>\n<\/p><\/div>\n<\/p><\/div>\n<\/p><\/div>\n<\/p><\/div>\n<\/p><\/div>\n<\/p><\/div>\n<div class=\"fl-col-group fl-node-66879f324067c\" data-node=\"66879f324067c\">\n<div class=\"fl-col fl-node-66879f32406bc\" data-node=\"66879f32406bc\" style=\"width: 100%;\">\n<div class=\"fl-col-content fl-node-content\">\n<div class=\"fl-module fl-module-gallery fl-node-66879f32406fe\" data-animation-delay=\"0.0\" data-node=\"66879f32406fe\">\n<div class=\"fl-module-content fl-node-content\">\n<div class=\"fl-mosaicflow\">\n<div class=\"fl-mosaicflow-content\">\n<div class=\"fl-mosaicflow-item\">\n<div class=\"fl-photo fl-photo-align-center\" itemscope=\"\" itemtype=\"http:\/\/schema.org\/ImageObject\">\n<div class=\"fl-photo-content fl-photo-img-png\"> <a href=\"\/es\/uploads\/Silicon-carbide-ceramic-tube-11.webp\/\" itemprop=\"url\" target=\"_self\"> <img decoding=\"async\" alt=\"Silicon carbide ceramic tube (1)\" class=\"fl-photo-img wp-image-9369\" itemprop=\"image\" src=\"\/wp-content\/uploads\/2025\/09\/0f140fb8cca2115b.webp\"> <\/img><\/a> <\/div>\n<\/p><\/div>\n<\/p><\/div>\n<div class=\"fl-mosaicflow-item\">\n<div class=\"fl-photo fl-photo-align-center\" itemscope=\"\" itemtype=\"http:\/\/schema.org\/ImageObject\">\n<div class=\"fl-photo-content fl-photo-img-png\"> <a href=\"\/es\/uploads\/Silicon-carbide-ceramic-tube-21.webp\/\" itemprop=\"url\" target=\"_self\"> <img decoding=\"async\" alt=\"Silicon carbide ceramic tube (2)\" class=\"fl-photo-img wp-image-9370\" itemprop=\"image\" src=\"\/wp-content\/uploads\/2025\/09\/82a546b3e21e36f9.webp\"> <\/img><\/a> <\/div>\n<\/p><\/div>\n<\/p><\/div>\n<\/p><\/div>\n<div class=\"fl-clear\"><\/div>\n<\/p><\/div>\n<\/p><\/div>\n<\/p><\/div>\n<\/p><\/div>\n<\/p><\/div>\n<\/p><\/div>\n<\/p><\/div>\n<\/p><\/div>\n<\/p><\/div>\n<div class=\"fl-row fl-row-full-width fl-row-bg-none fl-node-6687a12431887\" data-node=\"6687a12431887\">\n<div class=\"fl-row-content-wrap\">\n<div class=\"fl-row-content fl-row-full-width fl-node-content\">\n<div class=\"fl-col-group fl-node-6687a124318d0\" data-node=\"6687a124318d0\">\n<div class=\"fl-col fl-node-6687a12431913\" data-node=\"6687a12431913\" style=\"width: 100%;\">\n<div class=\"fl-col-content fl-node-content\">\n<div class=\"fl-module fl-module-photo fl-node-6687a12431954\" data-animation-delay=\"0.0\" data-node=\"6687a12431954\">\n<div class=\"fl-module-content fl-node-content\">\n<div class=\"fl-photo fl-photo-align-center\" itemscope=\"\" itemtype=\"http:\/\/schema.org\/ImageObject\">\n<div class=\"fl-photo-content fl-photo-img-jpg\"> <img decoding=\"async\" alt=\"Lugar de trabajo de semicera\" class=\"fl-photo-img wp-image-9038\" itemprop=\"image\" src=\"\/wp-content\/uploads\/2025\/09\/b1dd0bcab1675ff4.webp\"> <\/img><\/div>\n<\/p><\/div>\n<\/p><\/div>\n<\/p><\/div>\n<div class=\"fl-module fl-module-photo fl-node-6687a12431a9a\" data-animation-delay=\"0.0\" data-node=\"6687a12431a9a\">\n<div class=\"fl-module-content fl-node-content\">\n<div class=\"fl-photo fl-photo-align-center\" itemscope=\"\" itemtype=\"http:\/\/schema.org\/ImageObject\">\n<div class=\"fl-photo-content fl-photo-img-jpg\"> <img decoding=\"async\" alt=\"Semicera Work Place 2\" class=\"fl-photo-img wp-image-9037\" itemprop=\"image\" src=\"\/wp-content\/uploads\/2025\/09\/2b946d2b4b61306d.webp\"> <\/img><\/div>\n<\/p><\/div>\n<\/p><\/div>\n<\/p><\/div>\n<div class=\"fl-module fl-module-photo fl-node-6687a12431a59\" data-animation-delay=\"0.0\" data-node=\"6687a12431a59\">\n<div class=\"fl-module-content fl-node-content\">\n<div class=\"fl-photo fl-photo-align-center\" itemscope=\"\" itemtype=\"http:\/\/schema.org\/ImageObject\">\n<div class=\"fl-photo-content fl-photo-img-jpg\"> <img decoding=\"async\" alt=\"M\u00e1quina de equipos\" class=\"fl-photo-img wp-image-9034 size-full\" itemprop=\"image\" src=\"\/wp-content\/uploads\/2025\/09\/081b6529d68ead23.webp\"> <\/img><\/div>\n<\/p><\/div>\n<\/p><\/div>\n<\/p><\/div>\n<div class=\"fl-module fl-module-photo fl-node-6687a12431a18\" data-animation-delay=\"0.0\" data-node=\"6687a12431a18\">\n<div class=\"fl-module-content fl-node-content\">\n<div class=\"fl-photo fl-photo-align-center\" itemscope=\"\" itemtype=\"http:\/\/schema.org\/ImageObject\">\n<div class=\"fl-photo-content fl-photo-img-jpg\"> <img decoding=\"async\" alt=\"Procesamiento de CNN, limpieza qu\u00edmica, recubrimiento de CVD\" class=\"fl-photo-img wp-image-9033\" itemprop=\"image\" src=\"\/wp-content\/uploads\/2025\/09\/a4132b2b399abbac.webp\"\/> <\/div>\n<\/p><\/div>\n<\/p><\/div>\n<\/p><\/div>\n<div class=\"fl-module fl-module-photo fl-node-6687a124319d7\" data-animation-delay=\"0.0\" data-node=\"6687a124319d7\">\n<div class=\"fl-module-content fl-node-content\">\n<div class=\"fl-photo fl-photo-align-center\" itemscope=\"\" itemtype=\"http:\/\/schema.org\/ImageObject\">\n<div class=\"fl-photo-content fl-photo-img-jpg\"> <img decoding=\"async\" alt=\"Casa de Ware de Semicera\" class=\"fl-photo-img wp-image-9036\" itemprop=\"image\" src=\"\/wp-content\/uploads\/2025\/09\/2190bb9ce5c1d546.webp\"\/> <\/div>\n<\/p><\/div>\n<\/p><\/div>\n<\/p><\/div>\n<div class=\"fl-module fl-module-photo fl-node-6687a12431995\" data-animation-delay=\"0.0\" data-node=\"6687a12431995\">\n<div class=\"fl-module-content fl-node-content\">\n<div class=\"fl-photo fl-photo-align-center\" itemscope=\"\" itemtype=\"http:\/\/schema.org\/ImageObject\">\n<div class=\"fl-photo-content fl-photo-img-jpg\"> <img decoding=\"async\" alt=\"Nuestro servicio\" class=\"fl-photo-img wp-image-9035\" itemprop=\"image\" src=\"\/wp-content\/uploads\/2025\/09\/b07f222c0ec0ab8d.webp\"\/> <\/div>\n<\/p><\/div>\n<\/p><\/div>\n<\/p><\/div>\n<\/p><\/div>\n<\/p><\/div>\n<\/p><\/div>\n<\/p><\/div>\n<\/p><\/div>\n<\/p><\/div>\n<\/div>","protected":false},"excerpt":{"rendered":"<p>Silicon carbide ceramic tube is a tubular ceramic material with silicon carbide (SiC) as the main component. It is a tubular ceramic material with high temperature stability, chemical stability and good thermal conductivity. Silicon carbide ceramic tube is widely used in the fields of high temperature, chemical corrosion and thermal management, and plays an important role.<\/p>","protected":false},"featured_media":900,"comment_status":"closed","ping_status":"open","template":"","meta":[],"product_brand":[],"product_cat":[25,24],"product_tag":[],"class_list":{"0":"post-1462","1":"product","2":"type-product","3":"status-publish","4":"has-post-thumbnail","6":"product_cat-more-sic-product","7":"product_cat-silicon-carbide-ceramic","9":"first","10":"instock","11":"product-type-simple"},"_links":{"self":[{"href":"https:\/\/www.cn-semiconductorparts.com\/es\/wp-json\/wp\/v2\/product\/1462","targetHints":{"allow":["GET"]}}],"collection":[{"href":"https:\/\/www.cn-semiconductorparts.com\/es\/wp-json\/wp\/v2\/product"}],"about":[{"href":"https:\/\/www.cn-semiconductorparts.com\/es\/wp-json\/wp\/v2\/types\/product"}],"replies":[{"embeddable":true,"href":"https:\/\/www.cn-semiconductorparts.com\/es\/wp-json\/wp\/v2\/comments?post=1462"}],"wp:featuredmedia":[{"embeddable":true,"href":"https:\/\/www.cn-semiconductorparts.com\/es\/wp-json\/wp\/v2\/media\/900"}],"wp:attachment":[{"href":"https:\/\/www.cn-semiconductorparts.com\/es\/wp-json\/wp\/v2\/media?parent=1462"}],"wp:term":[{"taxonomy":"product_brand","embeddable":true,"href":"https:\/\/www.cn-semiconductorparts.com\/es\/wp-json\/wp\/v2\/product_brand?post=1462"},{"taxonomy":"product_cat","embeddable":true,"href":"https:\/\/www.cn-semiconductorparts.com\/es\/wp-json\/wp\/v2\/product_cat?post=1462"},{"taxonomy":"product_tag","embeddable":true,"href":"https:\/\/www.cn-semiconductorparts.com\/es\/wp-json\/wp\/v2\/product_tag?post=1462"}],"curies":[{"name":"WP","href":"https:\/\/api.w.org\/{rel}","templated":true}]}}