{"id":1464,"date":"2025-09-11T05:29:13","date_gmt":"2025-09-11T05:29:13","guid":{"rendered":"https:\/\/weitai2.globaldeepsea.site\/product\/pyrolytic-carbon-coating-high-purity-hard-felt-ring\/"},"modified":"2026-04-29T15:33:24","modified_gmt":"2026-04-29T07:33:24","slug":"pyrolytic-carbon-coating-high-purity-hard-felt-ring","status":"publish","type":"product","link":"https:\/\/www.cn-semiconductorparts.com\/es\/product\/pyrolytic-carbon-coating-high-purity-hard-felt-ring\/","title":{"rendered":"Recubrimiento de carbono pirol\u00edtico anillo de fieltro duro"},"content":{"rendered":"<p><?xml encoding=\"utf-8\" ?><\/p>\n<div class=\"fl-builder-content fl-builder-content-9235 fl-builder-content-primary fl-builder-global-templates-locked\" data-post-id=\"9235\">\n<div class=\"fl-row fl-row-full-width fl-row-bg-none fl-node-667fc1afcb0b4\" data-node=\"667fc1afcb0b4\">\n<div class=\"fl-row-content-wrap\">\n<div class=\"fl-row-content fl-row-full-width fl-node-content\">\n<div class=\"fl-col-group fl-node-667fc1afcc0c5\" data-node=\"667fc1afcc0c5\">\n<div class=\"fl-col fl-node-667fc1afcc261\" data-node=\"667fc1afcc261\" style=\"width: 100%;\">\n<div class=\"fl-col-content fl-node-content\">\n<div class=\"fl-module fl-module-rich-text fl-node-667fc20585c18\" data-animation-delay=\"0.0\" data-node=\"667fc20585c18\">\n<div class=\"fl-module-content fl-node-content\">\n<div class=\"fl-rich-text\">\n<div><span style=\"font-family: &#24494;&#36719;&#38597;&#40657;;\">Pyrolytic carbon coating is a thin layer of pyrolytic carbon coated on the surface of highly purified isostatic&nbsp;<\/span><span style=\"font-family: &#24494;&#36719;&#38597;&#40657;;\">Grafito utilizando tecnolog\u00eda de deposici\u00f3n de vapor qu\u00edmico (CVD). Tiene alta densidad, alta pureza y anisotr\u00f3pico&nbsp;<\/span><span style=\"font-family: &#24494;&#36719;&#38597;&#40657;;\">Propiedades t\u00e9rmicas, el\u00e9ctricas, magn\u00e9ticas y mec\u00e1nicas.<\/span><\/div>\n<div>&nbsp;<\/div>\n<\/p><\/div>\n<\/p><\/div>\n<\/p><\/div>\n<\/p><\/div>\n<\/p><\/div>\n<\/p><\/div>\n<div class=\"fl-col-group fl-node-667fc1f47ba3f\" data-node=\"667fc1f47ba3f\">\n<div class=\"fl-col fl-node-667fc1f47bbd3\" data-node=\"667fc1f47bbd3\" style=\"width: 100%;\">\n<div class=\"fl-col-content fl-node-content\">\n<div class=\"fl-module fl-module-heading fl-node-667fc1f47b8e3\" data-animation-delay=\"0.0\" data-node=\"667fc1f47b8e3\">\n<div class=\"fl-module-content fl-node-content\">\n<h3 class=\"fl-heading\"> <span class=\"fl-heading-text\">Mainfeatures&#65306;<\/span> <\/h3>\n<\/p><\/div>\n<\/p><\/div>\n<div class=\"fl-module fl-module-rich-text fl-node-667fc1afcaf49\" data-animation-delay=\"0.0\" data-node=\"667fc1afcaf49\">\n<div class=\"fl-module-content fl-node-content\">\n<div class=\"fl-rich-text\">\n<div><span style=\"font-family: &#24494;&#36719;&#38597;&#40657;;\">1. La superficie es densa y libre de poros.<\/span><\/div>\n<div>\n<div>&nbsp;<\/div>\n<div><span style=\"font-family: &#24494;&#36719;&#38597;&#40657;;\">2. Alta pureza, contenido de impureza total &lt;20ppm,<\/span><span style=\"font-family: &#24494;&#36719;&#38597;&#40657;;\">Buena herm\u00e9tica.<\/span><\/div>\n<div>&nbsp;<\/div>\n<div>3.&nbsp;<span style=\"font-family: &#24494;&#36719;&#38597;&#40657;;\">Alta resistencia a la temperatura, la resistencia aumenta con el aumento de la temperatura de uso, alcanzando la m\u00e1s alta&nbsp;<\/span><span style=\"font-family: &#24494;&#36719;&#38597;&#40657;;\">value at 2750 &#8451;,sublimation at 3600 &#8451;.<\/span><\/div>\n<div>&nbsp;<\/div>\n<div>4.&nbsp;<span style=\"font-family: &#24494;&#36719;&#38597;&#40657;;\">M\u00f3dulo el\u00e1stico bajo, conductividad t\u00e9rmica alta, coeficiente de expansi\u00f3n t\u00e9rmica baja,&nbsp;<\/span><span style=\"font-family: &#24494;&#36719;&#38597;&#40657;;\">y excelente resistencia al choque t\u00e9rmico.<\/span><\/div>\n<div>&nbsp;<\/div>\n<div>5.&nbsp;<span style=\"font-family: &#24494;&#36719;&#38597;&#40657;;\">Buena estabilidad qu\u00edmica, resistente al \u00e1cido, \u00e1lcali, sal y reactivos org\u00e1nicos, y tiene&nbsp;<\/span><span style=\"font-family: &#24494;&#36719;&#38597;&#40657;;\">No hay efecto sobre los metales fundidos, la escoria y otros medios corrosivos. No se oxida&nbsp;<\/span><span style=\"font-family: &#24494;&#36719;&#38597;&#40657;;\">significantly in the atmosphere below 400 &#8451;, and the oxidation rate significantly&nbsp;<\/span><span style=\"font-family: &#24494;&#36719;&#38597;&#40657;;\">increases at 800 &#8451;.<\/span><\/div>\n<div>\n<div>&nbsp;<\/div>\n<div><span style=\"font-family: &#24494;&#36719;&#38597;&#40657;;\">6. Sin liberar gases a altas temperaturas, puede mantener un vac\u00edo de&nbsp;<\/span><span style=\"font-family: &#24494;&#36719;&#38597;&#40657;;\">10-7mmHg at around 1800 &#8451;.<\/span><\/div>\n<div>&nbsp;<\/div>\n<\/p><\/div>\n<\/p><\/div>\n<\/p><\/div>\n<\/p><\/div>\n<\/p><\/div>\n<\/p><\/div>\n<\/p><\/div>\n<\/p><\/div>\n<div class=\"fl-col-group fl-node-667fc2a255268\" data-node=\"667fc2a255268\">\n<div class=\"fl-col fl-node-667fc2a2554e4\" data-node=\"667fc2a2554e4\" style=\"width: 100%;\">\n<div class=\"fl-col-content fl-node-content\">\n<div class=\"fl-module fl-module-heading fl-node-667fc29eb27c7\" data-animation-delay=\"0.0\" data-node=\"667fc29eb27c7\">\n<div class=\"fl-module-content fl-node-content\">\n<h3 class=\"fl-heading\"> <span class=\"fl-heading-text\">Aplicaci\u00f3n de productos:<\/span> <\/h3>\n<\/p><\/div>\n<\/p><\/div>\n<div class=\"fl-module fl-module-rich-text fl-node-667fc2c2366ec\" data-animation-delay=\"0.0\" data-node=\"667fc2c2366ec\">\n<div class=\"fl-module-content fl-node-content\">\n<div class=\"fl-rich-text\">\n<div><span style=\"font-family: &#24494;&#36719;&#38597;&#40657;;\">1. Melto crisol por evaporaci\u00f3n en&nbsp;<\/span><span style=\"font-family: &#24494;&#36719;&#38597;&#40657;;\">Industria de semiconductores.<\/span><\/div>\n<div>\n<div>&nbsp;<\/div>\n<div><span style=\"font-family: &#24494;&#36719;&#38597;&#40657;;\">2. Puerta de tubo electr\u00f3nica de alta potencia.<\/span><\/div>\n<div>\n<div>&nbsp;<\/div>\n<div><span style=\"font-family: &#24494;&#36719;&#38597;&#40657;;\">3. Cepille que contacte al regulador de voltaje.<\/span><\/div>\n<div>\n<div>&nbsp;<\/div>\n<div><span style=\"font-family: &#24494;&#36719;&#38597;&#40657;;\">4. Monocromador de grafito para rayos X y neutrones.<\/span><\/div>\n<div>\n<div>&nbsp;<\/div>\n<div><span style=\"font-family: &#24494;&#36719;&#38597;&#40657;;\">5. Varias formas de sustratos de grafito y<\/span><span style=\"font-family: &#24494;&#36719;&#38597;&#40657;;\">recubrimiento del tubo de absorci\u00f3n at\u00f3mica.<\/span><\/div>\n<\/p><\/div>\n<\/p><\/div>\n<\/p><\/div>\n<\/p><\/div>\n<\/p><\/div>\n<\/p><\/div>\n<\/p><\/div>\n<\/p><\/div>\n<\/p><\/div>\n<\/p><\/div>\n<div class=\"fl-col-group fl-node-667fc343188ee\" data-node=\"667fc343188ee\">\n<div class=\"fl-col fl-node-667fc34318b23\" data-node=\"667fc34318b23\" style=\"width: 100%;\">\n<div class=\"fl-col-content fl-node-content\">\n<div class=\"fl-module fl-module-photo fl-node-667fc3431874f\" data-animation-delay=\"0.0\" data-node=\"667fc3431874f\">\n<div class=\"fl-module-content fl-node-content\">\n<div class=\"fl-photo fl-photo-align-center\" itemscope=\"\" itemtype=\"http:\/\/schema.org\/ImageObject\">\n<div class=\"fl-photo-content fl-photo-img-png\"> <img decoding=\"async\" alt=\"&#22270;&#29255;\" class=\"fl-photo-img wp-image-9239\" itemprop=\"image\" src=\"\/wp-content\/uploads\/2025\/09\/f0a1f70226f1e210.webp\"> <\/div>\n<\/p><\/div>\n<\/p><\/div>\n<\/p><\/div>\n<div class=\"fl-module fl-module-heading fl-node-667fc36c07558\" data-animation-delay=\"0.0\" data-node=\"667fc36c07558\">\n<div class=\"fl-module-content fl-node-content\">\n<h3 class=\"fl-heading\"> <span class=\"fl-heading-text\">Efecto de recubrimiento de carbono pirol\u00edtico bajo un microscopio de 500X, con superficie intacta y sellada.<\/span> <\/h3>\n<\/p><\/div>\n<\/p><\/div>\n<\/p><\/div>\n<\/p><\/div>\n<\/p><\/div>\n<\/p><\/div>\n<\/p><\/div>\n<\/p><\/div>\n<div class=\"fl-row fl-row-full-width fl-row-bg-none fl-node-667fc395635f8\" data-node=\"667fc395635f8\">\n<div class=\"fl-row-content-wrap\">\n<div class=\"fl-row-content fl-row-full-width fl-node-content\">\n<div class=\"fl-col-group fl-node-667fc3956363b\" data-node=\"667fc3956363b\">\n<div class=\"fl-col fl-node-667fc39563681\" data-node=\"667fc39563681\" style=\"width: 100%;\">\n<div class=\"fl-col-content fl-node-content\">\n<div class=\"fl-module fl-module-photo fl-node-667fc395636c3\" data-animation-delay=\"0.0\" data-node=\"667fc395636c3\">\n<div class=\"fl-module-content fl-node-content\">\n<div class=\"fl-photo fl-photo-align-center\" itemscope=\"\" itemtype=\"http:\/\/schema.org\/ImageObject\">\n<div class=\"fl-photo-content fl-photo-img-jpg\"> <img decoding=\"async\" alt=\"Lugar de trabajo de semicera\" class=\"fl-photo-img wp-image-9038\" itemprop=\"image\" src=\"\/wp-content\/uploads\/2025\/09\/b1dd0bcab1675ff4.webp\"> <\/div>\n<\/p><\/div>\n<\/p><\/div>\n<\/p><\/div>\n<div class=\"fl-module fl-module-photo fl-node-667fc39563802\" data-animation-delay=\"0.0\" data-node=\"667fc39563802\">\n<div class=\"fl-module-content fl-node-content\">\n<div class=\"fl-photo fl-photo-align-center\" itemscope=\"\" itemtype=\"http:\/\/schema.org\/ImageObject\">\n<div class=\"fl-photo-content fl-photo-img-jpg\"> <img decoding=\"async\" alt=\"Semicera Work Place 2\" class=\"fl-photo-img wp-image-9037\" itemprop=\"image\" src=\"\/wp-content\/uploads\/2025\/09\/2b946d2b4b61306d.webp\"> <\/div>\n<\/p><\/div>\n<\/p><\/div>\n<\/p><\/div>\n<div class=\"fl-module fl-module-photo fl-node-667fc395637c2\" data-animation-delay=\"0.0\" data-node=\"667fc395637c2\">\n<div class=\"fl-module-content fl-node-content\">\n<div class=\"fl-photo fl-photo-align-center\" itemscope=\"\" itemtype=\"http:\/\/schema.org\/ImageObject\">\n<div class=\"fl-photo-content fl-photo-img-jpg\"> <img decoding=\"async\" alt=\"M\u00e1quina de equipos\" class=\"fl-photo-img wp-image-9034 size-full\" itemprop=\"image\" src=\"\/wp-content\/uploads\/2025\/09\/081b6529d68ead23.webp\"> <\/div>\n<\/p><\/div>\n<\/p><\/div>\n<\/p><\/div>\n<div class=\"fl-module fl-module-photo fl-node-667fc39563783\" data-animation-delay=\"0.0\" data-node=\"667fc39563783\">\n<div class=\"fl-module-content fl-node-content\">\n<div class=\"fl-photo fl-photo-align-center\" itemscope=\"\" itemtype=\"http:\/\/schema.org\/ImageObject\">\n<div class=\"fl-photo-content fl-photo-img-jpg\"> <img decoding=\"async\" alt=\"Procesamiento de CNN, limpieza qu\u00edmica, recubrimiento de CVD\" class=\"fl-photo-img wp-image-9033\" itemprop=\"image\" src=\"\/wp-content\/uploads\/2025\/09\/a4132b2b399abbac.webp\"> <\/div>\n<\/p><\/div>\n<\/p><\/div>\n<\/p><\/div>\n<div class=\"fl-module fl-module-photo fl-node-667fc39563743\" data-animation-delay=\"0.0\" data-node=\"667fc39563743\">\n<div class=\"fl-module-content fl-node-content\">\n<div class=\"fl-photo fl-photo-align-center\" itemscope=\"\" itemtype=\"http:\/\/schema.org\/ImageObject\">\n<div class=\"fl-photo-content fl-photo-img-jpg\"> <img decoding=\"async\" alt=\"Casa de Ware de Semicera\" class=\"fl-photo-img wp-image-9036\" itemprop=\"image\" src=\"\/wp-content\/uploads\/2025\/09\/2190bb9ce5c1d546.webp\"> <\/div>\n<\/p><\/div>\n<\/p><\/div>\n<\/p><\/div>\n<div class=\"fl-module fl-module-photo fl-node-667fc39563704\" data-animation-delay=\"0.0\" data-node=\"667fc39563704\">\n<div class=\"fl-module-content fl-node-content\">\n<div class=\"fl-photo fl-photo-align-center\" itemscope=\"\" itemtype=\"http:\/\/schema.org\/ImageObject\">\n<div class=\"fl-photo-content fl-photo-img-jpg\"> <img decoding=\"async\" alt=\"Nuestro servicio\" class=\"fl-photo-img wp-image-9035\" itemprop=\"image\" src=\"\/wp-content\/uploads\/2025\/09\/b07f222c0ec0ab8d.webp\"> <\/div>\n<\/p><\/div>\n<\/p><\/div>\n<\/p><\/div>\n<\/p><\/div>\n<\/p><\/div>\n<\/p><\/div>\n<\/p><\/div>\n<\/p><\/div>\n<\/p><\/div>\n<\/div>","protected":false},"excerpt":{"rendered":"<p><?xml encoding=\"utf-8\" ?><\/p>\n<p>Semicera&rsquo;s Pyrolytic Carbon Coated High-Purity Hard Felt Ring is engineered for superior performance in high-temperature semiconductor applications. This advanced component features a high-purity hard felt base coated with pyrolytic carbon, offering outstanding wear resistance, thermal stability, and chemical durability. Ideal for use in demanding environments, this ring ensures reliable and efficient operation in processes requiring precise temperature control and material purity.<\/p>","protected":false},"featured_media":943,"comment_status":"closed","ping_status":"open","template":"","meta":[],"product_brand":[],"product_cat":[29,30],"product_tag":[],"class_list":{"0":"post-1464","1":"product","2":"type-product","3":"status-publish","4":"has-post-thumbnail","6":"product_cat-carbon-fiber","7":"product_cat-hard-felt","9":"first","10":"instock","11":"product-type-simple"},"_links":{"self":[{"href":"https:\/\/www.cn-semiconductorparts.com\/es\/wp-json\/wp\/v2\/product\/1464","targetHints":{"allow":["GET"]}}],"collection":[{"href":"https:\/\/www.cn-semiconductorparts.com\/es\/wp-json\/wp\/v2\/product"}],"about":[{"href":"https:\/\/www.cn-semiconductorparts.com\/es\/wp-json\/wp\/v2\/types\/product"}],"replies":[{"embeddable":true,"href":"https:\/\/www.cn-semiconductorparts.com\/es\/wp-json\/wp\/v2\/comments?post=1464"}],"wp:featuredmedia":[{"embeddable":true,"href":"https:\/\/www.cn-semiconductorparts.com\/es\/wp-json\/wp\/v2\/media\/943"}],"wp:attachment":[{"href":"https:\/\/www.cn-semiconductorparts.com\/es\/wp-json\/wp\/v2\/media?parent=1464"}],"wp:term":[{"taxonomy":"product_brand","embeddable":true,"href":"https:\/\/www.cn-semiconductorparts.com\/es\/wp-json\/wp\/v2\/product_brand?post=1464"},{"taxonomy":"product_cat","embeddable":true,"href":"https:\/\/www.cn-semiconductorparts.com\/es\/wp-json\/wp\/v2\/product_cat?post=1464"},{"taxonomy":"product_tag","embeddable":true,"href":"https:\/\/www.cn-semiconductorparts.com\/es\/wp-json\/wp\/v2\/product_tag?post=1464"}],"curies":[{"name":"WP","href":"https:\/\/api.w.org\/{rel}","templated":true}]}}