{"id":1516,"date":"2025-09-11T05:29:33","date_gmt":"2025-09-11T05:29:33","guid":{"rendered":"https:\/\/weitai2.globaldeepsea.site\/product\/quoted-price-for-silicon-carbide-sic-graphite-crucible-for-melting-aluminum-brass-and-zinc\/"},"modified":"2026-04-29T15:32:55","modified_gmt":"2026-04-29T07:32:55","slug":"quoted-price-for-silicon-carbide-sic-graphite-crucible-for-melting-aluminum-brass-and-zinc","status":"publish","type":"product","link":"https:\/\/www.cn-semiconductorparts.com\/es\/product\/quoted-price-for-silicon-carbide-sic-graphite-crucible-for-melting-aluminum-brass-and-zinc\/","title":{"rendered":"Precio cotizado para el crisol de grafito SIC de carburo de silicio para derretir lat\u00f3n de aluminio y zinc"},"content":{"rendered":"","protected":false},"excerpt":{"rendered":"<p>Weitai EnergyTechnology Co., Ltd. Es un proveedor l\u00edder especializado en obleas y consumo de semiconductores avanzados. Estamos dedicados a proporcionar productos de alta calidad, confiables e innovadores a la fabricaci\u00f3n de semiconductores, la industria fotovoltaica y otros campos relacionados. \u00f3xido de aluminio y etc. Como un proveedor confiable, entendemos la importancia de los consumibles en el proceso de fabricaci\u00f3n, y estamos comprometidos a entregar productos que cumplan con los est\u00e1ndares de m\u00e1s altos est\u00e1ndares para satisfacer las necesidades de nuestros clientes.<\/p>","protected":false},"featured_media":1019,"comment_status":"closed","ping_status":"open","template":"","meta":[],"product_brand":[],"product_cat":[15],"product_tag":[],"class_list":{"0":"post-1516","1":"product","2":"type-product","3":"status-publish","4":"has-post-thumbnail","6":"product_cat-uncategorized","8":"first","9":"instock","10":"product-type-simple"},"_links":{"self":[{"href":"https:\/\/www.cn-semiconductorparts.com\/es\/wp-json\/wp\/v2\/product\/1516","targetHints":{"allow":["GET"]}}],"collection":[{"href":"https:\/\/www.cn-semiconductorparts.com\/es\/wp-json\/wp\/v2\/product"}],"about":[{"href":"https:\/\/www.cn-semiconductorparts.com\/es\/wp-json\/wp\/v2\/types\/product"}],"replies":[{"embeddable":true,"href":"https:\/\/www.cn-semiconductorparts.com\/es\/wp-json\/wp\/v2\/comments?post=1516"}],"wp:featuredmedia":[{"embeddable":true,"href":"https:\/\/www.cn-semiconductorparts.com\/es\/wp-json\/wp\/v2\/media\/1019"}],"wp:attachment":[{"href":"https:\/\/www.cn-semiconductorparts.com\/es\/wp-json\/wp\/v2\/media?parent=1516"}],"wp:term":[{"taxonomy":"product_brand","embeddable":true,"href":"https:\/\/www.cn-semiconductorparts.com\/es\/wp-json\/wp\/v2\/product_brand?post=1516"},{"taxonomy":"product_cat","embeddable":true,"href":"https:\/\/www.cn-semiconductorparts.com\/es\/wp-json\/wp\/v2\/product_cat?post=1516"},{"taxonomy":"product_tag","embeddable":true,"href":"https:\/\/www.cn-semiconductorparts.com\/es\/wp-json\/wp\/v2\/product_tag?post=1516"}],"curies":[{"name":"WP","href":"https:\/\/api.w.org\/{rel}","templated":true}]}}