{"id":1525,"date":"2025-09-11T05:29:33","date_gmt":"2025-09-11T05:29:33","guid":{"rendered":"https:\/\/weitai2.globaldeepsea.site\/product\/odm-factory-industrial-boron-silicon-carbide-plate-for-efficiency\/"},"modified":"2026-04-29T15:32:59","modified_gmt":"2026-04-29T07:32:59","slug":"odm-factory-industrial-boron-silicon-carbide-plate-for-efficiency","status":"publish","type":"product","link":"https:\/\/www.cn-semiconductorparts.com\/es\/product\/odm-factory-industrial-boron-silicon-carbide-plate-for-efficiency\/","title":{"rendered":"ODM Factory Industrial Boron Silicon Carbide Plate for Efficiency"},"content":{"rendered":"","protected":false},"excerpt":{"rendered":"<p>Los materiales cer\u00e1micos de carburo de silicio tienen alta resistencia a la temperatura, buena resistencia al desgaste, buena estabilidad t\u00e9rmica, peque\u00f1o coeficiente de expansi\u00f3n t\u00e9rmica, alta conductividad t\u00e9rmica, alta dureza, resistencia a los choques t\u00e9rmicos y resistencia a la corrosi\u00f3n qu\u00edmica y otras caracter\u00edsticas excelentes, en la industria qu\u00edmica automotriz, mec\u00e1nica, la protecci\u00f3n del medio ambiente, la tecnolog\u00eda espacial, la informaci\u00f3n electr\u00f3nica, la energ\u00eda y la energ\u00eda y otros campos se han utilizado, se ha convertido en un tipo de rendimiento ampliamente utilizado, se ha convertido en una especie de gran rendimiento en un tipo de rendimiento industrial, se ha convertido en una especie de gran rendimiento de la gran parte de la industria industrial, se ha convertido en un tipo de gran rendimiento de la mayor\u00eda de los pies industriales. Materiales Cer\u00e1mica estructural insustituible.<\/p>","protected":false},"featured_media":591,"comment_status":"closed","ping_status":"open","template":"","meta":[],"product_brand":[],"product_cat":[15],"product_tag":[],"class_list":{"0":"post-1525","1":"product","2":"type-product","3":"status-publish","4":"has-post-thumbnail","6":"product_cat-uncategorized","8":"first","9":"instock","10":"product-type-simple"},"_links":{"self":[{"href":"https:\/\/www.cn-semiconductorparts.com\/es\/wp-json\/wp\/v2\/product\/1525","targetHints":{"allow":["GET"]}}],"collection":[{"href":"https:\/\/www.cn-semiconductorparts.com\/es\/wp-json\/wp\/v2\/product"}],"about":[{"href":"https:\/\/www.cn-semiconductorparts.com\/es\/wp-json\/wp\/v2\/types\/product"}],"replies":[{"embeddable":true,"href":"https:\/\/www.cn-semiconductorparts.com\/es\/wp-json\/wp\/v2\/comments?post=1525"}],"wp:featuredmedia":[{"embeddable":true,"href":"https:\/\/www.cn-semiconductorparts.com\/es\/wp-json\/wp\/v2\/media\/591"}],"wp:attachment":[{"href":"https:\/\/www.cn-semiconductorparts.com\/es\/wp-json\/wp\/v2\/media?parent=1525"}],"wp:term":[{"taxonomy":"product_brand","embeddable":true,"href":"https:\/\/www.cn-semiconductorparts.com\/es\/wp-json\/wp\/v2\/product_brand?post=1525"},{"taxonomy":"product_cat","embeddable":true,"href":"https:\/\/www.cn-semiconductorparts.com\/es\/wp-json\/wp\/v2\/product_cat?post=1525"},{"taxonomy":"product_tag","embeddable":true,"href":"https:\/\/www.cn-semiconductorparts.com\/es\/wp-json\/wp\/v2\/product_tag?post=1525"}],"curies":[{"name":"WP","href":"https:\/\/api.w.org\/{rel}","templated":true}]}}