{"id":1733,"date":"2025-09-11T05:30:45","date_gmt":"2025-09-11T05:30:45","guid":{"rendered":"https:\/\/weitai2.globaldeepsea.site\/product\/wholesale-for-heat-rigid-material-felts-carbon-soft-thermal-insulation-graphite-felt\/"},"modified":"2026-04-29T15:31:23","modified_gmt":"2026-04-29T07:31:23","slug":"wholesale-for-heat-rigid-material-felts-carbon-soft-thermal-insulation-graphite-felt","status":"publish","type":"product","link":"https:\/\/www.cn-semiconductorparts.com\/es\/product\/wholesale-for-heat-rigid-material-felts-carbon-soft-thermal-insulation-graphite-felt\/","title":{"rendered":"Wholesale for Heat Rigid Material Felts Carbon Soft Thermal Insulation Graphite Felt"},"content":{"rendered":"","protected":false},"excerpt":{"rendered":"<p>Weitai Energy Technology Co., Ltd. es un proveedor l\u00edder de cer\u00e1mica de semiconductores avanzados y el \u00fanico fabricante en China que puede proporcionar simult\u00e1neamente la cer\u00e1mica de carburo de silicio de alta pureza (especialmente el SIC recristalizado) y el recubrimiento CVD SIC. Adem\u00e1s, nuestra empresa tambi\u00e9n est\u00e1 comprometida con campos de cer\u00e1mica como al\u00famina, nitruro de aluminio, circon\u00eda y nitruro de silicio, etc.<\/p>","protected":false},"featured_media":722,"comment_status":"closed","ping_status":"open","template":"","meta":[],"product_brand":[],"product_cat":[15],"product_tag":[],"class_list":{"0":"post-1733","1":"product","2":"type-product","3":"status-publish","4":"has-post-thumbnail","6":"product_cat-uncategorized","8":"first","9":"instock","10":"product-type-simple"},"_links":{"self":[{"href":"https:\/\/www.cn-semiconductorparts.com\/es\/wp-json\/wp\/v2\/product\/1733","targetHints":{"allow":["GET"]}}],"collection":[{"href":"https:\/\/www.cn-semiconductorparts.com\/es\/wp-json\/wp\/v2\/product"}],"about":[{"href":"https:\/\/www.cn-semiconductorparts.com\/es\/wp-json\/wp\/v2\/types\/product"}],"replies":[{"embeddable":true,"href":"https:\/\/www.cn-semiconductorparts.com\/es\/wp-json\/wp\/v2\/comments?post=1733"}],"wp:featuredmedia":[{"embeddable":true,"href":"https:\/\/www.cn-semiconductorparts.com\/es\/wp-json\/wp\/v2\/media\/722"}],"wp:attachment":[{"href":"https:\/\/www.cn-semiconductorparts.com\/es\/wp-json\/wp\/v2\/media?parent=1733"}],"wp:term":[{"taxonomy":"product_brand","embeddable":true,"href":"https:\/\/www.cn-semiconductorparts.com\/es\/wp-json\/wp\/v2\/product_brand?post=1733"},{"taxonomy":"product_cat","embeddable":true,"href":"https:\/\/www.cn-semiconductorparts.com\/es\/wp-json\/wp\/v2\/product_cat?post=1733"},{"taxonomy":"product_tag","embeddable":true,"href":"https:\/\/www.cn-semiconductorparts.com\/es\/wp-json\/wp\/v2\/product_tag?post=1733"}],"curies":[{"name":"WP","href":"https:\/\/api.w.org\/{rel}","templated":true}]}}