{"id":1751,"date":"2025-09-11T05:30:45","date_gmt":"2025-09-11T05:30:45","guid":{"rendered":"https:\/\/weitai2.globaldeepsea.site\/product\/factory-outlets-for-carbon-heat-resistance-rigid-thermal-insulation-material-felts-soft-felt-graphite-roller\/"},"modified":"2026-04-29T15:31:30","modified_gmt":"2026-04-29T07:31:30","slug":"factory-outlets-for-carbon-heat-resistance-rigid-thermal-insulation-material-felts-soft-felt-graphite-roller","status":"publish","type":"product","link":"https:\/\/www.cn-semiconductorparts.com\/es\/product\/factory-outlets-for-carbon-heat-resistance-rigid-thermal-insulation-material-felts-soft-felt-graphite-roller\/","title":{"rendered":"factory Outlets for Carbon Heat Resistance Rigid Thermal Insulation Material Felts Soft Felt Graphite Roller"},"content":{"rendered":"","protected":false},"excerpt":{"rendered":"<p>Weitai Energy Technology Co., Ltd. es un proveedor l\u00edder de cer\u00e1mica de semiconductores avanzados y el \u00fanico fabricante en China que puede proporcionar simult\u00e1neamente la cer\u00e1mica de carburo de silicio de alta pureza (especialmente el SIC recristalizado) y el recubrimiento CVD SIC. Adem\u00e1s, nuestra empresa tambi\u00e9n est\u00e1 comprometida con campos de cer\u00e1mica como al\u00famina, nitruro de aluminio, circon\u00eda y nitruro de silicio, etc.<\/p>","protected":false},"featured_media":958,"comment_status":"closed","ping_status":"open","template":"","meta":[],"product_brand":[],"product_cat":[15],"product_tag":[],"class_list":{"0":"post-1751","1":"product","2":"type-product","3":"status-publish","4":"has-post-thumbnail","6":"product_cat-uncategorized","8":"first","9":"instock","10":"product-type-simple"},"_links":{"self":[{"href":"https:\/\/www.cn-semiconductorparts.com\/es\/wp-json\/wp\/v2\/product\/1751","targetHints":{"allow":["GET"]}}],"collection":[{"href":"https:\/\/www.cn-semiconductorparts.com\/es\/wp-json\/wp\/v2\/product"}],"about":[{"href":"https:\/\/www.cn-semiconductorparts.com\/es\/wp-json\/wp\/v2\/types\/product"}],"replies":[{"embeddable":true,"href":"https:\/\/www.cn-semiconductorparts.com\/es\/wp-json\/wp\/v2\/comments?post=1751"}],"wp:featuredmedia":[{"embeddable":true,"href":"https:\/\/www.cn-semiconductorparts.com\/es\/wp-json\/wp\/v2\/media\/958"}],"wp:attachment":[{"href":"https:\/\/www.cn-semiconductorparts.com\/es\/wp-json\/wp\/v2\/media?parent=1751"}],"wp:term":[{"taxonomy":"product_brand","embeddable":true,"href":"https:\/\/www.cn-semiconductorparts.com\/es\/wp-json\/wp\/v2\/product_brand?post=1751"},{"taxonomy":"product_cat","embeddable":true,"href":"https:\/\/www.cn-semiconductorparts.com\/es\/wp-json\/wp\/v2\/product_cat?post=1751"},{"taxonomy":"product_tag","embeddable":true,"href":"https:\/\/www.cn-semiconductorparts.com\/es\/wp-json\/wp\/v2\/product_tag?post=1751"}],"curies":[{"name":"WP","href":"https:\/\/api.w.org\/{rel}","templated":true}]}}