{"id":1780,"date":"2025-09-11T05:30:58","date_gmt":"2025-09-11T05:30:58","guid":{"rendered":"https:\/\/weitai2.globaldeepsea.site\/product\/quartz-boat\/"},"modified":"2026-04-29T15:31:09","modified_gmt":"2026-04-29T07:31:09","slug":"quartz-boat","status":"publish","type":"product","link":"https:\/\/www.cn-semiconductorparts.com\/es\/product\/quartz-boat\/","title":{"rendered":"Bote de cuarzo"},"content":{"rendered":"<p><?xml encoding=\"utf-8\" ?><\/p>\n<div class=\"fl-builder-content fl-builder-content-7160 fl-builder-content-primary fl-builder-global-templates-locked\" data-post-id=\"7160\">\n<div class=\"fl-row fl-row-full-width fl-row-bg-none fl-node-6606509e95f91\" data-node=\"6606509e95f91\">\n<div class=\"fl-row-content-wrap\">\n<div class=\"fl-row-content fl-row-full-width fl-node-content\">\n<div class=\"fl-col-group fl-node-6606509e95fd4\" data-node=\"6606509e95fd4\">\n<div class=\"fl-col fl-node-6606509e96017\" data-node=\"6606509e96017\" style=\"width: 100%;\">\n<div class=\"fl-col-content fl-node-content\">\n<div class=\"fl-module fl-module-rich-text fl-node-6606509e96057\" data-animation-delay=\"0.0\" data-node=\"6606509e96057\">\n<div class=\"fl-module-content fl-node-content\">\n<div class=\"fl-rich-text\">\n<p>A quartz glass carrier used for processing chips. Available in vertical and horizontal types, as well as small-diameter quartz racks and special carriers for solar cells. Additionally, repair, cleaning, and modification services are also provided.<\/p>\n<p>&nbsp;<\/p>\n<p>Utilizado en procesos de difusi\u00f3n, oxidaci\u00f3n y deposici\u00f3n de pel\u00edculas (CVD).<\/p>\n<p>Tipos de transferencia autom\u00e1tica vertical y horizontal.<\/p>\n<div id=\"gtx-trans\" style=\"position: absolute; left: 102px; top: 42.8906px;\">&nbsp;<\/div>\n<\/p><\/div>\n<\/p><\/div>\n<\/p><\/div>\n<\/p><\/div>\n<\/p><\/div>\n<\/p><\/div>\n<div class=\"fl-col-group fl-node-660652ebdf73d\" data-node=\"660652ebdf73d\">\n<div class=\"fl-col fl-node-660652ebdf90b\" data-node=\"660652ebdf90b\" style=\"width: 100%;\">\n<div class=\"fl-col-content fl-node-content\">\n<div class=\"fl-module fl-module-rich-text fl-node-660652ebdf5dc\" data-animation-delay=\"0.0\" data-node=\"660652ebdf5dc\">\n<div class=\"fl-module-content fl-node-content\">\n<div class=\"fl-rich-text\">\n<p>Professional quartz boat, providing 8-inch and 12-inch manual and automatic alignment wafer boats, which can be customized according to customer needs<br \/>Utilizado en procesos de difusi\u00f3n, oxidaci\u00f3n y CVD<br \/>Tambi\u00e9n se puede utilizar para el transporte autom\u00e1tico vertical y horizontal<br \/>Proporcionar servicios de limpieza, modificaci\u00f3n y reparaci\u00f3n<\/p>\n<div id=\"gtx-trans\" style=\"position: absolute; left: 136px; top: 26px;\">&nbsp;<\/div>\n<\/p><\/div>\n<\/p><\/div>\n<\/p><\/div>\n<\/p><\/div>\n<\/p><\/div>\n<\/p><\/div>\n<div class=\"fl-col-group fl-node-6606509e960d7\" data-node=\"6606509e960d7\">\n<div class=\"fl-col fl-node-6606509e96116\" data-node=\"6606509e96116\" style=\"width: 100%;\">\n<div class=\"fl-col-content fl-node-content\">\n<div class=\"fl-module fl-module-photo fl-node-6606509e96156\" data-animation-delay=\"0.0\" data-node=\"6606509e96156\">\n<div class=\"fl-module-content fl-node-content\">\n<div class=\"fl-photo fl-photo-align-center\" itemscope=\"\" itemtype=\"http:\/\/schema.org\/ImageObject\">\n<div class=\"fl-photo-content fl-photo-img-png\"> <img decoding=\"async\" alt=\"Bote de cuarzo\" class=\"fl-photo-img wp-image-7163\" itemprop=\"image\" src=\"\/wp-content\/uploads\/2025\/09\/7249912a47b6cb33.webp\"> <\/div>\n<\/p><\/div>\n<\/p><\/div>\n<\/p><\/div>\n<\/p><\/div>\n<\/p><\/div>\n<\/p><\/div>\n<div class=\"fl-col-group fl-node-6606509e96195\" data-node=\"6606509e96195\">\n<div class=\"fl-col fl-node-6606509e961d4\" data-node=\"6606509e961d4\" style=\"width: 100%;\">\n<div class=\"fl-col-content fl-node-content\">\n<div class=\"fl-module fl-module-photo fl-node-6606509e96213\" data-animation-delay=\"0.0\" data-node=\"6606509e96213\">\n<div class=\"fl-module-content fl-node-content\">\n<div class=\"fl-photo fl-photo-align-center\" itemscope=\"\" itemtype=\"http:\/\/schema.org\/ImageObject\">\n<div class=\"fl-photo-content fl-photo-img-jpg\"> <img decoding=\"async\" alt=\"Lugar de trabajo de semicera\" class=\"fl-photo-img wp-image-7142\" itemprop=\"image\" src=\"\/wp-content\/uploads\/2025\/09\/b1dd0bcab1675ff4.webp\"> <\/div>\n<\/p><\/div>\n<\/p><\/div>\n<\/p><\/div>\n<div class=\"fl-module fl-module-photo fl-node-6606509e96252\" data-animation-delay=\"0.0\" data-node=\"6606509e96252\">\n<div class=\"fl-module-content fl-node-content\">\n<div class=\"fl-photo fl-photo-align-center\" itemscope=\"\" itemtype=\"http:\/\/schema.org\/ImageObject\">\n<div class=\"fl-photo-content fl-photo-img-jpg\"> <img decoding=\"async\" alt=\"Semicera Work Place 2\" class=\"fl-photo-img wp-image-7141\" itemprop=\"image\" src=\"\/wp-content\/uploads\/2025\/09\/2b946d2b4b61306d.webp\"> <\/div>\n<\/p><\/div>\n<\/p><\/div>\n<\/p><\/div>\n<div class=\"fl-module fl-module-photo fl-node-6606509e9630f\" data-animation-delay=\"0.0\" data-node=\"6606509e9630f\">\n<div class=\"fl-module-content fl-node-content\">\n<div class=\"fl-photo fl-photo-align-center\" itemscope=\"\" itemtype=\"http:\/\/schema.org\/ImageObject\">\n<div class=\"fl-photo-content fl-photo-img-jpg\"> <img decoding=\"async\" alt=\"M\u00e1quina de equipos\" class=\"fl-photo-img wp-image-7138\" itemprop=\"image\" src=\"\/wp-content\/uploads\/2025\/09\/081b6529d68ead23.webp\"> <\/div>\n<\/p><\/div>\n<\/p><\/div>\n<\/p><\/div>\n<div class=\"fl-module fl-module-photo fl-node-6606509e962d0\" data-animation-delay=\"0.0\" data-node=\"6606509e962d0\">\n<div class=\"fl-module-content fl-node-content\">\n<div class=\"fl-photo fl-photo-align-center\" itemscope=\"\" itemtype=\"http:\/\/schema.org\/ImageObject\">\n<div class=\"fl-photo-content fl-photo-img-jpg\"> <img decoding=\"async\" alt=\"Procesamiento de CNN, limpieza qu\u00edmica, recubrimiento de CVD\" class=\"fl-photo-img wp-image-7137\" itemprop=\"image\" src=\"\/wp-content\/uploads\/2025\/09\/a4132b2b399abbac.webp\"> <\/div>\n<\/p><\/div>\n<\/p><\/div>\n<\/p><\/div>\n<div class=\"fl-module fl-module-photo fl-node-6606509e96291\" data-animation-delay=\"0.0\" data-node=\"6606509e96291\">\n<div class=\"fl-module-content fl-node-content\">\n<div class=\"fl-photo fl-photo-align-center\" itemscope=\"\" itemtype=\"http:\/\/schema.org\/ImageObject\">\n<div class=\"fl-photo-content fl-photo-img-jpg\"> <img decoding=\"async\" alt=\"Casa de Ware de Semicera\" class=\"fl-photo-img wp-image-7140\" itemprop=\"image\" src=\"\/wp-content\/uploads\/2025\/09\/2190bb9ce5c1d546.webp\"> <\/div>\n<\/p><\/div>\n<\/p><\/div>\n<\/p><\/div>\n<div class=\"fl-module fl-module-photo fl-node-6606509e9634e\" data-animation-delay=\"0.0\" data-node=\"6606509e9634e\">\n<div class=\"fl-module-content fl-node-content\">\n<div class=\"fl-photo fl-photo-align-center\" itemscope=\"\" itemtype=\"http:\/\/schema.org\/ImageObject\">\n<div class=\"fl-photo-content fl-photo-img-jpg\"> <img decoding=\"async\" alt=\"Nuestro servicio\" class=\"fl-photo-img wp-image-7139\" itemprop=\"image\" src=\"\/wp-content\/uploads\/2025\/09\/b07f222c0ec0ab8d.webp\"> <\/div>\n<\/p><\/div>\n<\/p><\/div>\n<\/p><\/div>\n<\/p><\/div>\n<\/p><\/div>\n<\/p><\/div>\n<\/p><\/div>\n<\/p><\/div>\n<\/p><\/div>\n<\/div>","protected":false},"excerpt":{"rendered":"<p><?xml encoding=\"utf-8\" ?><\/p>\n<p>Our semiconductor Quartz boat&nbsp;provide high-quality solutions for your industrial applications. Made from premium quartz materials, these products are suitable for various semiconductor processes, including diffusion, oxidation, and deposition (CVD). Available in both vertical and horizontal configurations, we offer a range of sizes and specifications to meet your needs. Choose our semiconductor Quartz boat&nbsp;for excellent performance and reliability in your production line.<\/p>","protected":false},"featured_media":651,"comment_status":"closed","ping_status":"open","template":"","meta":[],"product_brand":[],"product_cat":[61,19],"product_tag":[],"class_list":{"0":"post-1780","1":"product","2":"type-product","3":"status-publish","4":"has-post-thumbnail","6":"product_cat-furnace-core-tubes","7":"product_cat-quartz","9":"first","10":"instock","11":"product-type-simple"},"_links":{"self":[{"href":"https:\/\/www.cn-semiconductorparts.com\/es\/wp-json\/wp\/v2\/product\/1780","targetHints":{"allow":["GET"]}}],"collection":[{"href":"https:\/\/www.cn-semiconductorparts.com\/es\/wp-json\/wp\/v2\/product"}],"about":[{"href":"https:\/\/www.cn-semiconductorparts.com\/es\/wp-json\/wp\/v2\/types\/product"}],"replies":[{"embeddable":true,"href":"https:\/\/www.cn-semiconductorparts.com\/es\/wp-json\/wp\/v2\/comments?post=1780"}],"wp:featuredmedia":[{"embeddable":true,"href":"https:\/\/www.cn-semiconductorparts.com\/es\/wp-json\/wp\/v2\/media\/651"}],"wp:attachment":[{"href":"https:\/\/www.cn-semiconductorparts.com\/es\/wp-json\/wp\/v2\/media?parent=1780"}],"wp:term":[{"taxonomy":"product_brand","embeddable":true,"href":"https:\/\/www.cn-semiconductorparts.com\/es\/wp-json\/wp\/v2\/product_brand?post=1780"},{"taxonomy":"product_cat","embeddable":true,"href":"https:\/\/www.cn-semiconductorparts.com\/es\/wp-json\/wp\/v2\/product_cat?post=1780"},{"taxonomy":"product_tag","embeddable":true,"href":"https:\/\/www.cn-semiconductorparts.com\/es\/wp-json\/wp\/v2\/product_tag?post=1780"}],"curies":[{"name":"WP","href":"https:\/\/api.w.org\/{rel}","templated":true}]}}