{"id":1862,"date":"2025-09-11T05:31:25","date_gmt":"2025-09-11T05:31:25","guid":{"rendered":"https:\/\/weitai2.globaldeepsea.site\/product\/factory-supply-silicon-carbide-ceramic-protect-tube-for-furnace\/"},"modified":"2026-04-29T15:30:37","modified_gmt":"2026-04-29T07:30:37","slug":"factory-supply-silicon-carbide-ceramic-protect-tube-for-furnace","status":"publish","type":"product","link":"https:\/\/www.cn-semiconductorparts.com\/es\/product\/factory-supply-silicon-carbide-ceramic-protect-tube-for-furnace\/","title":{"rendered":"Factory Supply Silicon Carbide Ceramic Protect Tube for Furnace"},"content":{"rendered":"","protected":false},"excerpt":{"rendered":"<p>El tubo de carburo de silicio tiene alta resistencia, alta dureza, buena resistencia al desgaste, resistencia a la temperatura alta, resistencia a la corrosi\u00f3n, buena resistencia al calor y un choque, una gran conductividad t\u00e9rmica y una buena resistencia a la oxidaci\u00f3n y otras propiedades superiores.<\/p>","protected":false},"featured_media":983,"comment_status":"closed","ping_status":"open","template":"","meta":[],"product_brand":[],"product_cat":[15],"product_tag":[],"class_list":{"0":"post-1862","1":"product","2":"type-product","3":"status-publish","4":"has-post-thumbnail","6":"product_cat-uncategorized","8":"first","9":"instock","10":"product-type-simple"},"_links":{"self":[{"href":"https:\/\/www.cn-semiconductorparts.com\/es\/wp-json\/wp\/v2\/product\/1862","targetHints":{"allow":["GET"]}}],"collection":[{"href":"https:\/\/www.cn-semiconductorparts.com\/es\/wp-json\/wp\/v2\/product"}],"about":[{"href":"https:\/\/www.cn-semiconductorparts.com\/es\/wp-json\/wp\/v2\/types\/product"}],"replies":[{"embeddable":true,"href":"https:\/\/www.cn-semiconductorparts.com\/es\/wp-json\/wp\/v2\/comments?post=1862"}],"wp:featuredmedia":[{"embeddable":true,"href":"https:\/\/www.cn-semiconductorparts.com\/es\/wp-json\/wp\/v2\/media\/983"}],"wp:attachment":[{"href":"https:\/\/www.cn-semiconductorparts.com\/es\/wp-json\/wp\/v2\/media?parent=1862"}],"wp:term":[{"taxonomy":"product_brand","embeddable":true,"href":"https:\/\/www.cn-semiconductorparts.com\/es\/wp-json\/wp\/v2\/product_brand?post=1862"},{"taxonomy":"product_cat","embeddable":true,"href":"https:\/\/www.cn-semiconductorparts.com\/es\/wp-json\/wp\/v2\/product_cat?post=1862"},{"taxonomy":"product_tag","embeddable":true,"href":"https:\/\/www.cn-semiconductorparts.com\/es\/wp-json\/wp\/v2\/product_tag?post=1862"}],"curies":[{"name":"WP","href":"https:\/\/api.w.org\/{rel}","templated":true}]}}