{"id":1863,"date":"2025-09-11T05:31:25","date_gmt":"2025-09-11T05:31:25","guid":{"rendered":"https:\/\/weitai2.globaldeepsea.site\/product\/oem-factory-for-customizable-high-temperature-and-corrosion-resistant-sic-paddle\/"},"modified":"2026-04-29T15:30:37","modified_gmt":"2026-04-29T07:30:37","slug":"oem-factory-for-customizable-high-temperature-and-corrosion-resistant-sic-paddle","status":"publish","type":"product","link":"https:\/\/www.cn-semiconductorparts.com\/es\/product\/oem-factory-for-customizable-high-temperature-and-corrosion-resistant-sic-paddle\/","title":{"rendered":"OEM Factory for Customizable High Temperature and Corrosion Resistant Sic Paddle"},"content":{"rendered":"","protected":false},"excerpt":{"rendered":"<p>La paleta de carburo de silicio, tambi\u00e9n conocida como paleta de voladizo de carburo de silicio, el rayo de voladizo de carburo de silicio es un tipo de productos cer\u00e1micos de carburo de silicio despu\u00e9s de 1850 \u2103 Sinterizaci\u00f3n de alta temperatura, pero sinterizaci\u00f3n de altas temperaturas de silicio, la cer\u00e1mica de carburo de silicio es una temperatura de cer\u00e1mica especiales, con las part\u00edculas finas \u03b1-cicatrizas y los accesorios presionados en un espacio en blanco, en el contacto con el contacto de silicio con l\u00edquido. de reacci\u00f3n de Si, la formaci\u00f3n de \u03b2-SIC, y combinada con \u03b1-SiC, silicio libre llen\u00f3 la porosidad, para obtener materiales cer\u00e1micos de alta densidad; Tiene varias propiedades superiores de la cer\u00e1mica industrial.<\/p>","protected":false},"featured_media":916,"comment_status":"closed","ping_status":"open","template":"","meta":[],"product_brand":[],"product_cat":[15],"product_tag":[],"class_list":{"0":"post-1863","1":"product","2":"type-product","3":"status-publish","4":"has-post-thumbnail","6":"product_cat-uncategorized","8":"first","9":"instock","10":"product-type-simple"},"_links":{"self":[{"href":"https:\/\/www.cn-semiconductorparts.com\/es\/wp-json\/wp\/v2\/product\/1863","targetHints":{"allow":["GET"]}}],"collection":[{"href":"https:\/\/www.cn-semiconductorparts.com\/es\/wp-json\/wp\/v2\/product"}],"about":[{"href":"https:\/\/www.cn-semiconductorparts.com\/es\/wp-json\/wp\/v2\/types\/product"}],"replies":[{"embeddable":true,"href":"https:\/\/www.cn-semiconductorparts.com\/es\/wp-json\/wp\/v2\/comments?post=1863"}],"wp:featuredmedia":[{"embeddable":true,"href":"https:\/\/www.cn-semiconductorparts.com\/es\/wp-json\/wp\/v2\/media\/916"}],"wp:attachment":[{"href":"https:\/\/www.cn-semiconductorparts.com\/es\/wp-json\/wp\/v2\/media?parent=1863"}],"wp:term":[{"taxonomy":"product_brand","embeddable":true,"href":"https:\/\/www.cn-semiconductorparts.com\/es\/wp-json\/wp\/v2\/product_brand?post=1863"},{"taxonomy":"product_cat","embeddable":true,"href":"https:\/\/www.cn-semiconductorparts.com\/es\/wp-json\/wp\/v2\/product_cat?post=1863"},{"taxonomy":"product_tag","embeddable":true,"href":"https:\/\/www.cn-semiconductorparts.com\/es\/wp-json\/wp\/v2\/product_tag?post=1863"}],"curies":[{"name":"WP","href":"https:\/\/api.w.org\/{rel}","templated":true}]}}