{"id":1884,"date":"2025-09-11T05:31:32","date_gmt":"2025-09-11T05:31:32","guid":{"rendered":"https:\/\/weitai2.globaldeepsea.site\/product\/2019-china-new-design-high-anti-abrasion-cyclone-carborundum-sleeve-tube-sic-pipe-lining-silicon-carbide\/"},"modified":"2026-04-29T15:30:29","modified_gmt":"2026-04-29T07:30:29","slug":"2019-china-new-design-high-anti-abrasion-cyclone-carborundum-sleeve-tube-sic-pipe-lining-silicon-carbide","status":"publish","type":"product","link":"https:\/\/www.cn-semiconductorparts.com\/es\/product\/2019-china-new-design-high-anti-abrasion-cyclone-carborundum-sleeve-tube-sic-pipe-lining-silicon-carbide\/","title":{"rendered":"2019 China New Design High Anti-Abrasion Cyclone Carborundum Sleeve Tube Sic Pipe Lining Silicon Carbide"},"content":{"rendered":"","protected":false},"excerpt":{"rendered":"<p>Weitai Energy Technology Co., Ltd. es un proveedor l\u00edder especializado en obleas y consumo de semiconductores avanzados. Estamos dedicados a proporcionar productos de alta calidad, confiables e innovadores a la fabricaci\u00f3n de semiconductores, la industria fotovoltaica y otros campos relacionados. \u00f3xido y etc. Como un proveedor de confianza, entendemos la importancia de los consumibles en el proceso de fabricaci\u00f3n, y estamos comprometidos a entregar productos que satisfagan los est\u00e1ndares de la m\u00e1s alta calidad para satisfacer las necesidades de nuestros clientes.<\/p>","protected":false},"featured_media":1148,"comment_status":"closed","ping_status":"open","template":"","meta":[],"product_brand":[],"product_cat":[15],"product_tag":[],"class_list":{"0":"post-1884","1":"product","2":"type-product","3":"status-publish","4":"has-post-thumbnail","6":"product_cat-uncategorized","8":"first","9":"instock","10":"product-type-simple"},"_links":{"self":[{"href":"https:\/\/www.cn-semiconductorparts.com\/es\/wp-json\/wp\/v2\/product\/1884","targetHints":{"allow":["GET"]}}],"collection":[{"href":"https:\/\/www.cn-semiconductorparts.com\/es\/wp-json\/wp\/v2\/product"}],"about":[{"href":"https:\/\/www.cn-semiconductorparts.com\/es\/wp-json\/wp\/v2\/types\/product"}],"replies":[{"embeddable":true,"href":"https:\/\/www.cn-semiconductorparts.com\/es\/wp-json\/wp\/v2\/comments?post=1884"}],"wp:featuredmedia":[{"embeddable":true,"href":"https:\/\/www.cn-semiconductorparts.com\/es\/wp-json\/wp\/v2\/media\/1148"}],"wp:attachment":[{"href":"https:\/\/www.cn-semiconductorparts.com\/es\/wp-json\/wp\/v2\/media?parent=1884"}],"wp:term":[{"taxonomy":"product_brand","embeddable":true,"href":"https:\/\/www.cn-semiconductorparts.com\/es\/wp-json\/wp\/v2\/product_brand?post=1884"},{"taxonomy":"product_cat","embeddable":true,"href":"https:\/\/www.cn-semiconductorparts.com\/es\/wp-json\/wp\/v2\/product_cat?post=1884"},{"taxonomy":"product_tag","embeddable":true,"href":"https:\/\/www.cn-semiconductorparts.com\/es\/wp-json\/wp\/v2\/product_tag?post=1884"}],"curies":[{"name":"WP","href":"https:\/\/api.w.org\/{rel}","templated":true}]}}