{"id":1934,"date":"2025-09-11T05:31:52","date_gmt":"2025-09-11T05:31:52","guid":{"rendered":"https:\/\/weitai2.globaldeepsea.site\/product\/fixed-competitive-price-customized-reaction-sintering-silicon-carbide-sic-ceramic-cone-nozzles-for-industrial-desulfurating\/"},"modified":"2026-04-29T15:30:01","modified_gmt":"2026-04-29T07:30:01","slug":"fixed-competitive-price-customized-reaction-sintering-silicon-carbide-sic-ceramic-cone-nozzles-for-industrial-desulfurating","status":"publish","type":"product","link":"https:\/\/www.cn-semiconductorparts.com\/es\/product\/fixed-competitive-price-customized-reaction-sintering-silicon-carbide-sic-ceramic-cone-nozzles-for-industrial-desulfurating\/","title":{"rendered":"Fixed Competitive Price Customized Reaction Sintering Silicon Carbide Sic Ceramic Cone Nozzles for Industrial Desulfurating"},"content":{"rendered":"","protected":false},"excerpt":{"rendered":"<p>Weitai EnergyTechnology Co., Ltd. Es un proveedor l\u00edder especializado en obleas y consumo de semiconductores avanzados. Estamos dedicados a proporcionar productos de alta calidad, confiables e innovadores a la fabricaci\u00f3n de semiconductores, la industria fotovoltaica y otros campos relacionados. \u00f3xido de aluminio y etc. Como un proveedor confiable, entendemos la importancia de los consumibles en el proceso de fabricaci\u00f3n, y estamos comprometidos a entregar productos que cumplan con los est\u00e1ndares de m\u00e1s altos est\u00e1ndares para satisfacer las necesidades de nuestros clientes.<\/p>","protected":false},"featured_media":1151,"comment_status":"closed","ping_status":"open","template":"","meta":[],"product_brand":[],"product_cat":[15],"product_tag":[],"class_list":{"0":"post-1934","1":"product","2":"type-product","3":"status-publish","4":"has-post-thumbnail","6":"product_cat-uncategorized","8":"first","9":"instock","10":"product-type-simple"},"_links":{"self":[{"href":"https:\/\/www.cn-semiconductorparts.com\/es\/wp-json\/wp\/v2\/product\/1934","targetHints":{"allow":["GET"]}}],"collection":[{"href":"https:\/\/www.cn-semiconductorparts.com\/es\/wp-json\/wp\/v2\/product"}],"about":[{"href":"https:\/\/www.cn-semiconductorparts.com\/es\/wp-json\/wp\/v2\/types\/product"}],"replies":[{"embeddable":true,"href":"https:\/\/www.cn-semiconductorparts.com\/es\/wp-json\/wp\/v2\/comments?post=1934"}],"wp:featuredmedia":[{"embeddable":true,"href":"https:\/\/www.cn-semiconductorparts.com\/es\/wp-json\/wp\/v2\/media\/1151"}],"wp:attachment":[{"href":"https:\/\/www.cn-semiconductorparts.com\/es\/wp-json\/wp\/v2\/media?parent=1934"}],"wp:term":[{"taxonomy":"product_brand","embeddable":true,"href":"https:\/\/www.cn-semiconductorparts.com\/es\/wp-json\/wp\/v2\/product_brand?post=1934"},{"taxonomy":"product_cat","embeddable":true,"href":"https:\/\/www.cn-semiconductorparts.com\/es\/wp-json\/wp\/v2\/product_cat?post=1934"},{"taxonomy":"product_tag","embeddable":true,"href":"https:\/\/www.cn-semiconductorparts.com\/es\/wp-json\/wp\/v2\/product_tag?post=1934"}],"curies":[{"name":"WP","href":"https:\/\/api.w.org\/{rel}","templated":true}]}}