{"id":2040,"date":"2025-09-11T05:32:25","date_gmt":"2025-09-11T05:32:25","guid":{"rendered":"https:\/\/weitai2.globaldeepsea.site\/product\/low-price-for-long-service-life-refractory-rsic-silicon-carbide-kiln-furniture-for-tableware\/"},"modified":"2026-04-29T15:29:22","modified_gmt":"2026-04-29T07:29:22","slug":"low-price-for-long-service-life-refractory-rsic-silicon-carbide-kiln-furniture-for-tableware","status":"publish","type":"product","link":"https:\/\/www.cn-semiconductorparts.com\/es\/product\/low-price-for-long-service-life-refractory-rsic-silicon-carbide-kiln-furniture-for-tableware\/","title":{"rendered":"Low price for Long Service Life Refractory Rsic Silicon Carbide Kiln Furniture for Tableware"},"content":{"rendered":"","protected":false},"excerpt":{"rendered":"<p>Weitai Energy Technology Co., Ltd. Es un proveedor l\u00edder de cer\u00e1mica de semiconductores avanzados y el \u00fanico fabricante en China que puede proporcionar simult\u00e1neamente la cer\u00e1mica de carburo de silicio de alta pureza (especialmente el recubrimiento de CVD SIC. Adem\u00e1s, nuestra empresa tambi\u00e9n est\u00e1 comprometida con campos de cer\u00e1mica como al\u00famina, nitruro de aluminio, circon\u00eda y nitruro de silicio, etc.<\/p>","protected":false},"featured_media":814,"comment_status":"closed","ping_status":"open","template":"","meta":[],"product_brand":[],"product_cat":[63,21],"product_tag":[],"class_list":{"0":"post-2040","1":"product","2":"type-product","3":"status-publish","4":"has-post-thumbnail","6":"product_cat-siliconized-graphite","7":"product_cat-specialty-graphite","9":"first","10":"instock","11":"product-type-simple"},"_links":{"self":[{"href":"https:\/\/www.cn-semiconductorparts.com\/es\/wp-json\/wp\/v2\/product\/2040","targetHints":{"allow":["GET"]}}],"collection":[{"href":"https:\/\/www.cn-semiconductorparts.com\/es\/wp-json\/wp\/v2\/product"}],"about":[{"href":"https:\/\/www.cn-semiconductorparts.com\/es\/wp-json\/wp\/v2\/types\/product"}],"replies":[{"embeddable":true,"href":"https:\/\/www.cn-semiconductorparts.com\/es\/wp-json\/wp\/v2\/comments?post=2040"}],"wp:featuredmedia":[{"embeddable":true,"href":"https:\/\/www.cn-semiconductorparts.com\/es\/wp-json\/wp\/v2\/media\/814"}],"wp:attachment":[{"href":"https:\/\/www.cn-semiconductorparts.com\/es\/wp-json\/wp\/v2\/media?parent=2040"}],"wp:term":[{"taxonomy":"product_brand","embeddable":true,"href":"https:\/\/www.cn-semiconductorparts.com\/es\/wp-json\/wp\/v2\/product_brand?post=2040"},{"taxonomy":"product_cat","embeddable":true,"href":"https:\/\/www.cn-semiconductorparts.com\/es\/wp-json\/wp\/v2\/product_cat?post=2040"},{"taxonomy":"product_tag","embeddable":true,"href":"https:\/\/www.cn-semiconductorparts.com\/es\/wp-json\/wp\/v2\/product_tag?post=2040"}],"curies":[{"name":"WP","href":"https:\/\/api.w.org\/{rel}","templated":true}]}}