{"id":2048,"date":"2025-09-11T05:32:25","date_gmt":"2025-09-11T05:32:25","guid":{"rendered":"https:\/\/weitai2.globaldeepsea.site\/product\/top-suppliers-high-temperature-silicon-carbide-kiln-shelf-silicon-carbide-ceramic-plates-refractory-sic-plate-with-1450c-1650c\/"},"modified":"2026-04-29T15:29:25","modified_gmt":"2026-04-29T07:29:25","slug":"top-suppliers-high-temperature-silicon-carbide-kiln-shelf-silicon-carbide-ceramic-plates-refractory-sic-plate-with-1450c-1650c","status":"publish","type":"product","link":"https:\/\/www.cn-semiconductorparts.com\/es\/product\/top-suppliers-high-temperature-silicon-carbide-kiln-shelf-silicon-carbide-ceramic-plates-refractory-sic-plate-with-1450c-1650c\/","title":{"rendered":"Top Suppliers High Temperature Silicon Carbide Kiln Shelf Silicon Carbide Ceramic Plates Refractory Sic Plate with 1450c 1650c"},"content":{"rendered":"","protected":false},"excerpt":{"rendered":"<p>Weitai EnergyTechnology Co., Ltd. Es un proveedor l\u00edder especializado en obleas y consumo de semiconductores avanzados. Estamos dedicados a proporcionar productos de alta calidad, confiables e innovadores a la fabricaci\u00f3n de semiconductores, la industria fotovoltaica y otros campos relacionados. \u00f3xido de aluminio y etc. Como un proveedor confiable, entendemos la importancia de los consumibles en el proceso de fabricaci\u00f3n, y estamos comprometidos a entregar productos que cumplan con los est\u00e1ndares de m\u00e1s altos est\u00e1ndares para satisfacer las necesidades de nuestros clientes.<\/p>","protected":false},"featured_media":1007,"comment_status":"closed","ping_status":"open","template":"","meta":[],"product_brand":[],"product_cat":[15],"product_tag":[],"class_list":{"0":"post-2048","1":"product","2":"type-product","3":"status-publish","4":"has-post-thumbnail","6":"product_cat-uncategorized","8":"first","9":"instock","10":"product-type-simple"},"_links":{"self":[{"href":"https:\/\/www.cn-semiconductorparts.com\/es\/wp-json\/wp\/v2\/product\/2048","targetHints":{"allow":["GET"]}}],"collection":[{"href":"https:\/\/www.cn-semiconductorparts.com\/es\/wp-json\/wp\/v2\/product"}],"about":[{"href":"https:\/\/www.cn-semiconductorparts.com\/es\/wp-json\/wp\/v2\/types\/product"}],"replies":[{"embeddable":true,"href":"https:\/\/www.cn-semiconductorparts.com\/es\/wp-json\/wp\/v2\/comments?post=2048"}],"wp:featuredmedia":[{"embeddable":true,"href":"https:\/\/www.cn-semiconductorparts.com\/es\/wp-json\/wp\/v2\/media\/1007"}],"wp:attachment":[{"href":"https:\/\/www.cn-semiconductorparts.com\/es\/wp-json\/wp\/v2\/media?parent=2048"}],"wp:term":[{"taxonomy":"product_brand","embeddable":true,"href":"https:\/\/www.cn-semiconductorparts.com\/es\/wp-json\/wp\/v2\/product_brand?post=2048"},{"taxonomy":"product_cat","embeddable":true,"href":"https:\/\/www.cn-semiconductorparts.com\/es\/wp-json\/wp\/v2\/product_cat?post=2048"},{"taxonomy":"product_tag","embeddable":true,"href":"https:\/\/www.cn-semiconductorparts.com\/es\/wp-json\/wp\/v2\/product_tag?post=2048"}],"curies":[{"name":"WP","href":"https:\/\/api.w.org\/{rel}","templated":true}]}}