{"id":2119,"date":"2025-09-11T05:32:53","date_gmt":"2025-09-11T05:32:53","guid":{"rendered":"https:\/\/weitai2.globaldeepsea.site\/product\/new-arrival-china-silicon-nitride-ceramic-plate-custom-processing-mechanical-arm-silicon-nitride-ceramic-sheet-picker\/"},"modified":"2026-04-29T15:28:49","modified_gmt":"2026-04-29T07:28:49","slug":"new-arrival-china-silicon-nitride-ceramic-plate-custom-processing-mechanical-arm-silicon-nitride-ceramic-sheet-picker","status":"publish","type":"product","link":"https:\/\/www.cn-semiconductorparts.com\/es\/product\/new-arrival-china-silicon-nitride-ceramic-plate-custom-processing-mechanical-arm-silicon-nitride-ceramic-sheet-picker\/","title":{"rendered":"New Arrival China Silicon Nitride Ceramic Plate Custom Processing Mechanical Arm Silicon Nitride Ceramic Sheet Picker"},"content":{"rendered":"","protected":false},"excerpt":{"rendered":"<p>La circonia es un material con alta resistencia mec\u00e1nica y resistencia a la fractura a temperatura ambiente. Nuestro circonio (ZRO2) se agrega con Zirconia estable parcial 3MOL%Y2O3 (PSZ). Debido a que el di\u00e1metro de part\u00edcula del material PSZ es peque\u00f1o, se puede procesar con alta precisi\u00f3n y su aplicaci\u00f3n en piezas de mecanizado de precisi\u00f3n como los moldes se est\u00e1 expandiendo. Adem\u00e1s, tambi\u00e9n se puede utilizar para herramientas industriales, piezas de conector \u00f3ptico y medios de equipos de trituraci\u00f3n. La alta resistencia a la fractura de PSZ se puede utilizar para hacer resortes especiales, y tambi\u00e9n se usa ampliamente en cuchillos de cer\u00e1mica dom\u00e9stica, cortadores y otras partes.<\/p>","protected":false},"featured_media":1208,"comment_status":"closed","ping_status":"open","template":"","meta":[],"product_brand":[],"product_cat":[25,24],"product_tag":[],"class_list":{"0":"post-2119","1":"product","2":"type-product","3":"status-publish","4":"has-post-thumbnail","6":"product_cat-more-sic-product","7":"product_cat-silicon-carbide-ceramic","9":"first","10":"instock","11":"product-type-simple"},"_links":{"self":[{"href":"https:\/\/www.cn-semiconductorparts.com\/es\/wp-json\/wp\/v2\/product\/2119","targetHints":{"allow":["GET"]}}],"collection":[{"href":"https:\/\/www.cn-semiconductorparts.com\/es\/wp-json\/wp\/v2\/product"}],"about":[{"href":"https:\/\/www.cn-semiconductorparts.com\/es\/wp-json\/wp\/v2\/types\/product"}],"replies":[{"embeddable":true,"href":"https:\/\/www.cn-semiconductorparts.com\/es\/wp-json\/wp\/v2\/comments?post=2119"}],"wp:featuredmedia":[{"embeddable":true,"href":"https:\/\/www.cn-semiconductorparts.com\/es\/wp-json\/wp\/v2\/media\/1208"}],"wp:attachment":[{"href":"https:\/\/www.cn-semiconductorparts.com\/es\/wp-json\/wp\/v2\/media?parent=2119"}],"wp:term":[{"taxonomy":"product_brand","embeddable":true,"href":"https:\/\/www.cn-semiconductorparts.com\/es\/wp-json\/wp\/v2\/product_brand?post=2119"},{"taxonomy":"product_cat","embeddable":true,"href":"https:\/\/www.cn-semiconductorparts.com\/es\/wp-json\/wp\/v2\/product_cat?post=2119"},{"taxonomy":"product_tag","embeddable":true,"href":"https:\/\/www.cn-semiconductorparts.com\/es\/wp-json\/wp\/v2\/product_tag?post=2119"}],"curies":[{"name":"WP","href":"https:\/\/api.w.org\/{rel}","templated":true}]}}