{"id":2147,"date":"2025-09-11T05:32:59","date_gmt":"2025-09-11T05:32:59","guid":{"rendered":"https:\/\/weitai2.globaldeepsea.site\/product\/high-performance-semiconductor-processing-ceramic-robotic-arm-with-superior-performance\/"},"modified":"2026-04-29T15:28:45","modified_gmt":"2026-04-29T07:28:45","slug":"high-performance-semiconductor-processing-ceramic-robotic-arm-with-superior-performance","status":"publish","type":"product","link":"https:\/\/www.cn-semiconductorparts.com\/es\/product\/high-performance-semiconductor-processing-ceramic-robotic-arm-with-superior-performance\/","title":{"rendered":"Procesamiento de semiconductores de alto rendimiento brazo rob\u00f3tico de cer\u00e1mica con rendimiento superior"},"content":{"rendered":"","protected":false},"excerpt":{"rendered":"<p>Weitai Energy Technology Co., Ltd. es un proveedor l\u00edder especializado en obleas y consumo de semiconductores avanzados. Estamos dedicados a proporcionar productos de alta calidad, confiables e innovadores a la fabricaci\u00f3n de semiconductores, la industria fotovoltaica y otros campos relacionados. \u00f3xido y etc. Como un proveedor de confianza, entendemos la importancia de los consumibles en el proceso de fabricaci\u00f3n, y estamos comprometidos a entregar productos que satisfagan los est\u00e1ndares de la m\u00e1s alta calidad para satisfacer las necesidades de nuestros clientes.<\/p>","protected":false},"featured_media":1257,"comment_status":"closed","ping_status":"open","template":"","meta":[],"product_brand":[],"product_cat":[38,29],"product_tag":[],"class_list":{"0":"post-2147","1":"product","2":"type-product","3":"status-publish","4":"has-post-thumbnail","6":"product_cat-c-c-composite-cfc","7":"product_cat-carbon-fiber","9":"first","10":"instock","11":"product-type-simple"},"_links":{"self":[{"href":"https:\/\/www.cn-semiconductorparts.com\/es\/wp-json\/wp\/v2\/product\/2147","targetHints":{"allow":["GET"]}}],"collection":[{"href":"https:\/\/www.cn-semiconductorparts.com\/es\/wp-json\/wp\/v2\/product"}],"about":[{"href":"https:\/\/www.cn-semiconductorparts.com\/es\/wp-json\/wp\/v2\/types\/product"}],"replies":[{"embeddable":true,"href":"https:\/\/www.cn-semiconductorparts.com\/es\/wp-json\/wp\/v2\/comments?post=2147"}],"wp:featuredmedia":[{"embeddable":true,"href":"https:\/\/www.cn-semiconductorparts.com\/es\/wp-json\/wp\/v2\/media\/1257"}],"wp:attachment":[{"href":"https:\/\/www.cn-semiconductorparts.com\/es\/wp-json\/wp\/v2\/media?parent=2147"}],"wp:term":[{"taxonomy":"product_brand","embeddable":true,"href":"https:\/\/www.cn-semiconductorparts.com\/es\/wp-json\/wp\/v2\/product_brand?post=2147"},{"taxonomy":"product_cat","embeddable":true,"href":"https:\/\/www.cn-semiconductorparts.com\/es\/wp-json\/wp\/v2\/product_cat?post=2147"},{"taxonomy":"product_tag","embeddable":true,"href":"https:\/\/www.cn-semiconductorparts.com\/es\/wp-json\/wp\/v2\/product_tag?post=2147"}],"curies":[{"name":"WP","href":"https:\/\/api.w.org\/{rel}","templated":true}]}}