{"id":2158,"date":"2025-09-11T05:33:06","date_gmt":"2025-09-11T05:33:06","guid":{"rendered":"https:\/\/weitai2.globaldeepsea.site\/product\/leading-manufacturer-for-strength-factory-industrial-alumina-ceramic-parts-series-99-alumina-ceramic-ring\/"},"modified":"2026-04-29T15:28:34","modified_gmt":"2026-04-29T07:28:34","slug":"leading-manufacturer-for-strength-factory-industrial-alumina-ceramic-parts-series-99-alumina-ceramic-ring","status":"publish","type":"product","link":"https:\/\/www.cn-semiconductorparts.com\/es\/product\/leading-manufacturer-for-strength-factory-industrial-alumina-ceramic-parts-series-99-alumina-ceramic-ring\/","title":{"rendered":"Fabricante l\u00edder para la f\u00e1brica de f\u00e1brica de al\u00famina industrial Serie de piezas de cer\u00e1mica 99% Anillo de cer\u00e1mica"},"content":{"rendered":"","protected":false},"excerpt":{"rendered":"<p>Al\u00famina (AL2O3) Principales equipos de fabricaci\u00f3n de usossemiconductores piezas (piezas de cavidad, bridas de aislamiento, piezas de equipos de grabado, chuck de oblea); Piezas de trituradora (clasificador, f\u00e1brica de aire, molino de cuentas); Componentes industriales generales (boquillas de m\u00e1quina de procesamiento l\u00e1ser, ejes, rodamientos); Herramientas metal\u00fargicas de alta precisi\u00f3n, precisi\u00f3n, resistentes al calor (accesorio de posicionamiento, accesorio de ensamblaje); Piezas resistentes al desgaste (rodillo gu\u00eda de la m\u00e1quina de dibujo, canal de alambre, riel de gu\u00eda); Piezas aislantes el\u00e9ctricas (aislantes, juntas, bujes).<\/p>","protected":false},"featured_media":539,"comment_status":"closed","ping_status":"open","template":"","meta":[],"product_brand":[],"product_cat":[15],"product_tag":[],"class_list":{"0":"post-2158","1":"product","2":"type-product","3":"status-publish","4":"has-post-thumbnail","6":"product_cat-uncategorized","8":"first","9":"instock","10":"product-type-simple"},"_links":{"self":[{"href":"https:\/\/www.cn-semiconductorparts.com\/es\/wp-json\/wp\/v2\/product\/2158","targetHints":{"allow":["GET"]}}],"collection":[{"href":"https:\/\/www.cn-semiconductorparts.com\/es\/wp-json\/wp\/v2\/product"}],"about":[{"href":"https:\/\/www.cn-semiconductorparts.com\/es\/wp-json\/wp\/v2\/types\/product"}],"replies":[{"embeddable":true,"href":"https:\/\/www.cn-semiconductorparts.com\/es\/wp-json\/wp\/v2\/comments?post=2158"}],"wp:featuredmedia":[{"embeddable":true,"href":"https:\/\/www.cn-semiconductorparts.com\/es\/wp-json\/wp\/v2\/media\/539"}],"wp:attachment":[{"href":"https:\/\/www.cn-semiconductorparts.com\/es\/wp-json\/wp\/v2\/media?parent=2158"}],"wp:term":[{"taxonomy":"product_brand","embeddable":true,"href":"https:\/\/www.cn-semiconductorparts.com\/es\/wp-json\/wp\/v2\/product_brand?post=2158"},{"taxonomy":"product_cat","embeddable":true,"href":"https:\/\/www.cn-semiconductorparts.com\/es\/wp-json\/wp\/v2\/product_cat?post=2158"},{"taxonomy":"product_tag","embeddable":true,"href":"https:\/\/www.cn-semiconductorparts.com\/es\/wp-json\/wp\/v2\/product_tag?post=2158"}],"curies":[{"name":"WP","href":"https:\/\/api.w.org\/{rel}","templated":true}]}}