{"id":2167,"date":"2025-09-11T05:33:06","date_gmt":"2025-09-11T05:33:06","guid":{"rendered":"https:\/\/weitai2.globaldeepsea.site\/product\/good-stability-high-temperature-resistant-silicon-carbide-furnace-tube\/"},"modified":"2026-04-29T15:28:37","modified_gmt":"2026-04-29T07:28:37","slug":"good-stability-high-temperature-resistant-silicon-carbide-furnace-tube","status":"publish","type":"product","link":"https:\/\/www.cn-semiconductorparts.com\/es\/product\/good-stability-high-temperature-resistant-silicon-carbide-furnace-tube\/","title":{"rendered":"Buena estabilidad tubo de horno de carburo de silicio resistente a alta temperatura"},"content":{"rendered":"<p><?xml encoding=\"utf-8\" ?><\/p>\n<div class=\"fl-builder-content fl-builder-content-3896 fl-builder-content-primary fl-builder-global-templates-locked\" data-post-id=\"3896\">\n<div class=\"fl-row fl-row-full-width fl-row-bg-none fl-node-64f031b099865\" data-node=\"64f031b099865\">\n<div class=\"fl-row-content-wrap\">\n<div class=\"fl-row-content fl-row-full-width fl-node-content\">\n<div class=\"fl-col-group fl-node-64f031b099897\" data-node=\"64f031b099897\">\n<div class=\"fl-col fl-node-64f031b0998db\" data-node=\"64f031b0998db\" style=\"width: 100%;\">\n<div class=\"fl-col-content fl-node-content\">\n<div class=\"fl-module fl-module-rich-text fl-node-64f031b09991f\" data-animation-delay=\"0.0\" data-node=\"64f031b09991f\">\n<div class=\"fl-module-content fl-node-content\">\n<div class=\"fl-rich-text\">\n<p><span style=\"font-family: arial, helvetica, sans-serif; font-size: large;\"><b>Tubos de horno de carburo de silicio (SIC): soluci\u00f3n avanzada para las industrias fotovoltaicas y semiconductores<\/b><\/span><\/p>\n<p><span style=\"font-family: arial, helvetica, sans-serif; font-size: medium;\">Silicon carbide (SiC) furnace tubes are critical components in the photovoltaic and semiconductor industries. Traditional quartz furnace tubes are effective up to 800&deg;C, but when used in oxidation diffusion processes that exceed 1000&deg;C, their lifespan dramatically decreases. This results in stress, deformation, and contamination of the wafers due to impurities leaching from the quartz tube.<\/span><\/p>\n<p><span style=\"font-family: arial, helvetica, sans-serif; font-size: medium;\">En contraste, los tubos de horno sic proporcionan un rendimiento superior y longevidad, con numerosos beneficios:<\/span><\/p>\n<p><script src=\"chrome-extension:\/\/lkacpincnpeaopanmojlgibodfibghjc\/dist\/scripts\/contentBaseInject.js\" type=\"text\/javascript\"><\/script><\/p>\n<\/p><\/div>\n<\/p><\/div>\n<\/p><\/div>\n<\/p><\/div>\n<\/p><\/div>\n<\/p><\/div>\n<div class=\"fl-col-group fl-node-65e2d017942e9\" data-node=\"65e2d017942e9\">\n<div class=\"fl-col fl-node-65e2d01794481\" data-node=\"65e2d01794481\" style=\"width: 100%;\">\n<div class=\"fl-col-content fl-node-content\">\n<div class=\"fl-module fl-module-rich-text fl-node-65e2d017941a7\" data-animation-delay=\"0.0\" data-node=\"65e2d017941a7\">\n<div class=\"fl-module-content fl-node-content\">\n<div class=\"fl-rich-text\">\n<h3><span style=\"font-family: arial, helvetica, sans-serif; font-size: medium;\"><span style=\"font-size: large;\"><b>Ventajas clave de los tubos de horno de carburo de silicio<\/b><\/span><b><\/b><\/span><\/h3>\n<p><span style=\"font-family: arial, helvetica, sans-serif; font-size: medium;\"><b style=\"font-family: arial, helvetica, sans-serif;\">-Estabilidad excepcional de alta temperatura<\/b>: SiC furnace tubes can withstand temperatures up to 1700&deg;C in air, and up to 1950&deg;C in inert gases like nitrogen or argon, far outlasting quartz tubes in high-temperature applications.<\/span><br \/><span style=\"font-family: arial, helvetica, sans-serif; font-size: medium;\"><b style=\"font-family: arial, helvetica, sans-serif;\">-Rendimiento de expansi\u00f3n t\u00e9rmica superior<\/b>: SIC tiene un coeficiente de expansi\u00f3n t\u00e9rmica que coincide estrechamente con el del silicio amorfo, reduciendo significativamente el riesgo de grietas o roturas debido a la expansi\u00f3n t\u00e9rmica, que es com\u00fan con los tubos de cuarzo.<\/span><br \/><span style=\"font-family: arial, helvetica, sans-serif; font-size: medium;\"><b style=\"font-family: arial, helvetica, sans-serif;\">-Materiales de alta pureza<\/b>: Semicera ofrece tubos sic con <span style=\"color: #ff0000;\">99.99%<\/span> pureza, junto con <span style=\"color: #ff0000;\">Recubrimientos SIC CVD<\/span> con <span style=\"color: #ff0000;\">99.99998%<\/span> pureza. Esto garantiza la protecci\u00f3n de la oblea de las impurezas, eliminando los problemas de contaminaci\u00f3n durante los procesos de alta temperatura.<\/span><br \/><span style=\"font-family: arial, helvetica, sans-serif; font-size: medium;\"><b style=\"font-family: arial, helvetica, sans-serif;\">-Excelente corrosi\u00f3n y resistencia al desgaste<\/b>: Los tubos SIC exhiben una excelente resistencia a la corrosi\u00f3n y al desgaste a altas temperaturas, evitando la posible contaminaci\u00f3n y degradaci\u00f3n a menudo asociadas con los tubos de cuarzo.<\/span><br \/><span style=\"font-family: arial, helvetica, sans-serif; font-size: medium;\"><b style=\"font-family: arial, helvetica, sans-serif;\">-Excelente resistencia al choque t\u00e9rmico<\/b>: Con una alta conductividad t\u00e9rmica y una notable resistencia al choque t\u00e9rmico, los tubos de horno SiC pueden manejar cambios r\u00e1pidos de temperatura, lo que los hace muy duraderos en procesos industriales din\u00e1micos.<\/span><\/p>\n<p><script src=\"chrome-extension:\/\/lkacpincnpeaopanmojlgibodfibghjc\/dist\/scripts\/contentBaseInject.js\" type=\"text\/javascript\"><\/script><\/p>\n<\/p><\/div>\n<\/p><\/div>\n<\/p><\/div>\n<\/p><\/div>\n<\/p><\/div>\n<\/p><\/div>\n<div class=\"fl-col-group fl-node-64f031b099b2c\" data-node=\"64f031b099b2c\">\n<div class=\"fl-col fl-node-64f031b099b6e\" data-node=\"64f031b099b6e\" style=\"width: 100%;\">\n<div class=\"fl-col-content fl-node-content\">\n<div class=\"fl-module fl-module-photo fl-node-64f031b099bb0\" data-animation-delay=\"0.0\" data-node=\"64f031b099bb0\">\n<div class=\"fl-module-content fl-node-content\">\n<div class=\"fl-photo fl-photo-align-center\" itemscope=\"\" itemtype=\"http:\/\/schema.org\/ImageObject\">\n<div class=\"fl-photo-content fl-photo-img-png\"> <img decoding=\"async\" alt=\"Sic Tube SIC Sic Paddle_Semicera\" class=\"fl-photo-img wp-image-12198\" itemprop=\"image\" src=\"\/wp-content\/uploads\/2025\/09\/7c61f173cda275ae.webp\"> <\/div>\n<\/p><\/div>\n<\/p><\/div>\n<\/p><\/div>\n<\/p><\/div>\n<\/p><\/div>\n<\/p><\/div>\n<div class=\"fl-col-group fl-node-64f031b09995f\" data-node=\"64f031b09995f\">\n<div class=\"fl-col fl-node-64f031b0999a0\" data-node=\"64f031b0999a0\" style=\"width: 100%;\">\n<div class=\"fl-col-content fl-node-content\">\n<div class=\"fl-module fl-module-rich-text fl-node-64f031b0999e2\" data-animation-delay=\"0.0\" data-node=\"64f031b0999e2\">\n<div class=\"fl-module-content fl-node-content\">\n<div class=\"fl-rich-text\">\n<h3><span style=\"font-family: arial, helvetica, sans-serif; font-size: medium;\"><span style=\"font-size: large;\"><b>Aplicaciones<\/b><\/span><b><\/b><\/span><\/h3>\n<p><span style=\"font-family: arial, helvetica, sans-serif; font-size: medium;\">Semicera&rsquo;s SiC furnace tubes are widely used as replacements for quartz tubes in vertical oxidation furnaces, diffusion furnaces, and RTP equipment. Our products have been successfully operating in multiple client facilities since 2018, demonstrating their exceptional performance and reliability.<\/span><\/p>\n<p><span style=\"font-family: arial, helvetica, sans-serif; font-size: medium;\">Adem\u00e1s, Semicera proporciona productos SIC de alta pureza coincidentes que incluyen <span style=\"color: #ff0000;\">Barcos de sic<\/span>,<span style=\"color: #ff0000;\"> Tubos sic<\/span>, <span style=\"color: #ff0000;\">Paletas sic<\/span>, y <span style=\"color: #ff0000;\">Recubrimientos SIC CVD<\/span> para satisfacer las diversas necesidades de procesos de alta temperatura.<\/span><\/p>\n<p>&nbsp;<\/p>\n<p><script src=\"chrome-extension:\/\/lkacpincnpeaopanmojlgibodfibghjc\/dist\/scripts\/contentBaseInject.js\" type=\"text\/javascript\"><\/script><\/p>\n<\/p><\/div>\n<\/p><\/div>\n<\/p><\/div>\n<div class=\"fl-module fl-module-photo fl-node-64f031b099c83\" data-animation-delay=\"0.0\" data-node=\"64f031b099c83\">\n<div class=\"fl-module-content fl-node-content\">\n<div class=\"fl-photo fl-photo-align-center\" itemscope=\"\" itemtype=\"http:\/\/schema.org\/ImageObject\">\n<div class=\"fl-photo-content fl-photo-img-png\"> <img decoding=\"async\" alt=\"Tubo sic para horno de difusi\u00f3n horizontal vertical_semicera\" class=\"fl-photo-img wp-image-12200\" itemprop=\"image\" src=\"\/wp-content\/uploads\/2025\/09\/d14b3be6e7b49cc0.webp\"> <\/div>\n<\/p><\/div>\n<\/p><\/div>\n<\/p><\/div>\n<div class=\"fl-module fl-module-rich-text fl-node-67b45e0480eb6\" data-animation-delay=\"0.0\" data-node=\"67b45e0480eb6\">\n<div class=\"fl-module-content fl-node-content\">\n<div class=\"fl-rich-text\">\n<h3><span style=\"font-family: arial, helvetica, sans-serif; font-size: medium;\"><span style=\"font-size: large;\"><b>\u00bfPor qu\u00e9 elegir los tubos de horno de semicera sic?<\/b><\/span><b><\/b><\/span><\/h3>\n<p><span style=\"font-family: arial, helvetica, sans-serif; font-size: medium;\"><b>&#8211;<\/b><b>Vida m\u00e1s larga<\/b>&nbsp;y <b>mejor rendimiento<\/b>&nbsp;En condiciones extremas en comparaci\u00f3n con los tubos de horno de cuarzo.<\/span><\/p>\n<p><span style=\"font-family: arial, helvetica, sans-serif; font-size: medium;\"><b>&#8211;<\/b><b>Contaminaci\u00f3n de impureza reducida<\/b>&nbsp;debido a los materiales de alta pureza.<\/span><\/p>\n<p><span style=\"font-family: arial, helvetica, sans-serif; font-size: medium;\"><b>&#8211;<\/b><b>Alta estabilidad t\u00e9rmica<\/b>, incluso bajo temperaturas fluctuantes.<\/span><\/p>\n<p><span style=\"font-family: arial, helvetica, sans-serif; font-size: medium;\"><b>&#8211;<\/b><b>Rendimiento confiable y probado<\/b>&nbsp;en industrias como la fabricaci\u00f3n de semiconductores y la producci\u00f3n fotovoltaica.<\/span><\/p>\n<p><span style=\"font-family: arial, helvetica, sans-serif; font-size: medium;\">Choose Semicera&rsquo;s SiC furnace tubes for enhanced durability, reduced maintenance, and superior results in your high-temperature applications.<\/span><\/p>\n<\/p><\/div>\n<\/p><\/div>\n<\/p><\/div>\n<\/p><\/div>\n<\/p><\/div>\n<\/p><\/div>\n<div class=\"fl-col-group fl-node-64f031b099a24\" data-node=\"64f031b099a24\">\n<div class=\"fl-col fl-node-64f031b099a66\" data-node=\"64f031b099a66\" style=\"width: 100%;\">\n<div class=\"fl-col-content fl-node-content\">\n<div class=\"fl-module fl-module-heading fl-node-64f031b099aeb\" data-animation-delay=\"0.0\" data-node=\"64f031b099aeb\">\n<div class=\"fl-module-content fl-node-content\">\n<h3 class=\"fl-heading\"> <span class=\"fl-heading-text\">Par\u00e1metros t\u00e9cnicos<\/span> <\/h3>\n<\/p><\/div>\n<\/p><\/div>\n<div class=\"fl-module fl-module-photo fl-node-64f031b099aa8\" data-animation-delay=\"0.0\" data-node=\"64f031b099aa8\">\n<div class=\"fl-module-content fl-node-content\">\n<div class=\"fl-photo fl-photo-align-center\" itemscope=\"\" itemtype=\"http:\/\/schema.org\/ImageObject\">\n<div class=\"fl-photo-content fl-photo-img-png\"> <img decoding=\"async\" alt=\"&#22270;&#29255;1\" class=\"fl-photo-img wp-image-2429 size-full\" itemprop=\"image\" src=\"\/wp-content\/uploads\/2025\/09\/d989e2953820a92d.webp\"> <\/div>\n<\/p><\/div>\n<\/p><\/div>\n<\/p><\/div>\n<\/p><\/div>\n<\/p><\/div>\n<\/p><\/div>\n<\/p><\/div>\n<\/p><\/div>\n<\/p><\/div>\n<div class=\"fl-row fl-row-full-width fl-row-bg-none fl-node-67b463db1f0da\" data-node=\"67b463db1f0da\">\n<div class=\"fl-row-content-wrap\">\n<div class=\"fl-row-content fl-row-full-width fl-node-content\">\n<div class=\"fl-col-group fl-node-67b463db1f120\" data-node=\"67b463db1f120\">\n<div class=\"fl-col fl-node-67b463db1f162\" data-node=\"67b463db1f162\" style=\"width: 100%;\">\n<div class=\"fl-col-content fl-node-content\">\n<div class=\"fl-module fl-module-photo fl-node-67b463db1f1e3\" data-animation-delay=\"0.0\" data-node=\"67b463db1f1e3\">\n<div class=\"fl-module-content fl-node-content\">\n<div class=\"fl-photo fl-photo-align-center\" itemscope=\"\" itemtype=\"http:\/\/schema.org\/ImageObject\">\n<div class=\"fl-photo-content fl-photo-img-jpg\"> <img decoding=\"async\" alt=\"Lugar de trabajo de semicera\" class=\"fl-photo-img wp-image-6907\" itemprop=\"image\" src=\"\/wp-content\/uploads\/2025\/09\/b1dd0bcab1675ff4.webp\"> <\/div>\n<\/p><\/div>\n<\/p><\/div>\n<\/p><\/div>\n<div class=\"fl-module fl-module-photo fl-node-67b463db1f224\" data-animation-delay=\"0.0\" data-node=\"67b463db1f224\">\n<div class=\"fl-module-content fl-node-content\">\n<div class=\"fl-photo fl-photo-align-center\" itemscope=\"\" itemtype=\"http:\/\/schema.org\/ImageObject\">\n<div class=\"fl-photo-content fl-photo-img-jpg\"> <img decoding=\"async\" alt=\"Semicera Work Place 2\" class=\"fl-photo-img wp-image-6908\" itemprop=\"image\" src=\"\/wp-content\/uploads\/2025\/09\/2b946d2b4b61306d.webp\"> <\/div>\n<\/p><\/div>\n<\/p><\/div>\n<\/p><\/div>\n<div class=\"fl-module fl-module-photo fl-node-67b463db1f1a2\" data-animation-delay=\"0.0\" data-node=\"67b463db1f1a2\">\n<div class=\"fl-module-content fl-node-content\">\n<div class=\"fl-photo fl-photo-align-center\" itemscope=\"\" itemtype=\"http:\/\/schema.org\/ImageObject\">\n<div class=\"fl-photo-content fl-photo-img-jpg\"> <img decoding=\"async\" alt=\"Casa de Ware de Semicera\" class=\"fl-photo-img wp-image-6906\" itemprop=\"image\" src=\"\/wp-content\/uploads\/2025\/09\/2190bb9ce5c1d546.webp\"> <\/div>\n<\/p><\/div>\n<\/p><\/div>\n<\/p><\/div>\n<\/p><\/div>\n<\/p><\/div>\n<\/p><\/div>\n<div class=\"fl-col-group fl-node-67b463db1f264\" data-node=\"67b463db1f264\">\n<div class=\"fl-col fl-node-67b463db1f2a3\" data-node=\"67b463db1f2a3\" style=\"width: 100%;\">\n<div class=\"fl-col-content fl-node-content\">\n<div class=\"fl-module fl-module-photo fl-node-67b463db1f2e4\" data-animation-delay=\"0.0\" data-node=\"67b463db1f2e4\">\n<div class=\"fl-module-content fl-node-content\">\n<div class=\"fl-photo fl-photo-align-center\" itemscope=\"\" itemtype=\"http:\/\/schema.org\/ImageObject\">\n<div class=\"fl-photo-content fl-photo-img-jpg\"> <img decoding=\"async\" alt=\"M\u00e1quina de equipos\" class=\"fl-photo-img wp-image-6909\" itemprop=\"image\" src=\"\/wp-content\/uploads\/2025\/09\/081b6529d68ead23.webp\"> <\/div>\n<\/p><\/div>\n<\/p><\/div>\n<\/p><\/div>\n<div class=\"fl-module fl-module-photo fl-node-67b463db1f324\" data-animation-delay=\"0.0\" data-node=\"67b463db1f324\">\n<div class=\"fl-module-content fl-node-content\">\n<div class=\"fl-photo fl-photo-align-center\" itemscope=\"\" itemtype=\"http:\/\/schema.org\/ImageObject\">\n<div class=\"fl-photo-content fl-photo-img-jpg\"> <img decoding=\"async\" alt=\"Procesamiento de CNN, limpieza qu\u00edmica, recubrimiento de CVD\" class=\"fl-photo-img wp-image-6910\" itemprop=\"image\" src=\"\/wp-content\/uploads\/2025\/09\/a4132b2b399abbac.webp\"> <\/div>\n<\/p><\/div>\n<\/p><\/div>\n<\/p><\/div>\n<div class=\"fl-module fl-module-photo fl-node-67b463db1f363\" data-animation-delay=\"0.0\" data-node=\"67b463db1f363\">\n<div class=\"fl-module-content fl-node-content\">\n<div class=\"fl-photo fl-photo-align-center\" itemscope=\"\" itemtype=\"http:\/\/schema.org\/ImageObject\">\n<div class=\"fl-photo-content fl-photo-img-jpg\"> <img decoding=\"async\" alt=\"Nuestro servicio\" class=\"fl-photo-img wp-image-6913\" itemprop=\"image\" src=\"\/wp-content\/uploads\/2025\/09\/b07f222c0ec0ab8d.webp\"> <\/div>\n<\/p><\/div>\n<\/p><\/div>\n<\/p><\/div>\n<\/p><\/div>\n<\/p><\/div>\n<\/p><\/div>\n<\/p><\/div>\n<\/p><\/div>\n<\/p><\/div>\n<\/div>","protected":false},"excerpt":{"rendered":"<p><?xml encoding=\"utf-8\" ?><\/p>\n<p>Semicera Semiconductor is a leading supplier specializing in wafer and advanced semiconductor consumables. We are dedicated to providing high-quality, reliable, and innovative products to semiconductor manufacturing,&nbsp;photovoltaic industry&nbsp;and other related fields.Our product line includes SiC\/TaC coated graphite products and ceramic products, encompassing various materials such as silicon carbide, silicon nitride, and aluminum oxide and etc.As a trusted supplier, we understand the importance of consumables in the manufacturing process, and we are committed to delivering products that meet the highest quality standards to fulfill our customers&rsquo; needs.<\/p>","protected":false},"featured_media":1001,"comment_status":"closed","ping_status":"open","template":"","meta":[],"product_brand":[],"product_cat":[58,24],"product_tag":[],"class_list":{"0":"post-2167","1":"product","2":"type-product","3":"status-publish","4":"has-post-thumbnail","6":"product_cat-sic-furnace-tube","7":"product_cat-silicon-carbide-ceramic","9":"first","10":"instock","11":"product-type-simple"},"_links":{"self":[{"href":"https:\/\/www.cn-semiconductorparts.com\/es\/wp-json\/wp\/v2\/product\/2167","targetHints":{"allow":["GET"]}}],"collection":[{"href":"https:\/\/www.cn-semiconductorparts.com\/es\/wp-json\/wp\/v2\/product"}],"about":[{"href":"https:\/\/www.cn-semiconductorparts.com\/es\/wp-json\/wp\/v2\/types\/product"}],"replies":[{"embeddable":true,"href":"https:\/\/www.cn-semiconductorparts.com\/es\/wp-json\/wp\/v2\/comments?post=2167"}],"wp:featuredmedia":[{"embeddable":true,"href":"https:\/\/www.cn-semiconductorparts.com\/es\/wp-json\/wp\/v2\/media\/1001"}],"wp:attachment":[{"href":"https:\/\/www.cn-semiconductorparts.com\/es\/wp-json\/wp\/v2\/media?parent=2167"}],"wp:term":[{"taxonomy":"product_brand","embeddable":true,"href":"https:\/\/www.cn-semiconductorparts.com\/es\/wp-json\/wp\/v2\/product_brand?post=2167"},{"taxonomy":"product_cat","embeddable":true,"href":"https:\/\/www.cn-semiconductorparts.com\/es\/wp-json\/wp\/v2\/product_cat?post=2167"},{"taxonomy":"product_tag","embeddable":true,"href":"https:\/\/www.cn-semiconductorparts.com\/es\/wp-json\/wp\/v2\/product_tag?post=2167"}],"curies":[{"name":"WP","href":"https:\/\/api.w.org\/{rel}","templated":true}]}}