{"id":2169,"date":"2025-09-11T05:33:13","date_gmt":"2025-09-11T05:33:13","guid":{"rendered":"https:\/\/weitai2.globaldeepsea.site\/product\/semiconductor-sic-coated-monocrystalline-silicon-epitaxial-disk\/"},"modified":"2026-04-29T15:28:21","modified_gmt":"2026-04-29T07:28:21","slug":"semiconductor-sic-coated-monocrystalline-silicon-epitaxial-disk","status":"publish","type":"product","link":"https:\/\/www.cn-semiconductorparts.com\/es\/product\/semiconductor-sic-coated-monocrystalline-silicon-epitaxial-disk\/","title":{"rendered":"Disco epitaxial de silicio monocristalino recubierto de semiconductores SIC"},"content":{"rendered":"<p><?xml encoding=\"utf-8\" ?><\/p>\n<div class=\"fl-builder-content fl-builder-content-3834 fl-builder-content-primary fl-builder-global-templates-locked\" data-post-id=\"3834\">\n<div class=\"fl-row fl-row-full-width fl-row-bg-none fl-node-66ebd8df12a8f\" data-node=\"66ebd8df12a8f\">\n<div class=\"fl-row-content-wrap\">\n<div class=\"fl-row-content fl-row-full-width fl-node-content\">\n<div class=\"fl-col-group fl-node-66ebd8df12ad1\" data-node=\"66ebd8df12ad1\">\n<div class=\"fl-col fl-node-66ebd8df12b0f\" data-node=\"66ebd8df12b0f\" style=\"width: 100%;\">\n<div class=\"fl-col-content fl-node-content\">\n<div class=\"fl-module fl-module-heading fl-node-66ebd8df12b4d pro_tit\" data-animation-delay=\"0.0\" data-node=\"66ebd8df12b4d\">\n<div class=\"fl-module-content fl-node-content\">\n<h3 class=\"fl-heading\"> <span class=\"fl-heading-text\">Descripci\u00f3n<\/span> <\/h3>\n<\/p><\/div>\n<\/p><\/div>\n<\/p><\/div>\n<\/p><\/div>\n<\/p><\/div>\n<div class=\"fl-col-group fl-node-66ebd8df12b8b\" data-node=\"66ebd8df12b8b\">\n<div class=\"fl-col fl-node-66ebd8df12bc9\" data-node=\"66ebd8df12bc9\" style=\"width: 100%;\">\n<div class=\"fl-col-content fl-node-content\">\n<div class=\"fl-module fl-module-rich-text fl-node-66ebd8df12c07\" data-animation-delay=\"0.0\" data-node=\"66ebd8df12c07\">\n<div class=\"fl-module-content fl-node-content\">\n<div class=\"fl-rich-text\">\n<p><span style=\"font-family: arial, helvetica, sans-serif; font-size: medium;\">The Semiconductor SiC coated monocrystalline silicon epitaxial disk from semicera, a cutting-edge solution designed for advanced epitaxial growth processes. Semicera specializes in producing high-performance disks that offer excellent thermal conductivity and durability, ideal for applications in Si Epitaxy and SiC Epitaxy. This epitaxial disk, coated with silicon carbide (SiC), enhances the efficiency and precision of semiconductor manufacturing processes.<\/span><\/p>\n<p><span style=\"font-family: arial, helvetica, sans-serif; font-size: medium;\">Our MOCVD Susceptor compatible epitaxial disk ensures consistent performance in various setups, including systems requiring PSS Etching Carrier, ICP Etching Carrier, and RTP Carrier. This disk is engineered to meet the high demands of Monocrystalline Silicon production, making it suitable for LED Epitaxial Susceptor applications and other semiconductor growth processes. The Barrel Susceptor and Pancake Susceptor designs offer versatility for manufacturers, while the use of Photovoltaic Parts extends its application to the solar industry.<\/span><\/p>\n<p><span style=\"font-family: arial, helvetica, sans-serif; font-size: medium;\">Con su construcci\u00f3n robusta, el GaN en las capacidades de epitaxia de SIC de este disco mejora a\u00fan m\u00e1s su valor para los sistemas epitaxiales avanzados. Esta soluci\u00f3n est\u00e1 dise\u00f1ada para proporcionar resultados confiables y de alta calidad, lo que lo convierte en un componente esencial para la fabricaci\u00f3n moderna de semiconductores y fotovoltaicos.<\/span><\/p>\n<p><span style=\"font-family: arial, helvetica, sans-serif; font-size: medium;\">&nbsp;<\/span><\/p>\n<p>&nbsp;<\/p>\n<div id=\"gtx-trans\" style=\"position: absolute; left: 123px; top: 100.234px;\">&nbsp;<\/div>\n<\/p><\/div>\n<\/p><\/div>\n<\/p><\/div>\n<\/p><\/div>\n<\/p><\/div>\n<\/p><\/div>\n<div class=\"fl-col-group fl-node-66ebd8df12c45\" data-node=\"66ebd8df12c45\">\n<div class=\"fl-col fl-node-66ebd8df12c85\" data-node=\"66ebd8df12c85\" style=\"width: 100%;\">\n<div class=\"fl-col-content fl-node-content\">\n<div class=\"fl-module fl-module-gallery fl-node-66ebd8df131df\" data-animation-delay=\"0.0\" data-node=\"66ebd8df131df\">\n<div class=\"fl-module-content fl-node-content\">\n<div class=\"fl-mosaicflow\">\n<div class=\"fl-mosaicflow-content\">\n<div class=\"fl-mosaicflow-item\">\n<div class=\"fl-photo fl-photo-align-center\" itemscope=\"\" itemtype=\"http:\/\/schema.org\/ImageObject\">\n<div class=\"fl-photo-content fl-photo-img-jpg\"> <a href=\"\/es\/uploads\/Silicon-Carbide-Disc-for-MOCVD1.webp\/\" itemprop=\"url\" target=\"_self\"> <img decoding=\"async\" alt=\"Disco de carburo de silicio para MOCVD\" class=\"fl-photo-img wp-image-10875\" itemprop=\"image\" src=\"\/wp-content\/uploads\/2025\/09\/1f2d322201eeb6cf.webp\"> <\/a> <\/div>\n<\/p><\/div>\n<\/p><\/div>\n<div class=\"fl-mosaicflow-item\">\n<div class=\"fl-photo fl-photo-align-center\" itemscope=\"\" itemtype=\"http:\/\/schema.org\/ImageObject\">\n<div class=\"fl-photo-content fl-photo-img-jpg\"> <a href=\"\/es\/uploads\/Anti-oxidation-high-purity-SiC-coated-MOCVD-tray1.webp\/\" itemprop=\"url\" target=\"_self\"> <img decoding=\"async\" alt=\"Bandeja de MOCVD recubierta de SIC de alta pureza de alta pureza\" class=\"fl-photo-img wp-image-10876\" itemprop=\"image\" src=\"\/wp-content\/uploads\/2025\/09\/702566654cfd733e.webp\"> <\/a> <\/div>\n<\/p><\/div>\n<\/p><\/div>\n<\/p><\/div>\n<div class=\"fl-clear\"><\/div>\n<\/p><\/div>\n<\/p><\/div>\n<\/p><\/div>\n<\/p><\/div>\n<\/p><\/div>\n<\/p><\/div>\n<\/p><\/div>\n<\/p><\/div>\n<\/p><\/div>\n<div class=\"fl-row fl-row-full-width fl-row-bg-none fl-node-66ebd8df12cc4\" data-node=\"66ebd8df12cc4\">\n<div class=\"fl-row-content-wrap\">\n<div class=\"fl-row-content fl-row-full-width fl-node-content\">\n<div class=\"fl-col-group fl-node-66ebd8df12d02\" data-node=\"66ebd8df12d02\">\n<div class=\"fl-col fl-node-66ebd8df12d3f\" data-node=\"66ebd8df12d3f\" style=\"width: 100%;\">\n<div class=\"fl-col-content fl-node-content\">\n<div class=\"fl-module fl-module-heading fl-node-66ebd8df12d7d pro_tit\" data-animation-delay=\"0.0\" data-node=\"66ebd8df12d7d\">\n<div class=\"fl-module-content fl-node-content\">\n<h3 class=\"fl-heading\"> <span class=\"fl-heading-text\">Caracter\u00edsticas principales<\/span> <\/h3>\n<\/p><\/div>\n<\/p><\/div>\n<\/p><\/div>\n<\/p><\/div>\n<\/p><\/div>\n<div class=\"fl-col-group fl-node-66ebd8df12dbb\" data-node=\"66ebd8df12dbb\">\n<div class=\"fl-col fl-node-66ebd8df12df9\" data-node=\"66ebd8df12df9\" style=\"width: 100%;\">\n<div class=\"fl-col-content fl-node-content\">\n<div class=\"fl-module fl-module-rich-text fl-node-66ebd8df12e37\" data-animation-delay=\"0.0\" data-node=\"66ebd8df12e37\">\n<div class=\"fl-module-content fl-node-content\">\n<div class=\"fl-rich-text\">\n<p><span style=\"font-family: arial, helvetica, sans-serif; font-size: medium;\">1. Alta pureza Grafito recubierto de SIC<\/span><\/p>\n<p><span style=\"font-family: arial, helvetica, sans-serif; font-size: medium;\">2. Resistencia al calor superior y uniformidad t\u00e9rmica<\/span><\/p>\n<p><span style=\"font-family: arial, helvetica, sans-serif; font-size: medium;\">3. Fine SiC crystal coated for a smooth surface<\/span><\/p>\n<p><span style=\"font-family: arial, helvetica, sans-serif; font-size: medium;\">4. Alta durabilidad contra la limpieza qu\u00edmica<\/span><\/p>\n<div id=\"gtx-trans\" style=\"position: absolute; left: 138px; top: 41.7812px;\">&nbsp;<\/div>\n<\/p><\/div>\n<\/p><\/div>\n<\/p><\/div>\n<\/p><\/div>\n<\/p><\/div>\n<\/p><\/div>\n<\/p><\/div>\n<\/p><\/div>\n<\/p><\/div>\n<div class=\"fl-row fl-row-full-width fl-row-bg-none fl-node-66ebd8df12e75\" data-node=\"66ebd8df12e75\">\n<div class=\"fl-row-content-wrap\">\n<div class=\"fl-row-content fl-row-full-width fl-node-content\">\n<div class=\"fl-col-group fl-node-66ebd8df12eb3\" data-node=\"66ebd8df12eb3\">\n<div class=\"fl-col fl-node-66ebd8df12ef1\" data-node=\"66ebd8df12ef1\" style=\"width: 100%;\">\n<div class=\"fl-col-content fl-node-content\">\n<div class=\"fl-module fl-module-heading fl-node-66ebd8df12f2f pro_tit\" data-animation-delay=\"0.0\" data-node=\"66ebd8df12f2f\">\n<div class=\"fl-module-content fl-node-content\">\n<h3 class=\"fl-heading\"> <span class=\"fl-heading-text\">Especificaciones principales de recubrimientos CVD-SIC:<\/span> <\/h3>\n<\/p><\/div>\n<\/p><\/div>\n<\/p><\/div>\n<\/p><\/div>\n<\/p><\/div>\n<div class=\"fl-col-group fl-node-66ebd8df12f6d\" data-node=\"66ebd8df12f6d\">\n<div class=\"fl-col fl-node-66ebd8df12faa\" data-node=\"66ebd8df12faa\" style=\"width: 100%;\">\n<div class=\"fl-col-content fl-node-content\">\n<div class=\"fl-module fl-module-rich-text fl-node-66ebd8df12fe9\" data-animation-delay=\"0.0\" data-node=\"66ebd8df12fe9\">\n<div class=\"fl-module-content fl-node-content\">\n<div class=\"fl-rich-text\">\n<table border=\"1\" cellspacing=\"0\">\n<tbody>\n<tr>\n<td colspan=\"3\" style=\"text-align: center;\" valign=\"center\"><span style=\"font-family: arial, helvetica, sans-serif; font-size: medium; color: #888888;\">Sic-cvd<\/span><\/td>\n<\/tr>\n<tr>\n<td valign=\"center\"><span style=\"font-family: arial, helvetica, sans-serif; font-size: medium; color: #888888;\">Densidad<\/span><\/td>\n<td valign=\"center\"><span style=\"font-family: arial, helvetica, sans-serif; font-size: medium; color: #888888;\">(g\/cc)<\/span><\/td>\n<td valign=\"center\"><span style=\"font-family: arial, helvetica, sans-serif; font-size: medium; color: #888888;\">3.21<\/span><\/td>\n<\/tr>\n<tr>\n<td valign=\"center\"><span style=\"font-family: arial, helvetica, sans-serif; font-size: medium; color: #888888;\">Resistencia a la flexi\u00f3n<\/span><\/td>\n<td valign=\"center\"><span style=\"font-family: arial, helvetica, sans-serif; font-size: medium; color: #888888;\">(MPA)<\/span><\/td>\n<td valign=\"center\"><span style=\"font-family: arial, helvetica, sans-serif; font-size: medium; color: #888888;\">470<\/span><\/td>\n<\/tr>\n<tr>\n<td valign=\"center\"><span style=\"font-family: arial, helvetica, sans-serif; font-size: medium; color: #888888;\">Expansi\u00f3n t\u00e9rmica<\/span><\/td>\n<td valign=\"center\"><span style=\"font-family: arial, helvetica, sans-serif; font-size: medium; color: #888888;\">(10-6\/K)<\/span><\/td>\n<td valign=\"center\"><span style=\"font-family: arial, helvetica, sans-serif; font-size: medium; color: #888888;\">4<\/span><\/td>\n<\/tr>\n<tr>\n<td valign=\"center\"><span style=\"font-family: arial, helvetica, sans-serif; font-size: medium; color: #888888;\">Conductividad t\u00e9rmica<\/span><\/td>\n<td valign=\"center\"><span style=\"font-family: arial, helvetica, sans-serif; font-size: medium; color: #888888;\">(W\/mk)<\/span><\/td>\n<td valign=\"center\"><span style=\"font-family: arial, helvetica, sans-serif; font-size: medium; color: #888888;\">300<\/span><\/td>\n<\/tr>\n<\/tbody>\n<\/table><\/div>\n<\/p><\/div>\n<\/p><\/div>\n<\/p><\/div>\n<\/p><\/div>\n<\/p><\/div>\n<\/p><\/div>\n<\/p><\/div>\n<\/p><\/div>\n<div class=\"fl-row fl-row-full-width fl-row-bg-none fl-node-66ebd8df13026\" data-node=\"66ebd8df13026\">\n<div class=\"fl-row-content-wrap\">\n<div class=\"fl-row-content fl-row-full-width fl-node-content\">\n<div class=\"fl-col-group fl-node-66ebd8df13065\" data-node=\"66ebd8df13065\">\n<div class=\"fl-col fl-node-66ebd8df130aa\" data-node=\"66ebd8df130aa\" style=\"width: 100%;\">\n<div class=\"fl-col-content fl-node-content\">\n<div class=\"fl-module fl-module-heading fl-node-66ebd8df130e8 pro_tit\" data-animation-delay=\"0.0\" data-node=\"66ebd8df130e8\">\n<div class=\"fl-module-content fl-node-content\">\n<h3 class=\"fl-heading\"> <span class=\"fl-heading-text\">Embalaje y env\u00edo <\/span> <\/h3>\n<\/p><\/div>\n<\/p><\/div>\n<\/p><\/div>\n<\/p><\/div>\n<\/p><\/div>\n<div class=\"fl-col-group fl-node-66ebd8df13126\" data-node=\"66ebd8df13126\">\n<div class=\"fl-col fl-node-66ebd8df13163\" data-node=\"66ebd8df13163\" style=\"width: 100%;\">\n<div class=\"fl-col-content fl-node-content\">\n<div class=\"fl-module fl-module-rich-text fl-node-66ebd8df131a1\" data-animation-delay=\"0.0\" data-node=\"66ebd8df131a1\">\n<div class=\"fl-module-content fl-node-content\">\n<div class=\"fl-rich-text\">\n<p><span style=\"font-family: arial, helvetica, sans-serif; font-size: medium;\"><strong>Capacidad de suministro:<\/strong><\/span><br \/><span style=\"font-family: arial, helvetica, sans-serif; font-size: medium;\"> 10000 piezas\/piezas por mes<\/span><br \/><span style=\"font-family: arial, helvetica, sans-serif; font-size: medium;\"> <strong>Embalaje y entrega:<\/strong><\/span><br \/><span style=\"font-family: arial, helvetica, sans-serif; font-size: medium;\"> Embalaje: embalaje est\u00e1ndar y fuerte<\/span><br \/><span style=\"font-family: arial, helvetica, sans-serif; font-size: medium;\"> Poly Bag + Box + Carton + Pallet<\/span><br \/><span style=\"font-family: arial, helvetica, sans-serif; font-size: medium;\"> Puerto:<\/span><br \/><span style=\"font-family: arial, helvetica, sans-serif; font-size: medium;\"> Ningbo\/Shenzhen\/Shanghai<\/span><br \/><span style=\"font-family: arial, helvetica, sans-serif; font-size: medium;\"> Tiempo de entrega:<\/span><\/p>\n<table border=\"0\" cellspacing=\"0\">\n<tbody>\n<tr>\n<td valign=\"center\" width=\"250\">\n<p><span style=\"font-family: arial, helvetica, sans-serif; font-size: medium; color: #000000;\">Cantidad (piezas)<\/span><\/p>\n<\/td>\n<td valign=\"center\" width=\"150\">\n<p><span style=\"font-family: arial, helvetica, sans-serif; font-size: medium; color: #000000;\">1-1000<\/span><\/p>\n<\/td>\n<td valign=\"center\" width=\"247\">\n<p><span style=\"font-family: arial, helvetica, sans-serif; font-size: medium; color: #000000;\">&gt;1000<\/span><\/p>\n<\/td>\n<\/tr>\n<tr>\n<td valign=\"center\" width=\"250\"><span style=\"font-family: arial, helvetica, sans-serif; font-size: medium;\">&nbsp;Est. Tiempo (d\u00edas)<\/span><\/td>\n<td valign=\"center\" width=\"150\"><span style=\"font-family: arial, helvetica, sans-serif; font-size: medium;\">30<\/span><\/td>\n<td valign=\"center\" width=\"247\"><span style=\"font-family: arial, helvetica, sans-serif; font-size: medium;\">To&nbsp;be negotiated<\/span><\/td>\n<\/tr>\n<\/tbody>\n<\/table><\/div>\n<\/p><\/div>\n<\/p><\/div>\n<\/p><\/div>\n<\/p><\/div>\n<\/p><\/div>\n<\/p><\/div>\n<\/p><\/div>\n<\/p><\/div>\n<div class=\"fl-row fl-row-full-width fl-row-bg-none fl-node-66ebd8df1321d\" data-node=\"66ebd8df1321d\">\n<div class=\"fl-row-content-wrap\">\n<div class=\"fl-row-content fl-row-full-width fl-node-content\">\n<div class=\"fl-col-group fl-node-66ebd8df1325b\" data-node=\"66ebd8df1325b\">\n<div class=\"fl-col fl-node-66ebd8df13299\" data-node=\"66ebd8df13299\" style=\"width: 100%;\">\n<div class=\"fl-col-content fl-node-content\">\n<div class=\"fl-module fl-module-photo fl-node-66ebd8df132d7\" data-animation-delay=\"0.0\" data-node=\"66ebd8df132d7\">\n<div class=\"fl-module-content fl-node-content\">\n<div class=\"fl-photo fl-photo-align-center\" itemscope=\"\" itemtype=\"http:\/\/schema.org\/ImageObject\">\n<div class=\"fl-photo-content fl-photo-img-jpg\"> <img decoding=\"async\" alt=\"Lugar de trabajo de semicera\" class=\"fl-photo-img wp-image-9038\" itemprop=\"image\" src=\"\/wp-content\/uploads\/2025\/09\/b1dd0bcab1675ff4.webp\"> <\/div>\n<\/p><\/div>\n<\/p><\/div>\n<\/p><\/div>\n<div class=\"fl-module fl-module-photo fl-node-66ebd8df1340c\" data-animation-delay=\"0.0\" data-node=\"66ebd8df1340c\">\n<div class=\"fl-module-content fl-node-content\">\n<div class=\"fl-photo fl-photo-align-center\" itemscope=\"\" itemtype=\"http:\/\/schema.org\/ImageObject\">\n<div class=\"fl-photo-content fl-photo-img-jpg\"> <img decoding=\"async\" alt=\"Semicera Work Place 2\" class=\"fl-photo-img wp-image-9037\" itemprop=\"image\" src=\"\/wp-content\/uploads\/2025\/09\/2b946d2b4b61306d.webp\"> <\/div>\n<\/p><\/div>\n<\/p><\/div>\n<\/p><\/div>\n<div class=\"fl-module fl-module-photo fl-node-66ebd8df133ce\" data-animation-delay=\"0.0\" data-node=\"66ebd8df133ce\">\n<div class=\"fl-module-content fl-node-content\">\n<div class=\"fl-photo fl-photo-align-center\" itemscope=\"\" itemtype=\"http:\/\/schema.org\/ImageObject\">\n<div class=\"fl-photo-content fl-photo-img-jpg\"> <img decoding=\"async\" alt=\"M\u00e1quina de equipos\" class=\"fl-photo-img wp-image-9034 size-full\" itemprop=\"image\" src=\"\/wp-content\/uploads\/2025\/09\/081b6529d68ead23.webp\"> <\/div>\n<\/p><\/div>\n<\/p><\/div>\n<\/p><\/div>\n<div class=\"fl-module fl-module-photo fl-node-66ebd8df13390\" data-animation-delay=\"0.0\" data-node=\"66ebd8df13390\">\n<div class=\"fl-module-content fl-node-content\">\n<div class=\"fl-photo fl-photo-align-center\" itemscope=\"\" itemtype=\"http:\/\/schema.org\/ImageObject\">\n<div class=\"fl-photo-content fl-photo-img-jpg\"> <img decoding=\"async\" alt=\"Procesamiento de CNN, limpieza qu\u00edmica, recubrimiento de CVD\" class=\"fl-photo-img wp-image-9033\" itemprop=\"image\" src=\"\/wp-content\/uploads\/2025\/09\/a4132b2b399abbac.webp\"> <\/div>\n<\/p><\/div>\n<\/p><\/div>\n<\/p><\/div>\n<div class=\"fl-module fl-module-photo fl-node-66ebd8df13353\" data-animation-delay=\"0.0\" data-node=\"66ebd8df13353\">\n<div class=\"fl-module-content fl-node-content\">\n<div class=\"fl-photo fl-photo-align-center\" itemscope=\"\" itemtype=\"http:\/\/schema.org\/ImageObject\">\n<div class=\"fl-photo-content fl-photo-img-jpg\"> <img decoding=\"async\" alt=\"Casa de Ware de Semicera\" class=\"fl-photo-img wp-image-9036\" itemprop=\"image\" src=\"\/wp-content\/uploads\/2025\/09\/2190bb9ce5c1d546.webp\"> <\/div>\n<\/p><\/div>\n<\/p><\/div>\n<\/p><\/div>\n<div class=\"fl-module fl-module-photo fl-node-66ebd8df13315\" data-animation-delay=\"0.0\" data-node=\"66ebd8df13315\">\n<div class=\"fl-module-content fl-node-content\">\n<div class=\"fl-photo fl-photo-align-center\" itemscope=\"\" itemtype=\"http:\/\/schema.org\/ImageObject\">\n<div class=\"fl-photo-content fl-photo-img-jpg\"> <img decoding=\"async\" alt=\"Nuestro servicio\" class=\"fl-photo-img wp-image-9035\" itemprop=\"image\" src=\"\/wp-content\/uploads\/2025\/09\/b07f222c0ec0ab8d.webp\"> <\/div>\n<\/p><\/div>\n<\/p><\/div>\n<\/p><\/div>\n<\/p><\/div>\n<\/p><\/div>\n<\/p><\/div>\n<\/p><\/div>\n<\/p><\/div>\n<\/p><\/div>\n<\/div>","protected":false},"excerpt":{"rendered":"<p><?xml encoding=\"utf-8\" ?><\/p>\n<p>Semicera Energy Technology Co., Ltd. is a leading supplier specializing in wafer and advanced semiconductor consumables.We are dedicated to providing high-quality, reliable, and innovative products to semiconductor manufacturing,photovoltaic industryand other related fields.Our product line includes SiC\/TaC coated graphite products and ceramic products, encompassing various materials such as silicon carbide, silicon nitride, and aluminum oxide and etc.As a trusted supplier, we understand the importance of consumables in the manufacturing process, and we are committed to delivering products that meet the highest quality standards to fulfill our customers&rsquo; needs.<\/p>","protected":false},"featured_media":803,"comment_status":"closed","ping_status":"open","template":"","meta":[],"product_brand":[],"product_cat":[16,66],"product_tag":[],"class_list":{"0":"post-2169","1":"product","2":"type-product","3":"status-publish","4":"has-post-thumbnail","6":"product_cat-cvd-sic","7":"product_cat-etching-process-parts","9":"first","10":"instock","11":"product-type-simple"},"_links":{"self":[{"href":"https:\/\/www.cn-semiconductorparts.com\/es\/wp-json\/wp\/v2\/product\/2169","targetHints":{"allow":["GET"]}}],"collection":[{"href":"https:\/\/www.cn-semiconductorparts.com\/es\/wp-json\/wp\/v2\/product"}],"about":[{"href":"https:\/\/www.cn-semiconductorparts.com\/es\/wp-json\/wp\/v2\/types\/product"}],"replies":[{"embeddable":true,"href":"https:\/\/www.cn-semiconductorparts.com\/es\/wp-json\/wp\/v2\/comments?post=2169"}],"wp:featuredmedia":[{"embeddable":true,"href":"https:\/\/www.cn-semiconductorparts.com\/es\/wp-json\/wp\/v2\/media\/803"}],"wp:attachment":[{"href":"https:\/\/www.cn-semiconductorparts.com\/es\/wp-json\/wp\/v2\/media?parent=2169"}],"wp:term":[{"taxonomy":"product_brand","embeddable":true,"href":"https:\/\/www.cn-semiconductorparts.com\/es\/wp-json\/wp\/v2\/product_brand?post=2169"},{"taxonomy":"product_cat","embeddable":true,"href":"https:\/\/www.cn-semiconductorparts.com\/es\/wp-json\/wp\/v2\/product_cat?post=2169"},{"taxonomy":"product_tag","embeddable":true,"href":"https:\/\/www.cn-semiconductorparts.com\/es\/wp-json\/wp\/v2\/product_tag?post=2169"}],"curies":[{"name":"WP","href":"https:\/\/api.w.org\/{rel}","templated":true}]}}