{"id":2171,"date":"2025-09-11T05:33:13","date_gmt":"2025-09-11T05:33:13","guid":{"rendered":"https:\/\/weitai2.globaldeepsea.site\/product\/custom-semiconductor-icp-tray-etching\/"},"modified":"2026-04-29T15:28:22","modified_gmt":"2026-04-29T07:28:22","slug":"custom-semiconductor-icp-tray-etching","status":"publish","type":"product","link":"https:\/\/www.cn-semiconductorparts.com\/es\/product\/custom-semiconductor-icp-tray-etching\/","title":{"rendered":"Bandeja de ICP de semiconductores personalizado (grabado)"},"content":{"rendered":"<div class=\"fl-builder-content fl-builder-content-3867 fl-builder-content-primary fl-builder-global-templates-locked\" data-post-id=\"3867\">\n<div class=\"fl-row fl-row-full-width fl-row-bg-none fl-node-64eff7ca03228\" data-node=\"64eff7ca03228\">\n<div class=\"fl-row-content-wrap\">\n<div class=\"fl-row-content fl-row-full-width fl-node-content\">\n<div class=\"fl-col-group fl-node-64eff7ca03255\" data-node=\"64eff7ca03255\">\n<div class=\"fl-col fl-node-64eff7ca03295\" data-node=\"64eff7ca03295\" style=\"width: 100%;\">\n<div class=\"fl-col-content fl-node-content\">\n<div class=\"fl-module fl-module-rich-text fl-node-64eff7ca032d4\" data-animation-delay=\"0.0\" data-node=\"64eff7ca032d4\">\n<div class=\"fl-module-content fl-node-content\">\n<div class=\"fl-rich-text\">\n<p>Descripci\u00f3n del Producto<\/p>\n<p>Nuestra compa\u00f1\u00eda proporciona servicios de procesos de recubrimiento SIC mediante el m\u00e9todo de CVD en la superficie del grafito, la cer\u00e1mica y otros materiales, de modo que los gases especiales que contienen carbono y silicio reaccionan a alta temperatura para obtener mol\u00e9culas SiC de alta pureza, mol\u00e9culas depositadas en la superficie de los materiales recubiertos, formando una capa protectora SIC.<\/p>\n<\/p><\/div>\n<\/p><\/div>\n<\/p><\/div>\n<\/p><\/div>\n<\/p><\/div>\n<\/p><\/div>\n<div class=\"fl-col-group fl-node-653239715e192\" data-node=\"653239715e192\">\n<div class=\"fl-col fl-node-653239715e42c fl-col-small\" data-node=\"653239715e42c\" style=\"width: 50%;\">\n<div class=\"fl-col-content fl-node-content\">\n<div class=\"fl-module fl-module-rich-text fl-node-653239715dfa6\" data-animation-delay=\"0.0\" data-node=\"653239715dfa6\">\n<div class=\"fl-module-content fl-node-content\">\n<div class=\"fl-rich-text\">\n<p>Caracter\u00edsticas principales:<\/p>\n<p>1. Resistencia a la oxidaci\u00f3n de alta temperatura:<\/p>\n<p>La resistencia a la oxidaci\u00f3n sigue siendo muy buena cuando la temperatura es tan alta como 1600 C.<\/p>\n<p>2. Alta pureza: hecha por deposici\u00f3n de vapor qu\u00edmico en una condici\u00f3n de cloraci\u00f3n de alta temperatura.<\/p>\n<p>3. Resistencia a la erosi\u00f3n: alta dureza, superficie compacta, part\u00edculas finas.<\/p>\n<p>4. Resistencia a la corrosi\u00f3n: \u00e1cido, \u00e1lcali, sal y reactivos org\u00e1nicos.<\/p>\n<\/p><\/div>\n<\/p><\/div>\n<\/p><\/div>\n<\/p><\/div>\n<\/p><\/div>\n<div class=\"fl-col fl-node-6532397a33157 fl-col-small\" data-node=\"6532397a33157\" style=\"width: 50%;\">\n<div class=\"fl-col-content fl-node-content\">\n<div class=\"fl-module fl-module-photo fl-node-6532397a32a9a\" data-animation-delay=\"0.0\" data-node=\"6532397a32a9a\">\n<div class=\"fl-module-content fl-node-content\">\n<div class=\"fl-photo fl-photo-align-center\" itemscope=\"\" itemtype=\"http:\/\/schema.org\/ImageObject\">\n<div class=\"fl-photo-content fl-photo-img-png\"> <img decoding=\"async\" alt=\"3\" class=\"fl-photo-img wp-image-4788\" itemprop=\"image\" src=\"\/wp-content\/uploads\/2025\/09\/9db15ab77c711dcb.webp\"> <\/img><\/div>\n<\/p><\/div>\n<\/p><\/div>\n<\/p><\/div>\n<\/p><\/div>\n<\/p><\/div>\n<\/p><\/div>\n<div class=\"fl-col-group fl-node-64eff7ca0340d\" data-node=\"64eff7ca0340d\">\n<div class=\"fl-col fl-node-64eff7ca0344c\" data-node=\"64eff7ca0344c\" style=\"width: 100%;\">\n<div class=\"fl-col-content fl-node-content\">\n<div class=\"fl-module fl-module-rich-text fl-node-64eff7ca033cf\" data-animation-delay=\"0.0\" data-node=\"64eff7ca033cf\">\n<div class=\"fl-module-content fl-node-content\">\n<div class=\"fl-rich-text\">\n<p style=\"text-align: center;\">Especificaciones principales de recubrimiento CVD-SIC<\/p>\n<table border=\"0\" cellspacing=\"0\">\n<tbody>\n<tr>\n<td colspan=\"3\" valign=\"center\" width=\"100.0000%\">\n<p align=\"center\">Propiedades de SIC-CVD<\/p>\n<\/td>\n<\/tr>\n<tr>\n<td valign=\"center\" width=\"30.8600%\">\n<p>Estructura cristalina<\/p>\n<\/td>\n<td colspan=\"2\" valign=\"center\" width=\"69.1200%\">\n<p>Fase FCC \u03b2<\/p>\n<\/td>\n<\/tr>\n<tr>\n<td valign=\"center\" width=\"30.8600%\">\n<p>Densidad<\/p>\n<\/td>\n<td valign=\"center\" width=\"30.2000%\">\n<p>g\/cm \u00b3<\/p>\n<\/td>\n<td valign=\"center\" width=\"38.9000%\">\n<p>3.21<\/p>\n<\/td>\n<\/tr>\n<tr>\n<td valign=\"center\" width=\"30.8600%\">\n<p>Dureza<\/p>\n<\/td>\n<td valign=\"center\" width=\"30.2000%\">\n<p>Dureza de Vickers<\/p>\n<\/td>\n<td valign=\"center\" width=\"38.9000%\">\n<p>2500<\/p>\n<\/td>\n<\/tr>\n<tr>\n<td valign=\"center\" width=\"30.8600%\">\n<p>Tama\u00f1o de grano<\/p>\n<\/td>\n<td valign=\"center\" width=\"30.2000%\">\n<p>mm<\/p>\n<\/td>\n<td valign=\"center\" width=\"38.9000%\">\n<p>2~10<\/p>\n<\/td>\n<\/tr>\n<tr>\n<td valign=\"center\" width=\"30.8600%\">\n<p>Pureza qu\u00edmica<\/p>\n<\/td>\n<td valign=\"center\" width=\"30.2000%\">\n<p>%<\/p>\n<\/td>\n<td valign=\"bottom\" width=\"38.9000%\">\n<p>99.99995<\/p>\n<\/td>\n<\/tr>\n<tr>\n<td valign=\"center\" width=\"30.8600%\">\n<p>Capacidad de calor<\/p>\n<\/td>\n<td valign=\"center\" width=\"30.2000%\">\n<p>J \u00b7 KG-1 \u00b7 K-1<\/p>\n<\/td>\n<td valign=\"bottom\" width=\"38.9000%\">\n<p>640<\/p>\n<\/td>\n<\/tr>\n<tr>\n<td valign=\"center\" width=\"30.8600%\">\n<p>Temperatura de sublimaci\u00f3n<\/p>\n<\/td>\n<td valign=\"center\" width=\"30.2000%\">\n<p>\u2103<\/p>\n<\/td>\n<td valign=\"bottom\" width=\"38.9000%\">\n<p>2700<\/p>\n<\/td>\n<\/tr>\n<tr>\n<td valign=\"center\" width=\"30.8600%\">\n<p>Fuerza del felexural<\/p>\n<\/td>\n<td valign=\"center\" width=\"30.2000%\">\n<p>MPA (RT 4 puntos)<\/p>\n<\/td>\n<td valign=\"bottom\" width=\"38.9000%\">\n<p>415<\/p>\n<\/td>\n<\/tr>\n<tr>\n<td valign=\"center\" width=\"30.8600%\">\n<p>M\u00f3dulo de Young<\/p>\n<\/td>\n<td valign=\"center\" width=\"30.2000%\">\n<p>GPA (4pt Bend, 1300 \u2103)<\/p>\n<\/td>\n<td valign=\"bottom\" width=\"38.9000%\">\n<p>430<\/p>\n<\/td>\n<\/tr>\n<tr>\n<td valign=\"center\" width=\"30.8600%\">\n<p>Expansi\u00f3n t\u00e9rmica (CTE)<\/p>\n<\/td>\n<td valign=\"center\" width=\"30.2000%\">\n<p>10-6K-1<\/p>\n<\/td>\n<td valign=\"bottom\" width=\"38.9000%\">\n<p>4.5<\/p>\n<\/td>\n<\/tr>\n<tr>\n<td valign=\"center\" width=\"30.8600%\">\n<p>Conductividad t\u00e9rmica<\/p>\n<\/td>\n<td valign=\"center\" width=\"30.2000%\">\n<p>(W\/mk)<\/p>\n<\/td>\n<td valign=\"bottom\" width=\"38.9000%\">\n<p>300<\/p>\n<\/td>\n<\/tr>\n<\/tbody>\n<\/table><\/div>\n<\/p><\/div>\n<\/p><\/div>\n<\/p><\/div>\n<\/p><\/div>\n<\/p><\/div>\n<div class=\"fl-col-group fl-node-64eff7ca03546\" data-node=\"64eff7ca03546\">\n<div class=\"fl-col fl-node-64eff7ca03584\" data-node=\"64eff7ca03584\" style=\"width: 100%;\">\n<div class=\"fl-col-content fl-node-content\">\n<div class=\"fl-module fl-module-gallery fl-node-64eff7ca035c3\" data-animation-delay=\"0.0\" data-node=\"64eff7ca035c3\">\n<div class=\"fl-module-content fl-node-content\">\n<div class=\"fl-mosaicflow\">\n<div class=\"fl-mosaicflow-content\">\n<div class=\"fl-mosaicflow-item\">\n<div class=\"fl-photo fl-photo-align-center\" itemscope=\"\" itemtype=\"http:\/\/schema.org\/ImageObject\">\n<div class=\"fl-photo-content fl-photo-img-png\"> <a href=\"\/es\/uploads\/bdd577a3.webp\/\" itemprop=\"url\" target=\"_self\"> <img decoding=\"async\" alt=\"Imagen 110\" class=\"fl-photo-img wp-image-3055\" itemprop=\"image\" src=\"\/wp-content\/uploads\/2025\/09\/8aef8348162a9b0d.webp\"> <\/img><\/a> <\/div>\n<\/p><\/div>\n<\/p><\/div>\n<div class=\"fl-mosaicflow-item\">\n<div class=\"fl-photo fl-photo-align-center\" itemscope=\"\" itemtype=\"http:\/\/schema.org\/ImageObject\">\n<div class=\"fl-photo-content fl-photo-img-png\"> <a href=\"\/es\/uploads\/csm_SGL-Smartere-Welt-St-Marys-erleuchtet-die-Welt_199f49f434.webp\/\" itemprop=\"url\" target=\"_self\"> <img decoding=\"async\" alt=\"csm_SGL-Smartere-Welt-St-Marys-erleuchtet-die-Welt_199f49f434\" class=\"fl-photo-img wp-image-3056\" itemprop=\"image\" src=\"\/wp-content\/uploads\/2025\/09\/47e7404ce0eb9c8c.webp\"> <\/img><\/a> <\/div>\n<\/p><\/div>\n<\/p><\/div>\n<div class=\"fl-mosaicflow-item\">\n<div class=\"fl-photo fl-photo-align-center\" itemscope=\"\" itemtype=\"http:\/\/schema.org\/ImageObject\">\n<div class=\"fl-photo-content fl-photo-img-jpg\"> <a href=\"\/es\/uploads\/CVD1.webp\/\" itemprop=\"url\" target=\"_self\"> <img decoding=\"async\" alt=\"CVD\" class=\"fl-photo-img wp-image-3057\" itemprop=\"image\" src=\"\/wp-content\/uploads\/2025\/09\/659e607401465ced.webp\"> <\/img><\/a> <\/div>\n<\/p><\/div>\n<\/p><\/div>\n<\/p><\/div>\n<div class=\"fl-clear\"><\/div>\n<\/p><\/div>\n<\/p><\/div>\n<\/p><\/div>\n<div class=\"fl-module fl-module-photo fl-node-64eff7ca03601\" data-animation-delay=\"0.0\" data-node=\"64eff7ca03601\">\n<div class=\"fl-module-content fl-node-content\">\n<div class=\"fl-photo fl-photo-align-center\" itemscope=\"\" itemtype=\"http:\/\/schema.org\/ImageObject\">\n<div class=\"fl-photo-content fl-photo-img-jpg\"> <img decoding=\"async\" alt=\"Lugar de trabajo de semicera\" class=\"fl-photo-img wp-image-7286\" itemprop=\"image\" src=\"\/wp-content\/uploads\/2025\/09\/b1dd0bcab1675ff4.webp\"> <\/img><\/div>\n<\/p><\/div>\n<\/p><\/div>\n<\/p><\/div>\n<div class=\"fl-module fl-module-photo fl-node-66175acdcc858\" data-animation-delay=\"0.0\" data-node=\"66175acdcc858\">\n<div class=\"fl-module-content fl-node-content\">\n<div class=\"fl-photo fl-photo-align-center\" itemscope=\"\" itemtype=\"http:\/\/schema.org\/ImageObject\">\n<div class=\"fl-photo-content fl-photo-img-jpg\"> <img decoding=\"async\" alt=\"Semicera Work Place 2\" class=\"fl-photo-img wp-image-7287\" itemprop=\"image\" src=\"\/wp-content\/uploads\/2025\/09\/2b946d2b4b61306d.webp\"> <\/img><\/div>\n<\/p><\/div>\n<\/p><\/div>\n<\/p><\/div>\n<div class=\"fl-module fl-module-photo fl-node-66175acd26598\" data-animation-delay=\"0.0\" data-node=\"66175acd26598\">\n<div class=\"fl-module-content fl-node-content\">\n<div class=\"fl-photo fl-photo-align-center\" itemscope=\"\" itemtype=\"http:\/\/schema.org\/ImageObject\">\n<div class=\"fl-photo-content fl-photo-img-jpg\"> <img decoding=\"async\" alt=\"M\u00e1quina de equipos\" class=\"fl-photo-img wp-image-7288\" itemprop=\"image\" src=\"\/wp-content\/uploads\/2025\/09\/081b6529d68ead23.webp\"> <\/img><\/div>\n<\/p><\/div>\n<\/p><\/div>\n<\/p><\/div>\n<div class=\"fl-module fl-module-photo fl-node-66175acc607be\" data-animation-delay=\"0.0\" data-node=\"66175acc607be\">\n<div class=\"fl-module-content fl-node-content\">\n<div class=\"fl-photo fl-photo-align-center\" itemscope=\"\" itemtype=\"http:\/\/schema.org\/ImageObject\">\n<div class=\"fl-photo-content fl-photo-img-jpg\"> <img decoding=\"async\" alt=\"Procesamiento de CNN, limpieza qu\u00edmica, recubrimiento de CVD\" class=\"fl-photo-img wp-image-7289\" itemprop=\"image\" src=\"\/wp-content\/uploads\/2025\/09\/a4132b2b399abbac.webp\"> <\/img><\/div>\n<\/p><\/div>\n<\/p><\/div>\n<\/p><\/div>\n<div class=\"fl-module fl-module-photo fl-node-66175acb8787a\" data-animation-delay=\"0.0\" data-node=\"66175acb8787a\">\n<div class=\"fl-module-content fl-node-content\">\n<div class=\"fl-photo fl-photo-align-center\" itemscope=\"\" itemtype=\"http:\/\/schema.org\/ImageObject\">\n<div class=\"fl-photo-content fl-photo-img-jpg\"> <img decoding=\"async\" alt=\"Nuestro servicio\" class=\"fl-photo-img wp-image-7290\" itemprop=\"image\" src=\"\/wp-content\/uploads\/2025\/09\/b07f222c0ec0ab8d.webp\"\/> <\/div>\n<\/p><\/div>\n<\/p><\/div>\n<\/p><\/div>\n<\/p><\/div>\n<\/p><\/div>\n<\/p><\/div>\n<\/p><\/div>\n<\/p><\/div>\n<\/p><\/div>\n<\/div>","protected":false},"excerpt":{"rendered":"<p>Semicera Energy Technology Co., Ltd. es un proveedor l\u00edder especializado en obleas y consumo de semiconductores avanzados. Estamos dedicados a proporcionar productos de alta calidad, confiables e innovadores a la fabricaci\u00f3n de semiconductores, la industria fotovoltaica y otros campos relacionados. \u00f3xido de aluminio y etc. Como un proveedor confiable, entendemos la importancia de los consumibles en el proceso de fabricaci\u00f3n, y estamos comprometidos a entregar productos que cumplan con los est\u00e1ndares de m\u00e1s altos est\u00e1ndares para satisfacer las necesidades de nuestros clientes.<\/p>","protected":false},"featured_media":700,"comment_status":"closed","ping_status":"open","template":"","meta":[],"product_brand":[],"product_cat":[16,66],"product_tag":[],"class_list":{"0":"post-2171","1":"product","2":"type-product","3":"status-publish","4":"has-post-thumbnail","6":"product_cat-cvd-sic","7":"product_cat-etching-process-parts","9":"first","10":"instock","11":"product-type-simple"},"_links":{"self":[{"href":"https:\/\/www.cn-semiconductorparts.com\/es\/wp-json\/wp\/v2\/product\/2171","targetHints":{"allow":["GET"]}}],"collection":[{"href":"https:\/\/www.cn-semiconductorparts.com\/es\/wp-json\/wp\/v2\/product"}],"about":[{"href":"https:\/\/www.cn-semiconductorparts.com\/es\/wp-json\/wp\/v2\/types\/product"}],"replies":[{"embeddable":true,"href":"https:\/\/www.cn-semiconductorparts.com\/es\/wp-json\/wp\/v2\/comments?post=2171"}],"wp:featuredmedia":[{"embeddable":true,"href":"https:\/\/www.cn-semiconductorparts.com\/es\/wp-json\/wp\/v2\/media\/700"}],"wp:attachment":[{"href":"https:\/\/www.cn-semiconductorparts.com\/es\/wp-json\/wp\/v2\/media?parent=2171"}],"wp:term":[{"taxonomy":"product_brand","embeddable":true,"href":"https:\/\/www.cn-semiconductorparts.com\/es\/wp-json\/wp\/v2\/product_brand?post=2171"},{"taxonomy":"product_cat","embeddable":true,"href":"https:\/\/www.cn-semiconductorparts.com\/es\/wp-json\/wp\/v2\/product_cat?post=2171"},{"taxonomy":"product_tag","embeddable":true,"href":"https:\/\/www.cn-semiconductorparts.com\/es\/wp-json\/wp\/v2\/product_tag?post=2171"}],"curies":[{"name":"WP","href":"https:\/\/api.w.org\/{rel}","templated":true}]}}