{"id":2205,"date":"2025-09-11T05:33:20","date_gmt":"2025-09-11T05:33:20","guid":{"rendered":"https:\/\/weitai2.globaldeepsea.site\/product\/high-temperature-resistant-silicon-carbide-ceramic-saggar\/"},"modified":"2026-04-29T15:28:20","modified_gmt":"2026-04-29T07:28:20","slug":"high-temperature-resistant-silicon-carbide-ceramic-saggar","status":"publish","type":"product","link":"https:\/\/www.cn-semiconductorparts.com\/es\/product\/high-temperature-resistant-silicon-carbide-ceramic-saggar\/","title":{"rendered":"High temperature resistant silicon carbide ceramic saggar"},"content":{"rendered":"<div class=\"fl-builder-content fl-builder-content-3451 fl-builder-content-primary fl-builder-global-templates-locked\" data-post-id=\"3451\">\n<div class=\"fl-row fl-row-full-width fl-row-bg-none fl-node-64e5b76c7a136\" data-node=\"64e5b76c7a136\">\n<div class=\"fl-row-content-wrap\">\n<div class=\"fl-row-content fl-row-full-width fl-node-content\">\n<div class=\"fl-col-group fl-node-64e5b76c7a177\" data-node=\"64e5b76c7a177\">\n<div class=\"fl-col fl-node-64e5b76c7a1b5\" data-node=\"64e5b76c7a1b5\" style=\"width: 100%;\">\n<div class=\"fl-col-content fl-node-content\">\n<div class=\"fl-module fl-module-rich-text fl-node-64e5b76c7a1f2\" data-animation-delay=\"0.0\" data-node=\"64e5b76c7a1f2\">\n<div class=\"fl-module-content fl-node-content\">\n<div class=\"fl-rich-text\">\n<p>El carburo de silicio es un nuevo tipo de cer\u00e1mica con rendimiento de alto costo y excelentes propiedades del material. Debido a caracter\u00edsticas como alta resistencia y dureza, alta resistencia a la temperatura, gran conductividad t\u00e9rmica y resistencia a la corrosi\u00f3n qu\u00edmica, el carburo de silicio puede casi resistir todo el medio qu\u00edmico. Por lo tanto, SIC se usa ampliamente en miner\u00eda de petr\u00f3leo, qu\u00edmicos, maquinaria y espacio a\u00e9reo, incluso la energ\u00eda nuclear y los militares tienen sus demandas especiales sobre SIC. Algunas aplicaciones normales que podemos ofrecer son los anillos de sello para la bomba, la v\u00e1lvula y la armadura protectora, etc.<\/p>\n<p>Podemos dise\u00f1ar y fabricar de acuerdo con sus dimensiones espec\u00edficas con buena calidad y tiempo de entrega razonable.\u00a0<\/p>\n<\/p><\/div>\n<\/p><\/div>\n<\/p><\/div>\n<\/p><\/div>\n<\/p><\/div>\n<\/p><\/div>\n<div class=\"fl-col-group fl-node-64e5b76c7a3e1\" data-node=\"64e5b76c7a3e1\">\n<div class=\"fl-col fl-node-64e5b76c7a405\" data-node=\"64e5b76c7a405\" style=\"width: 100%;\">\n<div class=\"fl-col-content fl-node-content\">\n<div class=\"fl-module fl-module-photo fl-node-64e5b76c7a443\" data-animation-delay=\"0.0\" data-node=\"64e5b76c7a443\">\n<div class=\"fl-module-content fl-node-content\">\n<div class=\"fl-photo fl-photo-align-center\" itemscope=\"\" itemtype=\"http:\/\/schema.org\/ImageObject\">\n<div class=\"fl-photo-content fl-photo-img-png\"> <img decoding=\"async\" alt=\"Silicon Carbide Sagger (3)\" class=\"fl-photo-img wp-image-3462\" itemprop=\"image\" src=\"\/wp-content\/uploads\/2025\/09\/56f344ad44030037.webp\"> <\/img><\/div>\n<\/p><\/div>\n<\/p><\/div>\n<\/p><\/div>\n<\/p><\/div>\n<\/p><\/div>\n<\/p><\/div>\n<div class=\"fl-col-group fl-node-64e5b76c7a230\" data-node=\"64e5b76c7a230\">\n<div class=\"fl-col fl-node-64e5b76c7a26d\" data-node=\"64e5b76c7a26d\" style=\"width: 100%;\">\n<div class=\"fl-col-content fl-node-content\">\n<div class=\"fl-module fl-module-rich-text fl-node-64e5b76c7a2aa\" data-animation-delay=\"0.0\" data-node=\"64e5b76c7a2aa\">\n<div class=\"fl-module-content fl-node-content\">\n<div class=\"fl-rich-text\">\n<p><span style=\"font-family: Calibri;\">Aplicaciones:<\/span><\/p>\n<p><span style=\"font-family: Calibri;\">-Campo resistente al desgaste: buje, placa, boquilla de arena, revestimiento de ciclones, barril de molienda, etc.\u2026<\/span><\/p>\n<p><span style=\"font-family: Calibri;\">-Campo de alta temperatura: losa SIC, tubo de horno de enfriamiento, tubo radiante, crisol, elemento de calentamiento, rodillo, haz, intercambiador de calor, tuber\u00eda de aire fr\u00edo, boquilla de quemador, tubo de protecci\u00f3n de termopar, bote SIC, estructura de autom\u00f3vil del horno, setter, etc.<\/span><\/p>\n<p><span style=\"font-family: Calibri;\">-Campo militar a prueba de balas<\/span><\/p>\n<p><span style=\"font-family: Calibri;\">-Semiconductor de carburo de silicio: bote de obleas SIC, chuck sic, paleta SiC, cassette de SiC, tubo de difusi\u00f3n SIC, horquilla de oblea, placa de succi\u00f3n, v\u00eda gu\u00eda, etc.<\/span><\/p>\n<p><span style=\"font-family: Calibri;\">-Campo de sello de carburo de silicio: todo tipo de anillo de sellado, rodamiento, buje, etc.<\/span><\/p>\n<p><span style=\"font-family: Calibri;\">-Campo fotovoltaico: paleta en voladizo, barril de molienda, rodillo de carburo de silicio, etc.<\/span><\/p>\n<p><span style=\"font-family: Calibri;\">-Campo de bater\u00eda de litio<\/span><\/p>\n<\/p><\/div>\n<\/p><\/div>\n<\/p><\/div>\n<\/p><\/div>\n<\/p><\/div>\n<\/p><\/div>\n<div class=\"fl-col-group fl-node-64e5b76c7a480\" data-node=\"64e5b76c7a480\">\n<div class=\"fl-col fl-node-64e5b76c7a4bd\" data-node=\"64e5b76c7a4bd\" style=\"width: 100%;\">\n<div class=\"fl-col-content fl-node-content\">\n<div class=\"fl-module fl-module-gallery fl-node-64e5b76c7a4fa\" data-animation-delay=\"0.0\" data-node=\"64e5b76c7a4fa\">\n<div class=\"fl-module-content fl-node-content\">\n<div class=\"fl-mosaicflow\">\n<div class=\"fl-mosaicflow-content\">\n<div class=\"fl-mosaicflow-item\">\n<div class=\"fl-photo fl-photo-align-center\" itemscope=\"\" itemtype=\"http:\/\/schema.org\/ImageObject\">\n<div class=\"fl-photo-content fl-photo-img-png\"> <a href=\"\/es\/uploads\/28ff221e11.webp\/\" itemprop=\"url\" target=\"_self\"> <img decoding=\"async\" alt=\"Sin t\u00edtulo-1\" class=\"fl-photo-img wp-image-2492\" itemprop=\"image\" src=\"\/wp-content\/uploads\/2025\/09\/7d66089f241eb2fc.webp\"> <\/img><\/a> <\/div>\n<\/p><\/div>\n<\/p><\/div>\n<div class=\"fl-mosaicflow-item\">\n<div class=\"fl-photo fl-photo-align-center\" itemscope=\"\" itemtype=\"http:\/\/schema.org\/ImageObject\">\n<div class=\"fl-photo-content fl-photo-img-png\"> <a href=\"\/es\/uploads\/52e9658a1.webp\/\" itemprop=\"url\" target=\"_self\"> <img decoding=\"async\" alt=\"Sin t\u00edtulo-2\" class=\"fl-photo-img wp-image-2493\" itemprop=\"image\" src=\"\/wp-content\/uploads\/2025\/09\/215e03cfbaafb311.webp\"> <\/img><\/a> <\/div>\n<\/p><\/div>\n<\/p><\/div>\n<div class=\"fl-mosaicflow-item\">\n<div class=\"fl-photo fl-photo-align-center\" itemscope=\"\" itemtype=\"http:\/\/schema.org\/ImageObject\">\n<div class=\"fl-photo-content fl-photo-img-png\"> <a href=\"\/es\/uploads\/ff7efb55.webp\/\" itemprop=\"url\" target=\"_self\"> <img decoding=\"async\" alt=\"Sin t\u00edtulo-3\" class=\"fl-photo-img wp-image-2494\" itemprop=\"image\" src=\"\/wp-content\/uploads\/2025\/09\/778f96ab4cfc0733.webp\"> <\/img><\/a> <\/div>\n<\/p><\/div>\n<\/p><\/div>\n<\/p><\/div>\n<div class=\"fl-clear\"><\/div>\n<\/p><\/div>\n<\/p><\/div>\n<\/p><\/div>\n<\/p><\/div>\n<\/p><\/div>\n<\/p><\/div>\n<div class=\"fl-col-group fl-node-64e5b76c7a538\" data-node=\"64e5b76c7a538\">\n<div class=\"fl-col fl-node-64e5b76c7a575\" data-node=\"64e5b76c7a575\" style=\"width: 100%;\">\n<div class=\"fl-col-content fl-node-content\">\n<div class=\"fl-module fl-module-rich-text fl-node-64e5b76c7a5b2\" data-animation-delay=\"0.0\" data-node=\"64e5b76c7a5b2\">\n<div class=\"fl-module-content fl-node-content\">\n<div class=\"fl-rich-text\">\n<p data-section=\"0\">1, alta conductividad t\u00e9rmica sobresaliente: la conductividad t\u00e9rmica es mucho m\u00e1s alta que otros materiales resistentes a la corrosi\u00f3n; Use menos \u00e1rea de intercambio de calor para la misma eficiencia de intercambio de calor; Permite tama\u00f1os de intercambiador de calor m\u00e1s peque\u00f1os; Reduzca en gran medida el espacio ocupado y reduzca el costo de uso;<\/p>\n<p data-section=\"1\">2, Excelente resistencia a la corrosi\u00f3n: con resistencia a la corrosi\u00f3n muy alta, resistencia a la oxidaci\u00f3n y resistencia a la erosi\u00f3n puede resistir una alta concentraci\u00f3n de \u00e1cido sulf\u00farico, \u00e1cido n\u00edtrico, \u00e1cido fosf\u00f3rico, \u00e1cido mixto, \u00e1lcali fuerte, oxidante, etc., con una excelente vida \u00fatil del servicio;<\/p>\n<p data-section=\"2\">3, excelentes propiedades termodin\u00e1micas: excelentes propiedades termodin\u00e1micas con alta resistencia y alta dureza; Resistencia al desgaste fuerte y resistencia a la permeabilidad bajo temperatura y presi\u00f3n extremas; Permita que el medio pase a alta velocidad; Se puede usar normalmente a alta temperatura de 1300 \u2103.<\/p>\n<\/p><\/div>\n<\/p><\/div>\n<\/p><\/div>\n<\/p><\/div>\n<\/p><\/div>\n<\/p><\/div>\n<div class=\"fl-col-group fl-node-64e5b76c7a2e9\" data-node=\"64e5b76c7a2e9\">\n<div class=\"fl-col fl-node-64e5b76c7a326\" data-node=\"64e5b76c7a326\" style=\"width: 100%;\">\n<div class=\"fl-col-content fl-node-content\">\n<div class=\"fl-module fl-module-heading fl-node-64e5b76c7a3a0\" data-animation-delay=\"0.0\" data-node=\"64e5b76c7a3a0\">\n<div class=\"fl-module-content fl-node-content\">\n<h3 class=\"fl-heading\"> <span class=\"fl-heading-text\">Par\u00e1metros t\u00e9cnicos<\/span> <\/h3>\n<\/p><\/div>\n<\/p><\/div>\n<div class=\"fl-module fl-module-photo fl-node-64e5b76c7a363\" data-animation-delay=\"0.0\" data-node=\"64e5b76c7a363\">\n<div class=\"fl-module-content fl-node-content\">\n<div class=\"fl-photo fl-photo-align-center\" itemscope=\"\" itemtype=\"http:\/\/schema.org\/ImageObject\">\n<div class=\"fl-photo-content fl-photo-img-png\"> <img decoding=\"async\" alt=\"Imagen 1\" class=\"fl-photo-img wp-image-2429\" itemprop=\"image\" src=\"\/wp-content\/uploads\/2025\/09\/e16a8a56d25ff317.webp\"> <\/img><\/div>\n<\/p><\/div>\n<\/p><\/div>\n<\/p><\/div>\n<\/p><\/div>\n<\/p><\/div>\n<\/p><\/div>\n<\/p><\/div>\n<\/p><\/div>\n<\/p><\/div>\n<\/div>","protected":false},"excerpt":{"rendered":"<p>Semicera\u2019s high temperature resistant silicon carbide ceramic saggers are carefully designed to withstand extreme thermal environments and are ideal for a variety of high temperature applications. Made of high-quality silicon carbide, the saggers have excellent durability and thermal stability to ensure reliable performance in the most demanding processes. Semicera prides itself on providing high-quality customized solutions that meet your specific needs. Semicera looks forward to being your long-term partner in China.<\/p>","protected":false},"featured_media":930,"comment_status":"closed","ping_status":"open","template":"","meta":[],"product_brand":[],"product_cat":[25,24],"product_tag":[],"class_list":{"0":"post-2205","1":"product","2":"type-product","3":"status-publish","4":"has-post-thumbnail","6":"product_cat-more-sic-product","7":"product_cat-silicon-carbide-ceramic","9":"first","10":"instock","11":"product-type-simple"},"_links":{"self":[{"href":"https:\/\/www.cn-semiconductorparts.com\/es\/wp-json\/wp\/v2\/product\/2205","targetHints":{"allow":["GET"]}}],"collection":[{"href":"https:\/\/www.cn-semiconductorparts.com\/es\/wp-json\/wp\/v2\/product"}],"about":[{"href":"https:\/\/www.cn-semiconductorparts.com\/es\/wp-json\/wp\/v2\/types\/product"}],"replies":[{"embeddable":true,"href":"https:\/\/www.cn-semiconductorparts.com\/es\/wp-json\/wp\/v2\/comments?post=2205"}],"wp:featuredmedia":[{"embeddable":true,"href":"https:\/\/www.cn-semiconductorparts.com\/es\/wp-json\/wp\/v2\/media\/930"}],"wp:attachment":[{"href":"https:\/\/www.cn-semiconductorparts.com\/es\/wp-json\/wp\/v2\/media?parent=2205"}],"wp:term":[{"taxonomy":"product_brand","embeddable":true,"href":"https:\/\/www.cn-semiconductorparts.com\/es\/wp-json\/wp\/v2\/product_brand?post=2205"},{"taxonomy":"product_cat","embeddable":true,"href":"https:\/\/www.cn-semiconductorparts.com\/es\/wp-json\/wp\/v2\/product_cat?post=2205"},{"taxonomy":"product_tag","embeddable":true,"href":"https:\/\/www.cn-semiconductorparts.com\/es\/wp-json\/wp\/v2\/product_tag?post=2205"}],"curies":[{"name":"WP","href":"https:\/\/api.w.org\/{rel}","templated":true}]}}