{"id":2209,"date":"2025-09-11T05:33:27","date_gmt":"2025-09-11T05:33:27","guid":{"rendered":"https:\/\/weitai2.globaldeepsea.site\/product\/customized-sic-ceramic-effector-for-semiconductor-equipment\/"},"modified":"2026-04-29T15:28:05","modified_gmt":"2026-04-29T07:28:05","slug":"customized-sic-ceramic-effector-for-semiconductor-equipment","status":"publish","type":"product","link":"https:\/\/www.cn-semiconductorparts.com\/es\/product\/customized-sic-ceramic-effector-for-semiconductor-equipment\/","title":{"rendered":"Customized SiC Ceramic effector for semiconductor equipment"},"content":{"rendered":"<div class=\"fl-builder-content fl-builder-content-3399 fl-builder-content-primary fl-builder-global-templates-locked\" data-post-id=\"3399\">\n<div class=\"fl-row fl-row-full-width fl-row-bg-none fl-node-65531d9d10ad0\" data-node=\"65531d9d10ad0\">\n<div class=\"fl-row-content-wrap\">\n<div class=\"fl-row-content fl-row-full-width fl-node-content\">\n<div class=\"fl-col-group fl-node-65531d9d10c93\" data-node=\"65531d9d10c93\">\n<div class=\"fl-col fl-node-65531d9d10cd3\" data-node=\"65531d9d10cd3\" style=\"width: 100%;\">\n<div class=\"fl-col-content fl-node-content\">\n<div class=\"fl-module fl-module-photo fl-node-65531d9d10d5a\" data-animation-delay=\"0.0\" data-node=\"65531d9d10d5a\">\n<div class=\"fl-module-content fl-node-content\">\n<div class=\"fl-photo fl-photo-align-center\" itemscope=\"\" itemtype=\"http:\/\/schema.org\/ImageObject\">\n<div class=\"fl-photo-content fl-photo-img-png\"> <img decoding=\"async\" alt=\"12\" class=\"fl-photo-img wp-image-5126\" itemprop=\"image\" src=\"\/wp-content\/uploads\/2025\/09\/cbccbeaad20106b5.webp\"> <\/img><\/div>\n<\/p><\/div>\n<\/p><\/div>\n<\/p><\/div>\n<\/p><\/div>\n<\/p><\/div>\n<\/p><\/div>\n<div class=\"fl-col-group fl-node-65531d9d10d9a\" data-node=\"65531d9d10d9a\">\n<div class=\"fl-col fl-node-65531d9d10dda\" data-node=\"65531d9d10dda\" style=\"width: 100%;\">\n<div class=\"fl-col-content fl-node-content\">\n<div class=\"fl-module fl-module-rich-text fl-node-65531d9d10e1a\" data-animation-delay=\"0.0\" data-node=\"65531d9d10e1a\">\n<div class=\"fl-module-content fl-node-content\">\n<div class=\"fl-rich-text\">\n<p style=\"text-align: center;\">Characteristics and advantages<\/p>\n<p>1.Precise dimensions and thermal stability<\/p>\n<p>2.High specific stiffness and excellent thermal uniformity, long-term use is not easy to bend deformation;<\/p>\n<p>3.It has a smooth surface and good wear resistance, thus safely handling the chip without particle contamination.<\/p>\n<p>4.Silicon carbide resistivity in 106-108\u03a9, non-magnetic, in line with anti-ESD specification requirements; It can prevent the accumulation of static electricity on the surface of the chip<\/p>\n<p>5.Good thermal conductivity, low expansion coefficient.<\/p>\n<\/p><\/div>\n<\/p><\/div>\n<\/p><\/div>\n<\/p><\/div>\n<\/p><\/div>\n<\/p><\/div>\n<div class=\"fl-col-group fl-node-65531d9d10e59\" data-node=\"65531d9d10e59\">\n<div class=\"fl-col fl-node-65531d9d10f19 fl-col-small\" data-node=\"65531d9d10f19\" style=\"width: 50%;\">\n<div class=\"fl-col-content fl-node-content\">\n<div class=\"fl-module fl-module-photo fl-node-65531d9d10d17\" data-animation-delay=\"0.0\" data-node=\"65531d9d10d17\">\n<div class=\"fl-module-content fl-node-content\">\n<div class=\"fl-photo fl-photo-align-center\" itemscope=\"\" itemtype=\"http:\/\/schema.org\/ImageObject\">\n<div class=\"fl-photo-content fl-photo-img-png\"> <img decoding=\"async\" alt=\"Robot Arm Effector\" class=\"fl-photo-img wp-image-5121\" itemprop=\"image\" src=\"\/wp-content\/uploads\/2025\/09\/41c37c626d219401.webp\"> <\/img><\/div>\n<\/p><\/div>\n<\/p><\/div>\n<\/p><\/div>\n<\/p><\/div>\n<\/p><\/div>\n<div class=\"fl-col fl-node-65531d9d10e99 fl-col-small\" data-node=\"65531d9d10e99\" style=\"width: 50%;\">\n<div class=\"fl-col-content fl-node-content\">\n<div class=\"fl-module fl-module-photo fl-node-65531d9d10ed9\" data-animation-delay=\"0.0\" data-node=\"65531d9d10ed9\">\n<div class=\"fl-module-content fl-node-content\">\n<div class=\"fl-photo fl-photo-align-center\" itemscope=\"\" itemtype=\"http:\/\/schema.org\/ImageObject\">\n<div class=\"fl-photo-content fl-photo-img-png\"> <img decoding=\"async\" alt=\"SiC End Effector\" class=\"fl-photo-img wp-image-5119\" itemprop=\"image\" src=\"\/wp-content\/uploads\/2025\/09\/7fbb185fd9c28a20.webp\"> <\/img><\/div>\n<\/p><\/div>\n<\/p><\/div>\n<\/p><\/div>\n<\/p><\/div>\n<\/p><\/div>\n<\/p><\/div>\n<div class=\"fl-col-group fl-node-65531d9d10c13\" data-node=\"65531d9d10c13\">\n<div class=\"fl-col fl-node-65531d9d10c54\" data-node=\"65531d9d10c54\" style=\"width: 100%;\">\n<div class=\"fl-col-content fl-node-content\">\n<div class=\"fl-module fl-module-photo fl-node-65531d9d10b13\" data-animation-delay=\"0.0\" data-node=\"65531d9d10b13\">\n<div class=\"fl-module-content fl-node-content\">\n<div class=\"fl-photo fl-photo-align-center\" itemscope=\"\" itemtype=\"http:\/\/schema.org\/ImageObject\">\n<div class=\"fl-photo-content fl-photo-img-png\"> <img decoding=\"async\" alt=\"Comparison of SIC ceramic materials\" class=\"fl-photo-img wp-image-2082\" itemprop=\"image\" src=\"\/wp-content\/uploads\/2025\/09\/56525b05fddbd22a.webp\"> <\/img><\/div>\n<\/p><\/div>\n<\/p><\/div>\n<\/p><\/div>\n<\/p><\/div>\n<\/p><\/div>\n<\/p><\/div>\n<div class=\"fl-col-group fl-node-65531d9d10b54\" data-node=\"65531d9d10b54\">\n<div class=\"fl-col fl-node-65531d9d10b94\" data-node=\"65531d9d10b94\" style=\"width: 100%;\">\n<div class=\"fl-col-content fl-node-content\">\n<div class=\"fl-module fl-module-photo fl-node-65531d9d10bd4\" data-animation-delay=\"0.0\" data-node=\"65531d9d10bd4\">\n<div class=\"fl-module-content fl-node-content\">\n<div class=\"fl-photo fl-photo-align-center\" itemscope=\"\" itemtype=\"http:\/\/schema.org\/ImageObject\">\n<div class=\"fl-photo-content fl-photo-img-png\"> <img decoding=\"async\" alt=\"Adfvzcvxcd\" class=\"fl-photo-img wp-image-1732\" itemprop=\"image\" src=\"\/wp-content\/uploads\/2025\/09\/b2c38ce1672f5a38.webp\"> <\/img><\/div>\n<\/p><\/div>\n<\/p><\/div>\n<\/p><\/div>\n<\/p><\/div>\n<\/p><\/div>\n<\/p><\/div>\n<\/p><\/div>\n<\/p><\/div>\n<\/p><\/div>\n<\/div>","protected":false},"excerpt":{"rendered":"<p>Weitai Energy Technology Co., Ltd. es un proveedor l\u00edder especializado en obleas y consumo de semiconductores avanzados. Estamos dedicados a proporcionar productos de alta calidad, confiables e innovadores a la fabricaci\u00f3n de semiconductores, la industria fotovoltaica y otros campos relacionados. \u00f3xido y etc. Como un proveedor de confianza, entendemos la importancia de los consumibles en el proceso de fabricaci\u00f3n, y estamos comprometidos a entregar productos que satisfagan los est\u00e1ndares de la m\u00e1s alta calidad para satisfacer las necesidades de nuestros clientes.<\/p>","protected":false},"featured_media":1172,"comment_status":"closed","ping_status":"open","template":"","meta":[],"product_brand":[],"product_cat":[25,24],"product_tag":[],"class_list":{"0":"post-2209","1":"product","2":"type-product","3":"status-publish","4":"has-post-thumbnail","6":"product_cat-more-sic-product","7":"product_cat-silicon-carbide-ceramic","9":"first","10":"instock","11":"product-type-simple"},"_links":{"self":[{"href":"https:\/\/www.cn-semiconductorparts.com\/es\/wp-json\/wp\/v2\/product\/2209","targetHints":{"allow":["GET"]}}],"collection":[{"href":"https:\/\/www.cn-semiconductorparts.com\/es\/wp-json\/wp\/v2\/product"}],"about":[{"href":"https:\/\/www.cn-semiconductorparts.com\/es\/wp-json\/wp\/v2\/types\/product"}],"replies":[{"embeddable":true,"href":"https:\/\/www.cn-semiconductorparts.com\/es\/wp-json\/wp\/v2\/comments?post=2209"}],"wp:featuredmedia":[{"embeddable":true,"href":"https:\/\/www.cn-semiconductorparts.com\/es\/wp-json\/wp\/v2\/media\/1172"}],"wp:attachment":[{"href":"https:\/\/www.cn-semiconductorparts.com\/es\/wp-json\/wp\/v2\/media?parent=2209"}],"wp:term":[{"taxonomy":"product_brand","embeddable":true,"href":"https:\/\/www.cn-semiconductorparts.com\/es\/wp-json\/wp\/v2\/product_brand?post=2209"},{"taxonomy":"product_cat","embeddable":true,"href":"https:\/\/www.cn-semiconductorparts.com\/es\/wp-json\/wp\/v2\/product_cat?post=2209"},{"taxonomy":"product_tag","embeddable":true,"href":"https:\/\/www.cn-semiconductorparts.com\/es\/wp-json\/wp\/v2\/product_tag?post=2209"}],"curies":[{"name":"WP","href":"https:\/\/api.w.org\/{rel}","templated":true}]}}