{"id":2214,"date":"2025-09-11T05:33:27","date_gmt":"2025-09-11T05:33:27","guid":{"rendered":"https:\/\/weitai2.globaldeepsea.site\/product\/reaction-sintered-silicon-carbide-rolls\/"},"modified":"2026-04-29T15:28:07","modified_gmt":"2026-04-29T07:28:07","slug":"reaction-sintered-silicon-carbide-rolls","status":"publish","type":"product","link":"https:\/\/www.cn-semiconductorparts.com\/es\/product\/reaction-sintered-silicon-carbide-rolls\/","title":{"rendered":"Reacci\u00f3n Rollos de carburo de silicio sinterizado"},"content":{"rendered":"<div class=\"fl-builder-content fl-builder-content-3413 fl-builder-content-primary fl-builder-global-templates-locked\" data-post-id=\"3413\">\n<div class=\"fl-row fl-row-full-width fl-row-bg-none fl-node-64e5a83d8cf27\" data-node=\"64e5a83d8cf27\">\n<div class=\"fl-row-content-wrap\">\n<div class=\"fl-row-content fl-row-full-width fl-node-content\">\n<div class=\"fl-col-group fl-node-64e5a83d8cf66\" data-node=\"64e5a83d8cf66\">\n<div class=\"fl-col fl-node-64e5a83d8d099 fl-col-small\" data-node=\"64e5a83d8d099\" style=\"width: 43.33%;\">\n<div class=\"fl-col-content fl-node-content\">\n<div class=\"fl-module fl-module-photo fl-node-64e5a83d8d0d2\" data-animation-delay=\"0.0\" data-node=\"64e5a83d8d0d2\">\n<div class=\"fl-module-content fl-node-content\">\n<div class=\"fl-photo fl-photo-align-center\" itemscope=\"\" itemtype=\"http:\/\/schema.org\/ImageObject\">\n<div class=\"fl-photo-content fl-photo-img-png\"> <img decoding=\"async\" alt=\"Roller de carburo de silicio (3)\" class=\"fl-photo-img wp-image-3423\" itemprop=\"image\" src=\"\/wp-content\/uploads\/2025\/09\/9180d2d2d538e770.webp\"> <\/img><\/div>\n<\/p><\/div>\n<\/p><\/div>\n<\/p><\/div>\n<\/p><\/div>\n<\/p><\/div>\n<div class=\"fl-col fl-node-64e5a83d8cfa4\" data-node=\"64e5a83d8cfa4\" style=\"width: 56.67%;\">\n<div class=\"fl-col-content fl-node-content\">\n<div class=\"fl-module fl-module-rich-text fl-node-64e5a83d8d18a\" data-animation-delay=\"0.0\" data-node=\"64e5a83d8d18a\">\n<div class=\"fl-module-content fl-node-content\">\n<div class=\"fl-rich-text\">\n<p>El carburo de silicio es un nuevo tipo de cer\u00e1mica con rendimiento de alto costo y excelentes propiedades del material. Debido a caracter\u00edsticas como alta resistencia y dureza, alta resistencia a la temperatura, gran conductividad t\u00e9rmica y resistencia a la corrosi\u00f3n qu\u00edmica, el carburo de silicio puede casi resistir todo el medio qu\u00edmico. Por lo tanto, SIC se usa ampliamente en miner\u00eda de petr\u00f3leo, qu\u00edmicos, maquinaria y espacio a\u00e9reo, incluso la energ\u00eda nuclear y los militares tienen sus demandas especiales sobre SIC. Algunas aplicaciones normales que podemos ofrecer son los anillos de sello para la bomba, la v\u00e1lvula y la armadura protectora, etc.<\/p>\n<p>Podemos dise\u00f1ar y fabricar de acuerdo con sus dimensiones espec\u00edficas con buena calidad y tiempo de entrega razonable.\u00a0<\/p>\n<\/p><\/div>\n<\/p><\/div>\n<\/p><\/div>\n<\/p><\/div>\n<\/p><\/div>\n<\/p><\/div>\n<div class=\"fl-col-group fl-node-64e5a83d8d1c7\" data-node=\"64e5a83d8d1c7\">\n<div class=\"fl-col fl-node-64e5a83d8d204\" data-node=\"64e5a83d8d204\" style=\"width: 100%;\">\n<div class=\"fl-col-content fl-node-content\">\n<div class=\"fl-module fl-module-rich-text fl-node-64e5a83d8d14d\" data-animation-delay=\"0.0\" data-node=\"64e5a83d8d14d\">\n<div class=\"fl-module-content fl-node-content\">\n<div class=\"fl-rich-text\">\n<p data-section=\"0\">Productos de cer\u00e1mica de carburo sinterizado sin presi\u00f3n sin presi\u00f3n, el uso de polvo de carburo de silicio de silicio sinterizado de alta pureza, sinterizado a 2450 \u2103 Alta temperatura, contenido de carburo de silicio de m\u00e1s de 99.1%, densidad del producto \u22653.10g\/cm3, sin impurezas met\u00e1licas como silicio met\u00e1lico.<\/p>\n<p data-section=\"2\">\u25ba Contenido de carburo de silicio - \u226599%;<\/p>\n<p data-section=\"4\">\u25ba Resistencia de alta temperatura: uso normal a 1800 \u2103;<\/p>\n<p data-section=\"6\">\u25ba Alta conductividad t\u00e9rmica: comparable a la conductividad t\u00e9rmica de los materiales de grafito;<\/p>\n<p data-section=\"8\">\u25ba Alta dureza: dureza el segundo solo por diamante, nitruro de boro c\u00fabico;<\/p>\n<p data-section=\"10\">\u25ba Resistencia a la corrosi\u00f3n: el \u00e1cido fuerte y el \u00e1lcali no tienen ninguna corrosi\u00f3n, la resistencia a la corrosi\u00f3n es mejor que el carburo de tungsteno y la al\u00famina;<\/p>\n<p data-section=\"12\">\u25ba Peso ligero - densidad 3.10 g\/cm3, cerca del aluminio;<\/p>\n<p data-section=\"14\">\u25ba Sin deformaci\u00f3n: coeficiente muy peque\u00f1o de expansi\u00f3n t\u00e9rmica;<\/p>\n<p data-section=\"16\">\u25ba Resistencia al choque t\u00e9rmico: el material puede soportar cambios r\u00e1pidos de temperatura, resistencia al choque t\u00e9rmico, resistencia al fr\u00edo y al calor, un rendimiento estable.<\/p>\n<\/p><\/div>\n<\/p><\/div>\n<\/p><\/div>\n<\/p><\/div>\n<\/p><\/div>\n<\/p><\/div>\n<div class=\"fl-col-group fl-node-64e5a854bb849\" data-node=\"64e5a854bb849\">\n<div class=\"fl-col fl-node-64e5a854bb9da\" data-node=\"64e5a854bb9da\" style=\"width: 100%;\">\n<div class=\"fl-col-content fl-node-content\">\n<div class=\"fl-module fl-module-gallery fl-node-64e5a854bb6f9\" data-animation-delay=\"0.0\" data-node=\"64e5a854bb6f9\">\n<div class=\"fl-module-content fl-node-content\">\n<div class=\"fl-mosaicflow\">\n<div class=\"fl-mosaicflow-content\">\n<div class=\"fl-mosaicflow-item\">\n<div class=\"fl-photo fl-photo-align-center\" itemscope=\"\" itemtype=\"http:\/\/schema.org\/ImageObject\">\n<div class=\"fl-photo-content fl-photo-img-png\"> <a href=\"\/es\/uploads\/Silicon-Carbide-Roller-2.webp\/\" itemprop=\"url\" target=\"_self\"> <img decoding=\"async\" alt=\"Roller de carburo de silicio (2)\" class=\"fl-photo-img wp-image-3425\" itemprop=\"image\" src=\"\/wp-content\/uploads\/2025\/09\/caac4d299af333fd.webp\"> <\/img><\/a> <\/div>\n<\/p><\/div>\n<\/p><\/div>\n<div class=\"fl-mosaicflow-item\">\n<div class=\"fl-photo fl-photo-align-center\" itemscope=\"\" itemtype=\"http:\/\/schema.org\/ImageObject\">\n<div class=\"fl-photo-content fl-photo-img-png\"> <a href=\"\/es\/uploads\/Silicon-Carbide-Roller-31.webp\/\" itemprop=\"url\" target=\"_self\"> <img decoding=\"async\" alt=\"Roller de carburo de silicio (3)\" class=\"fl-photo-img wp-image-3426\" itemprop=\"image\" src=\"\/wp-content\/uploads\/2025\/09\/b429da6b6ebfccba.webp\"> <\/img><\/a> <\/div>\n<\/p><\/div>\n<\/p><\/div>\n<\/p><\/div>\n<div class=\"fl-clear\"><\/div>\n<\/p><\/div>\n<\/p><\/div>\n<\/p><\/div>\n<\/p><\/div>\n<\/p><\/div>\n<\/p><\/div>\n<div class=\"fl-col-group fl-node-64e5a83d8cfe1\" data-node=\"64e5a83d8cfe1\">\n<div class=\"fl-col fl-node-64e5a83d8d01e fl-col-has-cols\" data-node=\"64e5a83d8d01e\" style=\"width: 100%;\">\n<div class=\"fl-col-content fl-node-content\">\n<div class=\"fl-module fl-module-heading fl-node-64e5a83d8d05c\" data-animation-delay=\"0.0\" data-node=\"64e5a83d8d05c\">\n<div class=\"fl-module-content fl-node-content\">\n<h3 class=\"fl-heading\"> <span class=\"fl-heading-text\">Par\u00e1metros t\u00e9cnicos:<\/span> <\/h3>\n<\/p><\/div>\n<\/p><\/div>\n<div class=\"fl-col-group fl-node-64e5a83d8d241 fl-col-group-nested\" data-node=\"64e5a83d8d241\">\n<div class=\"fl-col fl-node-64e5a83d8d110\" data-node=\"64e5a83d8d110\" style=\"width: 100%;\">\n<div class=\"fl-col-content fl-node-content\">\n<div class=\"fl-module fl-module-photo fl-node-64e5a87fc1a96\" data-animation-delay=\"0.0\" data-node=\"64e5a87fc1a96\">\n<div class=\"fl-module-content fl-node-content\">\n<div class=\"fl-photo fl-photo-align-center\" itemscope=\"\" itemtype=\"http:\/\/schema.org\/ImageObject\">\n<div class=\"fl-photo-content fl-photo-img-png\"> <img decoding=\"async\" alt=\"Par\u00e1metros de carburo de silicio\" class=\"fl-photo-img wp-image-3336\" itemprop=\"image\" src=\"\/wp-content\/uploads\/2025\/09\/bd315bb4aa989ceb.webp\"> <\/img><\/div>\n<\/p><\/div>\n<\/p><\/div>\n<\/p><\/div>\n<\/p><\/div>\n<\/p><\/div>\n<\/p><\/div>\n<\/p><\/div>\n<\/p><\/div>\n<\/p><\/div>\n<\/p><\/div>\n<\/p><\/div>\n<\/p><\/div>\n<\/div>","protected":false},"excerpt":{"rendered":"<p>Los rodillos de carburo de silicio sinterados de reacci\u00f3n de Semicera est\u00e1n dise\u00f1ados para aplicaciones de alto rendimiento y tienen una excelente resistencia al desgaste y estabilidad t\u00e9rmica. Estos rodillos se fabrican utilizando tecnolog\u00eda de sinterizaci\u00f3n avanzada para garantizar una excelente durabilidad y vida \u00fatil en entornos exigentes. Semicera se compromete a proporcionar productos de alta calidad que satisfagan sus necesidades espec\u00edficas, lo que hace que estos rodillos de carburo de silicio sean una opci\u00f3n confiable para una variedad de aplicaciones industriales. Semicera espera ser su socio a largo plazo en China.<\/p>","protected":false},"featured_media":634,"comment_status":"closed","ping_status":"open","template":"","meta":[],"product_brand":[],"product_cat":[54,26],"product_tag":[],"class_list":{"0":"post-2214","1":"product","2":"type-product","3":"status-publish","4":"has-post-thumbnail","6":"product_cat-gallium-oxide-ga203","7":"product_cat-wafer","9":"first","10":"instock","11":"product-type-simple"},"_links":{"self":[{"href":"https:\/\/www.cn-semiconductorparts.com\/es\/wp-json\/wp\/v2\/product\/2214","targetHints":{"allow":["GET"]}}],"collection":[{"href":"https:\/\/www.cn-semiconductorparts.com\/es\/wp-json\/wp\/v2\/product"}],"about":[{"href":"https:\/\/www.cn-semiconductorparts.com\/es\/wp-json\/wp\/v2\/types\/product"}],"replies":[{"embeddable":true,"href":"https:\/\/www.cn-semiconductorparts.com\/es\/wp-json\/wp\/v2\/comments?post=2214"}],"wp:featuredmedia":[{"embeddable":true,"href":"https:\/\/www.cn-semiconductorparts.com\/es\/wp-json\/wp\/v2\/media\/634"}],"wp:attachment":[{"href":"https:\/\/www.cn-semiconductorparts.com\/es\/wp-json\/wp\/v2\/media?parent=2214"}],"wp:term":[{"taxonomy":"product_brand","embeddable":true,"href":"https:\/\/www.cn-semiconductorparts.com\/es\/wp-json\/wp\/v2\/product_brand?post=2214"},{"taxonomy":"product_cat","embeddable":true,"href":"https:\/\/www.cn-semiconductorparts.com\/es\/wp-json\/wp\/v2\/product_cat?post=2214"},{"taxonomy":"product_tag","embeddable":true,"href":"https:\/\/www.cn-semiconductorparts.com\/es\/wp-json\/wp\/v2\/product_tag?post=2214"}],"curies":[{"name":"WP","href":"https:\/\/api.w.org\/{rel}","templated":true}]}}