{"id":2226,"date":"2025-09-11T05:33:27","date_gmt":"2025-09-11T05:33:27","guid":{"rendered":"https:\/\/weitai2.globaldeepsea.site\/product\/high-purity-sic-ceramic-reflector-can-be-customized\/"},"modified":"2026-04-29T15:28:12","modified_gmt":"2026-04-29T07:28:12","slug":"high-purity-sic-ceramic-reflector-can-be-customized","status":"publish","type":"product","link":"https:\/\/www.cn-semiconductorparts.com\/es\/product\/high-purity-sic-ceramic-reflector-can-be-customized\/","title":{"rendered":"Se puede personalizar el reflector de cer\u00e1mica SIC de alta pureza"},"content":{"rendered":"<div class=\"fl-builder-content fl-builder-content-3067 fl-builder-content-primary fl-builder-global-templates-locked\" data-post-id=\"3067\">\n<div class=\"fl-row fl-row-full-width fl-row-bg-none fl-node-64ddb877af0eb\" data-node=\"64ddb877af0eb\">\n<div class=\"fl-row-content-wrap\">\n<div class=\"fl-row-content fl-row-full-width fl-node-content\">\n<div class=\"fl-col-group fl-node-64ddb877af133\" data-node=\"64ddb877af133\">\n<div class=\"fl-col fl-node-64ddb877af177\" data-node=\"64ddb877af177\" style=\"width: 100%;\">\n<div class=\"fl-col-content fl-node-content\">\n<div class=\"fl-module fl-module-heading fl-node-64ddb877af1b9 pro_tit\" data-animation-delay=\"0.0\" data-node=\"64ddb877af1b9\">\n<div class=\"fl-module-content fl-node-content\">\n<h3 class=\"fl-heading\"> <span class=\"fl-heading-text\">Descripci\u00f3n<\/span> <\/h3>\n<\/p><\/div>\n<\/p><\/div>\n<\/p><\/div>\n<\/p><\/div>\n<\/p><\/div>\n<div class=\"fl-col-group fl-node-64ddb877af1fa\" data-node=\"64ddb877af1fa\">\n<div class=\"fl-col fl-node-64ddb877af23c\" data-node=\"64ddb877af23c\" style=\"width: 100%;\">\n<div class=\"fl-col-content fl-node-content\">\n<div class=\"fl-module fl-module-rich-text fl-node-64ddb877af27d\" data-animation-delay=\"0.0\" data-node=\"64ddb877af27d\">\n<div class=\"fl-module-content fl-node-content\">\n<div class=\"fl-rich-text\">\n<p>La dureza de las partes estructurales de cer\u00e1mica de carburo de silicio es solo superado por Diamond, Vickers Dureza 2500; Como material s\u00faper duro y fr\u00e1gil, es muy dif\u00edcil procesar piezas estructurales de carburo de silicio. Wei Tai Energy Technology adopta CNC Machining Center. En el proceso de molienda circular interna y externa de las partes estructurales de cer\u00e1mica de carburo de silicio, la tolerancia al di\u00e1metro se puede controlar dentro de \u00b1 0.005 mm y redondez de \u00b1 0.005 mm. La estructura cer\u00e1mica de carburo de silicio mecanizado de precisi\u00f3n tiene superficie lisa, sin rebabas, sin porosidad, sin grieta, rugosidad de RA0.1 \u03bcm.<\/p>\n<p>Espejo de carburo de silicio, espejo SIC, espejo de cer\u00e1mica de carburo de silicio, espejo liviano espejo sic en blanco, espejo de carburo de silicio de tecnolog\u00eda de energ\u00eda wei tai, espejo sic, espejo SiC, espejo cer\u00e1mico de carburo de silicio, espejo de peso ligero espejo sic en blanco densidad \u22653.10g\/cm3.<\/p>\n<\/p><\/div>\n<\/p><\/div>\n<\/p><\/div>\n<\/p><\/div>\n<\/p><\/div>\n<\/p><\/div>\n<div class=\"fl-col-group fl-node-64ddb877af2bf\" data-node=\"64ddb877af2bf\">\n<div class=\"fl-col fl-node-64ddb877af4f7\" data-node=\"64ddb877af4f7\" style=\"width: 100%;\">\n<div class=\"fl-col-content fl-node-content\">\n<div class=\"fl-module fl-module-gallery fl-node-6556e2189de0a\" data-animation-delay=\"0.0\" data-node=\"6556e2189de0a\">\n<div class=\"fl-module-content fl-node-content\">\n<div class=\"fl-mosaicflow\">\n<div class=\"fl-mosaicflow-content\">\n<div class=\"fl-mosaicflow-item\">\n<div class=\"fl-photo fl-photo-align-center\" itemscope=\"\" itemtype=\"http:\/\/schema.org\/ImageObject\">\n<div class=\"fl-photo-content fl-photo-img-png\"> <a href=\"\/es\/uploads\/91d4c80d1.webp\/\" itemprop=\"url\" target=\"_self\"> <img decoding=\"async\" alt=\"Reflector sic (7\uff09\" class=\"fl-photo-img wp-image-5186\" itemprop=\"image\" src=\"\/wp-content\/uploads\/2025\/09\/c0d6aee414c948e2.webp\"> <\/img><\/a> <\/div>\n<\/p><\/div>\n<\/p><\/div>\n<div class=\"fl-mosaicflow-item\">\n<div class=\"fl-photo fl-photo-align-center\" itemscope=\"\" itemtype=\"http:\/\/schema.org\/ImageObject\">\n<div class=\"fl-photo-content fl-photo-img-jpg\"> <a href=\"\/es\/uploads\/SiC-Reflector-.webp\/\" itemprop=\"url\" target=\"_self\"> <img decoding=\"async\" alt=\"Reflector sic\" class=\"fl-photo-img wp-image-5187\" itemprop=\"image\" src=\"\/wp-content\/uploads\/2025\/09\/c3abc1087157ee6a.webp\"> <\/img><\/a> <\/div>\n<\/p><\/div>\n<\/p><\/div>\n<div class=\"fl-mosaicflow-item\">\n<div class=\"fl-photo fl-photo-align-center\" itemscope=\"\" itemtype=\"http:\/\/schema.org\/ImageObject\">\n<div class=\"fl-photo-content fl-photo-img-png\"> <a href=\"\/es\/uploads\/SiC-Reflector-7.webp\/\" itemprop=\"url\" target=\"_self\"> <img decoding=\"async\" alt=\"Reflector sic\" class=\"fl-photo-img wp-image-5189\" itemprop=\"image\" src=\"\/wp-content\/uploads\/2025\/09\/a75a2a434c9b57aa.webp\"> <\/img><\/a> <\/div>\n<\/p><\/div>\n<\/p><\/div>\n<\/p><\/div>\n<div class=\"fl-clear\"><\/div>\n<\/p><\/div>\n<\/p><\/div>\n<\/p><\/div>\n<\/p><\/div>\n<\/p><\/div>\n<\/p><\/div>\n<div class=\"fl-col-group fl-node-64ddb877af433\" data-node=\"64ddb877af433\">\n<div class=\"fl-col fl-node-64ddb877af475\" data-node=\"64ddb877af475\" style=\"width: 100%;\">\n<div class=\"fl-col-content fl-node-content\">\n<div class=\"fl-module fl-module-rich-text fl-node-64ddb877af3f1\" data-animation-delay=\"0.0\" data-node=\"64ddb877af3f1\">\n<div class=\"fl-module-content fl-node-content\">\n<div class=\"fl-rich-text\">\n<p>1. La superficie de la tabla grande es alta y suave<br \/> Wei Tai Energy Technology Adsorci\u00f3n de la plataforma de la plataforma de adsorci\u00f3n hasta 1950*3950 mm (m\u00e1s all\u00e1 de este tama\u00f1o puede ser empalmado). Tiene la planitud y la deflexi\u00f3n, la planitud generalmente se controla dentro de 25 cables, hasta 10 cables; El valor de deflexi\u00f3n es inferior a 10 cables a 30 kg de fuerza adicional.<br \/> 2. El peso ligero tiene un peso pesado<br \/> La plataforma de adsorci\u00f3n de vac\u00edo de tecnolog\u00eda de energ\u00eda Wei Tai Tai utiliza una estructura de panal de aluminio premium, todo con material de aleaci\u00f3n de aluminio, con una densidad de alrededor de 25-35 kg por metro cuadrado. Agar la carga de 30 kg sin deformaci\u00f3n.<br \/> 3. Gran succi\u00f3n de uniforme de succi\u00f3n<br \/> El dise\u00f1o optimizado de la plataforma de adsorci\u00f3n de vac\u00edo de tecnolog\u00eda de energ\u00eda Wei Tai no solo puede garantizar que el rendimiento de la plataforma no se vea afectado, sino que tambi\u00e9n la succi\u00f3n de cualquier posici\u00f3n de la plataforma grande y uniforme.<br \/> 4. Resistencia a la abrasi\u00f3n<br \/> La superficie de la plataforma de adsorci\u00f3n de vac\u00edo de tecnolog\u00eda de energ\u00eda Wei Tai tiene una variedad de procesos de tratamiento, que incluyen el polvo de fluorocarbono PVDF, oxidaci\u00f3n positiva y oxidaci\u00f3n dura, que se seleccionan seg\u00fan las necesidades reales. El proceso de oxidaci\u00f3n dura es el raspado y el desgaste, y su dureza superficial puede alcanzar HV500-700.<br \/> 5. Personalizaci\u00f3n del cliente<br \/> La plataforma de adsorci\u00f3n de vac\u00edo Wei Tai Energy Technology se puede personalizar de acuerdo con los requisitos del cliente, ya sea tama\u00f1o de plataforma, apertura y distancia, \u00e1rea de succi\u00f3n, di\u00e1metro de succi\u00f3n, n\u00famero de puertos de succi\u00f3n, modo de interfaz o cualquier partici\u00f3n, con o sin succi\u00f3n.<\/p>\n<\/p><\/div>\n<\/p><\/div>\n<\/p><\/div>\n<\/p><\/div>\n<\/p><\/div>\n<\/p><\/div>\n<div class=\"fl-col-group fl-node-64ddb87e6368e\" data-node=\"64ddb87e6368e\">\n<div class=\"fl-col fl-node-64ddb87e6384b\" data-node=\"64ddb87e6384b\" style=\"width: 100%;\">\n<div class=\"fl-col-content fl-node-content\">\n<div class=\"fl-module fl-module-heading fl-node-64ddb87e63522\" data-animation-delay=\"0.0\" data-node=\"64ddb87e63522\">\n<div class=\"fl-module-content fl-node-content\">\n<h3 class=\"fl-heading\"> <span class=\"fl-heading-text\">Par\u00e1metros t\u00e9cnicos<\/span> <\/h3>\n<\/p><\/div>\n<\/p><\/div>\n<div class=\"fl-module fl-module-photo fl-node-64ddb88c0849a\" data-animation-delay=\"0.0\" data-node=\"64ddb88c0849a\">\n<div class=\"fl-module-content fl-node-content\">\n<div class=\"fl-photo fl-photo-align-center\" itemscope=\"\" itemtype=\"http:\/\/schema.org\/ImageObject\">\n<div class=\"fl-photo-content fl-photo-img-png\"> <img decoding=\"async\" alt=\"Par\u00e1metros de carburo de silicio\" class=\"fl-photo-img wp-image-2776\" itemprop=\"image\" src=\"\/wp-content\/uploads\/2025\/09\/bd315bb4aa989ceb.webp\"> <\/img><\/div>\n<\/p><\/div>\n<\/p><\/div>\n<\/p><\/div>\n<\/p><\/div>\n<\/p><\/div>\n<\/p><\/div>\n<div class=\"fl-col-group fl-node-64ddb877af539\" data-node=\"64ddb877af539\">\n<div class=\"fl-col fl-node-64ddb877af57d\" data-node=\"64ddb877af57d\" style=\"width: 100%;\">\n<div class=\"fl-col-content fl-node-content\">\n<div class=\"fl-module fl-module-photo fl-node-64ddb877af5c0\" data-animation-delay=\"0.0\" data-node=\"64ddb877af5c0\">\n<div class=\"fl-module-content fl-node-content\">\n<div class=\"fl-photo fl-photo-align-center\" itemscope=\"\" itemtype=\"http:\/\/schema.org\/ImageObject\">\n<div class=\"fl-photo-content fl-photo-img-jpg\"> <img decoding=\"async\" alt=\"Figure-N6-HERSCHEL-Primary-Reflector-design-segments-with-or-without-I-F_Q640(1)\" class=\"fl-photo-img wp-image-3060\" itemprop=\"image\" src=\"\/wp-content\/uploads\/2025\/09\/3f5c72860aedd767.webp\"> <\/img><\/div>\n<\/p><\/div>\n<\/p><\/div>\n<\/p><\/div>\n<\/p><\/div>\n<\/p><\/div>\n<\/p><\/div>\n<\/p><\/div>\n<\/p><\/div>\n<\/p><\/div>\n<\/div>","protected":false},"excerpt":{"rendered":"<p>Silicon Carbide es un nuevo tipo de cer\u00e1mica con rendimiento de alto costo y excelentes propiedades del material. Debido a caracter\u00edsticas como alta resistencia y dureza, alta resistencia a la temperatura, gran conductividad t\u00e9rmica y resistencia a la corrosi\u00f3n qu\u00edmica, el carburo de silicio puede casi resistir todo el medio qu\u00edmico. Por lo tanto, SIC se usa ampliamente en miner\u00eda de petr\u00f3leo, qu\u00edmicos, maquinaria y espacio a\u00e9reo, incluso la energ\u00eda nuclear y los militares tienen sus demandas especiales sobre SIC. Algunas aplicaciones normales que podemos ofrecer son los anillos de sello para la bomba, la v\u00e1lvula y la armadura protectora, etc. Podemos dise\u00f1ar y fabricar de acuerdo con sus dimensiones espec\u00edficas con buena calidad y tiempo de entrega razonable.<\/p>","protected":false},"featured_media":805,"comment_status":"closed","ping_status":"open","template":"","meta":[],"product_brand":[],"product_cat":[16,66],"product_tag":[],"class_list":{"0":"post-2226","1":"product","2":"type-product","3":"status-publish","4":"has-post-thumbnail","6":"product_cat-cvd-sic","7":"product_cat-etching-process-parts","9":"first","10":"instock","11":"product-type-simple"},"_links":{"self":[{"href":"https:\/\/www.cn-semiconductorparts.com\/es\/wp-json\/wp\/v2\/product\/2226","targetHints":{"allow":["GET"]}}],"collection":[{"href":"https:\/\/www.cn-semiconductorparts.com\/es\/wp-json\/wp\/v2\/product"}],"about":[{"href":"https:\/\/www.cn-semiconductorparts.com\/es\/wp-json\/wp\/v2\/types\/product"}],"replies":[{"embeddable":true,"href":"https:\/\/www.cn-semiconductorparts.com\/es\/wp-json\/wp\/v2\/comments?post=2226"}],"wp:featuredmedia":[{"embeddable":true,"href":"https:\/\/www.cn-semiconductorparts.com\/es\/wp-json\/wp\/v2\/media\/805"}],"wp:attachment":[{"href":"https:\/\/www.cn-semiconductorparts.com\/es\/wp-json\/wp\/v2\/media?parent=2226"}],"wp:term":[{"taxonomy":"product_brand","embeddable":true,"href":"https:\/\/www.cn-semiconductorparts.com\/es\/wp-json\/wp\/v2\/product_brand?post=2226"},{"taxonomy":"product_cat","embeddable":true,"href":"https:\/\/www.cn-semiconductorparts.com\/es\/wp-json\/wp\/v2\/product_cat?post=2226"},{"taxonomy":"product_tag","embeddable":true,"href":"https:\/\/www.cn-semiconductorparts.com\/es\/wp-json\/wp\/v2\/product_tag?post=2226"}],"curies":[{"name":"WP","href":"https:\/\/api.w.org\/{rel}","templated":true}]}}