{"id":2232,"date":"2025-09-11T13:33:34","date_gmt":"2025-09-11T05:33:34","guid":{"rendered":"https:\/\/weitai2.globaldeepsea.site\/product\/lmj-microjet-technology-laser-cutting-equipment\/"},"modified":"2026-04-29T15:27:43","modified_gmt":"2026-04-29T07:27:43","slug":"lmj-microjet-technology-laser-cutting-equipment","status":"publish","type":"product","link":"https:\/\/www.cn-semiconductorparts.com\/es\/product\/lmj-microjet-technology-laser-cutting-equipment\/","title":{"rendered":"LMJ microjet technology laser cutting equipment"},"content":{"rendered":"<p><!--?xml encoding=\"utf-8\" ?--><\/p>\n<div class=\"fl-builder-content fl-builder-content-3142 fl-builder-content-primary fl-builder-global-templates-locked\" data-post-id=\"3142\">\n<div class=\"fl-row fl-row-full-width fl-row-bg-none fl-node-66177e845fe08\" data-node=\"66177e845fe08\">\n<div class=\"fl-row-content-wrap\">\n<div class=\"fl-row-content fl-row-full-width fl-node-content\">\n<div class=\"fl-col-group fl-node-66177e846058a\" data-node=\"66177e846058a\">\n<div class=\"fl-col fl-node-66177e8460717\" style=\"width: 100%\" data-node=\"66177e8460717\">\n<div class=\"fl-col-content fl-node-content\">\n<div class=\"fl-module fl-module-rich-text fl-node-66177e8461e5b\" data-animation-delay=\"0.0\" data-node=\"66177e8461e5b\">\n<div class=\"fl-module-content fl-node-content\">\n<div class=\"fl-rich-text\">\n<h3>Ventajas del procesamiento de LMJ<\/h3>\n<p>Los defectos inherentes del procesamiento l\u00e1ser regular pueden superarse mediante el uso inteligente de la tecnolog\u00eda l\u00e1ser de micro jet (LMJ) para propagar las caracter\u00edsticas \u00f3pticas del agua y el aire. Esta tecnolog\u00eda permite que los pulsos l\u00e1ser se reflejen completamente en el chorro de agua de alta pureza procesado de manera no perturbada para alcanzar la superficie de mecanizado como en la fibra \u00f3ptica.&nbsp;<\/p>\n<p><img decoding=\"async\" src=\"\/wp-content\/uploads\/2025\/09\/6ed4019b906b3d25.webp\" alt=\"Equipo de procesamiento de l\u00e1ser Microjet-2-3\"><br \/><img decoding=\"async\" src=\"\/wp-content\/uploads\/2025\/09\/4cff6158cc071067.webp\" alt=\"fcghjdxfrg\"><\/p>\n<p>Las caracter\u00edsticas principales de la tecnolog\u00eda LMJ son:<\/p>\n<p>1. El haz l\u00e1ser es una estructura columna (paralela).<\/p>\n<p>2. El pulso l\u00e1ser se transmite en el chorro de agua como una fibra \u00f3ptica, sin ninguna interferencia ambiental.<\/p>\n<p>3. El haz l\u00e1ser se centra en el equipo LMJ, y la altura de la superficie mecanizada no cambia durante todo el proceso de procesamiento, por lo que no necesita continuar enfoc\u00e1ndose con el cambio de la profundidad de procesamiento durante el procesamiento.<\/p>\n<p>4. Limpie la superficie continuamente.<\/p>\n<p><img decoding=\"async\" src=\"\/wp-content\/uploads\/2025\/09\/e713604f9c929c94.webp\" alt=\"Micro-jet l\u00e1ser de corte Technolgoy (2)\"><\/p>\n<p>5. Adem\u00e1s de la ablaci\u00f3n del material de la pieza de trabajo por cada pulso l\u00e1ser, cada tiempo de unidades desde el comienzo de cada pulso hasta el siguiente pulso, el material procesado est\u00e1 en el estado de agua de enfriamiento en tiempo real durante aproximadamente 99% del tiempo, lo que casi elimina la zona afectada por el calor y la capa remonta, pero mantiene la alta eficiencia del procesamiento.<\/p>\n<p><img decoding=\"async\" src=\"\/wp-content\/uploads\/2025\/09\/ef727d48784ce1ef.webp\" alt=\"zsdfgafdeg\"><\/p>\n<table border=\"1\" cellspacing=\"0\">\n<tbody>\n<tr>\n<td valign=\"top\" width=\"215\">\n<p align=\"center\">Especificaci\u00f3n general<\/p>\n<\/td>\n<td valign=\"top\" width=\"275\">\n<p align=\"center\">LCSA-100<\/p>\n<\/td>\n<td valign=\"top\" width=\"224\">\n<p align=\"center\">LCSA-200<\/p>\n<\/td>\n<\/tr>\n<tr>\n<td valign=\"top\" width=\"215\">\n<p align=\"center\">Volumen de encimera<\/p>\n<\/td>\n<td valign=\"top\" width=\"275\">\n<p align=\"center\">125 x 200 x 100<\/p>\n<\/td>\n<td valign=\"top\" width=\"224\">\n<p align=\"center\">460&times;460&times;300<\/p>\n<\/td>\n<\/tr>\n<tr>\n<td valign=\"top\" width=\"215\">\n<p align=\"center\">Eje lineal xy<\/p>\n<\/td>\n<td valign=\"top\" width=\"275\">\n<p align=\"center\">Motor lineal. Motor lineal<\/p>\n<\/td>\n<td valign=\"top\" width=\"224\">\n<p align=\"center\">Motor lineal. Motor lineal<\/p>\n<\/td>\n<\/tr>\n<tr>\n<td valign=\"top\" width=\"215\">\n<p align=\"center\">Eje lineal z<\/p>\n<\/td>\n<td valign=\"top\" width=\"275\">\n<p align=\"center\">100<\/p>\n<\/td>\n<td valign=\"top\" width=\"224\">\n<p align=\"center\">300<\/p>\n<\/td>\n<\/tr>\n<tr>\n<td valign=\"top\" width=\"215\">\n<p align=\"center\">Positioning accuracy &mu;m<\/p>\n<\/td>\n<td valign=\"top\" width=\"275\">\n<p align=\"center\">+ \/ &#8211; 5<\/p>\n<\/td>\n<td valign=\"top\" width=\"224\">\n<p align=\"center\">+ \/ &#8211; 3<\/p>\n<\/td>\n<\/tr>\n<tr>\n<td valign=\"top\" width=\"215\">\n<p align=\"center\">Repeated positioning accuracy &mu;m<\/p>\n<\/td>\n<td valign=\"top\" width=\"275\">\n<p align=\"center\">+ \/ &#8211; 2<\/p>\n<\/td>\n<td valign=\"top\" width=\"224\">\n<p align=\"center\">+ \/ &#8211; 1<\/p>\n<\/td>\n<\/tr>\n<tr>\n<td valign=\"top\" width=\"215\">\n<p align=\"center\">Aceleraci\u00f3n G<\/p>\n<\/td>\n<td valign=\"top\" width=\"275\">\n<p align=\"center\">0.5<\/p>\n<\/td>\n<td valign=\"top\" width=\"224\">\n<p align=\"center\">1<\/p>\n<\/td>\n<\/tr>\n<tr>\n<td valign=\"top\" width=\"215\">\n<p align=\"center\">Control num\u00e9rico<\/p>\n<\/td>\n<td valign=\"top\" width=\"275\">\n<p align=\"center\">3-axis<\/p>\n<\/td>\n<td valign=\"top\" width=\"224\">\n<p align=\"center\">3-axis<\/p>\n<\/td>\n<\/tr>\n<tr>\n<td valign=\"top\" width=\"215\">\n<p align=\"center\">Laser<\/p>\n<\/td>\n<td valign=\"top\" width=\"275\">\n<p align=\"center\">&nbsp;<\/p>\n<\/td>\n<td valign=\"top\" width=\"224\">\n<p align=\"center\">&nbsp;<\/p>\n<\/td>\n<\/tr>\n<tr>\n<td valign=\"top\" width=\"215\">\n<p align=\"center\">Tipo l\u00e1ser<\/p>\n<\/td>\n<td valign=\"top\" width=\"275\">\n<p align=\"center\">Dpss nd: yag<\/p>\n<\/td>\n<td valign=\"top\" width=\"224\">\n<p align=\"center\">Dpss nd: yag, pulso<\/p>\n<\/td>\n<\/tr>\n<tr>\n<td valign=\"top\" width=\"215\">\n<p align=\"center\">Longitud de onda nm<\/p>\n<\/td>\n<td valign=\"top\" width=\"275\">\n<p align=\"center\">532\/1064<\/p>\n<\/td>\n<td valign=\"top\" width=\"224\">\n<p align=\"center\">532\/1064<\/p>\n<\/td>\n<\/tr>\n<tr>\n<td valign=\"top\" width=\"215\">\n<p align=\"center\">Potencia nominal w<\/p>\n<\/td>\n<td valign=\"top\" width=\"275\">\n<p align=\"center\">50\/100\/200<\/p>\n<\/td>\n<td valign=\"top\" width=\"224\">\n<p align=\"center\">200\/400<\/p>\n<\/td>\n<\/tr>\n<tr>\n<td valign=\"top\" width=\"215\">\n<p align=\"center\">Chorro de agua<\/p>\n<\/td>\n<td valign=\"top\" width=\"275\">\n<p align=\"center\">&nbsp;<\/p>\n<\/td>\n<td valign=\"top\" width=\"224\">\n<p align=\"center\">&nbsp;<\/p>\n<\/td>\n<\/tr>\n<tr>\n<td valign=\"top\" width=\"215\">\n<p align=\"center\">Nozzle diameter &mu;m<\/p>\n<\/td>\n<td valign=\"top\" width=\"275\">\n<p align=\"center\">25-80<\/p>\n<\/td>\n<td valign=\"top\" width=\"224\">\n<p align=\"center\">25-80<\/p>\n<\/td>\n<\/tr>\n<tr>\n<td valign=\"top\" width=\"215\">\n<p align=\"center\">Barra de presi\u00f3n de la boquilla<\/p>\n<\/td>\n<td valign=\"top\" width=\"275\">\n<p align=\"center\">100-600<\/p>\n<\/td>\n<td valign=\"top\" width=\"224\">\n<p align=\"center\">0-600<\/p>\n<\/td>\n<\/tr>\n<tr>\n<td valign=\"top\" width=\"215\">\n<p align=\"center\">Tama\u00f1o\/peso<\/p>\n<\/td>\n<td valign=\"top\" width=\"275\">\n<p align=\"center\">&nbsp;<\/p>\n<\/td>\n<td valign=\"top\" width=\"224\">\n<p align=\"center\">&nbsp;<\/p>\n<\/td>\n<\/tr>\n<tr>\n<td valign=\"top\" width=\"215\">\n<p align=\"center\">Dimensions (Machine)&nbsp;(W x L x H)<\/p>\n<\/td>\n<td valign=\"top\" width=\"275\">\n<p align=\"center\">1050 x 800 x 1870<\/p>\n<\/td>\n<td valign=\"top\" width=\"224\">\n<p align=\"center\">1200 x 1200 x 2000<\/p>\n<\/td>\n<\/tr>\n<tr>\n<td valign=\"top\" width=\"215\">\n<p align=\"center\">Dimensiones (gabinete de control) (W x l x h)<\/p>\n<\/td>\n<td valign=\"top\" width=\"275\">\n<p align=\"center\">700 x 2300 x 1600<\/p>\n<\/td>\n<td valign=\"top\" width=\"224\">\n<p align=\"center\">700 x 2300 x 1600<\/p>\n<\/td>\n<\/tr>\n<tr>\n<td valign=\"top\" width=\"215\">\n<p align=\"center\">Peso (equipo) kg<\/p>\n<\/td>\n<td valign=\"top\" width=\"275\">\n<p align=\"center\">1170<\/p>\n<\/td>\n<td valign=\"top\" width=\"224\">\n<p align=\"center\">2500-3000<\/p>\n<\/td>\n<\/tr>\n<tr>\n<td valign=\"top\" width=\"215\">\n<p align=\"center\">Peso (gabinete de control) kg<\/p>\n<\/td>\n<td valign=\"top\" width=\"275\">\n<p align=\"center\">700-750<\/p>\n<\/td>\n<td valign=\"top\" width=\"224\">\n<p align=\"center\">700-750<\/p>\n<\/td>\n<\/tr>\n<tr>\n<td valign=\"top\" width=\"215\">\n<p align=\"center\">Consumo de energ\u00eda integral<\/p>\n<\/td>\n<td valign=\"top\" width=\"275\">\n<p align=\"center\">&nbsp;<\/p>\n<\/td>\n<td valign=\"top\" width=\"224\">\n<p align=\"center\">&nbsp;<\/p>\n<\/td>\n<\/tr>\n<tr>\n<td valign=\"top\" width=\"215\">\n<p align=\"center\">Input<\/p>\n<\/td>\n<td valign=\"top\" width=\"275\">\n<p align=\"center\">AC 230 V +6%\/ -10%, unidirectional 50\/60 Hz &plusmn;1%<\/p>\n<\/td>\n<td valign=\"top\" width=\"224\">\n<p align=\"center\">AC 400 V +6%\/-10%, 3-phase50\/60 Hz &plusmn;1%<\/p>\n<\/td>\n<\/tr>\n<tr>\n<td valign=\"top\" width=\"215\">\n<p align=\"center\">Valor m\u00e1ximo<\/p>\n<\/td>\n<td valign=\"top\" width=\"275\">\n<p align=\"center\">2.5kVA<\/p>\n<\/td>\n<td valign=\"top\" width=\"224\">\n<p align=\"center\">2.5kVA<\/p>\n<\/td>\n<\/tr>\n<tr>\n<td valign=\"top\" width=\"215\">\n<p align=\"center\">Join<\/p>\n<\/td>\n<td valign=\"top\" width=\"275\">\n<p align=\"center\">Cable de alimentaci\u00f3n de 10 m: P+N+E, 1.5 mm2<\/p>\n<\/td>\n<td valign=\"top\" width=\"224\">\n<p align=\"center\">Cable de alimentaci\u00f3n de 10 m: P+N+E, 1.5 mm2<\/p>\n<\/td>\n<\/tr>\n<tr>\n<td valign=\"top\" width=\"215\">\n<p align=\"center\">Rango de aplicaciones de usuario de la industria de semiconductores<\/p>\n<\/td>\n<td valign=\"top\" width=\"275\">\n<p align=\"center\">&le;4 inches round ingot<\/p>\n<p align=\"center\">&le;4 inches ingot slices<\/p>\n<p align=\"center\">&le;4 inches ingot scribing<\/p>\n<p align=\"center\">&nbsp;<\/p>\n<\/td>\n<td valign=\"top\" width=\"224\">\n<p align=\"center\">&le;6 inches round ingot<\/p>\n<p align=\"center\">&le;6 inch ingot slices<\/p>\n<p align=\"center\">&le;6 inches ingot scribing<\/p>\n<p align=\"center\">La m\u00e1quina cumple con el valor te\u00f3rico circular\/de corte\/corte de 8 pulgadas, y los resultados pr\u00e1cticos espec\u00edficos deben ser una estrategia de corte optimizado<\/p>\n<\/td>\n<\/tr>\n<\/tbody>\n<\/table>\n<p><img decoding=\"async\" src=\"\/wp-content\/uploads\/2025\/09\/b34e64e90d14ea5a.webp\" alt=\"Zfvbsdf\"><br \/><img decoding=\"async\" src=\"\/wp-content\/uploads\/2025\/09\/7ba229914db0e9b2.webp\" alt=\"Micro-jet l\u00e1ser de corte Technolgoy (1)\"><br \/><img decoding=\"async\" src=\"\/wp-content\/uploads\/2025\/09\/47501cb0b6fd274e.webp\" alt=\"Micro-jet l\u00e1ser de corte Technolgoy (1)\"><\/p>\n<p>&nbsp;<\/p>\n<\/div>\n<p>&nbsp;<\/p>\n<\/div>\n<p>&nbsp;<\/p>\n<\/div>\n<p>&nbsp;<\/p>\n<\/div>\n<p>&nbsp;<\/p>\n<\/div>\n<p>&nbsp;<\/p>\n<\/div>\n<div class=\"fl-col-group fl-node-66177efe87e5e\" data-node=\"66177efe87e5e\">\n<div class=\"fl-col fl-node-66177efe87fdf\" style=\"width: 100%\" data-node=\"66177efe87fdf\">\n<div class=\"fl-col-content fl-node-content\">\n<div class=\"fl-module fl-module-rich-text fl-node-66177efe87d16\" data-animation-delay=\"0.0\" data-node=\"66177efe87d16\">\n<div class=\"fl-module-content fl-node-content\">\n<div class=\"fl-rich-text\">\n<p>&nbsp;<\/p>\n<\/div>\n<p>&nbsp;<\/p>\n<\/div>\n<p>&nbsp;<\/p>\n<\/div>\n<p>&nbsp;<\/p>\n<\/div>\n<p>&nbsp;<\/p>\n<\/div>\n<p>&nbsp;<\/p>\n<\/div>\n<p>&nbsp;<\/p>\n<\/div>\n<p>&nbsp;<\/p>\n<\/div>\n<p>&nbsp;<\/p>\n<\/div>\n<\/div>","protected":false},"excerpt":{"rendered":"<p><!--?xml encoding=\"utf-8\" ?--><\/p>\n<p>Laser microjet technology (LMJ) is a laser processing method that combines laser with a water jet &ldquo;as thin as a hair&rdquo;, and precisely guides the laser beam to the processing position through the pulse total reflection in the micro-water jet in a way similar to traditional optical fiber. The water jet continuously cools the cutting area and effectively removes processing debris.<\/p>","protected":false},"featured_media":4594,"comment_status":"closed","ping_status":"open","template":"","meta":[],"product_brand":[],"product_cat":[31,40],"product_tag":[],"class_list":{"0":"post-2232","1":"product","2":"type-product","3":"status-publish","4":"has-post-thumbnail","6":"product_cat-more-ceramic-products","7":"product_cat-more-products","9":"first","10":"instock","11":"product-type-simple"},"_links":{"self":[{"href":"https:\/\/www.cn-semiconductorparts.com\/es\/wp-json\/wp\/v2\/product\/2232","targetHints":{"allow":["GET"]}}],"collection":[{"href":"https:\/\/www.cn-semiconductorparts.com\/es\/wp-json\/wp\/v2\/product"}],"about":[{"href":"https:\/\/www.cn-semiconductorparts.com\/es\/wp-json\/wp\/v2\/types\/product"}],"replies":[{"embeddable":true,"href":"https:\/\/www.cn-semiconductorparts.com\/es\/wp-json\/wp\/v2\/comments?post=2232"}],"wp:featuredmedia":[{"embeddable":true,"href":"https:\/\/www.cn-semiconductorparts.com\/es\/wp-json\/wp\/v2\/media\/4594"}],"wp:attachment":[{"href":"https:\/\/www.cn-semiconductorparts.com\/es\/wp-json\/wp\/v2\/media?parent=2232"}],"wp:term":[{"taxonomy":"product_brand","embeddable":true,"href":"https:\/\/www.cn-semiconductorparts.com\/es\/wp-json\/wp\/v2\/product_brand?post=2232"},{"taxonomy":"product_cat","embeddable":true,"href":"https:\/\/www.cn-semiconductorparts.com\/es\/wp-json\/wp\/v2\/product_cat?post=2232"},{"taxonomy":"product_tag","embeddable":true,"href":"https:\/\/www.cn-semiconductorparts.com\/es\/wp-json\/wp\/v2\/product_tag?post=2232"}],"curies":[{"name":"WP","href":"https:\/\/api.w.org\/{rel}","templated":true}]}}