{"id":2238,"date":"2025-09-11T13:33:34","date_gmt":"2025-09-11T05:33:34","guid":{"rendered":"https:\/\/weitai2.globaldeepsea.site\/product\/reaction-sintered-silicon-carbide-wafer-boat\/"},"modified":"2026-04-29T15:27:45","modified_gmt":"2026-04-29T07:27:45","slug":"reaction-sintered-silicon-carbide-wafer-boat","status":"publish","type":"product","link":"https:\/\/www.cn-semiconductorparts.com\/es\/product\/reaction-sintered-silicon-carbide-wafer-boat\/","title":{"rendered":"Reacci\u00f3n Barco de obleas de carburo de silicio sinterizado"},"content":{"rendered":"<div class=\"fl-builder-content fl-builder-content-2899 fl-builder-content-primary fl-builder-global-templates-locked\" data-post-id=\"2899\">\n<div class=\"fl-row fl-row-full-width fl-row-bg-none fl-node-6617586c6eaa5\" data-node=\"6617586c6eaa5\">\n<div class=\"fl-row-content-wrap\">\n<div class=\"fl-row-content fl-row-full-width fl-node-content\">\n<div class=\"fl-col-group fl-node-6617586c6eaec\" data-node=\"6617586c6eaec\">\n<div class=\"fl-col fl-node-6617586c6eb41\" style=\"width: 100%\" data-node=\"6617586c6eb41\">\n<div class=\"fl-col-content fl-node-content\">\n<div class=\"fl-module fl-module-rich-text fl-node-6617586c6eb84\" data-animation-delay=\"0.0\" data-node=\"6617586c6eb84\">\n<div class=\"fl-module-content fl-node-content\">\n<div class=\"fl-rich-text\">\n<p>Silicon carbide is a new type of ceramic with high cost performance and excellent material properties.&nbsp;Due to features like high strength and hardness, high temperature resistance, great thermal conductivity and chemical corrosion resistance, Silicon Carbide can almost withstand all chemical medium. Therefore, SiC are widely used in oil mining, chemical, machinery and airspace, even nuclear energy and the military have their special demands on SiC. Some normal applications we can offer are seal rings for pump, valve and protective armor etc.<\/p>\n<p>We are able to design and manufacture according to your specific dimensions with good quality and reasonable delivery time.&nbsp;<\/p>\n<p>&nbsp;<\/p>\n<\/div>\n<p>&nbsp;<\/p>\n<\/div>\n<p>&nbsp;<\/p>\n<\/div>\n<p>&nbsp;<\/p>\n<\/div>\n<p>&nbsp;<\/p>\n<\/div>\n<p>&nbsp;<\/p>\n<\/div>\n<div class=\"fl-col-group fl-node-6617586c6ebc9\" data-node=\"6617586c6ebc9\">\n<div class=\"fl-col fl-node-6617586c6ec0e fl-col-small\" style=\"width: 50%\" data-node=\"6617586c6ec0e\">\n<div class=\"fl-col-content fl-node-content\">\n<div class=\"fl-module fl-module-photo fl-node-6617586c6eca9\" data-animation-delay=\"0.0\" data-node=\"6617586c6eca9\">\n<div class=\"fl-module-content fl-node-content\">\n<div class=\"fl-photo fl-photo-align-center\">\n<div class=\"fl-photo-content fl-photo-img-jpg\"><img decoding=\"async\" class=\"fl-photo-img wp-image-2790\" src=\"\/wp-content\/uploads\/2025\/09\/b410e3fee6323800.webp\" alt=\"SIC\u6676\u821f\"><\/div>\n<p>&nbsp;<\/p>\n<\/div>\n<p>&nbsp;<\/p>\n<\/div>\n<p>&nbsp;<\/p>\n<\/div>\n<p>&nbsp;<\/p>\n<\/div>\n<p>&nbsp;<\/p>\n<\/div>\n<div class=\"fl-col fl-node-6617586c6ed35 fl-col-small\" style=\"width: 50%\" data-node=\"6617586c6ed35\">\n<div class=\"fl-col-content fl-node-content\">\n<div class=\"fl-module fl-module-photo fl-node-6617586c6ecf1\" data-animation-delay=\"0.0\" data-node=\"6617586c6ecf1\">\n<div class=\"fl-module-content fl-node-content\">\n<div class=\"fl-photo fl-photo-align-center\">\n<div class=\"fl-photo-content fl-photo-img-jpg\"><img decoding=\"async\" class=\"fl-photo-img wp-image-2791\" src=\"\/wp-content\/uploads\/2025\/09\/5806d5b3756237e2.webp\" alt=\"\u78b3\u5316\u7845\u821f\"><\/div>\n<p>&nbsp;<\/p>\n<\/div>\n<p>&nbsp;<\/p>\n<\/div>\n<p>&nbsp;<\/p>\n<\/div>\n<p>&nbsp;<\/p>\n<\/div>\n<p>&nbsp;<\/p>\n<\/div>\n<p>&nbsp;<\/p>\n<\/div>\n<div class=\"fl-col-group fl-node-6617586c6ed7a\" data-node=\"6617586c6ed7a\">\n<div class=\"fl-col fl-node-6617586c6ee4a\" style=\"width: 100%\" data-node=\"6617586c6ee4a\">\n<div class=\"fl-col-content fl-node-content\">\n<div class=\"fl-module fl-module-rich-text fl-node-6617586c6ef4e\" data-animation-delay=\"0.0\" data-node=\"6617586c6ef4e\">\n<div class=\"fl-module-content fl-node-content\">\n<div class=\"fl-rich-text\">\n<p><span style=\"font-family: Calibri\">A<\/span>dvantages:<\/p>\n<p>High temperature oxidation resistance<\/p>\n<p>Excellent Corrosion resistance<\/p>\n<p>Good Abrasion resistance<\/p>\n<p>High coefficient of heat conductivity<br \/>Self-lubricity, low density<br \/>High hardness<br \/>Customized design.<\/p>\n<p>&nbsp;<\/p>\n<p><span style=\"font-family: Calibri\">Aplicaciones:<\/span><\/p>\n<p><span style=\"font-family: Calibri\">-Campo resistente al desgaste: buje, placa, boquilla de arena, revestimiento de ciclones, barril de molienda, etc.\u2026<\/span><\/p>\n<p><span style=\"font-family: Calibri\">-Campo de alta temperatura: losa SIC, tubo de horno de enfriamiento, tubo radiante, crisol, elemento de calentamiento, rodillo, haz, intercambiador de calor, tuber\u00eda de aire fr\u00edo, boquilla de quemador, tubo de protecci\u00f3n de termopar, bote SIC, estructura de autom\u00f3vil del horno, setter, etc.<\/span><\/p>\n<p><span style=\"font-family: Calibri\">-Campo militar a prueba de balas<\/span><\/p>\n<p><span style=\"font-family: Calibri\">-Semiconductor de carburo de silicio: bote de obleas SIC, chuck sic, paleta SiC, cassette de SiC, tubo de difusi\u00f3n SIC, horquilla de oblea, placa de succi\u00f3n, v\u00eda gu\u00eda, etc.<\/span><\/p>\n<p><span style=\"font-family: Calibri\">-Campo de sello de carburo de silicio: todo tipo de anillo de sellado, rodamiento, buje, etc.<\/span><\/p>\n<p><span style=\"font-family: Calibri\">-Campo fotovoltaico: paleta en voladizo, barril de molienda, rodillo de carburo de silicio, etc.<\/span><\/p>\n<p><span style=\"font-family: Calibri\">-Campo de bater\u00eda de litio<\/span><\/p>\n<p>&nbsp;<\/p>\n<\/div>\n<p>&nbsp;<\/p>\n<\/div>\n<p>&nbsp;<\/p>\n<\/div>\n<p>&nbsp;<\/p>\n<\/div>\n<p>&nbsp;<\/p>\n<\/div>\n<p>&nbsp;<\/p>\n<\/div>\n<div class=\"fl-col-group fl-node-6617586c6ef9d\" data-node=\"6617586c6ef9d\">\n<div class=\"fl-col fl-node-6617586c6efe4\" style=\"width: 100%\" data-node=\"6617586c6efe4\">\n<div class=\"fl-col-content fl-node-content\">\n<div class=\"fl-module fl-module-heading fl-node-6617586c6f06f\" data-animation-delay=\"0.0\" data-node=\"6617586c6f06f\">\n<div class=\"fl-module-content fl-node-content\">\n<h3 class=\"fl-heading\"><span class=\"fl-heading-text\">Par\u00e1metros t\u00e9cnicos<\/span><\/h3>\n<p>&nbsp;<\/p>\n<\/div>\n<p>&nbsp;<\/p>\n<\/div>\n<div class=\"fl-module fl-module-photo fl-node-6617586c6f029\" data-animation-delay=\"0.0\" data-node=\"6617586c6f029\">\n<div class=\"fl-module-content fl-node-content\">\n<div class=\"fl-photo fl-photo-align-center\">\n<div class=\"fl-photo-content fl-photo-img-png\"><img decoding=\"async\" class=\"fl-photo-img wp-image-2776\" src=\"\/wp-content\/uploads\/2025\/09\/f34bdb8e2db1ea64.webp\" alt=\"Par\u00e1metros de carburo de silicio\"><\/div>\n<p>&nbsp;<\/p>\n<\/div>\n<p>&nbsp;<\/p>\n<\/div>\n<p>&nbsp;<\/p>\n<\/div>\n<p>&nbsp;<\/p>\n<\/div>\n<p>&nbsp;<\/p>\n<\/div>\n<p>&nbsp;<\/p>\n<\/div>\n<div class=\"fl-col-group fl-node-66175873e8218\" data-node=\"66175873e8218\">\n<div class=\"fl-col fl-node-66175873e84b6\" style=\"width: 100%\" data-node=\"66175873e84b6\">\n<div class=\"fl-col-content fl-node-content\">\n<div class=\"fl-module fl-module-photo fl-node-66175873e8031\" data-animation-delay=\"0.0\" data-node=\"66175873e8031\">\n<div class=\"fl-module-content fl-node-content\">\n<div class=\"fl-photo fl-photo-align-center\">\n<div class=\"fl-photo-content fl-photo-img-jpg\"><img decoding=\"async\" class=\"fl-photo-img wp-image-7286\" src=\"\/wp-content\/uploads\/2025\/09\/b1dd0bcab1675ff4.webp\" alt=\"Lugar de trabajo de semicera\"><\/div>\n<p>&nbsp;<\/p>\n<\/div>\n<p>&nbsp;<\/p>\n<\/div>\n<p>&nbsp;<\/p>\n<\/div>\n<div class=\"fl-module fl-module-photo fl-node-6617587df0dd8\" data-animation-delay=\"0.0\" data-node=\"6617587df0dd8\">\n<div class=\"fl-module-content fl-node-content\">\n<div class=\"fl-photo fl-photo-align-center\">\n<div class=\"fl-photo-content fl-photo-img-jpg\"><img decoding=\"async\" class=\"fl-photo-img wp-image-7287\" src=\"\/wp-content\/uploads\/2025\/09\/2b946d2b4b61306d.webp\" alt=\"Semicera Work Place 2\"><\/div>\n<p>&nbsp;<\/p>\n<\/div>\n<p>&nbsp;<\/p>\n<\/div>\n<p>&nbsp;<\/p>\n<\/div>\n<div class=\"fl-module fl-module-photo fl-node-6617587d2ca90\" data-animation-delay=\"0.0\" data-node=\"6617587d2ca90\">\n<div class=\"fl-module-content fl-node-content\">\n<div class=\"fl-photo fl-photo-align-center\">\n<div class=\"fl-photo-content fl-photo-img-jpg\"><img decoding=\"async\" class=\"fl-photo-img wp-image-7288\" src=\"\/wp-content\/uploads\/2025\/09\/081b6529d68ead23.webp\" alt=\"M\u00e1quina de equipos\"><\/div>\n<p>&nbsp;<\/p>\n<\/div>\n<p>&nbsp;<\/p>\n<\/div>\n<p>&nbsp;<\/p>\n<\/div>\n<div class=\"fl-module fl-module-photo fl-node-6617587c6b34e\" data-animation-delay=\"0.0\" data-node=\"6617587c6b34e\">\n<div class=\"fl-module-content fl-node-content\">\n<div class=\"fl-photo fl-photo-align-center\">\n<div class=\"fl-photo-content fl-photo-img-jpg\"><img decoding=\"async\" class=\"fl-photo-img wp-image-7289\" src=\"\/wp-content\/uploads\/2025\/09\/a4132b2b399abbac.webp\" alt=\"Procesamiento de CNN, limpieza qu\u00edmica, recubrimiento de CVD\"><\/div>\n<p>&nbsp;<\/p>\n<\/div>\n<p>&nbsp;<\/p>\n<\/div>\n<p>&nbsp;<\/p>\n<\/div>\n<div class=\"fl-module fl-module-photo fl-node-6617587ba849d\" data-animation-delay=\"0.0\" data-node=\"6617587ba849d\">\n<div class=\"fl-module-content fl-node-content\">\n<div class=\"fl-photo fl-photo-align-center\">\n<div class=\"fl-photo-content fl-photo-img-jpg\"><img decoding=\"async\" class=\"fl-photo-img wp-image-7290\" src=\"\/wp-content\/uploads\/2025\/09\/b07f222c0ec0ab8d.webp\" alt=\"Nuestro servicio\"><\/div>\n<p>&nbsp;<\/p>\n<\/div>\n<p>&nbsp;<\/p>\n<\/div>\n<p>&nbsp;<\/p>\n<\/div>\n<p>&nbsp;<\/p>\n<\/div>\n<p>&nbsp;<\/p>\n<\/div>\n<p>&nbsp;<\/p>\n<\/div>\n<p>&nbsp;<\/p>\n<\/div>\n<p>&nbsp;<\/p>\n<\/div>\n<p>&nbsp;<\/p>\n<\/div>\n<\/div>","protected":false},"excerpt":{"rendered":"<p>Semicera Energy Technology Co., Ltd.is a leading supplier of advanced semiconductor ceramics and the only manufacturer in China that can simultaneously provide high-purity silicon carbide ceramic(especially theRecrystallizedSiC) and CVD SiC coating. In addition, our company is also committed to ceramic fields such as alumina, aluminum nitride, zirconia, silicon nitride, etc.<\/p>","protected":false},"featured_media":4598,"comment_status":"closed","ping_status":"open","template":"","meta":[],"product_brand":[],"product_cat":[67,16],"product_tag":[],"class_list":{"0":"post-2238","1":"product","2":"type-product","3":"status-publish","4":"has-post-thumbnail","6":"product_cat-custom-parts","7":"product_cat-cvd-sic","9":"first","10":"instock","11":"product-type-simple"},"_links":{"self":[{"href":"https:\/\/www.cn-semiconductorparts.com\/es\/wp-json\/wp\/v2\/product\/2238","targetHints":{"allow":["GET"]}}],"collection":[{"href":"https:\/\/www.cn-semiconductorparts.com\/es\/wp-json\/wp\/v2\/product"}],"about":[{"href":"https:\/\/www.cn-semiconductorparts.com\/es\/wp-json\/wp\/v2\/types\/product"}],"replies":[{"embeddable":true,"href":"https:\/\/www.cn-semiconductorparts.com\/es\/wp-json\/wp\/v2\/comments?post=2238"}],"wp:featuredmedia":[{"embeddable":true,"href":"https:\/\/www.cn-semiconductorparts.com\/es\/wp-json\/wp\/v2\/media\/4598"}],"wp:attachment":[{"href":"https:\/\/www.cn-semiconductorparts.com\/es\/wp-json\/wp\/v2\/media?parent=2238"}],"wp:term":[{"taxonomy":"product_brand","embeddable":true,"href":"https:\/\/www.cn-semiconductorparts.com\/es\/wp-json\/wp\/v2\/product_brand?post=2238"},{"taxonomy":"product_cat","embeddable":true,"href":"https:\/\/www.cn-semiconductorparts.com\/es\/wp-json\/wp\/v2\/product_cat?post=2238"},{"taxonomy":"product_tag","embeddable":true,"href":"https:\/\/www.cn-semiconductorparts.com\/es\/wp-json\/wp\/v2\/product_tag?post=2238"}],"curies":[{"name":"WP","href":"https:\/\/api.w.org\/{rel}","templated":true}]}}