{"id":2245,"date":"2025-09-11T13:33:34","date_gmt":"2025-09-11T05:33:34","guid":{"rendered":"https:\/\/weitai2.globaldeepsea.site\/product\/high-wear-resistant-silicon-carbide-saggar\/"},"modified":"2026-04-29T15:27:47","modified_gmt":"2026-04-29T07:27:47","slug":"high-wear-resistant-silicon-carbide-saggar","status":"publish","type":"product","link":"https:\/\/www.cn-semiconductorparts.com\/es\/product\/high-wear-resistant-silicon-carbide-saggar\/","title":{"rendered":"High wear resistant silicon carbide saggar"},"content":{"rendered":"<div class=\"fl-builder-content fl-builder-content-2488 fl-builder-content-primary fl-builder-global-templates-locked\" data-post-id=\"2488\">\n<div class=\"fl-row fl-row-full-width fl-row-bg-none fl-node-64d71548e5518\" data-node=\"64d71548e5518\">\n<div class=\"fl-row-content-wrap\">\n<div class=\"fl-row-content fl-row-full-width fl-node-content\">\n<div class=\"fl-col-group fl-node-64d71548e5559\" data-node=\"64d71548e5559\">\n<div class=\"fl-col fl-node-64d71548e5598\" style=\"width: 100%\" data-node=\"64d71548e5598\">\n<div class=\"fl-col-content fl-node-content\">\n<div class=\"fl-module fl-module-rich-text fl-node-64d71548e55d7\" data-animation-delay=\"0.0\" data-node=\"64d71548e55d7\">\n<div class=\"fl-module-content fl-node-content\">\n<div class=\"fl-rich-text\">\n<p>Silicon carbide is a new type of ceramics with high cost performance and excellent material properties.&nbsp;Due to features like high strength and hardness, high temperature resistance, great thermal conductivity and chemical corrosion resistance, Silicon Carbide can almost withstand all chemical medium. Therefore, SiC are widely used in oil mining, chemical, machinery and airspace, even nuclear energy and the military have their special demands on SIC. Some normal application we can offer are seal rings for pump, valve and protective armor etc.<\/p>\n<p>Podemos dise\u00f1ar y fabricar de acuerdo con sus dimensiones espec\u00edficas con buena calidad y tiempo de entrega razonable.&nbsp;<\/p>\n<p>&nbsp;<\/p>\n<\/div>\n<p>&nbsp;<\/p>\n<\/div>\n<p>&nbsp;<\/p>\n<\/div>\n<p>&nbsp;<\/p>\n<\/div>\n<p>&nbsp;<\/p>\n<\/div>\n<p>&nbsp;<\/p>\n<\/div>\n<div class=\"fl-col-group fl-node-64d71548e57d4\" data-node=\"64d71548e57d4\">\n<div class=\"fl-col fl-node-64d71548e5813\" style=\"width: 100%\" data-node=\"64d71548e5813\">\n<div class=\"fl-col-content fl-node-content\">\n<div class=\"fl-module fl-module-photo fl-node-64d71548e5852\" data-animation-delay=\"0.0\" data-node=\"64d71548e5852\">\n<div class=\"fl-module-content fl-node-content\">\n<div class=\"fl-photo fl-photo-align-center\">\n<div class=\"fl-photo-content fl-photo-img-png\"><img decoding=\"async\" class=\"fl-photo-img wp-image-2491\" src=\"\/wp-content\/uploads\/2025\/09\/0cb9f85fb2e31e10.webp\" alt=\"WeChat Captura de pantalla_20230812130511\"><\/div>\n<p>&nbsp;<\/p>\n<\/div>\n<p>&nbsp;<\/p>\n<\/div>\n<p>&nbsp;<\/p>\n<\/div>\n<p>&nbsp;<\/p>\n<\/div>\n<p>&nbsp;<\/p>\n<\/div>\n<p>&nbsp;<\/p>\n<\/div>\n<div class=\"fl-col-group fl-node-64d71548e5615\" data-node=\"64d71548e5615\">\n<div class=\"fl-col fl-node-64d71548e5654\" style=\"width: 100%\" data-node=\"64d71548e5654\">\n<div class=\"fl-col-content fl-node-content\">\n<div class=\"fl-module fl-module-rich-text fl-node-64d71548e5693\" data-animation-delay=\"0.0\" data-node=\"64d71548e5693\">\n<div class=\"fl-module-content fl-node-content\">\n<div class=\"fl-rich-text\">\n<p><span style=\"font-family: Calibri\">Aplicaciones:<\/span><\/p>\n<p><span style=\"font-family: Calibri\">-Campo resistente al desgaste: buje, placa, boquilla de arena, revestimiento de ciclones, barril de molienda, etc.\u2026<\/span><\/p>\n<p><span style=\"font-family: Calibri\">-Campo de alta temperatura: losa SIC, tubo de horno de enfriamiento, tubo radiante, crisol, elemento de calentamiento, rodillo, haz, intercambiador de calor, tuber\u00eda de aire fr\u00edo, boquilla de quemador, tubo de protecci\u00f3n de termopar, bote SIC, estructura de autom\u00f3vil del horno, setter, etc.<\/span><\/p>\n<p><span style=\"font-family: Calibri\">-Campo militar a prueba de balas<\/span><\/p>\n<p><span style=\"font-family: Calibri\">-Semiconductor de carburo de silicio: bote de obleas SIC, chuck sic, paleta SiC, cassette de SiC, tubo de difusi\u00f3n SIC, horquilla de oblea, placa de succi\u00f3n, v\u00eda gu\u00eda, etc.<\/span><\/p>\n<p><span style=\"font-family: Calibri\">-Campo de sello de carburo de silicio: todo tipo de anillo de sellado, rodamiento, buje, etc.<\/span><\/p>\n<p><span style=\"font-family: Calibri\">-Campo fotovoltaico: paleta en voladizo, barril de molienda, rodillo de carburo de silicio, etc.<\/span><\/p>\n<p><span style=\"font-family: Calibri\">-Campo de bater\u00eda de litio<\/span><\/p>\n<p>&nbsp;<\/p>\n<\/div>\n<p>&nbsp;<\/p>\n<\/div>\n<p>&nbsp;<\/p>\n<\/div>\n<p>&nbsp;<\/p>\n<\/div>\n<p>&nbsp;<\/p>\n<\/div>\n<p>&nbsp;<\/p>\n<\/div>\n<div class=\"fl-col-group fl-node-64d715676bb3f\" data-node=\"64d715676bb3f\">\n<div class=\"fl-col fl-node-64d715676bcd1\" style=\"width: 100%\" data-node=\"64d715676bcd1\">\n<div class=\"fl-col-content fl-node-content\">\n<div class=\"fl-module fl-module-gallery fl-node-64d715676b9f3\" data-animation-delay=\"0.0\" data-node=\"64d715676b9f3\">\n<div class=\"fl-module-content fl-node-content\">\n<div class=\"fl-mosaicflow\">\n<div class=\"fl-mosaicflow-content\">\n<div class=\"fl-mosaicflow-item\">\n<div class=\"fl-photo fl-photo-align-center\">\n<div class=\"fl-photo-content fl-photo-img-png\"><a href=\"\/es\/uploads\/28ff221e11.webp\/\" target=\"_self\"> <img decoding=\"async\" class=\"fl-photo-img wp-image-2492\" src=\"\/wp-content\/uploads\/2025\/09\/7d66089f241eb2fc.webp\" alt=\"Sin t\u00edtulo-1\"> <\/a><\/div>\n<p>&nbsp;<\/p>\n<\/div>\n<p>&nbsp;<\/p>\n<\/div>\n<div class=\"fl-mosaicflow-item\">\n<div class=\"fl-photo fl-photo-align-center\">\n<div class=\"fl-photo-content fl-photo-img-png\"><a href=\"\/es\/uploads\/52e9658a1.webp\/\" target=\"_self\"> <img decoding=\"async\" class=\"fl-photo-img wp-image-2493\" src=\"\/wp-content\/uploads\/2025\/09\/215e03cfbaafb311.webp\" alt=\"Sin t\u00edtulo-2\"> <\/a><\/div>\n<p>&nbsp;<\/p>\n<\/div>\n<p>&nbsp;<\/p>\n<\/div>\n<div class=\"fl-mosaicflow-item\">\n<div class=\"fl-photo fl-photo-align-center\">\n<div class=\"fl-photo-content fl-photo-img-png\"><a href=\"\/es\/uploads\/ff7efb55.webp\/\" target=\"_self\"> <img decoding=\"async\" class=\"fl-photo-img wp-image-2494\" src=\"\/wp-content\/uploads\/2025\/09\/778f96ab4cfc0733.webp\" alt=\"Sin t\u00edtulo-3\"> <\/a><\/div>\n<p>&nbsp;<\/p>\n<\/div>\n<p>&nbsp;<\/p>\n<\/div>\n<p>&nbsp;<\/p>\n<\/div>\n<div class=\"fl-clear\">&nbsp;<\/div>\n<p>&nbsp;<\/p>\n<\/div>\n<p>&nbsp;<\/p>\n<\/div>\n<p>&nbsp;<\/p>\n<\/div>\n<p>&nbsp;<\/p>\n<\/div>\n<p>&nbsp;<\/p>\n<\/div>\n<p>&nbsp;<\/p>\n<\/div>\n<div class=\"fl-col-group fl-node-64d71c154ea8f\" data-node=\"64d71c154ea8f\">\n<div class=\"fl-col fl-node-64d71c154ec22\" style=\"width: 100%\" data-node=\"64d71c154ec22\">\n<div class=\"fl-col-content fl-node-content\">\n<div class=\"fl-module fl-module-rich-text fl-node-64d71c154e948\" data-animation-delay=\"0.0\" data-node=\"64d71c154e948\">\n<div class=\"fl-module-content fl-node-content\">\n<div class=\"fl-rich-text\">\n<p data-section=\"0\">1, alta conductividad t\u00e9rmica sobresaliente: la conductividad t\u00e9rmica es mucho m\u00e1s alta que otros materiales resistentes a la corrosi\u00f3n; Use menos \u00e1rea de intercambio de calor para la misma eficiencia de intercambio de calor; Permite tama\u00f1os de intercambiador de calor m\u00e1s peque\u00f1os; Reduzca en gran medida el espacio ocupado y reduzca el costo de uso;<\/p>\n<p data-section=\"1\">2, Excelente resistencia a la corrosi\u00f3n: con resistencia a la corrosi\u00f3n muy alta, resistencia a la oxidaci\u00f3n y resistencia a la erosi\u00f3n puede resistir una alta concentraci\u00f3n de \u00e1cido sulf\u00farico, \u00e1cido n\u00edtrico, \u00e1cido fosf\u00f3rico, \u00e1cido mixto, \u00e1lcali fuerte, oxidante, etc., con una excelente vida \u00fatil del servicio;<\/p>\n<p data-section=\"2\">3, excelentes propiedades termodin\u00e1micas: excelentes propiedades termodin\u00e1micas con alta resistencia y alta dureza; Resistencia al desgaste fuerte y resistencia a la permeabilidad bajo temperatura y presi\u00f3n extremas; Permita que el medio pase a alta velocidad; Se puede usar normalmente a alta temperatura de 1300 \u2103.<\/p>\n<p>&nbsp;<\/p>\n<\/div>\n<p>&nbsp;<\/p>\n<\/div>\n<p>&nbsp;<\/p>\n<\/div>\n<p>&nbsp;<\/p>\n<\/div>\n<p>&nbsp;<\/p>\n<\/div>\n<p>&nbsp;<\/p>\n<\/div>\n<div class=\"fl-col-group fl-node-64d71548e56d1\" data-node=\"64d71548e56d1\">\n<div class=\"fl-col fl-node-64d71548e5718\" style=\"width: 100%\" data-node=\"64d71548e5718\">\n<div class=\"fl-col-content fl-node-content\">\n<div class=\"fl-module fl-module-heading fl-node-64d71548e5795\" data-animation-delay=\"0.0\" data-node=\"64d71548e5795\">\n<div class=\"fl-module-content fl-node-content\">\n<h3 class=\"fl-heading\"><span class=\"fl-heading-text\">Par\u00e1metros t\u00e9cnicos<\/span><\/h3>\n<p>&nbsp;<\/p>\n<\/div>\n<p>&nbsp;<\/p>\n<\/div>\n<div class=\"fl-module fl-module-photo fl-node-64d71548e5757\" data-animation-delay=\"0.0\" data-node=\"64d71548e5757\">\n<div class=\"fl-module-content fl-node-content\">\n<div class=\"fl-photo fl-photo-align-center\">\n<div class=\"fl-photo-content fl-photo-img-png\"><img decoding=\"async\" class=\"fl-photo-img wp-image-2429\" src=\"\/wp-content\/uploads\/2025\/09\/e16a8a56d25ff317.webp\" alt=\"Imagen 1\"><\/div>\n<p>&nbsp;<\/p>\n<\/div>\n<p>&nbsp;<\/p>\n<\/div>\n<p>&nbsp;<\/p>\n<\/div>\n<p>&nbsp;<\/p>\n<\/div>\n<p>&nbsp;<\/p>\n<\/div>\n<p>&nbsp;<\/p>\n<\/div>\n<p>&nbsp;<\/p>\n<\/div>\n<p>&nbsp;<\/p>\n<\/div>\n<p>&nbsp;<\/p>\n<\/div>\n<\/div>","protected":false},"excerpt":{"rendered":"<p>Semicera&rsquo;s highly wear-resistant silicon carbide saggers are carefully crafted to provide excellent performance in high temperature and high wear environments. Made of high-quality silicon carbide, this sagger ensures excellent durability and wear resistance, making it an ideal choice for a variety of applications in ceramic and semiconductor manufacturing. Semicera looks forward to being your long-term partner in China.<\/p>","protected":false},"featured_media":4603,"comment_status":"closed","ping_status":"open","template":"","meta":[],"product_brand":[],"product_cat":[25,24],"product_tag":[],"class_list":{"0":"post-2245","1":"product","2":"type-product","3":"status-publish","4":"has-post-thumbnail","6":"product_cat-more-sic-product","7":"product_cat-silicon-carbide-ceramic","9":"first","10":"instock","11":"product-type-simple"},"_links":{"self":[{"href":"https:\/\/www.cn-semiconductorparts.com\/es\/wp-json\/wp\/v2\/product\/2245","targetHints":{"allow":["GET"]}}],"collection":[{"href":"https:\/\/www.cn-semiconductorparts.com\/es\/wp-json\/wp\/v2\/product"}],"about":[{"href":"https:\/\/www.cn-semiconductorparts.com\/es\/wp-json\/wp\/v2\/types\/product"}],"replies":[{"embeddable":true,"href":"https:\/\/www.cn-semiconductorparts.com\/es\/wp-json\/wp\/v2\/comments?post=2245"}],"wp:featuredmedia":[{"embeddable":true,"href":"https:\/\/www.cn-semiconductorparts.com\/es\/wp-json\/wp\/v2\/media\/4603"}],"wp:attachment":[{"href":"https:\/\/www.cn-semiconductorparts.com\/es\/wp-json\/wp\/v2\/media?parent=2245"}],"wp:term":[{"taxonomy":"product_brand","embeddable":true,"href":"https:\/\/www.cn-semiconductorparts.com\/es\/wp-json\/wp\/v2\/product_brand?post=2245"},{"taxonomy":"product_cat","embeddable":true,"href":"https:\/\/www.cn-semiconductorparts.com\/es\/wp-json\/wp\/v2\/product_cat?post=2245"},{"taxonomy":"product_tag","embeddable":true,"href":"https:\/\/www.cn-semiconductorparts.com\/es\/wp-json\/wp\/v2\/product_tag?post=2245"}],"curies":[{"name":"WP","href":"https:\/\/api.w.org\/{rel}","templated":true}]}}