{"id":2246,"date":"2025-09-11T13:33:34","date_gmt":"2025-09-11T05:33:34","guid":{"rendered":"https:\/\/weitai2.globaldeepsea.site\/product\/square-silicon-carbide-wafer-boat\/"},"modified":"2026-04-29T15:27:47","modified_gmt":"2026-04-29T07:27:47","slug":"square-silicon-carbide-wafer-boat","status":"publish","type":"product","link":"https:\/\/www.cn-semiconductorparts.com\/es\/product\/square-silicon-carbide-wafer-boat\/","title":{"rendered":"Square Silicon Carbide Wafer Boat"},"content":{"rendered":"<div class=\"fl-builder-content fl-builder-content-2804 fl-builder-content-primary fl-builder-global-templates-locked\" data-post-id=\"2804\">\n<div class=\"fl-row fl-row-full-width fl-row-bg-none fl-node-64daee93a3fac\" data-node=\"64daee93a3fac\">\n<div class=\"fl-row-content-wrap\">\n<div class=\"fl-row-content fl-row-full-width fl-node-content\">\n<div class=\"fl-col-group fl-node-64daee93a41a6\" data-node=\"64daee93a41a6\">\n<div class=\"fl-col fl-node-64daee93a41e6\" style=\"width: 100%\" data-node=\"64daee93a41e6\">\n<div class=\"fl-col-content fl-node-content\">\n<div class=\"fl-module fl-module-rich-text fl-node-64daee93a4223\" data-animation-delay=\"0.0\" data-node=\"64daee93a4223\">\n<div class=\"fl-module-content fl-node-content\">\n<div class=\"fl-rich-text\">\n<p>Silicon Carbide is a new type of ceramics with high cost performance and excellent material properties.&nbsp;Due to features like high strength and hardness, high temperature resistance, great thermal conductivity and chemical corrosion resistance, Silicon Carbide can almost withstand all chemical medium. Therefore, SiC are widely used in oil mining, chemical, machinery and airspace, even nuclear energy and the military have their special demands on SiC. Some normal applications we can offer are seal rings for pump, valve and protective armor etc.<\/p>\n<p>We are able to design and manufacture according to your specific dimensions with good quality and reasonable delivery time.&nbsp;<\/p>\n<p>&nbsp;<\/p>\n<\/div>\n<p>&nbsp;<\/p>\n<\/div>\n<p>&nbsp;<\/p>\n<\/div>\n<p>&nbsp;<\/p>\n<\/div>\n<p>&nbsp;<\/p>\n<\/div>\n<p>&nbsp;<\/p>\n<\/div>\n<div class=\"fl-col-group fl-node-64db22fb795f1\" data-node=\"64db22fb795f1\">\n<div class=\"fl-col fl-node-64db22fb79999\" style=\"width: 100%\" data-node=\"64db22fb79999\">\n<div class=\"fl-col-content fl-node-content\">\n<div class=\"fl-module fl-module-photo fl-node-64db22e60f1c6\" data-animation-delay=\"0.0\" data-node=\"64db22e60f1c6\">\n<div class=\"fl-module-content fl-node-content\">\n<div class=\"fl-photo fl-photo-align-center\">\n<div class=\"fl-photo-content fl-photo-img-jpg\"><img decoding=\"async\" class=\"fl-photo-img wp-image-2897\" src=\"\/wp-content\/uploads\/2025\/09\/be44dbae6d0e8afb.webp\" alt=\"u_1517168053_2200370806&amp;fm_253&amp;fmt_auto&amp;app_120&amp;f_JPEG\"><\/div>\n<p>&nbsp;<\/p>\n<\/div>\n<p>&nbsp;<\/p>\n<\/div>\n<p>&nbsp;<\/p>\n<\/div>\n<p>&nbsp;<\/p>\n<\/div>\n<p>&nbsp;<\/p>\n<\/div>\n<p>&nbsp;<\/p>\n<\/div>\n<div class=\"fl-col-group fl-node-64daee93a40ef\" data-node=\"64daee93a40ef\">\n<div class=\"fl-col fl-node-64daee93a412c\" style=\"width: 100%\" data-node=\"64daee93a412c\">\n<div class=\"fl-col-content fl-node-content\">\n<div class=\"fl-module fl-module-rich-text fl-node-64daee93a4169\" data-animation-delay=\"0.0\" data-node=\"64daee93a4169\">\n<div class=\"fl-module-content fl-node-content\">\n<div class=\"fl-rich-text\">\n<p><span style=\"font-family: Calibri\">Aplicaciones:<\/span><\/p>\n<p><span style=\"font-family: Calibri\">-Campo resistente al desgaste: buje, placa, boquilla de arena, revestimiento de ciclones, barril de molienda, etc.\u2026<\/span><\/p>\n<p><span style=\"font-family: Calibri\">-High Temperature Field: SiC Slab, Quenching Furnace Tube,Radiant Tube,crucible,Heating Element, Roller, Beam, Heat Exchanger, Cold Air Pipe, Burner Nozzle, Thermocouple Protection Tube, SiC boat,Kiln car Structure,Setter,etc.<\/span><\/p>\n<p><span style=\"font-family: Calibri\">-Campo militar a prueba de balas<\/span><\/p>\n<p><span style=\"font-family: Calibri\">-Semiconductor de carburo de silicio: bote de obleas SIC, chuck sic, paleta SiC, cassette de SiC, tubo de difusi\u00f3n SIC, horquilla de oblea, placa de succi\u00f3n, v\u00eda gu\u00eda, etc.<\/span><\/p>\n<p><span style=\"font-family: Calibri\">-Campo de sello de carburo de silicio: todo tipo de anillo de sellado, rodamiento, buje, etc.<\/span><\/p>\n<p><span style=\"font-family: Calibri\">-Campo fotovoltaico: paleta en voladizo, barril de molienda, rodillo de carburo de silicio, etc.<\/span><\/p>\n<p><span style=\"font-family: Calibri\">-Campo de bater\u00eda de litio<\/span><\/p>\n<p>&nbsp;<\/p>\n<\/div>\n<p>&nbsp;<\/p>\n<\/div>\n<p>&nbsp;<\/p>\n<\/div>\n<p>&nbsp;<\/p>\n<\/div>\n<p>&nbsp;<\/p>\n<\/div>\n<p>&nbsp;<\/p>\n<\/div>\n<div class=\"fl-col-group fl-node-64db22e60f30e\" data-node=\"64db22e60f30e\">\n<div class=\"fl-col fl-node-64db22e60f4a8\" style=\"width: 100%\" data-node=\"64db22e60f4a8\">\n<div class=\"fl-col-content fl-node-content\">\n<div class=\"fl-module fl-module-gallery fl-node-64daee93a40b3\" data-animation-delay=\"0.0\" data-node=\"64daee93a40b3\">\n<div class=\"fl-module-content fl-node-content\">\n<div class=\"fl-mosaicflow\">\n<div class=\"fl-mosaicflow-content\">\n<div class=\"fl-mosaicflow-item\">\n<div class=\"fl-photo fl-photo-align-center\">\n<div class=\"fl-photo-content fl-photo-img-jpg\"><a href=\"\/es\/uploads\/a4e9e18a1.webp\/\" target=\"_self\"> <img decoding=\"async\" class=\"fl-photo-img wp-image-2895\" src=\"\/wp-content\/uploads\/2025\/09\/b410e3fee6323800.webp\" alt=\"SIC\u6676\u821f\"> <\/a><\/div>\n<p>&nbsp;<\/p>\n<\/div>\n<p>&nbsp;<\/p>\n<\/div>\n<div class=\"fl-mosaicflow-item\">\n<div class=\"fl-photo fl-photo-align-center\">\n<div class=\"fl-photo-content fl-photo-img-jpg\"><a href=\"\/es\/uploads\/3d60aedf1.webp\/\" target=\"_self\"> <img decoding=\"async\" class=\"fl-photo-img wp-image-2896\" src=\"\/wp-content\/uploads\/2025\/09\/5806d5b3756237e2.webp\" alt=\"\u78b3\u5316\u7845\u821f\"> <\/a><\/div>\n<p>&nbsp;<\/p>\n<\/div>\n<p>&nbsp;<\/p>\n<\/div>\n<p>&nbsp;<\/p>\n<\/div>\n<div class=\"fl-clear\">&nbsp;<\/div>\n<p>&nbsp;<\/p>\n<\/div>\n<p>&nbsp;<\/p>\n<\/div>\n<p>&nbsp;<\/p>\n<\/div>\n<p>&nbsp;<\/p>\n<\/div>\n<p>&nbsp;<\/p>\n<\/div>\n<p>&nbsp;<\/p>\n<\/div>\n<div class=\"fl-col-group fl-node-64daee93a43ce\" data-node=\"64daee93a43ce\">\n<div class=\"fl-col fl-node-64daee93a43e3\" style=\"width: 100%\" data-node=\"64daee93a43e3\">\n<div class=\"fl-col-content fl-node-content\">\n<div class=\"fl-module fl-module-heading fl-node-64daee93a4420\" data-animation-delay=\"0.0\" data-node=\"64daee93a4420\">\n<div class=\"fl-module-content fl-node-content\">\n<h3 class=\"fl-heading\"><span class=\"fl-heading-text\">Par\u00e1metros t\u00e9cnicos:<\/span><\/h3>\n<p>&nbsp;<\/p>\n<\/div>\n<p>&nbsp;<\/p>\n<\/div>\n<p>&nbsp;<\/p>\n<\/div>\n<p>&nbsp;<\/p>\n<\/div>\n<p>&nbsp;<\/p>\n<\/div>\n<div class=\"fl-col-group fl-node-64daee93a4317\" data-node=\"64daee93a4317\">\n<div class=\"fl-col fl-node-64daee93a4354\" style=\"width: 100%\" data-node=\"64daee93a4354\">\n<div class=\"fl-col-content fl-node-content\">\n<div class=\"fl-module fl-module-photo fl-node-64daee93a4391\" data-animation-delay=\"0.0\" data-node=\"64daee93a4391\">\n<div class=\"fl-module-content fl-node-content\">\n<div class=\"fl-photo fl-photo-align-center\">\n<div class=\"fl-photo-content fl-photo-img-png\"><img decoding=\"async\" class=\"fl-photo-img wp-image-2332\" src=\"\/wp-content\/uploads\/2025\/09\/e16a8a56d25ff317.webp\" alt=\"\u56fe\u72472\"><\/div>\n<p>&nbsp;<\/p>\n<\/div>\n<p>&nbsp;<\/p>\n<\/div>\n<p>&nbsp;<\/p>\n<\/div>\n<p>&nbsp;<\/p>\n<\/div>\n<p>&nbsp;<\/p>\n<\/div>\n<p>&nbsp;<\/p>\n<\/div>\n<div class=\"fl-col-group fl-node-661757e567a5b\" data-node=\"661757e567a5b\">\n<div class=\"fl-col fl-node-661757e567d0b\" style=\"width: 100%\" data-node=\"661757e567d0b\">\n<div class=\"fl-col-content fl-node-content\">\n<div class=\"fl-module fl-module-photo fl-node-661757e567859\" data-animation-delay=\"0.0\" data-node=\"661757e567859\">\n<div class=\"fl-module-content fl-node-content\">\n<div class=\"fl-photo fl-photo-align-center\">\n<div class=\"fl-photo-content fl-photo-img-jpg\"><img decoding=\"async\" class=\"fl-photo-img wp-image-7286\" src=\"\/wp-content\/uploads\/2025\/09\/b1dd0bcab1675ff4.webp\" alt=\"Lugar de trabajo de semicera\"><\/div>\n<p>&nbsp;<\/p>\n<\/div>\n<p>&nbsp;<\/p>\n<\/div>\n<p>&nbsp;<\/p>\n<\/div>\n<div class=\"fl-module fl-module-photo fl-node-661757ef411cc\" data-animation-delay=\"0.0\" data-node=\"661757ef411cc\">\n<div class=\"fl-module-content fl-node-content\">\n<div class=\"fl-photo fl-photo-align-center\">\n<div class=\"fl-photo-content fl-photo-img-jpg\"><img decoding=\"async\" class=\"fl-photo-img wp-image-7287\" src=\"\/wp-content\/uploads\/2025\/09\/2b946d2b4b61306d.webp\" alt=\"Semicera Work Place 2\"><\/div>\n<p>&nbsp;<\/p>\n<\/div>\n<p>&nbsp;<\/p>\n<\/div>\n<p>&nbsp;<\/p>\n<\/div>\n<div class=\"fl-module fl-module-photo fl-node-661757ee7c517\" data-animation-delay=\"0.0\" data-node=\"661757ee7c517\">\n<div class=\"fl-module-content fl-node-content\">\n<div class=\"fl-photo fl-photo-align-center\">\n<div class=\"fl-photo-content fl-photo-img-jpg\"><img decoding=\"async\" class=\"fl-photo-img wp-image-7288\" src=\"\/wp-content\/uploads\/2025\/09\/081b6529d68ead23.webp\" alt=\"M\u00e1quina de equipos\"><\/div>\n<p>&nbsp;<\/p>\n<\/div>\n<p>&nbsp;<\/p>\n<\/div>\n<p>&nbsp;<\/p>\n<\/div>\n<div class=\"fl-module fl-module-photo fl-node-661757edbd154\" data-animation-delay=\"0.0\" data-node=\"661757edbd154\">\n<div class=\"fl-module-content fl-node-content\">\n<div class=\"fl-photo fl-photo-align-center\">\n<div class=\"fl-photo-content fl-photo-img-jpg\"><img decoding=\"async\" class=\"fl-photo-img wp-image-7289\" src=\"\/wp-content\/uploads\/2025\/09\/a4132b2b399abbac.webp\" alt=\"Procesamiento de CNN, limpieza qu\u00edmica, recubrimiento de CVD\"><\/div>\n<p>&nbsp;<\/p>\n<\/div>\n<p>&nbsp;<\/p>\n<\/div>\n<p>&nbsp;<\/p>\n<\/div>\n<div class=\"fl-module fl-module-photo fl-node-661757ece7e54\" data-animation-delay=\"0.0\" data-node=\"661757ece7e54\">\n<div class=\"fl-module-content fl-node-content\">\n<div class=\"fl-photo fl-photo-align-center\">\n<div class=\"fl-photo-content fl-photo-img-jpg\"><img decoding=\"async\" class=\"fl-photo-img wp-image-7290\" src=\"\/wp-content\/uploads\/2025\/09\/b07f222c0ec0ab8d.webp\" alt=\"Nuestro servicio\"><\/div>\n<p>&nbsp;<\/p>\n<\/div>\n<p>&nbsp;<\/p>\n<\/div>\n<p>&nbsp;<\/p>\n<\/div>\n<p>&nbsp;<\/p>\n<\/div>\n<p>&nbsp;<\/p>\n<\/div>\n<p>&nbsp;<\/p>\n<\/div>\n<p>&nbsp;<\/p>\n<\/div>\n<p>&nbsp;<\/p>\n<\/div>\n<p>&nbsp;<\/p>\n<\/div>\n<\/div>","protected":false},"excerpt":{"rendered":"<p>Semicera&rsquo;s Square Silicon Carbide Wafer Boat is engineered for high-performance semiconductor and LED manufacturing processes. Made from high-purity silicon carbide, this wafer boat offers superior thermal conductivity, excellent chemical resistance, and exceptional mechanical strength, ensuring optimal wafer handling in MOCVD, CVD, and other high-temperature applications. The square design provides efficient space utilization and uniform heat distribution, while its durable material ensures long-lasting performance and minimal contamination. Trust Semicera&rsquo;s SiC wafer boat to enhance your process stability, yield, and efficiency in advanced manufacturing environments.<\/p>","protected":false},"featured_media":4604,"comment_status":"closed","ping_status":"open","template":"","meta":[],"product_brand":[],"product_cat":[67,16],"product_tag":[],"class_list":{"0":"post-2246","1":"product","2":"type-product","3":"status-publish","4":"has-post-thumbnail","6":"product_cat-custom-parts","7":"product_cat-cvd-sic","9":"first","10":"instock","11":"product-type-simple"},"_links":{"self":[{"href":"https:\/\/www.cn-semiconductorparts.com\/es\/wp-json\/wp\/v2\/product\/2246","targetHints":{"allow":["GET"]}}],"collection":[{"href":"https:\/\/www.cn-semiconductorparts.com\/es\/wp-json\/wp\/v2\/product"}],"about":[{"href":"https:\/\/www.cn-semiconductorparts.com\/es\/wp-json\/wp\/v2\/types\/product"}],"replies":[{"embeddable":true,"href":"https:\/\/www.cn-semiconductorparts.com\/es\/wp-json\/wp\/v2\/comments?post=2246"}],"wp:featuredmedia":[{"embeddable":true,"href":"https:\/\/www.cn-semiconductorparts.com\/es\/wp-json\/wp\/v2\/media\/4604"}],"wp:attachment":[{"href":"https:\/\/www.cn-semiconductorparts.com\/es\/wp-json\/wp\/v2\/media?parent=2246"}],"wp:term":[{"taxonomy":"product_brand","embeddable":true,"href":"https:\/\/www.cn-semiconductorparts.com\/es\/wp-json\/wp\/v2\/product_brand?post=2246"},{"taxonomy":"product_cat","embeddable":true,"href":"https:\/\/www.cn-semiconductorparts.com\/es\/wp-json\/wp\/v2\/product_cat?post=2246"},{"taxonomy":"product_tag","embeddable":true,"href":"https:\/\/www.cn-semiconductorparts.com\/es\/wp-json\/wp\/v2\/product_tag?post=2246"}],"curies":[{"name":"WP","href":"https:\/\/api.w.org\/{rel}","templated":true}]}}