{"id":2257,"date":"2025-09-11T13:33:40","date_gmt":"2025-09-11T05:33:40","guid":{"rendered":"https:\/\/weitai2.globaldeepsea.site\/product\/41-pieces-4-inch-graphite-base-mocvd-equipment-parts\/"},"modified":"2025-11-28T18:12:07","modified_gmt":"2025-11-28T10:12:07","slug":"41-pieces-4-inch-graphite-base-mocvd-equipment-parts","status":"publish","type":"product","link":"https:\/\/www.cn-semiconductorparts.com\/es\/product\/41-pieces-4-inch-graphite-base-mocvd-equipment-parts\/","title":{"rendered":"41 piezas Piezas de equipos MOCVD de base de grafito de 4 pulgadas de grafito"},"content":{"rendered":"<p><!--?xml encoding=\"utf-8\" ?--><\/p>\n<div class=\"fl-builder-content fl-builder-content-2321 fl-builder-content-primary fl-builder-global-templates-locked\" data-post-id=\"2321\">\n<div class=\"fl-row fl-row-full-width fl-row-bg-none fl-node-64d1f0bef37ca\" data-node=\"64d1f0bef37ca\">\n<div class=\"fl-row-content-wrap\">\n<div class=\"fl-row-content fl-row-full-width fl-node-content\">\n<div class=\"fl-col-group fl-node-64d1f0bef380a\" data-node=\"64d1f0bef380a\">\n<div class=\"fl-col fl-node-64d1f0bef3848\" style=\"width: 100%\" data-node=\"64d1f0bef3848\">\n<div class=\"fl-col-content fl-node-content\">\n<div class=\"fl-module fl-module-heading fl-node-64d1f0bef3885 pro_tit\" data-animation-delay=\"0.0\" data-node=\"64d1f0bef3885\">\n<div class=\"fl-module-content fl-node-content\">\n<h3 class=\"fl-heading\"><span class=\"fl-heading-text\">Descripci\u00f3n<\/span><\/h3>\n<p>&nbsp;<\/p>\n<\/div>\n<p>&nbsp;<\/p>\n<\/div>\n<p>&nbsp;<\/p>\n<\/div>\n<p>&nbsp;<\/p>\n<\/div>\n<p>&nbsp;<\/p>\n<\/div>\n<div class=\"fl-col-group fl-node-64d1f0bef38c2\" data-node=\"64d1f0bef38c2\">\n<div class=\"fl-col fl-node-64d1f0bef38ff\" style=\"width: 100%\" data-node=\"64d1f0bef38ff\">\n<div class=\"fl-col-content fl-node-content\">\n<div class=\"fl-module fl-module-rich-text fl-node-64d1f0bef393d\" data-animation-delay=\"0.0\" data-node=\"64d1f0bef393d\">\n<div class=\"fl-module-content fl-node-content\">\n<div class=\"fl-rich-text\">\n<p>Our company provides SiC coating process services by CVD method on the surface of graphite, ceramics and other materials, so that special gases containing carbon and silicon react at high temperature to obtain high purity SiC molecules, molecules deposited on the surface of the coated materials, forming a&nbsp;SiC protective layer.<\/p>\n<p>&nbsp;<\/p>\n<\/div>\n<p>&nbsp;<\/p>\n<\/div>\n<p>&nbsp;<\/p>\n<\/div>\n<p>&nbsp;<\/p>\n<\/div>\n<p>&nbsp;<\/p>\n<\/div>\n<p>&nbsp;<\/p>\n<\/div>\n<div class=\"fl-col-group fl-node-64d1f0bef3972\" data-node=\"64d1f0bef3972\">\n<div class=\"fl-col fl-node-64d1f0bef3a6b\" style=\"width: 100%\" data-node=\"64d1f0bef3a6b\">\n<div class=\"fl-col-content fl-node-content\">\n<div class=\"fl-module fl-module-photo fl-node-66ebecc0b6a91\" data-animation-delay=\"0.0\" data-node=\"66ebecc0b6a91\">\n<div class=\"fl-module-content fl-node-content\">\n<div class=\"fl-photo fl-photo-align-center\">\n<div class=\"fl-photo-content fl-photo-img-jpg\"><img decoding=\"async\" class=\"fl-photo-img wp-image-10898\" src=\"\/wp-content\/uploads\/2025\/09\/ae42f4a3b4c0badb.webp\" alt=\"41 piezas Piezas de equipos MOCVD de base de grafito de 4 pulgadas de grafito\"><\/div>\n<p>&nbsp;<\/p>\n<\/div>\n<p>&nbsp;<\/p>\n<\/div>\n<p>&nbsp;<\/p>\n<\/div>\n<p>&nbsp;<\/p>\n<\/div>\n<p>&nbsp;<\/p>\n<\/div>\n<p>&nbsp;<\/p>\n<\/div>\n<p>&nbsp;<\/p>\n<\/div>\n<p>&nbsp;<\/p>\n<\/div>\n<p>&nbsp;<\/p>\n<\/div>\n<div class=\"fl-row fl-row-full-width fl-row-bg-none fl-node-64d1f0bef3aa8\" data-node=\"64d1f0bef3aa8\">\n<div class=\"fl-row-content-wrap\">\n<div class=\"fl-row-content fl-row-full-width fl-node-content\">\n<div class=\"fl-col-group fl-node-64d1f0bef3ae5\" data-node=\"64d1f0bef3ae5\">\n<div class=\"fl-col fl-node-64d1f0bef3b22\" style=\"width: 100%\" data-node=\"64d1f0bef3b22\">\n<div class=\"fl-col-content fl-node-content\">\n<div class=\"fl-module fl-module-heading fl-node-64d1f0bef3b5f pro_tit\" data-animation-delay=\"0.0\" data-node=\"64d1f0bef3b5f\">\n<div class=\"fl-module-content fl-node-content\">\n<h3 class=\"fl-heading\"><span class=\"fl-heading-text\">Caracter\u00edsticas principales<\/span><\/h3>\n<p>&nbsp;<\/p>\n<\/div>\n<p>&nbsp;<\/p>\n<\/div>\n<p>&nbsp;<\/p>\n<\/div>\n<p>&nbsp;<\/p>\n<\/div>\n<p>&nbsp;<\/p>\n<\/div>\n<div class=\"fl-col-group fl-node-64d1f0bef3b9c\" data-node=\"64d1f0bef3b9c\">\n<div class=\"fl-col fl-node-64d1f0bef3bd9\" style=\"width: 100%\" data-node=\"64d1f0bef3bd9\">\n<div class=\"fl-col-content fl-node-content\">\n<div class=\"fl-module fl-module-rich-text fl-node-64d1f0bef3c16\" data-animation-delay=\"0.0\" data-node=\"64d1f0bef3c16\">\n<div class=\"fl-module-content fl-node-content\">\n<div class=\"fl-rich-text\">\n<p>1. Resistencia a la oxidaci\u00f3n de alta temperatura:<br \/>the oxidation resistance is still very good when the temperature is as high as 1600 \u2103.<br \/>2. Alta pureza: hecha por deposici\u00f3n de vapor qu\u00edmico en una condici\u00f3n de cloraci\u00f3n de alta temperatura.<br \/>3. Resistencia a la erosi\u00f3n: alta dureza, superficie compacta, part\u00edculas finas.<br \/>4. Resistencia a la corrosi\u00f3n: \u00e1cido, \u00e1lcali, sal y reactivos org\u00e1nicos.<\/p>\n<div id=\"gtx-trans\" style=\"position: absolute;left: 471px;top: -1.10938px\"><\/div>\n<p>&nbsp;<\/p>\n<\/div>\n<p>&nbsp;<\/p>\n<\/div>\n<p>&nbsp;<\/p>\n<\/div>\n<p>&nbsp;<\/p>\n<\/div>\n<p>&nbsp;<\/p>\n<\/div>\n<p>&nbsp;<\/p>\n<\/div>\n<p>&nbsp;<\/p>\n<\/div>\n<p>&nbsp;<\/p>\n<\/div>\n<p>&nbsp;<\/p>\n<\/div>\n<div class=\"fl-row fl-row-full-width fl-row-bg-none fl-node-64d1f0bef3c53\" data-node=\"64d1f0bef3c53\">\n<div class=\"fl-row-content-wrap\">\n<div class=\"fl-row-content fl-row-full-width fl-node-content\">\n<div class=\"fl-col-group fl-node-64d1f0bef3c90\" data-node=\"64d1f0bef3c90\">\n<div class=\"fl-col fl-node-64d1f0bef3ccd\" style=\"width: 100%\" data-node=\"64d1f0bef3ccd\">\n<div class=\"fl-col-content fl-node-content\">\n<div class=\"fl-module fl-module-heading fl-node-64d1f0bef3d0a pro_tit\" data-animation-delay=\"0.0\" data-node=\"64d1f0bef3d0a\">\n<div class=\"fl-module-content fl-node-content\">\n<h3 class=\"fl-heading\"><span class=\"fl-heading-text\">Especificaciones principales de recubrimiento CVD-SIC<\/span><\/h3>\n<p>&nbsp;<\/p>\n<\/div>\n<p>&nbsp;<\/p>\n<\/div>\n<p>&nbsp;<\/p>\n<\/div>\n<p>&nbsp;<\/p>\n<\/div>\n<p>&nbsp;<\/p>\n<\/div>\n<div class=\"fl-col-group fl-node-64d1f0bef3d47\" data-node=\"64d1f0bef3d47\">\n<div class=\"fl-col fl-node-64d1f0bef3d52\" style=\"width: 100%\" data-node=\"64d1f0bef3d52\">\n<div class=\"fl-col-content fl-node-content\">\n<div class=\"fl-module fl-module-rich-text fl-node-64d1f0bef3d8f\" data-animation-delay=\"0.0\" data-node=\"64d1f0bef3d8f\">\n<div class=\"fl-module-content fl-node-content\">\n<div class=\"fl-rich-text\">\n<table border=\"0\" cellspacing=\"0\">\n<tbody>\n<tr>\n<td colspan=\"3\" width=\"620\">Propiedades de SIC-CVD<\/td>\n<\/tr>\n<tr>\n<td valign=\"center\" width=\"214\">Estructura cristalina<\/td>\n<td colspan=\"2\" valign=\"center\" width=\"405\">FCC&nbsp;&beta;&nbsp;phase<\/td>\n<\/tr>\n<tr>\n<td valign=\"center\" width=\"214\">Densidad<\/td>\n<td valign=\"center\" width=\"172\">g\/cm&nbsp;&sup3;<\/td>\n<td valign=\"center\" width=\"232\">3.21<\/td>\n<\/tr>\n<tr>\n<td valign=\"center\" width=\"214\">Dureza<\/td>\n<td valign=\"center\" width=\"172\">Dureza de Vickers<\/td>\n<td valign=\"center\" width=\"232\">2500<\/td>\n<\/tr>\n<tr>\n<td valign=\"center\" width=\"214\">Tama\u00f1o de grano<\/td>\n<td valign=\"center\" width=\"172\">&mu;m<\/td>\n<td valign=\"center\" width=\"232\">2~10<\/td>\n<\/tr>\n<tr>\n<td valign=\"center\" width=\"214\">Pureza qu\u00edmica<\/td>\n<td valign=\"center\" width=\"172\">%<\/td>\n<td valign=\"bottom\" width=\"232\">99.99995<\/td>\n<\/tr>\n<tr>\n<td valign=\"center\" width=\"214\">Capacidad de calor<\/td>\n<td valign=\"center\" width=\"172\">J&middot;kg-1&nbsp;&middot;K-1<\/td>\n<td valign=\"bottom\" width=\"232\">640<\/td>\n<\/tr>\n<tr>\n<td valign=\"center\" width=\"214\">Temperatura de sublimaci\u00f3n<\/td>\n<td valign=\"center\" width=\"172\">\u2103<\/td>\n<td valign=\"bottom\" width=\"232\">2700<\/td>\n<\/tr>\n<tr>\n<td valign=\"center\" width=\"214\">Fuerza del felexural<\/td>\n<td valign=\"center\" width=\"172\">MPa&nbsp; (RT 4-point)<\/td>\n<td valign=\"bottom\" width=\"232\">415<\/td>\n<\/tr>\n<tr>\n<td valign=\"center\" width=\"214\">Young&rsquo; s Modulus<\/td>\n<td valign=\"center\" width=\"172\">GPA (4pt Bend, 1300 \u2103)<\/td>\n<td valign=\"bottom\" width=\"232\">430<\/td>\n<\/tr>\n<tr>\n<td valign=\"center\" width=\"214\">Expansi\u00f3n t\u00e9rmica (CTE)<\/td>\n<td valign=\"center\" width=\"172\">10-6K-1<\/td>\n<td valign=\"bottom\" width=\"232\">4.5<\/td>\n<\/tr>\n<tr>\n<td valign=\"center\" width=\"214\">Conductividad t\u00e9rmica<\/td>\n<td valign=\"center\" width=\"172\">(W\/mk)<\/td>\n<td valign=\"bottom\" width=\"232\">300<\/td>\n<\/tr>\n<\/tbody>\n<\/table>\n<\/div>\n<p>&nbsp;<\/p>\n<\/div>\n<p>&nbsp;<\/p>\n<\/div>\n<p>&nbsp;<\/p>\n<\/div>\n<p>&nbsp;<\/p>\n<\/div>\n<p>&nbsp;<\/p>\n<\/div>\n<p>&nbsp;<\/p>\n<\/div>\n<p>&nbsp;<\/p>\n<\/div>\n<p>&nbsp;<\/p>\n<\/div>\n<div class=\"fl-row fl-row-full-width fl-row-bg-none fl-node-66ebdfae1a8f0\" data-node=\"66ebdfae1a8f0\">\n<div class=\"fl-row-content-wrap\">\n<div class=\"fl-row-content fl-row-full-width fl-node-content\">\n<div class=\"fl-col-group fl-node-66ebdfae1a931\" data-node=\"66ebdfae1a931\">\n<div class=\"fl-col fl-node-66ebdfae1a970\" style=\"width: 100%\" data-node=\"66ebdfae1a970\">\n<div class=\"fl-col-content fl-node-content\">\n<div class=\"fl-module fl-module-photo fl-node-66ebdfae1a989\" data-animation-delay=\"0.0\" data-node=\"66ebdfae1a989\">\n<div class=\"fl-module-content fl-node-content\">\n<div class=\"fl-photo fl-photo-align-center\">\n<div class=\"fl-photo-content fl-photo-img-jpg\"><img decoding=\"async\" class=\"fl-photo-img wp-image-9038\" src=\"\/wp-content\/uploads\/2025\/09\/b1dd0bcab1675ff4.webp\" alt=\"Lugar de trabajo de semicera\"><\/div>\n<p>&nbsp;<\/p>\n<\/div>\n<p>&nbsp;<\/p>\n<\/div>\n<p>&nbsp;<\/p>\n<\/div>\n<div class=\"fl-module fl-module-photo fl-node-66ebdfae1aacb\" data-animation-delay=\"0.0\" data-node=\"66ebdfae1aacb\">\n<div class=\"fl-module-content fl-node-content\">\n<div class=\"fl-photo fl-photo-align-center\">\n<div class=\"fl-photo-content fl-photo-img-jpg\"><img decoding=\"async\" class=\"fl-photo-img wp-image-9037\" src=\"\/wp-content\/uploads\/2025\/09\/2b946d2b4b61306d.webp\" alt=\"Semicera Work Place 2\"><\/div>\n<p>&nbsp;<\/p>\n<\/div>\n<p>&nbsp;<\/p>\n<\/div>\n<p>&nbsp;<\/p>\n<\/div>\n<div class=\"fl-module fl-module-photo fl-node-66ebdfae1aa8c\" data-animation-delay=\"0.0\" data-node=\"66ebdfae1aa8c\">\n<div class=\"fl-module-content fl-node-content\">\n<div class=\"fl-photo fl-photo-align-center\">\n<div class=\"fl-photo-content fl-photo-img-jpg\"><img decoding=\"async\" class=\"fl-photo-img wp-image-9034 size-full\" src=\"\/wp-content\/uploads\/2025\/09\/081b6529d68ead23.webp\" alt=\"M\u00e1quina de equipos\"><\/div>\n<p>&nbsp;<\/p>\n<\/div>\n<p>&nbsp;<\/p>\n<\/div>\n<p>&nbsp;<\/p>\n<\/div>\n<div class=\"fl-module fl-module-photo fl-node-66ebdfae1aa4e\" data-animation-delay=\"0.0\" data-node=\"66ebdfae1aa4e\">\n<div class=\"fl-module-content fl-node-content\">\n<div class=\"fl-photo fl-photo-align-center\">\n<div class=\"fl-photo-content fl-photo-img-jpg\"><img decoding=\"async\" class=\"fl-photo-img wp-image-9033\" src=\"\/wp-content\/uploads\/2025\/09\/a4132b2b399abbac.webp\" alt=\"Procesamiento de CNN, limpieza qu\u00edmica, recubrimiento de CVD\"><\/div>\n<p>&nbsp;<\/p>\n<\/div>\n<p>&nbsp;<\/p>\n<\/div>\n<p>&nbsp;<\/p>\n<\/div>\n<div class=\"fl-module fl-module-photo fl-node-66ebdfae1aa07\" data-animation-delay=\"0.0\" data-node=\"66ebdfae1aa07\">\n<div class=\"fl-module-content fl-node-content\">\n<div class=\"fl-photo fl-photo-align-center\">\n<div class=\"fl-photo-content fl-photo-img-jpg\"><img decoding=\"async\" class=\"fl-photo-img wp-image-9036\" src=\"\/wp-content\/uploads\/2025\/09\/2190bb9ce5c1d546.webp\" alt=\"Casa de Ware de Semicera\"><\/div>\n<p>&nbsp;<\/p>\n<\/div>\n<p>&nbsp;<\/p>\n<\/div>\n<p>&nbsp;<\/p>\n<\/div>\n<div class=\"fl-module fl-module-photo fl-node-66ebdfae1a9c8\" data-animation-delay=\"0.0\" data-node=\"66ebdfae1a9c8\">\n<div class=\"fl-module-content fl-node-content\">\n<div class=\"fl-photo fl-photo-align-center\">\n<div class=\"fl-photo-content fl-photo-img-jpg\"><img decoding=\"async\" class=\"fl-photo-img wp-image-9035\" src=\"\/wp-content\/uploads\/2025\/09\/b07f222c0ec0ab8d.webp\" alt=\"Nuestro servicio\"><\/div>\n<p>&nbsp;<\/p>\n<\/div>\n<p>&nbsp;<\/p>\n<\/div>\n<p>&nbsp;<\/p>\n<\/div>\n<p>&nbsp;<\/p>\n<\/div>\n<p>&nbsp;<\/p>\n<\/div>\n<p>&nbsp;<\/p>\n<\/div>\n<p>&nbsp;<\/p>\n<\/div>\n<p>&nbsp;<\/p>\n<\/div>\n<p>&nbsp;<\/p>\n<\/div>\n<\/div>","protected":false},"excerpt":{"rendered":"<p><!--?xml encoding=\"utf-8\" ?--><\/p>\n<div dir=\"auto\" style=\"font-family: 'Segoe UI Historic', 'Segoe UI', Helvetica, Arial, sans-serif;color: #080809;font-size: 15px;font-style: normal;font-weight: 400;letter-spacing: normal;text-align: start;text-indent: 0px;text-transform: none;background-color: #ffffff\">\u25cf Product introduction and use: Placed 41 pieces of 4 inch substrate, used for the growth of blue-green epitaxial films in LED production<\/div>\n<div dir=\"auto\" style=\"font-family: 'Segoe UI Historic', 'Segoe UI', Helvetica, Arial, sans-serif;color: #080809;font-size: 15px;font-style: normal;font-weight: 400;letter-spacing: normal;text-align: start;text-indent: 0px;text-transform: none;background-color: #ffffff\">\u25cf Device location of the product: in the reaction chamber, in direct contact with the wafer<\/div>\n<div dir=\"auto\" style=\"font-family: 'Segoe UI Historic', 'Segoe UI', Helvetica, Arial, sans-serif;color: #080809;font-size: 15px;font-style: normal;font-weight: 400;letter-spacing: normal;text-align: start;text-indent: 0px;text-transform: none;background-color: #ffffff\">\u25cf Main downstream products: LED chips<\/div>\n<div dir=\"auto\" style=\"font-family: 'Segoe UI Historic', 'Segoe UI', Helvetica, Arial, sans-serif;color: #080809;font-size: 15px;font-style: normal;font-weight: 400;letter-spacing: normal;text-align: start;text-indent: 0px;text-transform: none;background-color: #ffffff\">\u25cf Main end market: LED<\/div>","protected":false},"featured_media":4490,"comment_status":"closed","ping_status":"open","template":"","meta":[],"product_brand":[],"product_cat":[16,49],"product_tag":[],"class_list":{"0":"post-2257","1":"product","2":"type-product","3":"status-publish","4":"has-post-thumbnail","6":"product_cat-cvd-sic","7":"product_cat-mocvd-epitaxial-parts","9":"first","10":"instock","11":"product-type-simple"},"_links":{"self":[{"href":"https:\/\/www.cn-semiconductorparts.com\/es\/wp-json\/wp\/v2\/product\/2257","targetHints":{"allow":["GET"]}}],"collection":[{"href":"https:\/\/www.cn-semiconductorparts.com\/es\/wp-json\/wp\/v2\/product"}],"about":[{"href":"https:\/\/www.cn-semiconductorparts.com\/es\/wp-json\/wp\/v2\/types\/product"}],"replies":[{"embeddable":true,"href":"https:\/\/www.cn-semiconductorparts.com\/es\/wp-json\/wp\/v2\/comments?post=2257"}],"wp:featuredmedia":[{"embeddable":true,"href":"https:\/\/www.cn-semiconductorparts.com\/es\/wp-json\/wp\/v2\/media\/4490"}],"wp:attachment":[{"href":"https:\/\/www.cn-semiconductorparts.com\/es\/wp-json\/wp\/v2\/media?parent=2257"}],"wp:term":[{"taxonomy":"product_brand","embeddable":true,"href":"https:\/\/www.cn-semiconductorparts.com\/es\/wp-json\/wp\/v2\/product_brand?post=2257"},{"taxonomy":"product_cat","embeddable":true,"href":"https:\/\/www.cn-semiconductorparts.com\/es\/wp-json\/wp\/v2\/product_cat?post=2257"},{"taxonomy":"product_tag","embeddable":true,"href":"https:\/\/www.cn-semiconductorparts.com\/es\/wp-json\/wp\/v2\/product_tag?post=2257"}],"curies":[{"name":"WP","href":"https:\/\/api.w.org\/{rel}","templated":true}]}}