{"id":2260,"date":"2025-09-11T13:33:40","date_gmt":"2025-09-11T05:33:40","guid":{"rendered":"https:\/\/weitai2.globaldeepsea.site\/product\/19-pieces-of-2-inch-graphite-base-mocvd-equipment-parts\/"},"modified":"2025-11-28T18:10:18","modified_gmt":"2025-11-28T10:10:18","slug":"19-pieces-of-2-inch-graphite-base-mocvd-equipment-parts","status":"publish","type":"product","link":"https:\/\/www.cn-semiconductorparts.com\/es\/product\/19-pieces-of-2-inch-graphite-base-mocvd-equipment-parts\/","title":{"rendered":"19 pieces of 2 inch graphite base MOCVD equipment parts"},"content":{"rendered":"<p><!--?xml encoding=\"utf-8\" ?--><\/p>\n<div class=\"fl-builder-content fl-builder-content-2313 fl-builder-content-primary fl-builder-global-templates-locked\" data-post-id=\"2313\">\n<div class=\"fl-row fl-row-full-width fl-row-bg-none fl-node-64d1ed5696619\" data-node=\"64d1ed5696619\">\n<div class=\"fl-row-content-wrap\">\n<div class=\"fl-row-content fl-row-full-width fl-node-content\">\n<div class=\"fl-col-group fl-node-64d1ed5696658\" data-node=\"64d1ed5696658\">\n<div class=\"fl-col fl-node-64d1ed5696696\" style=\"width: 100%\" data-node=\"64d1ed5696696\">\n<div class=\"fl-col-content fl-node-content\">\n<div class=\"fl-module fl-module-heading fl-node-64d1ed56966d3 pro_tit\" data-animation-delay=\"0.0\" data-node=\"64d1ed56966d3\">\n<div class=\"fl-module-content fl-node-content\">\n<h3 class=\"fl-heading\"><span class=\"fl-heading-text\">Descripci\u00f3n<\/span><\/h3>\n<p>&nbsp;<\/p>\n<\/div>\n<p>&nbsp;<\/p>\n<\/div>\n<p>&nbsp;<\/p>\n<\/div>\n<p>&nbsp;<\/p>\n<\/div>\n<p>&nbsp;<\/p>\n<\/div>\n<div class=\"fl-col-group fl-node-64d1ed5696710\" data-node=\"64d1ed5696710\">\n<div class=\"fl-col fl-node-64d1ed569674e\" style=\"width: 100%\" data-node=\"64d1ed569674e\">\n<div class=\"fl-col-content fl-node-content\">\n<div class=\"fl-module fl-module-rich-text fl-node-64d1ed569678b\" data-animation-delay=\"0.0\" data-node=\"64d1ed569678b\">\n<div class=\"fl-module-content fl-node-content\">\n<div class=\"fl-rich-text\">\n<p>Our company provides SiC coating process services by CVD method on the surface of graphite, ceramics and other materials, so that special gases containing carbon and silicon react at high temperature to obtain high purity SiC molecules, molecules deposited on the surface of the coated materials, forming SiC protective layer.<\/p>\n<p>&nbsp;<\/p>\n<\/div>\n<p>&nbsp;<\/p>\n<\/div>\n<p>&nbsp;<\/p>\n<\/div>\n<p>&nbsp;<\/p>\n<\/div>\n<p>&nbsp;<\/p>\n<\/div>\n<p>&nbsp;<\/p>\n<\/div>\n<p>&nbsp;<\/p>\n<\/div>\n<p>&nbsp;<\/p>\n<\/div>\n<p>&nbsp;<\/p>\n<\/div>\n<div class=\"fl-row fl-row-full-width fl-row-bg-none fl-node-64d1ed56968fa\" data-node=\"64d1ed56968fa\">\n<div class=\"fl-row-content-wrap\">\n<div class=\"fl-row-content fl-row-full-width fl-node-content\">\n<div class=\"fl-col-group fl-node-64d1ed569692e\" data-node=\"64d1ed569692e\">\n<div class=\"fl-col fl-node-64d1ed569696f\" style=\"width: 100%\" data-node=\"64d1ed569696f\">\n<div class=\"fl-col-content fl-node-content\">\n<div class=\"fl-module fl-module-heading fl-node-64d1ed56969ae pro_tit\" data-animation-delay=\"0.0\" data-node=\"64d1ed56969ae\">\n<div class=\"fl-module-content fl-node-content\">\n<h3 class=\"fl-heading\"><span class=\"fl-heading-text\">Caracter\u00edsticas principales<\/span><\/h3>\n<p>&nbsp;<\/p>\n<\/div>\n<p>&nbsp;<\/p>\n<\/div>\n<p>&nbsp;<\/p>\n<\/div>\n<p>&nbsp;<\/p>\n<\/div>\n<p>&nbsp;<\/p>\n<\/div>\n<div class=\"fl-col-group fl-node-64d1ed56969ed\" data-node=\"64d1ed56969ed\">\n<div class=\"fl-col fl-node-64d1ed5696a2c\" style=\"width: 100%\" data-node=\"64d1ed5696a2c\">\n<div class=\"fl-col-content fl-node-content\">\n<div class=\"fl-module fl-module-rich-text fl-node-64d1ed5696a6a\" data-animation-delay=\"0.0\" data-node=\"64d1ed5696a6a\">\n<div class=\"fl-module-content fl-node-content\">\n<div class=\"fl-rich-text\">\n<p>1. Resistencia a la oxidaci\u00f3n de alta temperatura:<br \/>La resistencia a la oxidaci\u00f3n sigue siendo muy buena cuando la temperatura es tan alta como 1600 C.<br \/>2. Alta pureza: hecha por deposici\u00f3n de vapor qu\u00edmico en una condici\u00f3n de cloraci\u00f3n de alta temperatura.<br \/>3. Resistencia a la erosi\u00f3n: alta dureza, superficie compacta, part\u00edculas finas.<br \/>4. Resistencia a la corrosi\u00f3n: \u00e1cido, \u00e1lcali, sal y reactivos org\u00e1nicos.<\/p>\n<p>&nbsp;<\/p>\n<\/div>\n<p>&nbsp;<\/p>\n<\/div>\n<p>&nbsp;<\/p>\n<\/div>\n<p>&nbsp;<\/p>\n<\/div>\n<p>&nbsp;<\/p>\n<\/div>\n<p>&nbsp;<\/p>\n<\/div>\n<p>&nbsp;<\/p>\n<\/div>\n<p>&nbsp;<\/p>\n<\/div>\n<p>&nbsp;<\/p>\n<\/div>\n<div class=\"fl-row fl-row-full-width fl-row-bg-none fl-node-64d1ed5696aa9\" data-node=\"64d1ed5696aa9\">\n<div class=\"fl-row-content-wrap\">\n<div class=\"fl-row-content fl-row-full-width fl-node-content\">\n<div class=\"fl-col-group fl-node-64d1ed5696ae7\" data-node=\"64d1ed5696ae7\">\n<div class=\"fl-col fl-node-64d1ed5696b25\" style=\"width: 100%\" data-node=\"64d1ed5696b25\">\n<div class=\"fl-col-content fl-node-content\">\n<div class=\"fl-module fl-module-heading fl-node-64d1ed5696b65 pro_tit\" data-animation-delay=\"0.0\" data-node=\"64d1ed5696b65\">\n<div class=\"fl-module-content fl-node-content\">\n<h3 class=\"fl-heading\"><span class=\"fl-heading-text\">Especificaciones principales de recubrimiento CVD-SIC<\/span><\/h3>\n<p>&nbsp;<\/p>\n<\/div>\n<p>&nbsp;<\/p>\n<\/div>\n<p>&nbsp;<\/p>\n<\/div>\n<p>&nbsp;<\/p>\n<\/div>\n<p>&nbsp;<\/p>\n<\/div>\n<div class=\"fl-col-group fl-node-64d1ed5696ba4\" data-node=\"64d1ed5696ba4\">\n<div class=\"fl-col fl-node-64d1ed5696be2\" style=\"width: 100%\" data-node=\"64d1ed5696be2\">\n<div class=\"fl-col-content fl-node-content\">\n<div class=\"fl-module fl-module-rich-text fl-node-64d1ed5696c21\" data-animation-delay=\"0.0\" data-node=\"64d1ed5696c21\">\n<div class=\"fl-module-content fl-node-content\">\n<div class=\"fl-rich-text\">\n<table border=\"0\" cellspacing=\"0\">\n<tbody>\n<tr>\n<td colspan=\"3\" width=\"620\">Propiedades de SIC-CVD<\/td>\n<\/tr>\n<tr>\n<td valign=\"center\" width=\"214\">Estructura cristalina<\/td>\n<td colspan=\"2\" valign=\"center\" width=\"405\">FCC&nbsp;&beta;&nbsp;phase<\/td>\n<\/tr>\n<tr>\n<td valign=\"center\" width=\"214\">Densidad<\/td>\n<td valign=\"center\" width=\"172\">g\/cm&nbsp;&sup3;<\/td>\n<td valign=\"center\" width=\"232\">3.21<\/td>\n<\/tr>\n<tr>\n<td valign=\"center\" width=\"214\">Dureza<\/td>\n<td valign=\"center\" width=\"172\">Dureza de Vickers<\/td>\n<td valign=\"center\" width=\"232\">2500<\/td>\n<\/tr>\n<tr>\n<td valign=\"center\" width=\"214\">Tama\u00f1o de grano<\/td>\n<td valign=\"center\" width=\"172\">&mu;m<\/td>\n<td valign=\"center\" width=\"232\">2~10<\/td>\n<\/tr>\n<tr>\n<td valign=\"center\" width=\"214\">Pureza qu\u00edmica<\/td>\n<td valign=\"center\" width=\"172\">%<\/td>\n<td valign=\"bottom\" width=\"232\">99.99995<\/td>\n<\/tr>\n<tr>\n<td valign=\"center\" width=\"214\">Capacidad de calor<\/td>\n<td valign=\"center\" width=\"172\">J&middot;kg-1&nbsp;&middot;K-1<\/td>\n<td valign=\"bottom\" width=\"232\">640<\/td>\n<\/tr>\n<tr>\n<td valign=\"center\" width=\"214\">Temperatura de sublimaci\u00f3n<\/td>\n<td valign=\"center\" width=\"172\">\u2103<\/td>\n<td valign=\"bottom\" width=\"232\">2700<\/td>\n<\/tr>\n<tr>\n<td valign=\"center\" width=\"214\">Fuerza del felexural<\/td>\n<td valign=\"center\" width=\"172\">MPa&nbsp; (RT 4-point)<\/td>\n<td valign=\"bottom\" width=\"232\">415<\/td>\n<\/tr>\n<tr>\n<td valign=\"center\" width=\"214\">Young&rsquo; s Modulus<\/td>\n<td valign=\"center\" width=\"172\">GPA (4pt Bend, 1300 \u2103)<\/td>\n<td valign=\"bottom\" width=\"232\">430<\/td>\n<\/tr>\n<tr>\n<td valign=\"center\" width=\"214\">Expansi\u00f3n t\u00e9rmica (CTE)<\/td>\n<td valign=\"center\" width=\"172\">10-6K-1<\/td>\n<td valign=\"bottom\" width=\"232\">4.5<\/td>\n<\/tr>\n<tr>\n<td valign=\"center\" width=\"214\">Conductividad t\u00e9rmica<\/td>\n<td valign=\"center\" width=\"172\">(W\/mk)<\/td>\n<td valign=\"bottom\" width=\"232\">300<\/td>\n<\/tr>\n<\/tbody>\n<\/table>\n<\/div>\n<p>&nbsp;<\/p>\n<\/div>\n<p>&nbsp;<\/p>\n<\/div>\n<p>&nbsp;<\/p>\n<\/div>\n<p>&nbsp;<\/p>\n<\/div>\n<p>&nbsp;<\/p>\n<\/div>\n<div class=\"fl-col-group fl-node-66ebed51952f3\" data-node=\"66ebed51952f3\">\n<div class=\"fl-col fl-node-66ebed51955a7\" style=\"width: 100%\" data-node=\"66ebed51955a7\">\n<div class=\"fl-col-content fl-node-content\">\n<div class=\"fl-module fl-module-photo fl-node-66ebed18ce4dd\" data-animation-delay=\"0.0\" data-node=\"66ebed18ce4dd\">\n<div class=\"fl-module-content fl-node-content\">\n<div class=\"fl-photo fl-photo-align-center\">\n<div class=\"fl-photo-content fl-photo-img-jpg\"><img decoding=\"async\" class=\"fl-photo-img wp-image-10901\" src=\"\/wp-content\/uploads\/2025\/09\/f670b1bb54eb4f0b.webp\" alt=\"19 pieces of 2 inch graphite base MOCVD equipment parts\"><\/div>\n<p>&nbsp;<\/p>\n<\/div>\n<p>&nbsp;<\/p>\n<\/div>\n<p>&nbsp;<\/p>\n<\/div>\n<p>&nbsp;<\/p>\n<\/div>\n<p>&nbsp;<\/p>\n<\/div>\n<p>&nbsp;<\/p>\n<\/div>\n<p>&nbsp;<\/p>\n<\/div>\n<p>&nbsp;<\/p>\n<\/div>\n<p>&nbsp;<\/p>\n<\/div>\n<div class=\"fl-row fl-row-full-width fl-row-bg-none fl-node-64d1ed5696e1f\" data-node=\"64d1ed5696e1f\">\n<div class=\"fl-row-content-wrap\">\n<div class=\"fl-row-content fl-row-full-width fl-node-content\">\n<div class=\"fl-col-group fl-node-64d1ed5696e5e\" data-node=\"64d1ed5696e5e\">\n<div class=\"fl-col fl-node-64d1ed5696e9c\" style=\"width: 100%\" data-node=\"64d1ed5696e9c\">\n<div class=\"fl-col-content fl-node-content\">\n<div class=\"fl-module fl-module-heading fl-node-64d1ed5696edb pro_tit\" data-animation-delay=\"0.0\" data-node=\"64d1ed5696edb\">\n<div class=\"fl-module-content fl-node-content\">\n<h3 class=\"fl-heading\"><span class=\"fl-heading-text\">&nbsp;Equipment<\/span><\/h3>\n<p>&nbsp;<\/p>\n<\/div>\n<p>&nbsp;<\/p>\n<\/div>\n<p>&nbsp;<\/p>\n<\/div>\n<p>&nbsp;<\/p>\n<\/div>\n<p>&nbsp;<\/p>\n<\/div>\n<div class=\"fl-col-group fl-node-64d1ed5696f19\" data-node=\"64d1ed5696f19\">\n<div class=\"fl-col fl-node-64d1ed5696f58\" style=\"width: 100%\" data-node=\"64d1ed5696f58\">\n<div class=\"fl-col-content fl-node-content\">\n<div class=\"fl-module fl-module-rich-text fl-node-64d1ed5696f97\" data-animation-delay=\"0.0\" data-node=\"64d1ed5696f97\">\n<div class=\"fl-module-content fl-node-content\">\n<div class=\"fl-rich-text\">\n<p><img decoding=\"async\" style=\"width: 100%\" src=\"\/wp-content\/uploads\/2025\/09\/d420c28fc660fe7d.webp\" alt=\"about\"><\/p>\n<p>&nbsp;<\/p>\n<\/div>\n<p>&nbsp;<\/p>\n<\/div>\n<p>&nbsp;<\/p>\n<\/div>\n<p>&nbsp;<\/p>\n<\/div>\n<p>&nbsp;<\/p>\n<\/div>\n<p>&nbsp;<\/p>\n<\/div>\n<p>&nbsp;<\/p>\n<\/div>\n<p>&nbsp;<\/p>\n<\/div>\n<p>&nbsp;<\/p>\n<\/div>\n<div class=\"fl-row fl-row-full-width fl-row-bg-none fl-node-66ebdfdcd92af\" data-node=\"66ebdfdcd92af\">\n<div class=\"fl-row-content-wrap\">\n<div class=\"fl-row-content fl-row-full-width fl-node-content\">\n<div class=\"fl-col-group fl-node-66ebdfdcd92f4\" data-node=\"66ebdfdcd92f4\">\n<div class=\"fl-col fl-node-66ebdfdcd9336\" style=\"width: 100%\" data-node=\"66ebdfdcd9336\">\n<div class=\"fl-col-content fl-node-content\">\n<div class=\"fl-module fl-module-photo fl-node-66ebdfdcd9377\" data-animation-delay=\"0.0\" data-node=\"66ebdfdcd9377\">\n<div class=\"fl-module-content fl-node-content\">\n<div class=\"fl-photo fl-photo-align-center\">\n<div class=\"fl-photo-content fl-photo-img-jpg\"><img decoding=\"async\" class=\"fl-photo-img wp-image-9038\" src=\"\/wp-content\/uploads\/2025\/09\/b1dd0bcab1675ff4.webp\" alt=\"Lugar de trabajo de semicera\"><\/div>\n<p>&nbsp;<\/p>\n<\/div>\n<p>&nbsp;<\/p>\n<\/div>\n<p>&nbsp;<\/p>\n<\/div>\n<div class=\"fl-module fl-module-photo fl-node-66ebdfdcd94bd\" data-animation-delay=\"0.0\" data-node=\"66ebdfdcd94bd\">\n<div class=\"fl-module-content fl-node-content\">\n<div class=\"fl-photo fl-photo-align-center\">\n<div class=\"fl-photo-content fl-photo-img-jpg\"><img decoding=\"async\" class=\"fl-photo-img wp-image-9037\" src=\"\/wp-content\/uploads\/2025\/09\/2b946d2b4b61306d.webp\" alt=\"Semicera Work Place 2\"><\/div>\n<p>&nbsp;<\/p>\n<\/div>\n<p>&nbsp;<\/p>\n<\/div>\n<p>&nbsp;<\/p>\n<\/div>\n<div class=\"fl-module fl-module-photo fl-node-66ebdfdcd947c\" data-animation-delay=\"0.0\" data-node=\"66ebdfdcd947c\">\n<div class=\"fl-module-content fl-node-content\">\n<div class=\"fl-photo fl-photo-align-center\">\n<div class=\"fl-photo-content fl-photo-img-jpg\"><img decoding=\"async\" class=\"fl-photo-img wp-image-9034 size-full\" src=\"\/wp-content\/uploads\/2025\/09\/081b6529d68ead23.webp\" alt=\"M\u00e1quina de equipos\"><\/div>\n<p>&nbsp;<\/p>\n<\/div>\n<p>&nbsp;<\/p>\n<\/div>\n<p>&nbsp;<\/p>\n<\/div>\n<div class=\"fl-module fl-module-photo fl-node-66ebdfdcd943a\" data-animation-delay=\"0.0\" data-node=\"66ebdfdcd943a\">\n<div class=\"fl-module-content fl-node-content\">\n<div class=\"fl-photo fl-photo-align-center\">\n<div class=\"fl-photo-content fl-photo-img-jpg\"><img decoding=\"async\" class=\"fl-photo-img wp-image-9033\" src=\"\/wp-content\/uploads\/2025\/09\/a4132b2b399abbac.webp\" alt=\"Procesamiento de CNN, limpieza qu\u00edmica, recubrimiento de CVD\"><\/div>\n<p>&nbsp;<\/p>\n<\/div>\n<p>&nbsp;<\/p>\n<\/div>\n<p>&nbsp;<\/p>\n<\/div>\n<div class=\"fl-module fl-module-photo fl-node-66ebdfdcd93f9\" data-animation-delay=\"0.0\" data-node=\"66ebdfdcd93f9\">\n<div class=\"fl-module-content fl-node-content\">\n<div class=\"fl-photo fl-photo-align-center\">\n<div class=\"fl-photo-content fl-photo-img-jpg\"><img decoding=\"async\" class=\"fl-photo-img wp-image-9036\" src=\"\/wp-content\/uploads\/2025\/09\/2190bb9ce5c1d546.webp\" alt=\"Casa de Ware de Semicera\"><\/div>\n<p>&nbsp;<\/p>\n<\/div>\n<p>&nbsp;<\/p>\n<\/div>\n<p>&nbsp;<\/p>\n<\/div>\n<div class=\"fl-module fl-module-photo fl-node-66ebdfdcd93b8\" data-animation-delay=\"0.0\" data-node=\"66ebdfdcd93b8\">\n<div class=\"fl-module-content fl-node-content\">\n<div class=\"fl-photo fl-photo-align-center\">\n<div class=\"fl-photo-content fl-photo-img-jpg\"><img decoding=\"async\" class=\"fl-photo-img wp-image-9035\" src=\"\/wp-content\/uploads\/2025\/09\/b07f222c0ec0ab8d.webp\" alt=\"Nuestro servicio\"><\/div>\n<p>&nbsp;<\/p>\n<\/div>\n<p>&nbsp;<\/p>\n<\/div>\n<p>&nbsp;<\/p>\n<\/div>\n<p>&nbsp;<\/p>\n<\/div>\n<p>&nbsp;<\/p>\n<\/div>\n<p>&nbsp;<\/p>\n<\/div>\n<p>&nbsp;<\/p>\n<\/div>\n<p>&nbsp;<\/p>\n<\/div>\n<p>&nbsp;<\/p>\n<\/div>\n<\/div>","protected":false},"excerpt":{"rendered":"<p><!--?xml encoding=\"utf-8\" ?--><\/p>\n<div dir=\"auto\" style=\"font-family: 'Segoe UI Historic', 'Segoe UI', Helvetica, Arial, sans-serif;color: #080809;font-size: 15px;font-style: normal;font-weight: 400;letter-spacing: normal;text-align: start;text-indent: 0px;text-transform: none;background-color: #ffffff\">\u25cf Product introduction and use: Place 19 pieces of 2 inch substrate for the growth of blue-green epitaxial films in LED production<\/div>\n<div dir=\"auto\" style=\"font-family: 'Segoe UI Historic', 'Segoe UI', Helvetica, Arial, sans-serif;color: #080809;font-size: 15px;font-style: normal;font-weight: 400;letter-spacing: normal;text-align: start;text-indent: 0px;text-transform: none;background-color: #ffffff\">\u25cf Device location of the product: in the reaction chamber, in direct contact with the wafer<\/div>\n<div dir=\"auto\" style=\"font-family: 'Segoe UI Historic', 'Segoe UI', Helvetica, Arial, sans-serif;color: #080809;font-size: 15px;font-style: normal;font-weight: 400;letter-spacing: normal;text-align: start;text-indent: 0px;text-transform: none;background-color: #ffffff\">\u25cf Main downstream products : LED chips<\/div>\n<div dir=\"auto\" style=\"font-family: 'Segoe UI Historic', 'Segoe UI', Helvetica, Arial, sans-serif;color: #080809;font-size: 15px;font-style: normal;font-weight: 400;letter-spacing: normal;text-align: start;text-indent: 0px;text-transform: none;background-color: #ffffff\">\u25cf Main end market: LED<\/div>","protected":false},"featured_media":4488,"comment_status":"closed","ping_status":"open","template":"","meta":[],"product_brand":[],"product_cat":[16,49],"product_tag":[],"class_list":{"0":"post-2260","1":"product","2":"type-product","3":"status-publish","4":"has-post-thumbnail","6":"product_cat-cvd-sic","7":"product_cat-mocvd-epitaxial-parts","9":"first","10":"instock","11":"product-type-simple"},"_links":{"self":[{"href":"https:\/\/www.cn-semiconductorparts.com\/es\/wp-json\/wp\/v2\/product\/2260","targetHints":{"allow":["GET"]}}],"collection":[{"href":"https:\/\/www.cn-semiconductorparts.com\/es\/wp-json\/wp\/v2\/product"}],"about":[{"href":"https:\/\/www.cn-semiconductorparts.com\/es\/wp-json\/wp\/v2\/types\/product"}],"replies":[{"embeddable":true,"href":"https:\/\/www.cn-semiconductorparts.com\/es\/wp-json\/wp\/v2\/comments?post=2260"}],"wp:featuredmedia":[{"embeddable":true,"href":"https:\/\/www.cn-semiconductorparts.com\/es\/wp-json\/wp\/v2\/media\/4488"}],"wp:attachment":[{"href":"https:\/\/www.cn-semiconductorparts.com\/es\/wp-json\/wp\/v2\/media?parent=2260"}],"wp:term":[{"taxonomy":"product_brand","embeddable":true,"href":"https:\/\/www.cn-semiconductorparts.com\/es\/wp-json\/wp\/v2\/product_brand?post=2260"},{"taxonomy":"product_cat","embeddable":true,"href":"https:\/\/www.cn-semiconductorparts.com\/es\/wp-json\/wp\/v2\/product_cat?post=2260"},{"taxonomy":"product_tag","embeddable":true,"href":"https:\/\/www.cn-semiconductorparts.com\/es\/wp-json\/wp\/v2\/product_tag?post=2260"}],"curies":[{"name":"WP","href":"https:\/\/api.w.org\/{rel}","templated":true}]}}