{"id":2266,"date":"2025-09-11T13:33:40","date_gmt":"2025-09-11T05:33:40","guid":{"rendered":"https:\/\/weitai2.globaldeepsea.site\/product\/blue-green-led-epitaxy\/"},"modified":"2025-12-05T10:53:36","modified_gmt":"2025-12-05T02:53:36","slug":"blue-green-led-epitaxy","status":"publish","type":"product","link":"https:\/\/www.cn-semiconductorparts.com\/es\/product\/blue-green-led-epitaxy\/","title":{"rendered":"Blue\/green LED epitaxy"},"content":{"rendered":"<p><!--?xml encoding=\"utf-8\" ?--><\/p>\n<div class=\"fl-builder-content fl-builder-content-2252 fl-builder-content-primary fl-builder-global-templates-locked\" data-post-id=\"2252\">\n<div class=\"fl-row fl-row-full-width fl-row-bg-none fl-node-64cc6ff355d7c\" data-node=\"64cc6ff355d7c\">\n<div class=\"fl-row-content-wrap\">\n<div class=\"fl-row-content fl-row-full-width fl-node-content\">\n<div class=\"fl-col-group fl-node-66ebe3614a815\" data-node=\"66ebe3614a815\">\n<div class=\"fl-col fl-node-66ebe3614a9d5\" style=\"width: 100%\" data-node=\"66ebe3614a9d5\">\n<div class=\"fl-col-content fl-node-content\">\n<div class=\"fl-module fl-module-rich-text fl-node-66ebe3614a6a4\" data-animation-delay=\"0.0\" data-node=\"66ebe3614a6a4\">\n<div class=\"fl-module-content fl-node-content\">\n<div class=\"fl-rich-text\">\n<p><span style=\"font-family: arial, helvetica, sans-serif;font-size: medium\">Blue\/green LED epitaxy from semicera offers cutting-edge solutions for high-performance LED manufacturing. Designed to support advanced epitaxial growth processes, semicera&#8217;s Blue\/green LED epitaxy technology enhances efficiency and precision in producing blue and green LEDs, critical for various optoelectronic applications. Utilizing state-of-the-art Si Epitaxy and SiC Epitaxy, this solution ensures excellent quality and durability.<\/span><\/p>\n<p><span style=\"font-family: arial, helvetica, sans-serif;font-size: medium\">In the manufacturing process, MOCVD Susceptor plays a crucial role, along with components like PSS Etching Carrier, ICP Etching Carrier, and RTP Carrier, which optimize the epitaxial growth environment. Semicera&#8217;s Blue\/green LED epitaxy is designed to provide stable support for LED Epitaxial Susceptor, Barrel Susceptor, and Monocrystalline Silicon, ensuring the production of consistent, high-quality results.<\/span><\/p>\n<p><span style=\"font-family: arial, helvetica, sans-serif;font-size: medium\">This epitaxy process is vital for creating Photovoltaic Parts and supports applications such as GaN on SiC Epitaxy, improving overall semiconductor efficiency. Whether in a Pancake Susceptor configuration or used in other advanced setups, semicera&#8217;s Blue\/green LED epitaxy solutions offer reliable performance, helping manufacturers meet the growing demand for high-quality LED components.<\/span><\/p>\n<p>&nbsp;<\/p>\n<\/div>\n<p>&nbsp;<\/p>\n<\/div>\n<p>&nbsp;<\/p>\n<\/div>\n<p>&nbsp;<\/p>\n<\/div>\n<p>&nbsp;<\/p>\n<\/div>\n<p>&nbsp;<\/p>\n<\/div>\n<div class=\"fl-col-group fl-node-65e2c3a5d3c50\" data-node=\"65e2c3a5d3c50\">\n<div class=\"fl-col fl-node-65e2c3a5d3de8\" style=\"width: 100%\" data-node=\"65e2c3a5d3de8\">\n<div class=\"fl-col-content fl-node-content\">\n<div class=\"fl-module fl-module-rich-text fl-node-65e2c3a5d3b16\" data-animation-delay=\"0.0\" data-node=\"65e2c3a5d3b16\">\n<div class=\"fl-module-content fl-node-content\">\n<div class=\"fl-rich-text\">\n<p><strong>Caracter\u00edsticas principales:<\/strong><\/p>\n<p>1. Resistencia a la oxidaci\u00f3n de alta temperatura:<\/p>\n<p>La resistencia a la oxidaci\u00f3n sigue siendo muy buena cuando la temperatura es tan alta como 1600 C.<\/p>\n<p>2. Alta pureza: hecha por deposici\u00f3n de vapor qu\u00edmico en una condici\u00f3n de cloraci\u00f3n de alta temperatura.<\/p>\n<p>3. Resistencia a la erosi\u00f3n: alta dureza, superficie compacta, part\u00edculas finas.<\/p>\n<p>4. Resistencia a la corrosi\u00f3n: \u00e1cido, \u00e1lcali, sal y reactivos org\u00e1nicos.<\/p>\n<p>&nbsp;<\/p>\n<\/div>\n<p>&nbsp;<\/p>\n<\/div>\n<p>&nbsp;<\/p>\n<\/div>\n<p>&nbsp;<\/p>\n<\/div>\n<p>&nbsp;<\/p>\n<\/div>\n<p>&nbsp;<\/p>\n<\/div>\n<div class=\"fl-col-group fl-node-65e2c3ebde500\" data-node=\"65e2c3ebde500\">\n<div class=\"fl-col fl-node-65e2c3ebde744\" style=\"width: 100%\" data-node=\"65e2c3ebde744\">\n<div class=\"fl-col-content fl-node-content\">\n<div class=\"fl-module fl-module-rich-text fl-node-65e2c3cf24abb\" data-animation-delay=\"0.0\" data-node=\"65e2c3cf24abb\">\n<div class=\"fl-module-content fl-node-content\">\n<div class=\"fl-rich-text\">\n<p style=\"text-align: center\">&nbsp;<strong>Especificaciones principales de recubrimiento CVD-SIC<\/strong><\/p>\n<table border=\"0\" cellspacing=\"0\">\n<tbody>\n<tr>\n<td colspan=\"3\" valign=\"center\" width=\"100.0000%\">\n<p align=\"center\"><strong>Propiedades de SIC-CVD<\/strong><\/p>\n<\/td>\n<\/tr>\n<tr>\n<td valign=\"center\" width=\"30.9000%\">Estructura cristalina<\/td>\n<td colspan=\"2\" valign=\"center\" width=\"69.1000%\">FCC&nbsp;&beta;&nbsp;phase<\/td>\n<\/tr>\n<tr>\n<td valign=\"center\" width=\"30.9000%\">Densidad<\/td>\n<td valign=\"center\" width=\"30.2600%\">g\/cm&nbsp;&sup3;<\/td>\n<td valign=\"center\" width=\"38.8600%\">3.21<\/td>\n<\/tr>\n<tr>\n<td valign=\"center\" width=\"30.9000%\">Dureza<\/td>\n<td valign=\"center\" width=\"30.2600%\">Dureza de Vickers<\/td>\n<td valign=\"center\" width=\"38.8600%\">2500<\/td>\n<\/tr>\n<tr>\n<td valign=\"center\" width=\"30.9000%\">Tama\u00f1o de grano<\/td>\n<td valign=\"center\" width=\"30.2600%\">&mu;m<\/td>\n<td valign=\"center\" width=\"38.8600%\">2~10<\/td>\n<\/tr>\n<tr>\n<td valign=\"center\" width=\"30.9000%\">Pureza qu\u00edmica<\/td>\n<td valign=\"center\" width=\"30.2600%\">%<\/td>\n<td valign=\"bottom\" width=\"38.8600%\">99.99995<\/td>\n<\/tr>\n<tr>\n<td valign=\"center\" width=\"30.9000%\">Capacidad de calor<\/td>\n<td valign=\"center\" width=\"30.2600%\">J&middot;kg-1&nbsp;&middot;K-1<\/td>\n<td valign=\"bottom\" width=\"38.8600%\">640<\/td>\n<\/tr>\n<tr>\n<td valign=\"center\" width=\"30.9000%\">Temperatura de sublimaci\u00f3n<\/td>\n<td valign=\"center\" width=\"30.2600%\">\u2103<\/td>\n<td valign=\"bottom\" width=\"38.8600%\">2700<\/td>\n<\/tr>\n<tr>\n<td valign=\"center\" width=\"30.9000%\">Fuerza del felexural<\/td>\n<td valign=\"center\" width=\"30.2600%\">MPa&nbsp; (RT 4-point)<\/td>\n<td valign=\"bottom\" width=\"38.8600%\">415<\/td>\n<\/tr>\n<tr>\n<td valign=\"center\" width=\"30.9000%\">M\u00f3dulo de Young<\/td>\n<td valign=\"center\" width=\"30.2600%\">GPA (4pt Bend, 1300 \u2103)<\/td>\n<td valign=\"bottom\" width=\"38.8600%\">430<\/td>\n<\/tr>\n<tr>\n<td valign=\"center\" width=\"30.9000%\">Expansi\u00f3n t\u00e9rmica (CTE)<\/td>\n<td valign=\"center\" width=\"30.2600%\">10-6K-1<\/td>\n<td valign=\"bottom\" width=\"38.8600%\">4.5<\/td>\n<\/tr>\n<tr>\n<td valign=\"center\" width=\"30.9000%\">Conductividad t\u00e9rmica<\/td>\n<td valign=\"center\" width=\"30.2600%\">(W\/mk)<\/td>\n<td valign=\"bottom\" width=\"38.8600%\">300<\/td>\n<\/tr>\n<\/tbody>\n<\/table>\n<p>&nbsp;<\/p>\n<div id=\"gtx-trans\" style=\"position: absolute;left: 316px;top: -18px\"><\/div>\n<p>&nbsp;<\/p>\n<\/div>\n<p>&nbsp;<\/p>\n<\/div>\n<p>&nbsp;<\/p>\n<\/div>\n<p>&nbsp;<\/p>\n<\/div>\n<p>&nbsp;<\/p>\n<\/div>\n<p>&nbsp;<\/p>\n<\/div>\n<div class=\"fl-col-group fl-node-65e2c3b70fa6d\" data-node=\"65e2c3b70fa6d\">\n<div class=\"fl-col fl-node-65e2c3b70fca9 fl-col-small\" style=\"width: 50%\" data-node=\"65e2c3b70fca9\">\n<div class=\"fl-col-content fl-node-content\">\n<div class=\"fl-module fl-module-photo fl-node-64cc74ba59772\" data-animation-delay=\"0.0\" data-node=\"64cc74ba59772\">\n<div class=\"fl-module-content fl-node-content\">\n<div class=\"fl-photo fl-photo-align-center\">\n<div class=\"fl-photo-content fl-photo-img-png\"><img decoding=\"async\" class=\"fl-photo-img wp-image-2253\" src=\"\/wp-content\/uploads\/2025\/09\/5f7143d13dd44b8b.webp\" alt=\"LED Epitaxy\"><\/div>\n<p>&nbsp;<\/p>\n<\/div>\n<p>&nbsp;<\/p>\n<\/div>\n<p>&nbsp;<\/p>\n<\/div>\n<p>&nbsp;<\/p>\n<\/div>\n<p>&nbsp;<\/p>\n<\/div>\n<div class=\"fl-col fl-node-65e2c3f7078ed fl-col-small\" style=\"width: 50%\" data-node=\"65e2c3f7078ed\">\n<div class=\"fl-col-content fl-node-content\">\n<div class=\"fl-module fl-module-photo fl-node-64cc74c67e5e2\" data-animation-delay=\"0.0\" data-node=\"64cc74c67e5e2\">\n<div class=\"fl-module-content fl-node-content\">\n<div class=\"fl-photo fl-photo-align-center\">\n<div class=\"fl-photo-content fl-photo-img-png\"><img decoding=\"async\" class=\"fl-photo-img wp-image-2257\" src=\"\/wp-content\/uploads\/2025\/09\/ed3a1d268cc71863.webp\" alt=\"Sin t\u00edtulo-1\"><\/div>\n<p>&nbsp;<\/p>\n<\/div>\n<p>&nbsp;<\/p>\n<\/div>\n<p>&nbsp;<\/p>\n<\/div>\n<p>&nbsp;<\/p>\n<\/div>\n<p>&nbsp;<\/p>\n<\/div>\n<p>&nbsp;<\/p>\n<\/div>\n<p>&nbsp;<\/p>\n<\/div>\n<p>&nbsp;<\/p>\n<\/div>\n<p>&nbsp;<\/p>\n<\/div>\n<div class=\"fl-row fl-row-full-width fl-row-bg-none fl-node-66ebe06fca0a1\" data-node=\"66ebe06fca0a1\">\n<div class=\"fl-row-content-wrap\">\n<div class=\"fl-row-content fl-row-full-width fl-node-content\">\n<div class=\"fl-col-group fl-node-66ebe06fca0e3\" data-node=\"66ebe06fca0e3\">\n<div class=\"fl-col fl-node-66ebe06fca124\" style=\"width: 100%\" data-node=\"66ebe06fca124\">\n<div class=\"fl-col-content fl-node-content\">\n<div class=\"fl-module fl-module-photo fl-node-66ebe06fca164\" data-animation-delay=\"0.0\" data-node=\"66ebe06fca164\">\n<div class=\"fl-module-content fl-node-content\">\n<div class=\"fl-photo fl-photo-align-center\">\n<div class=\"fl-photo-content fl-photo-img-jpg\"><img decoding=\"async\" class=\"fl-photo-img wp-image-9038\" src=\"\/wp-content\/uploads\/2025\/09\/b1dd0bcab1675ff4.webp\" alt=\"Lugar de trabajo de semicera\"><\/div>\n<p>&nbsp;<\/p>\n<\/div>\n<p>&nbsp;<\/p>\n<\/div>\n<p>&nbsp;<\/p>\n<\/div>\n<div class=\"fl-module fl-module-photo fl-node-66ebe06fca2a4\" data-animation-delay=\"0.0\" data-node=\"66ebe06fca2a4\">\n<div class=\"fl-module-content fl-node-content\">\n<div class=\"fl-photo fl-photo-align-center\">\n<div class=\"fl-photo-content fl-photo-img-jpg\"><img decoding=\"async\" class=\"fl-photo-img wp-image-9037\" src=\"\/wp-content\/uploads\/2025\/09\/2b946d2b4b61306d.webp\" alt=\"Semicera Work Place 2\"><\/div>\n<p>&nbsp;<\/p>\n<\/div>\n<p>&nbsp;<\/p>\n<\/div>\n<p>&nbsp;<\/p>\n<\/div>\n<div class=\"fl-module fl-module-photo fl-node-66ebe06fca264\" data-animation-delay=\"0.0\" data-node=\"66ebe06fca264\">\n<div class=\"fl-module-content fl-node-content\">\n<div class=\"fl-photo fl-photo-align-center\">\n<div class=\"fl-photo-content fl-photo-img-jpg\"><img decoding=\"async\" class=\"fl-photo-img wp-image-9034 size-full\" src=\"\/wp-content\/uploads\/2025\/09\/081b6529d68ead23.webp\" alt=\"M\u00e1quina de equipos\"><\/div>\n<p>&nbsp;<\/p>\n<\/div>\n<p>&nbsp;<\/p>\n<\/div>\n<p>&nbsp;<\/p>\n<\/div>\n<div class=\"fl-module fl-module-photo fl-node-66ebe06fca224\" data-animation-delay=\"0.0\" data-node=\"66ebe06fca224\">\n<div class=\"fl-module-content fl-node-content\">\n<div class=\"fl-photo fl-photo-align-center\">\n<div class=\"fl-photo-content fl-photo-img-jpg\"><img decoding=\"async\" class=\"fl-photo-img wp-image-9033\" src=\"\/wp-content\/uploads\/2025\/09\/a4132b2b399abbac.webp\" alt=\"Procesamiento de CNN, limpieza qu\u00edmica, recubrimiento de CVD\"><\/div>\n<p>&nbsp;<\/p>\n<\/div>\n<p>&nbsp;<\/p>\n<\/div>\n<p>&nbsp;<\/p>\n<\/div>\n<div class=\"fl-module fl-module-photo fl-node-66ebe06fca1e4\" data-animation-delay=\"0.0\" data-node=\"66ebe06fca1e4\">\n<div class=\"fl-module-content fl-node-content\">\n<div class=\"fl-photo fl-photo-align-center\">\n<div class=\"fl-photo-content fl-photo-img-jpg\"><img decoding=\"async\" class=\"fl-photo-img wp-image-9036\" src=\"\/wp-content\/uploads\/2025\/09\/2190bb9ce5c1d546.webp\" alt=\"Casa de Ware de Semicera\"><\/div>\n<p>&nbsp;<\/p>\n<\/div>\n<p>&nbsp;<\/p>\n<\/div>\n<p>&nbsp;<\/p>\n<\/div>\n<div class=\"fl-module fl-module-photo fl-node-66ebe06fca1a4\" data-animation-delay=\"0.0\" data-node=\"66ebe06fca1a4\">\n<div class=\"fl-module-content fl-node-content\">\n<div class=\"fl-photo fl-photo-align-center\">\n<div class=\"fl-photo-content fl-photo-img-jpg\"><img decoding=\"async\" class=\"fl-photo-img wp-image-9035\" src=\"\/wp-content\/uploads\/2025\/09\/b07f222c0ec0ab8d.webp\" alt=\"Nuestro servicio\"><\/div>\n<p>&nbsp;<\/p>\n<\/div>\n<p>&nbsp;<\/p>\n<\/div>\n<p>&nbsp;<\/p>\n<\/div>\n<p>&nbsp;<\/p>\n<\/div>\n<p>&nbsp;<\/p>\n<\/div>\n<p>&nbsp;<\/p>\n<\/div>\n<p>&nbsp;<\/p>\n<\/div>\n<p>&nbsp;<\/p>\n<\/div>\n<p>&nbsp;<\/p>\n<\/div>\n<\/div>","protected":false},"excerpt":{"rendered":"<p><!--?xml encoding=\"utf-8\" ?--><\/p>\n<p>Our company provides SiC coating process services by CVD method on the surface of graphite, ceramics and other materials, so that special gases containing carbon and silicon react at high temperature to obtain high purity SiC molecules, molecules deposited on the surface of the coated materials, forming SiC protective layer.<\/p>","protected":false},"featured_media":4589,"comment_status":"closed","ping_status":"open","template":"","meta":[],"product_brand":[],"product_cat":[16,49],"product_tag":[],"class_list":{"0":"post-2266","1":"product","2":"type-product","3":"status-publish","4":"has-post-thumbnail","6":"product_cat-cvd-sic","7":"product_cat-mocvd-epitaxial-parts","9":"first","10":"instock","11":"product-type-simple"},"_links":{"self":[{"href":"https:\/\/www.cn-semiconductorparts.com\/es\/wp-json\/wp\/v2\/product\/2266","targetHints":{"allow":["GET"]}}],"collection":[{"href":"https:\/\/www.cn-semiconductorparts.com\/es\/wp-json\/wp\/v2\/product"}],"about":[{"href":"https:\/\/www.cn-semiconductorparts.com\/es\/wp-json\/wp\/v2\/types\/product"}],"replies":[{"embeddable":true,"href":"https:\/\/www.cn-semiconductorparts.com\/es\/wp-json\/wp\/v2\/comments?post=2266"}],"wp:featuredmedia":[{"embeddable":true,"href":"https:\/\/www.cn-semiconductorparts.com\/es\/wp-json\/wp\/v2\/media\/4589"}],"wp:attachment":[{"href":"https:\/\/www.cn-semiconductorparts.com\/es\/wp-json\/wp\/v2\/media?parent=2266"}],"wp:term":[{"taxonomy":"product_brand","embeddable":true,"href":"https:\/\/www.cn-semiconductorparts.com\/es\/wp-json\/wp\/v2\/product_brand?post=2266"},{"taxonomy":"product_cat","embeddable":true,"href":"https:\/\/www.cn-semiconductorparts.com\/es\/wp-json\/wp\/v2\/product_cat?post=2266"},{"taxonomy":"product_tag","embeddable":true,"href":"https:\/\/www.cn-semiconductorparts.com\/es\/wp-json\/wp\/v2\/product_tag?post=2266"}],"curies":[{"name":"WP","href":"https:\/\/api.w.org\/{rel}","templated":true}]}}