{"id":2274,"date":"2025-09-11T13:33:47","date_gmt":"2025-09-11T05:33:47","guid":{"rendered":"https:\/\/weitai2.globaldeepsea.site\/product\/customizable-high-purity-silicon-carbide-furnace-tubes\/"},"modified":"2026-04-29T15:27:34","modified_gmt":"2026-04-29T07:27:34","slug":"customizable-high-purity-silicon-carbide-furnace-tubes","status":"publish","type":"product","link":"https:\/\/www.cn-semiconductorparts.com\/es\/product\/customizable-high-purity-silicon-carbide-furnace-tubes\/","title":{"rendered":"Tubos de horno de carburo de silicio personalizables y de alta pureza"},"content":{"rendered":"<p><!--?xml encoding=\"utf-8\" ?--><\/p>\n<div class=\"fl-builder-content fl-builder-content-2112 fl-builder-content-primary fl-builder-global-templates-locked\" data-post-id=\"2112\">\n<div class=\"fl-row fl-row-full-width fl-row-bg-none fl-node-64c36bc1420d7\" data-node=\"64c36bc1420d7\">\n<div class=\"fl-row-content-wrap\">\n<div class=\"fl-row-content fl-row-full-width fl-node-content\">\n<div class=\"fl-col-group fl-node-64c36bc1435c5\" data-node=\"64c36bc1435c5\">\n<div class=\"fl-col fl-node-64c36bc143840\" style=\"width: 100%\" data-node=\"64c36bc143840\">\n<div class=\"fl-col-content fl-node-content\">\n<div class=\"fl-module fl-module-rich-text fl-node-64c36bf8d85d2\" data-animation-delay=\"0.0\" data-node=\"64c36bf8d85d2\">\n<div class=\"fl-module-content fl-node-content\">\n<div class=\"fl-rich-text\">\n<p><span style=\"font-family: Calibri\">We can provide stable and reliable silicon carbide crystal boats, silicon carbide paddles, silicon carbide furnace tubes for the 4 inch to 6 inch semiconductor wafer industry. The purity can reach 99.9% without polluting the wafer.<\/span><\/p>\n<div id=\"gtx-trans\" style=\"position: absolute;left: 458px;top: 26px\"><\/div>\n<p>&nbsp;<\/p>\n<\/div>\n<p>&nbsp;<\/p>\n<\/div>\n<p>&nbsp;<\/p>\n<\/div>\n<p>&nbsp;<\/p>\n<\/div>\n<p>&nbsp;<\/p>\n<\/div>\n<p>&nbsp;<\/p>\n<\/div>\n<div class=\"fl-col-group fl-node-64c36bd5cf412\" data-node=\"64c36bd5cf412\">\n<div class=\"fl-col fl-node-64c36bd5cf591\" style=\"width: 100%\" data-node=\"64c36bd5cf591\">\n<div class=\"fl-col-content fl-node-content\">\n<div class=\"fl-module fl-module-photo fl-node-64c36bd5cf2e1\" data-animation-delay=\"0.0\" data-node=\"64c36bd5cf2e1\">\n<div class=\"fl-module-content fl-node-content\">\n<div class=\"fl-photo fl-photo-align-center\">\n<div class=\"fl-photo-content fl-photo-img-jpg\"><img decoding=\"async\" class=\"fl-photo-img wp-image-2115\" src=\"\/wp-content\/uploads\/2025\/09\/a693e57bd6c1ce5c.webp\" alt=\"Tubos de horno de horno de carburo de silicio 1\"><\/div>\n<p>&nbsp;<\/p>\n<\/div>\n<p>&nbsp;<\/p>\n<\/div>\n<p>&nbsp;<\/p>\n<\/div>\n<p>&nbsp;<\/p>\n<\/div>\n<p>&nbsp;<\/p>\n<\/div>\n<p>&nbsp;<\/p>\n<\/div>\n<div class=\"fl-col-group fl-node-64c36c086ed21\" data-node=\"64c36c086ed21\">\n<div class=\"fl-col fl-node-64c36c086ef3d\" style=\"width: 100%\" data-node=\"64c36c086ef3d\">\n<div class=\"fl-col-content fl-node-content\">\n<div class=\"fl-module fl-module-rich-text fl-node-64c36bc141eeb\" data-animation-delay=\"0.0\" data-node=\"64c36bc141eeb\">\n<div class=\"fl-module-content fl-node-content\">\n<div class=\"fl-rich-text\">\n<p><span style=\"font-family: Calibri\">Silicon carbide furnace tube is mainly used for: 4-6 inch silicon wafer LTO= silica, SIPOS= oxy-polysilicon, SI3N4= silicon nitride, PSG= phosphosilicon glass, POLY= polysilicon film growth.<\/span>&nbsp;Es el gas de materia prima (o gasificaci\u00f3n de fuente de l\u00edquido) activado por energ\u00eda t\u00e9rmica para generar una pel\u00edcula s\u00f3lida en la superficie del sustrato. La deposici\u00f3n de vapor qu\u00edmico de baja presi\u00f3n se lleva a cabo a baja presi\u00f3n, debido a la baja presi\u00f3n, la ruta libre promedio de las mol\u00e9culas de gas es grande, por lo que la uniformidad de la pel\u00edcula cultivada es buena, y el sustrato puede colocarse verticalmente y la cantidad de carga es grande, especialmente para los circuitos integrados a gran escala, los dispositivos discretos, la potencia electr\u00f3nica, los dispositivos de opto de la industria de la industria, las optimistas y los otros equipos de la industria de la industria, las opciones de la industria.<\/p>\n<div id=\"gtx-trans\" style=\"position: absolute;left: 964px;top: -18px\"><\/div>\n<p>&nbsp;<\/p>\n<\/div>\n<p>&nbsp;<\/p>\n<\/div>\n<p>&nbsp;<\/p>\n<\/div>\n<p>&nbsp;<\/p>\n<\/div>\n<p>&nbsp;<\/p>\n<\/div>\n<p>&nbsp;<\/p>\n<\/div>\n<div class=\"fl-col-group fl-node-64c36c77d3aac\" data-node=\"64c36c77d3aac\">\n<div class=\"fl-col fl-node-64c36c77d3c49 fl-col-small\" style=\"width: 50%\" data-node=\"64c36c77d3c49\">\n<div class=\"fl-col-content fl-node-content\">\n<div class=\"fl-module fl-module-photo fl-node-64c36c8eecbc9\" data-animation-delay=\"0.0\" data-node=\"64c36c8eecbc9\">\n<div class=\"fl-module-content fl-node-content\">\n<div class=\"fl-photo fl-photo-align-center\">\n<div class=\"fl-photo-content fl-photo-img-jpg\"><img decoding=\"async\" class=\"fl-photo-img wp-image-2116\" src=\"\/wp-content\/uploads\/2025\/09\/737bfae1e18cb874.webp\" alt=\"Tubos de horno de carburo de silicio Sic Tubes2\"><\/div>\n<p>&nbsp;<\/p>\n<\/div>\n<p>&nbsp;<\/p>\n<\/div>\n<p>&nbsp;<\/p>\n<\/div>\n<p>&nbsp;<\/p>\n<\/div>\n<p>&nbsp;<\/p>\n<\/div>\n<div class=\"fl-col fl-node-64c36c9e95923 fl-col-small\" style=\"width: 50%\" data-node=\"64c36c9e95923\">\n<div class=\"fl-col-content fl-node-content\">\n<div class=\"fl-module fl-module-photo fl-node-64c36c9b1279b\" data-animation-delay=\"0.0\" data-node=\"64c36c9b1279b\">\n<div class=\"fl-module-content fl-node-content\">\n<div class=\"fl-photo fl-photo-align-center\">\n<div class=\"fl-photo-content fl-photo-img-png\"><img decoding=\"async\" class=\"fl-photo-img wp-image-2118\" src=\"\/wp-content\/uploads\/2025\/09\/634fd52440b639ba.webp\" alt=\"Tubos de horno de carburo de silicio 3 tubos3\"><\/div>\n<p>&nbsp;<\/p>\n<\/div>\n<p>&nbsp;<\/p>\n<\/div>\n<p>&nbsp;<\/p>\n<\/div>\n<p>&nbsp;<\/p>\n<\/div>\n<p>&nbsp;<\/p>\n<\/div>\n<p>&nbsp;<\/p>\n<\/div>\n<div class=\"fl-col-group fl-node-64c36cc38a4da\" data-node=\"64c36cc38a4da\">\n<div class=\"fl-col fl-node-64c36cc38a8fd\" style=\"width: 100%\" data-node=\"64c36cc38a8fd\">\n<div class=\"fl-col-content fl-node-content\">\n<div class=\"fl-module fl-module-photo fl-node-64c36c1568eb5\" data-animation-delay=\"0.0\" data-node=\"64c36c1568eb5\">\n<div class=\"fl-module-content fl-node-content\">\n<div class=\"fl-photo fl-photo-align-center\">\n<div class=\"fl-photo-content fl-photo-img-png\"><img decoding=\"async\" class=\"fl-photo-img wp-image-1732\" src=\"\/wp-content\/uploads\/2025\/09\/b2c38ce1672f5a38.webp\" alt=\"Adfvzcvxcd\"><\/div>\n<p>&nbsp;<\/p>\n<\/div>\n<p>&nbsp;<\/p>\n<\/div>\n<p>&nbsp;<\/p>\n<\/div>\n<p>&nbsp;<\/p>\n<\/div>\n<p>&nbsp;<\/p>\n<\/div>\n<p>&nbsp;<\/p>\n<\/div>\n<div class=\"fl-col-group fl-node-64c36ccacb34b\" data-node=\"64c36ccacb34b\">\n<div class=\"fl-col fl-node-64c36ccacb751\" style=\"width: 100%\" data-node=\"64c36ccacb751\">\n<div class=\"fl-col-content fl-node-content\">\n<div class=\"fl-module fl-module-rich-text fl-node-64c36c67b3559\" data-animation-delay=\"0.0\" data-node=\"64c36c67b3559\">\n<div class=\"fl-module-content fl-node-content\">\n<div class=\"fl-rich-text\">\n<p>Semicera Energy Technology Co., Ltd es una investigaci\u00f3n profesional, desarrollo, producci\u00f3n y ventas de productos de cer\u00e1mica de carburo de silicio. Desde su establecimiento en 2016, Semicera Energy ha dominado el proceso de moldeo con presi\u00f3n isost\u00e1tica, mil procesos de moldeo apremiante, proceso de moldeo de lechada y proceso de moldeo por extrusi\u00f3n de vac\u00edo. Nuestra compa\u00f1\u00eda utiliza 6 l\u00edneas de producci\u00f3n de sinterizaci\u00f3n de cer\u00e1mica de carburo de silicio, tiene 8 cnc, 6 m\u00e1quinas de molienda de precisi\u00f3n, tambi\u00e9n puede proporcionarle productos sinterizados de cer\u00e1mica de carburo de silicio, pero tambi\u00e9n puede proporcionar cer\u00e1mica de carburo de silicio, cer\u00e1mica de al\u00famina, cer\u00e1mica de nitruro de aluminio, servicios de procesamiento de cer\u00e1micas de cer\u00e1mica de Zirconia.<\/p>\n<p>&nbsp;<\/p>\n<\/div>\n<p>&nbsp;<\/p>\n<\/div>\n<p>&nbsp;<\/p>\n<\/div>\n<p>&nbsp;<\/p>\n<\/div>\n<p>&nbsp;<\/p>\n<\/div>\n<p>&nbsp;<\/p>\n<\/div>\n<div class=\"fl-col-group fl-node-64c36c2c255f4\" data-node=\"64c36c2c255f4\">\n<div class=\"fl-col fl-node-64c36c2c25781\" style=\"width: 100%\" data-node=\"64c36c2c25781\">\n<div class=\"fl-col-content fl-node-content\">\n<div class=\"fl-module fl-module-photo fl-node-64c36c2c254b0\" data-animation-delay=\"0.0\" data-node=\"64c36c2c254b0\">\n<div class=\"fl-module-content fl-node-content\">\n<div class=\"fl-photo fl-photo-align-center\">\n<div class=\"fl-photo-content fl-photo-img-png\"><img decoding=\"async\" class=\"fl-photo-img wp-image-1724\" src=\"\/wp-content\/uploads\/2025\/09\/10eae6e7f0a66943.webp\" alt=\"11\"><\/div>\n<p>&nbsp;<\/p>\n<\/div>\n<p>&nbsp;<\/p>\n<\/div>\n<p>&nbsp;<\/p>\n<\/div>\n<p>&nbsp;<\/p>\n<\/div>\n<p>&nbsp;<\/p>\n<\/div>\n<p>&nbsp;<\/p>\n<\/div>\n<p>&nbsp;<\/p>\n<\/div>\n<p>&nbsp;<\/p>\n<\/div>\n<p>&nbsp;<\/p>\n<\/div>\n<\/div>","protected":false},"excerpt":{"rendered":"<p><!--?xml encoding=\"utf-8\" ?--><\/p>\n<p>El tubo de carburo de silicio tiene alta resistencia, alta dureza, buena resistencia al desgaste, resistencia a la temperatura alta, resistencia a la corrosi\u00f3n, buena resistencia al calor y un choque, una gran conductividad t\u00e9rmica y una buena resistencia a la oxidaci\u00f3n y otras propiedades superiores.<\/p>","protected":false},"featured_media":4574,"comment_status":"closed","ping_status":"open","template":"","meta":[],"product_brand":[],"product_cat":[58,24],"product_tag":[],"class_list":{"0":"post-2274","1":"product","2":"type-product","3":"status-publish","4":"has-post-thumbnail","6":"product_cat-sic-furnace-tube","7":"product_cat-silicon-carbide-ceramic","9":"first","10":"instock","11":"product-type-simple"},"_links":{"self":[{"href":"https:\/\/www.cn-semiconductorparts.com\/es\/wp-json\/wp\/v2\/product\/2274","targetHints":{"allow":["GET"]}}],"collection":[{"href":"https:\/\/www.cn-semiconductorparts.com\/es\/wp-json\/wp\/v2\/product"}],"about":[{"href":"https:\/\/www.cn-semiconductorparts.com\/es\/wp-json\/wp\/v2\/types\/product"}],"replies":[{"embeddable":true,"href":"https:\/\/www.cn-semiconductorparts.com\/es\/wp-json\/wp\/v2\/comments?post=2274"}],"wp:featuredmedia":[{"embeddable":true,"href":"https:\/\/www.cn-semiconductorparts.com\/es\/wp-json\/wp\/v2\/media\/4574"}],"wp:attachment":[{"href":"https:\/\/www.cn-semiconductorparts.com\/es\/wp-json\/wp\/v2\/media?parent=2274"}],"wp:term":[{"taxonomy":"product_brand","embeddable":true,"href":"https:\/\/www.cn-semiconductorparts.com\/es\/wp-json\/wp\/v2\/product_brand?post=2274"},{"taxonomy":"product_cat","embeddable":true,"href":"https:\/\/www.cn-semiconductorparts.com\/es\/wp-json\/wp\/v2\/product_cat?post=2274"},{"taxonomy":"product_tag","embeddable":true,"href":"https:\/\/www.cn-semiconductorparts.com\/es\/wp-json\/wp\/v2\/product_tag?post=2274"}],"curies":[{"name":"WP","href":"https:\/\/api.w.org\/{rel}","templated":true}]}}