{"id":2288,"date":"2025-09-11T13:33:47","date_gmt":"2025-09-11T05:33:47","guid":{"rendered":"https:\/\/weitai2.globaldeepsea.site\/product\/zirconia-semiconductor-package-ceramic-arm\/"},"modified":"2026-04-29T15:27:37","modified_gmt":"2026-04-29T07:27:37","slug":"zirconia-semiconductor-package-ceramic-arm","status":"publish","type":"product","link":"https:\/\/www.cn-semiconductorparts.com\/es\/product\/zirconia-semiconductor-package-ceramic-arm\/","title":{"rendered":"Zirconia semiconductor package ceramic arm"},"content":{"rendered":"<p><!--?xml encoding=\"utf-8\" ?--><\/p>\n<div class=\"fl-builder-content fl-builder-content-1873 fl-builder-content-primary fl-builder-global-templates-locked\" data-post-id=\"1873\">\n<div class=\"fl-row fl-row-full-width fl-row-bg-none fl-node-64b63d9fe74f4\" data-node=\"64b63d9fe74f4\">\n<div class=\"fl-row-content-wrap\">\n<div class=\"fl-row-content fl-row-full-width fl-node-content\">\n<div class=\"fl-col-group fl-node-64b63d9fe7534\" data-node=\"64b63d9fe7534\">\n<div class=\"fl-col fl-node-64b63d9fe7573\" style=\"width: 100%\" data-node=\"64b63d9fe7573\">\n<div class=\"fl-col-content fl-node-content\">\n<div class=\"fl-module fl-module-rich-text fl-node-64b63d9fe75b0\" data-animation-delay=\"0.0\" data-node=\"64b63d9fe75b0\">\n<div class=\"fl-module-content fl-node-content\">\n<div class=\"fl-rich-text\">\n<p>La circonia es un material con alta resistencia mec\u00e1nica y resistencia a la fractura a temperatura ambiente. Nuestro circonio (ZRO2) se agrega con Zirconia estable parcial 3MOL%Y2O3 (PSZ). Debido a que el di\u00e1metro de part\u00edcula del material PSZ es peque\u00f1o, se puede procesar con alta precisi\u00f3n y su aplicaci\u00f3n en piezas de mecanizado de precisi\u00f3n como los moldes se est\u00e1 expandiendo. Adem\u00e1s, tambi\u00e9n se puede utilizar para herramientas industriales, piezas de conector \u00f3ptico y medios de equipos de trituraci\u00f3n. La alta resistencia a la fractura de PSZ se puede utilizar para hacer resortes especiales, y tambi\u00e9n se usa ampliamente en cuchillos de cer\u00e1mica dom\u00e9stica, cortadores y otras partes.<\/p>\n<p>&nbsp;<\/p>\n<\/div>\n<p>&nbsp;<\/p>\n<\/div>\n<p>&nbsp;<\/p>\n<\/div>\n<p>&nbsp;<\/p>\n<\/div>\n<p>&nbsp;<\/p>\n<\/div>\n<p>&nbsp;<\/p>\n<\/div>\n<div class=\"fl-col-group fl-node-64b63d9fe7958\" data-node=\"64b63d9fe7958\">\n<div class=\"fl-col fl-node-64b63d9fe7996 fl-col-small\" style=\"width: 50%\" data-node=\"64b63d9fe7996\">\n<div class=\"fl-col-content fl-node-content\">\n<div class=\"fl-module fl-module-rich-text fl-node-64b63d9fe79d3\" data-animation-delay=\"0.0\" data-node=\"64b63d9fe79d3\">\n<div class=\"fl-module-content fl-node-content\">\n<div class=\"fl-rich-text\">\n<p>The main characteristics of zirconia ceramic parts<span style=\"font-family: Calibri\">:<\/span><\/p>\n<p>1. Excellent wear resistance, much higher 276 times than stainless steel<br \/>2. Higher density than most technical ceramics, over than 6 g\/cm3<br \/>3. High hardness, over 1300 MPa for Vicker<br \/>4. Can withstand higher temperatures up to 2400&deg;<br \/>5. Low thermal conductivity, less than 3 W\/m.k at room temperature<br \/>6. Similar coefficient of thermal expansion as stainless steel<br \/>7. Exceptional fracture toughness reaches up to 8 Mpa m1\/2<br \/>8. Chemical inertness, aging resistance, and not rust forever<br \/>9. Resistance to molten metals due to an extraordinary melting point<span style=\"font-family: Calibri\">.<\/span><\/p>\n<p>&nbsp;<\/p>\n<\/div>\n<p>&nbsp;<\/p>\n<\/div>\n<p>&nbsp;<\/p>\n<\/div>\n<p>&nbsp;<\/p>\n<\/div>\n<p>&nbsp;<\/p>\n<\/div>\n<div class=\"fl-col fl-node-64b63d9fe7a10 fl-col-small\" style=\"width: 50%\" data-node=\"64b63d9fe7a10\">\n<div class=\"fl-col-content fl-node-content\">\n<div class=\"fl-module fl-module-photo fl-node-64b63d9fe7a4d\" data-animation-delay=\"0.0\" data-node=\"64b63d9fe7a4d\">\n<div class=\"fl-module-content fl-node-content\">\n<div class=\"fl-photo fl-photo-align-center\">\n<div class=\"fl-photo-content fl-photo-img-png\"><img decoding=\"async\" class=\"fl-photo-img wp-image-1874\" src=\"\/wp-content\/uploads\/2025\/09\/574b0d5a57d6ceb4.webp\" alt=\"\u534a\u5bfc\u4f53\u5c01\u88c5\u9676\u74f7\u624b\u81c2\"><\/div>\n<p>&nbsp;<\/p>\n<\/div>\n<p>&nbsp;<\/p>\n<\/div>\n<p>&nbsp;<\/p>\n<\/div>\n<p>&nbsp;<\/p>\n<\/div>\n<p>&nbsp;<\/p>\n<\/div>\n<p>&nbsp;<\/p>\n<\/div>\n<div class=\"fl-col-group fl-node-64b63d9fe784c\" data-node=\"64b63d9fe784c\">\n<div class=\"fl-col fl-node-64b63d9fe7889\" style=\"width: 100%\" data-node=\"64b63d9fe7889\">\n<div class=\"fl-col-content fl-node-content\">\n<div class=\"fl-module fl-module-rich-text fl-node-64b63d9fe780f\" data-animation-delay=\"0.0\" data-node=\"64b63d9fe780f\">\n<div class=\"fl-module-content fl-node-content\">\n<div class=\"fl-rich-text\">\n<p>Zirconia (ZRO2) I Usos principales<\/p>\n<p>Herramientas de moho y moho (varios moldes, accesorio de posicionamiento de precisi\u00f3n, accesorio de aislamiento); Piezas de molino (clasificador, molino de flujo de aire, molino de cuentas); Herramienta industrial (cortador industrial, m\u00e1quina de deslizamiento, rollo de prensa plana); Componentes del conector \u00f3ptico (anillo de sellado, manga, accesorio de ranura V); Primavera especial (resorte de bobina, resorte de placa); Productos de consumo (destornillador peque\u00f1o aislado, cuchillo de cer\u00e1mica, cortadora).<\/p>\n<p>&nbsp;<\/p>\n<\/div>\n<p>&nbsp;<\/p>\n<\/div>\n<p>&nbsp;<\/p>\n<\/div>\n<p>&nbsp;<\/p>\n<\/div>\n<p>&nbsp;<\/p>\n<\/div>\n<p>&nbsp;<\/p>\n<\/div>\n<div class=\"fl-col-group fl-node-64b63d9fe76a3\" data-node=\"64b63d9fe76a3\">\n<div class=\"fl-col fl-node-64b63d9fe76e0\" style=\"width: 100%\" data-node=\"64b63d9fe76e0\">\n<div class=\"fl-col-content fl-node-content\">\n<div class=\"fl-module fl-module-gallery fl-node-64b63d9fe771d\" data-animation-delay=\"0.0\" data-node=\"64b63d9fe771d\">\n<div class=\"fl-module-content fl-node-content\">\n<div class=\"fl-mosaicflow\">\n<div class=\"fl-mosaicflow-content\">\n<div class=\"fl-mosaicflow-item\">\n<div class=\"fl-photo fl-photo-align-center\">\n<div class=\"fl-photo-content fl-photo-img-png\"><a href=\"\/es\/uploads\/SDfsdCFTYHJN.webp\/\" target=\"_self\"> <img decoding=\"async\" class=\"fl-photo-img wp-image-1736\" src=\"\/wp-content\/uploads\/2025\/09\/0a5d2007841c9923.webp\" alt=\"Sdfsdcftyhjn\"> <\/a><\/div>\n<p>&nbsp;<\/p>\n<\/div>\n<p>&nbsp;<\/p>\n<\/div>\n<div class=\"fl-mosaicflow-item\">\n<div class=\"fl-photo fl-photo-align-center\">\n<div class=\"fl-photo-content fl-photo-img-png\"><a href=\"\/es\/uploads\/SFDvSDcfvaq.webp\/\" target=\"_self\"> <img decoding=\"async\" class=\"fl-photo-img wp-image-1737\" src=\"\/wp-content\/uploads\/2025\/09\/5d34c27c40e0923f.webp\" alt=\"Sfdvsdcfvaq\"> <\/a><\/div>\n<p>&nbsp;<\/p>\n<\/div>\n<p>&nbsp;<\/p>\n<\/div>\n<div class=\"fl-mosaicflow-item\">\n<div class=\"fl-photo fl-photo-align-center\">\n<div class=\"fl-photo-content fl-photo-img-png\"><a href=\"\/es\/uploads\/ZADfvSXCD.webp\/\" target=\"_self\"> <img decoding=\"async\" class=\"fl-photo-img wp-image-1738\" src=\"\/wp-content\/uploads\/2025\/09\/6acb3916de7499d8.webp\" alt=\"Zadfvsxcd\"> <\/a><\/div>\n<p>&nbsp;<\/p>\n<\/div>\n<p>&nbsp;<\/p>\n<\/div>\n<p>&nbsp;<\/p>\n<\/div>\n<div class=\"fl-clear\">&nbsp;<\/div>\n<p>&nbsp;<\/p>\n<\/div>\n<p>&nbsp;<\/p>\n<\/div>\n<p>&nbsp;<\/p>\n<\/div>\n<p>&nbsp;<\/p>\n<\/div>\n<p>&nbsp;<\/p>\n<\/div>\n<p>&nbsp;<\/p>\n<\/div>\n<div class=\"fl-col-group fl-node-64b63d9fe75ed\" data-node=\"64b63d9fe75ed\">\n<div class=\"fl-col fl-node-64b63d9fe762a\" style=\"width: 100%\" data-node=\"64b63d9fe762a\">\n<div class=\"fl-col-content fl-node-content\">\n<div class=\"fl-module fl-module-photo fl-node-64b63d9fe7666\" data-animation-delay=\"0.0\" data-node=\"64b63d9fe7666\">\n<div class=\"fl-module-content fl-node-content\">\n<div class=\"fl-photo fl-photo-align-center\">\n<div class=\"fl-photo-content fl-photo-img-png\"><img decoding=\"async\" class=\"fl-photo-img wp-image-1732\" src=\"\/wp-content\/uploads\/2025\/09\/b2c38ce1672f5a38.webp\" alt=\"Adfvzcvxcd\"><\/div>\n<p>&nbsp;<\/p>\n<\/div>\n<p>&nbsp;<\/p>\n<\/div>\n<p>&nbsp;<\/p>\n<\/div>\n<p>&nbsp;<\/p>\n<\/div>\n<p>&nbsp;<\/p>\n<\/div>\n<p>&nbsp;<\/p>\n<\/div>\n<div class=\"fl-col-group fl-node-64b63d9fe78c6\" data-node=\"64b63d9fe78c6\">\n<div class=\"fl-col fl-node-64b63d9fe78df\" style=\"width: 100%\" data-node=\"64b63d9fe78df\">\n<div class=\"fl-col-content fl-node-content\">\n<div class=\"fl-module fl-module-photo fl-node-64b63d9fe791b\" data-animation-delay=\"0.0\" data-node=\"64b63d9fe791b\">\n<div class=\"fl-module-content fl-node-content\">\n<div class=\"fl-photo fl-photo-align-center\">\n<div class=\"fl-photo-content fl-photo-img-png\"><img decoding=\"async\" class=\"fl-photo-img wp-image-1809\" src=\"\/wp-content\/uploads\/2025\/09\/5e4f4b955af2d653.webp\" alt=\"zdfgfghj\"><\/div>\n<p>&nbsp;<\/p>\n<\/div>\n<p>&nbsp;<\/p>\n<\/div>\n<p>&nbsp;<\/p>\n<\/div>\n<p>&nbsp;<\/p>\n<\/div>\n<p>&nbsp;<\/p>\n<\/div>\n<p>&nbsp;<\/p>\n<\/div>\n<div class=\"fl-col-group fl-node-661783883925f\" data-node=\"661783883925f\">\n<div class=\"fl-col fl-node-6617838839414\" style=\"width: 100%\" data-node=\"6617838839414\">\n<div class=\"fl-col-content fl-node-content\">\n<div class=\"fl-module fl-module-rich-text fl-node-661783883911d\" data-animation-delay=\"0.0\" data-node=\"661783883911d\">\n<div class=\"fl-module-content fl-node-content\">\n<div class=\"fl-rich-text\">\n<p>&nbsp;<\/p>\n<\/div>\n<p>&nbsp;<\/p>\n<\/div>\n<p>&nbsp;<\/p>\n<\/div>\n<p>&nbsp;<\/p>\n<\/div>\n<p>&nbsp;<\/p>\n<\/div>\n<p>&nbsp;<\/p>\n<\/div>\n<p>&nbsp;<\/p>\n<\/div>\n<p>&nbsp;<\/p>\n<\/div>\n<p>&nbsp;<\/p>\n<\/div>\n<\/div>","protected":false},"excerpt":{"rendered":"<p><!--?xml encoding=\"utf-8\" ?--><\/p>\n<p>La circonia es un material con alta resistencia mec\u00e1nica y resistencia a la fractura a temperatura ambiente. Nuestro circonio (ZRO2) se agrega con Zirconia estable parcial 3MOL%Y2O3 (PSZ). Debido a que el di\u00e1metro de part\u00edcula del material PSZ es peque\u00f1o, se puede procesar con alta precisi\u00f3n y su aplicaci\u00f3n en piezas de mecanizado de precisi\u00f3n como los moldes se est\u00e1 expandiendo. Adem\u00e1s, tambi\u00e9n se puede utilizar para herramientas industriales, piezas de conector \u00f3ptico y medios de equipos de trituraci\u00f3n. La alta resistencia a la fractura de PSZ se puede utilizar para hacer resortes especiales, y tambi\u00e9n se usa ampliamente en cuchillos de cer\u00e1mica dom\u00e9stica, cortadores y otras partes.<\/p>","protected":false},"featured_media":4582,"comment_status":"closed","ping_status":"open","template":"","meta":[],"product_brand":[],"product_cat":[31,33],"product_tag":[],"class_list":{"0":"post-2288","1":"product","2":"type-product","3":"status-publish","4":"has-post-thumbnail","6":"product_cat-more-ceramic-products","7":"product_cat-zirconium-oxide-ceramics","9":"first","10":"instock","11":"product-type-simple"},"_links":{"self":[{"href":"https:\/\/www.cn-semiconductorparts.com\/es\/wp-json\/wp\/v2\/product\/2288","targetHints":{"allow":["GET"]}}],"collection":[{"href":"https:\/\/www.cn-semiconductorparts.com\/es\/wp-json\/wp\/v2\/product"}],"about":[{"href":"https:\/\/www.cn-semiconductorparts.com\/es\/wp-json\/wp\/v2\/types\/product"}],"replies":[{"embeddable":true,"href":"https:\/\/www.cn-semiconductorparts.com\/es\/wp-json\/wp\/v2\/comments?post=2288"}],"wp:featuredmedia":[{"embeddable":true,"href":"https:\/\/www.cn-semiconductorparts.com\/es\/wp-json\/wp\/v2\/media\/4582"}],"wp:attachment":[{"href":"https:\/\/www.cn-semiconductorparts.com\/es\/wp-json\/wp\/v2\/media?parent=2288"}],"wp:term":[{"taxonomy":"product_brand","embeddable":true,"href":"https:\/\/www.cn-semiconductorparts.com\/es\/wp-json\/wp\/v2\/product_brand?post=2288"},{"taxonomy":"product_cat","embeddable":true,"href":"https:\/\/www.cn-semiconductorparts.com\/es\/wp-json\/wp\/v2\/product_cat?post=2288"},{"taxonomy":"product_tag","embeddable":true,"href":"https:\/\/www.cn-semiconductorparts.com\/es\/wp-json\/wp\/v2\/product_tag?post=2288"}],"curies":[{"name":"WP","href":"https:\/\/api.w.org\/{rel}","templated":true}]}}