{"id":2298,"date":"2025-09-11T05:33:53","date_gmt":"2025-09-11T05:33:53","guid":{"rendered":"https:\/\/weitai2.globaldeepsea.site\/product\/semiconductor-zirconia-ceramic-accessories\/"},"modified":"2026-04-29T15:27:54","modified_gmt":"2026-04-29T07:27:54","slug":"semiconductor-zirconia-ceramic-accessories","status":"publish","type":"product","link":"https:\/\/www.cn-semiconductorparts.com\/es\/product\/semiconductor-zirconia-ceramic-accessories\/","title":{"rendered":"Semiconductor zirconia ceramic accessories"},"content":{"rendered":"<p><?xml encoding=\"utf-8\" ?><\/p>\n<div class=\"fl-builder-content fl-builder-content-1834 fl-builder-content-primary fl-builder-global-templates-locked\" data-post-id=\"1834\">\n<div class=\"fl-row fl-row-full-width fl-row-bg-none fl-node-64b61e936045a\" data-node=\"64b61e936045a\">\n<div class=\"fl-row-content-wrap\">\n<div class=\"fl-row-content fl-row-full-width fl-node-content\">\n<div class=\"fl-col-group fl-node-64b61e936049a\" data-node=\"64b61e936049a\">\n<div class=\"fl-col fl-node-64b61e93604cf\" data-node=\"64b61e93604cf\" style=\"width: 100%;\">\n<div class=\"fl-col-content fl-node-content\">\n<div class=\"fl-module fl-module-rich-text fl-node-64b61e936050c\" data-animation-delay=\"0.0\" data-node=\"64b61e936050c\">\n<div class=\"fl-module-content fl-node-content\">\n<div class=\"fl-rich-text\">\n<p>La circonia es un material con alta resistencia mec\u00e1nica y resistencia a la fractura a temperatura ambiente. Nuestro circonio (ZRO2) se agrega con Zirconia estable parcial 3MOL%Y2O3 (PSZ). Debido a que el di\u00e1metro de part\u00edcula del material PSZ es peque\u00f1o, se puede procesar con alta precisi\u00f3n y su aplicaci\u00f3n en piezas de mecanizado de precisi\u00f3n como los moldes se est\u00e1 expandiendo. Adem\u00e1s, tambi\u00e9n se puede utilizar para herramientas industriales, piezas de conector \u00f3ptico y medios de equipos de trituraci\u00f3n. La alta resistencia a la fractura de PSZ se puede utilizar para hacer resortes especiales, y tambi\u00e9n se usa ampliamente en cuchillos de cer\u00e1mica dom\u00e9stica, cortadores y otras partes.<\/p>\n<\/p><\/div>\n<\/p><\/div>\n<\/p><\/div>\n<\/p><\/div>\n<\/p><\/div>\n<\/p><\/div>\n<div class=\"fl-col-group fl-node-64b61ec1e8d54\" data-node=\"64b61ec1e8d54\">\n<div class=\"fl-col fl-node-64b61ec1e8f96 fl-col-small\" data-node=\"64b61ec1e8f96\" style=\"width: 50%;\">\n<div class=\"fl-col-content fl-node-content\">\n<div class=\"fl-module fl-module-rich-text fl-node-64b61eadd07df\" data-animation-delay=\"0.0\" data-node=\"64b61eadd07df\">\n<div class=\"fl-module-content fl-node-content\">\n<div class=\"fl-rich-text\">\n<p>The main characteristics of zirconia ceramic parts<span style=\"font-family: Calibri;\">:<\/span><\/p>\n<p>1. Excellent wear resistance, much higher 276 times than stainless steel<br \/> 2. Higher density than most technical ceramics, over than 6 g\/cm3<br \/> 3. High hardness, over 1300 MPa for Vicker<br \/> 4. Can withstand higher temperatures up to 2400&deg;<br \/> 5. Low thermal conductivity, less than 3 W\/m.k at room temperature<br \/> 6. Similar coefficient of thermal expansion as stainless steel<br \/> 7. Exceptional fracture toughness reaches up to 8 Mpa m1\/2<br \/> 8. Chemical inertness, aging resistance, and not rust forever<br \/> 9. Resistance to molten metals due to an extraordinary melting point<span style=\"font-family: Calibri;\">.<\/span><\/p>\n<\/p><\/div>\n<\/p><\/div>\n<\/p><\/div>\n<\/p><\/div>\n<\/p><\/div>\n<div class=\"fl-col fl-node-64b61ec7dce19 fl-col-small\" data-node=\"64b61ec7dce19\" style=\"width: 50%;\">\n<div class=\"fl-col-content fl-node-content\">\n<div class=\"fl-module fl-module-photo fl-node-64b61e936096d\" data-animation-delay=\"0.0\" data-node=\"64b61e936096d\">\n<div class=\"fl-module-content fl-node-content\">\n<div class=\"fl-photo fl-photo-align-center\" itemscope=\"\" itemtype=\"http:\/\/schema.org\/ImageObject\">\n<div class=\"fl-photo-content fl-photo-img-png\"> <img decoding=\"async\" alt=\"&#21322;&#23548;&#20307;&#38518;&#29943;&#37197;&#20214;\" class=\"fl-photo-img wp-image-1836\" itemprop=\"image\" src=\"\/wp-content\/uploads\/2025\/09\/53ac55bab545dc66.webp\"> <\/div>\n<\/p><\/div>\n<\/p><\/div>\n<\/p><\/div>\n<\/p><\/div>\n<\/p><\/div>\n<\/p><\/div>\n<div class=\"fl-col-group fl-node-64b61e93605ff\" data-node=\"64b61e93605ff\">\n<div class=\"fl-col fl-node-64b61e936063c\" data-node=\"64b61e936063c\" style=\"width: 100%;\">\n<div class=\"fl-col-content fl-node-content\">\n<div class=\"fl-module fl-module-rich-text fl-node-64b61e936089f\" data-animation-delay=\"0.0\" data-node=\"64b61e936089f\">\n<div class=\"fl-module-content fl-node-content\">\n<div class=\"fl-rich-text\">\n<p style=\"text-align: center;\">Material Properties<\/p>\n<table border=\"0\" cellspacing=\"0\">\n<tbody>\n<tr>\n<td nowrap valign=\"center\" width=\"99\">Item<\/td>\n<td valign=\"center\" width=\"73\">95% Alumina<\/td>\n<td valign=\"center\" width=\"80\">99% Alumina<\/td>\n<td valign=\"center\" width=\"71\">Zirconia<\/td>\n<td valign=\"center\" width=\"70\">Carburo de silicio<\/td>\n<td valign=\"center\" width=\"70\">Silicon <span style=\"font-family: Arial;\">N<\/span>itride<\/td>\n<td valign=\"center\" width=\"80\">Aluminum <span style=\"font-family: Arial;\">N<\/span>itride<\/td>\n<td valign=\"center\" width=\"81\">Machinable ceramic<\/td>\n<\/tr>\n<tr>\n<td valign=\"center\" width=\"99\">Colour<\/td>\n<td valign=\"center\" width=\"73\">white<\/td>\n<td valign=\"center\" width=\"80\">Light yellow<\/td>\n<td valign=\"center\" width=\"71\">white<\/td>\n<td valign=\"center\" width=\"70\">black<\/td>\n<td valign=\"center\" width=\"70\">black<\/td>\n<td valign=\"center\" width=\"80\">gray<\/td>\n<td valign=\"center\" width=\"81\">white<\/td>\n<\/tr>\n<tr>\n<td valign=\"center\" width=\"99\">Density (g\/cm3)<\/td>\n<td valign=\"center\" width=\"73\">3.7g\/cm3<\/td>\n<td valign=\"center\" width=\"80\">3.9g\/cm3<\/td>\n<td valign=\"center\" width=\"71\">6.02g\/cm3<\/td>\n<td valign=\"center\" width=\"70\">3.2g\/cm3<\/td>\n<td valign=\"center\" width=\"70\">3.25g\/cm3<\/td>\n<td valign=\"center\" width=\"80\">3.2g\/cm3<\/td>\n<td valign=\"center\" width=\"81\">2.48g\/cm3<\/td>\n<\/tr>\n<tr>\n<td valign=\"center\" width=\"99\">Water Absorption<\/td>\n<td valign=\"center\" width=\"73\">0%<\/td>\n<td valign=\"center\" width=\"80\">0%<\/td>\n<td valign=\"center\" width=\"71\">0%<\/td>\n<td valign=\"center\" width=\"70\">0%<\/td>\n<td valign=\"center\" width=\"70\">0%<\/td>\n<td valign=\"center\" width=\"80\">0%<\/td>\n<td valign=\"center\" width=\"81\">0%<\/td>\n<\/tr>\n<tr>\n<td valign=\"center\" width=\"99\">Hardness(HV)<\/td>\n<td valign=\"center\" width=\"73\">23.7<\/td>\n<td valign=\"center\" width=\"80\">23.7<\/td>\n<td valign=\"center\" width=\"71\">16.5<\/td>\n<td valign=\"center\" width=\"70\">33<\/td>\n<td valign=\"center\" width=\"70\">20<\/td>\n<td valign=\"center\" width=\"80\">&#8211;<\/td>\n<td valign=\"center\" width=\"81\">&#8211;<\/td>\n<\/tr>\n<tr>\n<td valign=\"center\" width=\"99\">Flexural Strength(MPa)<\/td>\n<td valign=\"center\" width=\"73\">300MPa<\/td>\n<td valign=\"center\" width=\"80\">400MPa<\/td>\n<td valign=\"center\" width=\"71\">1100MPa<\/td>\n<td valign=\"center\" width=\"70\">450MPa<\/td>\n<td valign=\"center\" width=\"70\">800MPa<\/td>\n<td valign=\"center\" width=\"80\">310MPa<\/td>\n<td valign=\"center\" width=\"81\">91MPa<\/td>\n<\/tr>\n<tr>\n<td valign=\"center\" width=\"99\">Compressive Strength(MPa)<\/td>\n<td valign=\"center\" width=\"73\">2500MPa<\/td>\n<td valign=\"center\" width=\"80\">2800MPa<\/td>\n<td valign=\"center\" width=\"71\">3600MPa<\/td>\n<td valign=\"center\" width=\"70\">2000MPa<\/td>\n<td valign=\"center\" width=\"70\">2600MPa<\/td>\n<td valign=\"center\" width=\"80\">&#8211;<\/td>\n<td valign=\"center\" width=\"81\">340MPa<\/td>\n<\/tr>\n<tr>\n<td valign=\"center\" width=\"99\">Young&#8217;s Modulus Of Elasticity<\/td>\n<td valign=\"center\" width=\"73\">300GPa<\/td>\n<td valign=\"center\" width=\"80\">300GPa<\/td>\n<td valign=\"center\" width=\"71\">320GPa<\/td>\n<td valign=\"center\" width=\"70\">450GPa<\/td>\n<td valign=\"center\" width=\"70\">290GPa<\/td>\n<td valign=\"center\" width=\"80\">310~350GPa<\/td>\n<td valign=\"center\" width=\"81\">65GPa<\/td>\n<\/tr>\n<tr>\n<td valign=\"center\" width=\"99\">Poisson&#8217;s Ratio<\/td>\n<td valign=\"center\" width=\"73\">0.23<\/td>\n<td valign=\"center\" width=\"80\">0.23<\/td>\n<td valign=\"center\" width=\"71\">0.25<\/td>\n<td valign=\"center\" width=\"70\">0.14<\/td>\n<td valign=\"center\" width=\"70\">0.24<\/td>\n<td valign=\"center\" width=\"80\">0.24<\/td>\n<td valign=\"center\" width=\"81\">0.29<\/td>\n<\/tr>\n<tr>\n<td valign=\"center\" width=\"99\">Thermal Conductivity<\/td>\n<td valign=\"center\" width=\"73\">20W\/m&deg;C<\/td>\n<td valign=\"center\" width=\"80\">32W\/m&deg;C<\/td>\n<td valign=\"center\" width=\"71\">3W\/m&deg;C<\/td>\n<td valign=\"center\" width=\"70\">50W\/m&deg;C<\/td>\n<td valign=\"center\" width=\"70\">25W\/m&deg;C<\/td>\n<td valign=\"center\" width=\"80\">150W\/m&deg;C<\/td>\n<td valign=\"center\" width=\"81\">1.46W\/m&deg;C<\/td>\n<\/tr>\n<tr>\n<td valign=\"center\" width=\"99\">Dielectric Strength<\/td>\n<td valign=\"center\" width=\"73\">14KV\/mm<\/td>\n<td valign=\"center\" width=\"80\">14KV\/mm<\/td>\n<td valign=\"center\" width=\"71\">14KV\/mm<\/td>\n<td valign=\"center\" width=\"70\">14KV\/mm<\/td>\n<td valign=\"center\" width=\"70\">14KV\/mm<\/td>\n<td valign=\"center\" width=\"80\">14KV\/mm<\/td>\n<td valign=\"center\" width=\"81\">14KV\/mm<\/td>\n<\/tr>\n<tr>\n<td valign=\"center\" width=\"99\">Volume Resistivity(25&#8451;)<\/td>\n<td nowrap valign=\"center\" width=\"73\">&gt;1014&Omega;&middot;cm<\/td>\n<td nowrap valign=\"center\" width=\"80\">&gt;1014&Omega;&middot;cm<\/td>\n<td nowrap valign=\"center\" width=\"71\">&gt;1014&Omega;&middot;cm<\/td>\n<td nowrap valign=\"center\" width=\"70\">&gt;105&Omega;&middot;cm<\/td>\n<td nowrap valign=\"center\" width=\"70\">&gt;1014&Omega;&middot;cm<\/td>\n<td nowrap valign=\"center\" width=\"80\">&gt;1014&Omega;&middot;cm<\/td>\n<td nowrap valign=\"center\" width=\"81\">&gt;1014&Omega;&middot;cm<\/td>\n<\/tr>\n<\/tbody>\n<\/table><\/div>\n<\/p><\/div>\n<\/p><\/div>\n<\/p><\/div>\n<\/p><\/div>\n<\/p><\/div>\n<div class=\"fl-col-group fl-node-64b61e9360824\" data-node=\"64b61e9360824\">\n<div class=\"fl-col fl-node-64b61e9360862\" data-node=\"64b61e9360862\" style=\"width: 100%;\">\n<div class=\"fl-col-content fl-node-content\">\n<div class=\"fl-module fl-module-rich-text fl-node-64b61e93607e6\" data-animation-delay=\"0.0\" data-node=\"64b61e93607e6\">\n<div class=\"fl-module-content fl-node-content\">\n<div class=\"fl-rich-text\">\n<p>Zirconia (ZRO2) I Usos principales<\/p>\n<p>Herramientas de moho y moho (varios moldes, accesorio de posicionamiento de precisi\u00f3n, accesorio de aislamiento); Piezas de molino (clasificador, molino de flujo de aire, molino de cuentas); Herramienta industrial (cortador industrial, m\u00e1quina de deslizamiento, rollo de prensa plana); Componentes del conector \u00f3ptico (anillo de sellado, manga, accesorio de ranura V); Primavera especial (resorte de bobina, resorte de placa); Productos de consumo (destornillador peque\u00f1o aislado, cuchillo de cer\u00e1mica, cortadora).<\/p>\n<\/p><\/div>\n<\/p><\/div>\n<\/p><\/div>\n<\/p><\/div>\n<\/p><\/div>\n<\/p><\/div>\n<div class=\"fl-col-group fl-node-64b61e9360679\" data-node=\"64b61e9360679\">\n<div class=\"fl-col fl-node-64b61e93606b6\" data-node=\"64b61e93606b6\" style=\"width: 100%;\">\n<div class=\"fl-col-content fl-node-content\">\n<div class=\"fl-module fl-module-gallery fl-node-64b61e93606f3\" data-animation-delay=\"0.0\" data-node=\"64b61e93606f3\">\n<div class=\"fl-module-content fl-node-content\">\n<div class=\"fl-mosaicflow\">\n<div class=\"fl-mosaicflow-content\">\n<div class=\"fl-mosaicflow-item\">\n<div class=\"fl-photo fl-photo-align-center\" itemscope=\"\" itemtype=\"http:\/\/schema.org\/ImageObject\">\n<div class=\"fl-photo-content fl-photo-img-png\"> <a href=\"\/es\/uploads\/SDfsdCFTYHJN.webp\/\" itemprop=\"url\" target=\"_self\"> <img decoding=\"async\" alt=\"Sdfsdcftyhjn\" class=\"fl-photo-img wp-image-1736\" itemprop=\"image\" src=\"\/wp-content\/uploads\/2025\/09\/0a5d2007841c9923.webp\"> <\/a> <\/div>\n<\/p><\/div>\n<\/p><\/div>\n<div class=\"fl-mosaicflow-item\">\n<div class=\"fl-photo fl-photo-align-center\" itemscope=\"\" itemtype=\"http:\/\/schema.org\/ImageObject\">\n<div class=\"fl-photo-content fl-photo-img-png\"> <a href=\"\/es\/uploads\/SFDvSDcfvaq.webp\/\" itemprop=\"url\" target=\"_self\"> <img decoding=\"async\" alt=\"Sfdvsdcfvaq\" class=\"fl-photo-img wp-image-1737\" itemprop=\"image\" src=\"\/wp-content\/uploads\/2025\/09\/5d34c27c40e0923f.webp\"> <\/a> <\/div>\n<\/p><\/div>\n<\/p><\/div>\n<div class=\"fl-mosaicflow-item\">\n<div class=\"fl-photo fl-photo-align-center\" itemscope=\"\" itemtype=\"http:\/\/schema.org\/ImageObject\">\n<div class=\"fl-photo-content fl-photo-img-png\"> <a href=\"\/es\/uploads\/ZADfvSXCD.webp\/\" itemprop=\"url\" target=\"_self\"> <img decoding=\"async\" alt=\"Zadfvsxcd\" class=\"fl-photo-img wp-image-1738\" itemprop=\"image\" src=\"\/wp-content\/uploads\/2025\/09\/6acb3916de7499d8.webp\"> <\/a> <\/div>\n<\/p><\/div>\n<\/p><\/div>\n<\/p><\/div>\n<div class=\"fl-clear\"><\/div>\n<\/p><\/div>\n<\/p><\/div>\n<\/p><\/div>\n<\/p><\/div>\n<\/p><\/div>\n<\/p><\/div>\n<div class=\"fl-col-group fl-node-64b61e9360549\" data-node=\"64b61e9360549\">\n<div class=\"fl-col fl-node-64b61e9360585\" data-node=\"64b61e9360585\" style=\"width: 100%;\">\n<div class=\"fl-col-content fl-node-content\">\n<div class=\"fl-module fl-module-photo fl-node-64b61e93605c2\" data-animation-delay=\"0.0\" data-node=\"64b61e93605c2\">\n<div class=\"fl-module-content fl-node-content\">\n<div class=\"fl-photo fl-photo-align-center\" itemscope=\"\" itemtype=\"http:\/\/schema.org\/ImageObject\">\n<div class=\"fl-photo-content fl-photo-img-png\"> <img decoding=\"async\" alt=\"Adfvzcvxcd\" class=\"fl-photo-img wp-image-1732\" itemprop=\"image\" src=\"\/wp-content\/uploads\/2025\/09\/b2c38ce1672f5a38.webp\"> <\/div>\n<\/p><\/div>\n<\/p><\/div>\n<\/p><\/div>\n<\/p><\/div>\n<\/p><\/div>\n<\/p><\/div>\n<div class=\"fl-col-group fl-node-64b61e9360730\" data-node=\"64b61e9360730\">\n<div class=\"fl-col fl-node-64b61e936076d\" data-node=\"64b61e936076d\" style=\"width: 100%;\">\n<div class=\"fl-col-content fl-node-content\">\n<div class=\"fl-module fl-module-photo fl-node-64b61e93607a9\" data-animation-delay=\"0.0\" data-node=\"64b61e93607a9\">\n<div class=\"fl-module-content fl-node-content\">\n<div class=\"fl-photo fl-photo-align-center\" itemscope=\"\" itemtype=\"http:\/\/schema.org\/ImageObject\">\n<div class=\"fl-photo-content fl-photo-img-png\"> <img decoding=\"async\" alt=\"zdfgfghj\" class=\"fl-photo-img wp-image-1809\" itemprop=\"image\" src=\"\/wp-content\/uploads\/2025\/09\/5e4f4b955af2d653.webp\"> <\/div>\n<\/p><\/div>\n<\/p><\/div>\n<\/p><\/div>\n<\/p><\/div>\n<\/p><\/div>\n<\/p><\/div>\n<div class=\"fl-col-group fl-node-661783d1df644\" data-node=\"661783d1df644\">\n<div class=\"fl-col fl-node-661783d1df80e\" data-node=\"661783d1df80e\" style=\"width: 100%;\">\n<div class=\"fl-col-content fl-node-content\">\n<div class=\"fl-module fl-module-rich-text fl-node-661783d1df4f4\" data-animation-delay=\"0.0\" data-node=\"661783d1df4f4\">\n<div class=\"fl-module-content fl-node-content\">\n<div class=\"fl-rich-text\">\n<\/p><\/div>\n<\/p><\/div>\n<\/p><\/div>\n<\/p><\/div>\n<\/p><\/div>\n<\/p><\/div>\n<\/p><\/div>\n<\/p><\/div>\n<\/p><\/div>\n<\/div>","protected":false},"excerpt":{"rendered":"<p><?xml encoding=\"utf-8\" ?><\/p>\n<p>La circonia es un material con alta resistencia mec\u00e1nica y resistencia a la fractura a temperatura ambiente. Nuestro circonio (ZRO2) se agrega con Zirconia estable parcial 3MOL%Y2O3 (PSZ). Debido a que el di\u00e1metro de part\u00edcula del material PSZ es peque\u00f1o, se puede procesar con alta precisi\u00f3n y su aplicaci\u00f3n en piezas de mecanizado de precisi\u00f3n como los moldes se est\u00e1 expandiendo. Adem\u00e1s, tambi\u00e9n se puede utilizar para herramientas industriales, piezas de conector \u00f3ptico y medios de equipos de trituraci\u00f3n. La alta resistencia a la fractura de PSZ se puede utilizar para hacer resortes especiales, y tambi\u00e9n se usa ampliamente en cuchillos de cer\u00e1mica dom\u00e9stica, cortadores y otras partes.<\/p>","protected":false},"featured_media":1034,"comment_status":"closed","ping_status":"open","template":"","meta":[],"product_brand":[],"product_cat":[31,33],"product_tag":[],"class_list":{"0":"post-2298","1":"product","2":"type-product","3":"status-publish","4":"has-post-thumbnail","6":"product_cat-more-ceramic-products","7":"product_cat-zirconium-oxide-ceramics","9":"first","10":"instock","11":"product-type-simple"},"_links":{"self":[{"href":"https:\/\/www.cn-semiconductorparts.com\/es\/wp-json\/wp\/v2\/product\/2298","targetHints":{"allow":["GET"]}}],"collection":[{"href":"https:\/\/www.cn-semiconductorparts.com\/es\/wp-json\/wp\/v2\/product"}],"about":[{"href":"https:\/\/www.cn-semiconductorparts.com\/es\/wp-json\/wp\/v2\/types\/product"}],"replies":[{"embeddable":true,"href":"https:\/\/www.cn-semiconductorparts.com\/es\/wp-json\/wp\/v2\/comments?post=2298"}],"wp:featuredmedia":[{"embeddable":true,"href":"https:\/\/www.cn-semiconductorparts.com\/es\/wp-json\/wp\/v2\/media\/1034"}],"wp:attachment":[{"href":"https:\/\/www.cn-semiconductorparts.com\/es\/wp-json\/wp\/v2\/media?parent=2298"}],"wp:term":[{"taxonomy":"product_brand","embeddable":true,"href":"https:\/\/www.cn-semiconductorparts.com\/es\/wp-json\/wp\/v2\/product_brand?post=2298"},{"taxonomy":"product_cat","embeddable":true,"href":"https:\/\/www.cn-semiconductorparts.com\/es\/wp-json\/wp\/v2\/product_cat?post=2298"},{"taxonomy":"product_tag","embeddable":true,"href":"https:\/\/www.cn-semiconductorparts.com\/es\/wp-json\/wp\/v2\/product_tag?post=2298"}],"curies":[{"name":"WP","href":"https:\/\/api.w.org\/{rel}","templated":true}]}}