{"id":2300,"date":"2025-09-11T05:33:53","date_gmt":"2025-09-11T05:33:53","guid":{"rendered":"https:\/\/weitai2.globaldeepsea.site\/product\/semiconductor-ceramic-claw-hand\/"},"modified":"2026-04-29T15:27:55","modified_gmt":"2026-04-29T07:27:55","slug":"semiconductor-ceramic-claw-hand","status":"publish","type":"product","link":"https:\/\/www.cn-semiconductorparts.com\/es\/product\/semiconductor-ceramic-claw-hand\/","title":{"rendered":"Semiconductor ceramic claw hand"},"content":{"rendered":"<p><?xml encoding=\"utf-8\" ?><\/p>\n<div class=\"fl-builder-content fl-builder-content-1816 fl-builder-content-primary fl-builder-global-templates-locked\" data-post-id=\"1816\">\n<div class=\"fl-row fl-row-full-width fl-row-bg-none fl-node-64b60afe88d53\" data-node=\"64b60afe88d53\">\n<div class=\"fl-row-content-wrap\">\n<div class=\"fl-row-content fl-row-full-width fl-node-content\">\n<div class=\"fl-col-group fl-node-64b60afe88d96\" data-node=\"64b60afe88d96\">\n<div class=\"fl-col fl-node-64b60afe88dd7\" data-node=\"64b60afe88dd7\" style=\"width: 100%;\">\n<div class=\"fl-col-content fl-node-content\">\n<div class=\"fl-module fl-module-rich-text fl-node-64b60afe88e16\" data-animation-delay=\"0.0\" data-node=\"64b60afe88e16\">\n<div class=\"fl-module-content fl-node-content\">\n<div class=\"fl-rich-text\">\n<p>La circonia es un material con alta resistencia mec\u00e1nica y resistencia a la fractura a temperatura ambiente. Nuestro circonio (ZRO2) se agrega con Zirconia estable parcial 3MOL%Y2O3 (PSZ). Debido a que el di\u00e1metro de part\u00edcula del material PSZ es peque\u00f1o, se puede procesar con alta precisi\u00f3n y su aplicaci\u00f3n en piezas de mecanizado de precisi\u00f3n como los moldes se est\u00e1 expandiendo. Adem\u00e1s, tambi\u00e9n se puede utilizar para herramientas industriales, piezas de conector \u00f3ptico y medios de equipos de trituraci\u00f3n. La alta resistencia a la fractura de PSZ se puede utilizar para hacer resortes especiales, y tambi\u00e9n se usa ampliamente en cuchillos de cer\u00e1mica dom\u00e9stica, cortadores y otras partes.<\/p>\n<\/p><\/div>\n<\/p><\/div>\n<\/p><\/div>\n<\/p><\/div>\n<\/p><\/div>\n<\/p><\/div>\n<div class=\"fl-col-group fl-node-64b60b145dd0b\" data-node=\"64b60b145dd0b\">\n<div class=\"fl-col fl-node-64b60b145df6c\" data-node=\"64b60b145df6c\" style=\"width: 100%;\">\n<div class=\"fl-col-content fl-node-content\">\n<div class=\"fl-module fl-module-photo fl-node-64b60afe8928f\" data-animation-delay=\"0.0\" data-node=\"64b60afe8928f\">\n<div class=\"fl-module-content fl-node-content\">\n<div class=\"fl-photo fl-photo-align-center\" itemscope=\"\" itemtype=\"http:\/\/schema.org\/ImageObject\">\n<div class=\"fl-photo-content fl-photo-img-png\"> <img decoding=\"async\" alt=\"&#22270;&#29255;1\" class=\"fl-photo-img wp-image-1808\" itemprop=\"image\" src=\"\/wp-content\/uploads\/2025\/09\/948920c709a93579.webp\"> <\/div>\n<\/p><\/div>\n<\/p><\/div>\n<\/p><\/div>\n<\/p><\/div>\n<\/p><\/div>\n<\/p><\/div>\n<div class=\"fl-col-group fl-node-64b60b28476bc\" data-node=\"64b60b28476bc\">\n<div class=\"fl-col fl-node-64b60b284790b\" data-node=\"64b60b284790b\" style=\"width: 100%;\">\n<div class=\"fl-col-content fl-node-content\">\n<div class=\"fl-module fl-module-rich-text fl-node-64b60afe89112\" data-animation-delay=\"0.0\" data-node=\"64b60afe89112\">\n<div class=\"fl-module-content fl-node-content\">\n<div class=\"fl-rich-text\">\n<p>Zirconia (ZRO2) I Usos principales<\/p>\n<p>Herramientas de moho y moho (varios moldes, accesorio de posicionamiento de precisi\u00f3n, accesorio de aislamiento); Piezas de molino (clasificador, molino de flujo de aire, molino de cuentas); Herramienta industrial (cortador industrial, m\u00e1quina de deslizamiento, rollo de prensa plana); Componentes del conector \u00f3ptico (anillo de sellado, manga, accesorio de ranura V); Primavera especial (resorte de bobina, resorte de placa); Productos de consumo (destornillador peque\u00f1o aislado, cuchillo de cer\u00e1mica, cortadora).<\/p>\n<\/p><\/div>\n<\/p><\/div>\n<\/p><\/div>\n<\/p><\/div>\n<\/p><\/div>\n<\/p><\/div>\n<div class=\"fl-col-group fl-node-64b60afe88f15\" data-node=\"64b60afe88f15\">\n<div class=\"fl-col fl-node-64b60afe88f54\" data-node=\"64b60afe88f54\" style=\"width: 100%;\">\n<div class=\"fl-col-content fl-node-content\">\n<div class=\"fl-module fl-module-rich-text fl-node-64b60afe891d1\" data-animation-delay=\"0.0\" data-node=\"64b60afe891d1\">\n<div class=\"fl-module-content fl-node-content\">\n<div class=\"fl-rich-text\">\n<p style=\"text-align: center;\">Material Properties<\/p>\n<table border=\"0\" cellspacing=\"0\">\n<tbody>\n<tr>\n<td nowrap valign=\"center\" width=\"99\">Item<\/td>\n<td valign=\"center\" width=\"73\">95% Alumina<\/td>\n<td valign=\"center\" width=\"80\">99% Alumina<\/td>\n<td valign=\"center\" width=\"71\">Zirconia<\/td>\n<td valign=\"center\" width=\"70\">Carburo de silicio<\/td>\n<td valign=\"center\" width=\"70\">Silicon <span style=\"font-family: Arial;\">N<\/span>itride<\/td>\n<td valign=\"center\" width=\"80\">Aluminum <span style=\"font-family: Arial;\">N<\/span>itride<\/td>\n<td valign=\"center\" width=\"81\">Machinable ceramic<\/td>\n<\/tr>\n<tr>\n<td valign=\"center\" width=\"99\">Colour<\/td>\n<td valign=\"center\" width=\"73\">white<\/td>\n<td valign=\"center\" width=\"80\">Light yellow<\/td>\n<td valign=\"center\" width=\"71\">white<\/td>\n<td valign=\"center\" width=\"70\">black<\/td>\n<td valign=\"center\" width=\"70\">black<\/td>\n<td valign=\"center\" width=\"80\">gray<\/td>\n<td valign=\"center\" width=\"81\">white<\/td>\n<\/tr>\n<tr>\n<td valign=\"center\" width=\"99\">Density (g\/cm3)<\/td>\n<td valign=\"center\" width=\"73\">3.7g\/cm3<\/td>\n<td valign=\"center\" width=\"80\">3.9g\/cm3<\/td>\n<td valign=\"center\" width=\"71\">6.02g\/cm3<\/td>\n<td valign=\"center\" width=\"70\">3.2g\/cm3<\/td>\n<td valign=\"center\" width=\"70\">3.25g\/cm3<\/td>\n<td valign=\"center\" width=\"80\">3.2g\/cm3<\/td>\n<td valign=\"center\" width=\"81\">2.48g\/cm3<\/td>\n<\/tr>\n<tr>\n<td valign=\"center\" width=\"99\">Water Absorption<\/td>\n<td valign=\"center\" width=\"73\">0%<\/td>\n<td valign=\"center\" width=\"80\">0%<\/td>\n<td valign=\"center\" width=\"71\">0%<\/td>\n<td valign=\"center\" width=\"70\">0%<\/td>\n<td valign=\"center\" width=\"70\">0%<\/td>\n<td valign=\"center\" width=\"80\">0%<\/td>\n<td valign=\"center\" width=\"81\">0%<\/td>\n<\/tr>\n<tr>\n<td valign=\"center\" width=\"99\">Hardness(HV)<\/td>\n<td valign=\"center\" width=\"73\">23.7<\/td>\n<td valign=\"center\" width=\"80\">23.7<\/td>\n<td valign=\"center\" width=\"71\">16.5<\/td>\n<td valign=\"center\" width=\"70\">33<\/td>\n<td valign=\"center\" width=\"70\">20<\/td>\n<td valign=\"center\" width=\"80\">&#8211;<\/td>\n<td valign=\"center\" width=\"81\">&#8211;<\/td>\n<\/tr>\n<tr>\n<td valign=\"center\" width=\"99\">Flexural Strength(MPa)<\/td>\n<td valign=\"center\" width=\"73\">300MPa<\/td>\n<td valign=\"center\" width=\"80\">400MPa<\/td>\n<td valign=\"center\" width=\"71\">1100MPa<\/td>\n<td valign=\"center\" width=\"70\">450MPa<\/td>\n<td valign=\"center\" width=\"70\">800MPa<\/td>\n<td valign=\"center\" width=\"80\">310MPa<\/td>\n<td valign=\"center\" width=\"81\">91MPa<\/td>\n<\/tr>\n<tr>\n<td valign=\"center\" width=\"99\">Compressive Strength(MPa)<\/td>\n<td valign=\"center\" width=\"73\">2500MPa<\/td>\n<td valign=\"center\" width=\"80\">2800MPa<\/td>\n<td valign=\"center\" width=\"71\">3600MPa<\/td>\n<td valign=\"center\" width=\"70\">2000MPa<\/td>\n<td valign=\"center\" width=\"70\">2600MPa<\/td>\n<td valign=\"center\" width=\"80\">&#8211;<\/td>\n<td valign=\"center\" width=\"81\">340MPa<\/td>\n<\/tr>\n<tr>\n<td valign=\"center\" width=\"99\">Young&#8217;s Modulus Of Elasticity<\/td>\n<td valign=\"center\" width=\"73\">300GPa<\/td>\n<td valign=\"center\" width=\"80\">300GPa<\/td>\n<td valign=\"center\" width=\"71\">320GPa<\/td>\n<td valign=\"center\" width=\"70\">450GPa<\/td>\n<td valign=\"center\" width=\"70\">290GPa<\/td>\n<td valign=\"center\" width=\"80\">310~350GPa<\/td>\n<td valign=\"center\" width=\"81\">65GPa<\/td>\n<\/tr>\n<tr>\n<td valign=\"center\" width=\"99\">Poisson&#8217;s Ratio<\/td>\n<td valign=\"center\" width=\"73\">0.23<\/td>\n<td valign=\"center\" width=\"80\">0.23<\/td>\n<td valign=\"center\" width=\"71\">0.25<\/td>\n<td valign=\"center\" width=\"70\">0.14<\/td>\n<td valign=\"center\" width=\"70\">0.24<\/td>\n<td valign=\"center\" width=\"80\">0.24<\/td>\n<td valign=\"center\" width=\"81\">0.29<\/td>\n<\/tr>\n<tr>\n<td valign=\"center\" width=\"99\">Thermal Conductivity<\/td>\n<td valign=\"center\" width=\"73\">20W\/m&deg;C<\/td>\n<td valign=\"center\" width=\"80\">32W\/m&deg;C<\/td>\n<td valign=\"center\" width=\"71\">3W\/m&deg;C<\/td>\n<td valign=\"center\" width=\"70\">50W\/m&deg;C<\/td>\n<td valign=\"center\" width=\"70\">25W\/m&deg;C<\/td>\n<td valign=\"center\" width=\"80\">150W\/m&deg;C<\/td>\n<td valign=\"center\" width=\"81\">1.46W\/m&deg;C<\/td>\n<\/tr>\n<tr>\n<td valign=\"center\" width=\"99\">Dielectric Strength<\/td>\n<td valign=\"center\" width=\"73\">14KV\/mm<\/td>\n<td valign=\"center\" width=\"80\">14KV\/mm<\/td>\n<td valign=\"center\" width=\"71\">14KV\/mm<\/td>\n<td valign=\"center\" width=\"70\">14KV\/mm<\/td>\n<td valign=\"center\" width=\"70\">14KV\/mm<\/td>\n<td valign=\"center\" width=\"80\">14KV\/mm<\/td>\n<td valign=\"center\" width=\"81\">14KV\/mm<\/td>\n<\/tr>\n<tr>\n<td valign=\"center\" width=\"99\">Volume Resistivity(25&#8451;)<\/td>\n<td nowrap valign=\"center\" width=\"73\">&gt;1014&Omega;&middot;cm<\/td>\n<td nowrap valign=\"center\" width=\"80\">&gt;1014&Omega;&middot;cm<\/td>\n<td nowrap valign=\"center\" width=\"71\">&gt;1014&Omega;&middot;cm<\/td>\n<td nowrap valign=\"center\" width=\"70\">&gt;105&Omega;&middot;cm<\/td>\n<td nowrap valign=\"center\" width=\"70\">&gt;1014&Omega;&middot;cm<\/td>\n<td nowrap valign=\"center\" width=\"80\">&gt;1014&Omega;&middot;cm<\/td>\n<td nowrap valign=\"center\" width=\"81\">&gt;1014&Omega;&middot;cm<\/td>\n<\/tr>\n<\/tbody>\n<\/table><\/div>\n<\/p><\/div>\n<\/p><\/div>\n<\/p><\/div>\n<\/p><\/div>\n<\/p><\/div>\n<div class=\"fl-col-group fl-node-64b60afe88f94\" data-node=\"64b60afe88f94\">\n<div class=\"fl-col fl-node-64b60afe88fd4\" data-node=\"64b60afe88fd4\" style=\"width: 100%;\">\n<div class=\"fl-col-content fl-node-content\">\n<div class=\"fl-module fl-module-gallery fl-node-64b60afe89013\" data-animation-delay=\"0.0\" data-node=\"64b60afe89013\">\n<div class=\"fl-module-content fl-node-content\">\n<div class=\"fl-mosaicflow\">\n<div class=\"fl-mosaicflow-content\">\n<div class=\"fl-mosaicflow-item\">\n<div class=\"fl-photo fl-photo-align-center\" itemscope=\"\" itemtype=\"http:\/\/schema.org\/ImageObject\">\n<div class=\"fl-photo-content fl-photo-img-png\"> <a href=\"\/es\/uploads\/SDfsdCFTYHJN.webp\/\" itemprop=\"url\" target=\"_self\"> <img decoding=\"async\" alt=\"Sdfsdcftyhjn\" class=\"fl-photo-img wp-image-1736\" itemprop=\"image\" src=\"\/wp-content\/uploads\/2025\/09\/0a5d2007841c9923.webp\"> <\/a> <\/div>\n<\/p><\/div>\n<\/p><\/div>\n<div class=\"fl-mosaicflow-item\">\n<div class=\"fl-photo fl-photo-align-center\" itemscope=\"\" itemtype=\"http:\/\/schema.org\/ImageObject\">\n<div class=\"fl-photo-content fl-photo-img-png\"> <a href=\"\/es\/uploads\/SFDvSDcfvaq.webp\/\" itemprop=\"url\" target=\"_self\"> <img decoding=\"async\" alt=\"Sfdvsdcfvaq\" class=\"fl-photo-img wp-image-1737\" itemprop=\"image\" src=\"\/wp-content\/uploads\/2025\/09\/5d34c27c40e0923f.webp\"> <\/a> <\/div>\n<\/p><\/div>\n<\/p><\/div>\n<div class=\"fl-mosaicflow-item\">\n<div class=\"fl-photo fl-photo-align-center\" itemscope=\"\" itemtype=\"http:\/\/schema.org\/ImageObject\">\n<div class=\"fl-photo-content fl-photo-img-png\"> <a href=\"\/es\/uploads\/ZADfvSXCD.webp\/\" itemprop=\"url\" target=\"_self\"> <img decoding=\"async\" alt=\"Zadfvsxcd\" class=\"fl-photo-img wp-image-1738\" itemprop=\"image\" src=\"\/wp-content\/uploads\/2025\/09\/6acb3916de7499d8.webp\"> <\/a> <\/div>\n<\/p><\/div>\n<\/p><\/div>\n<\/p><\/div>\n<div class=\"fl-clear\"><\/div>\n<\/p><\/div>\n<\/p><\/div>\n<\/p><\/div>\n<\/p><\/div>\n<\/p><\/div>\n<\/p><\/div>\n<div class=\"fl-col-group fl-node-64b60afe88e56\" data-node=\"64b60afe88e56\">\n<div class=\"fl-col fl-node-64b60afe88e95\" data-node=\"64b60afe88e95\" style=\"width: 100%;\">\n<div class=\"fl-col-content fl-node-content\">\n<div class=\"fl-module fl-module-photo fl-node-64b60afe88ed5\" data-animation-delay=\"0.0\" data-node=\"64b60afe88ed5\">\n<div class=\"fl-module-content fl-node-content\">\n<div class=\"fl-photo fl-photo-align-center\" itemscope=\"\" itemtype=\"http:\/\/schema.org\/ImageObject\">\n<div class=\"fl-photo-content fl-photo-img-png\"> <img decoding=\"async\" alt=\"Adfvzcvxcd\" class=\"fl-photo-img wp-image-1732\" itemprop=\"image\" src=\"\/wp-content\/uploads\/2025\/09\/b2c38ce1672f5a38.webp\"> <\/div>\n<\/p><\/div>\n<\/p><\/div>\n<\/p><\/div>\n<\/p><\/div>\n<\/p><\/div>\n<\/p><\/div>\n<div class=\"fl-col-group fl-node-64b60afe89052\" data-node=\"64b60afe89052\">\n<div class=\"fl-col fl-node-64b60afe89092\" data-node=\"64b60afe89092\" style=\"width: 100%;\">\n<div class=\"fl-col-content fl-node-content\">\n<div class=\"fl-module fl-module-photo fl-node-64b60afe890d1\" data-animation-delay=\"0.0\" data-node=\"64b60afe890d1\">\n<div class=\"fl-module-content fl-node-content\">\n<div class=\"fl-photo fl-photo-align-center\" itemscope=\"\" itemtype=\"http:\/\/schema.org\/ImageObject\">\n<div class=\"fl-photo-content fl-photo-img-png\"> <img decoding=\"async\" alt=\"zdfgfghj\" class=\"fl-photo-img wp-image-1809\" itemprop=\"image\" src=\"\/wp-content\/uploads\/2025\/09\/5e4f4b955af2d653.webp\"> <\/div>\n<\/p><\/div>\n<\/p><\/div>\n<\/p><\/div>\n<\/p><\/div>\n<\/p><\/div>\n<\/p><\/div>\n<div class=\"fl-col-group fl-node-6617855a8d616\" data-node=\"6617855a8d616\">\n<div class=\"fl-col fl-node-6617855a8d7ce\" data-node=\"6617855a8d7ce\" style=\"width: 100%;\">\n<div class=\"fl-col-content fl-node-content\">\n<div class=\"fl-module fl-module-rich-text fl-node-6617855a8d4c2\" data-animation-delay=\"0.0\" data-node=\"6617855a8d4c2\">\n<div class=\"fl-module-content fl-node-content\">\n<div class=\"fl-rich-text\">\n<\/p><\/div>\n<\/p><\/div>\n<\/p><\/div>\n<\/p><\/div>\n<\/p><\/div>\n<\/p><\/div>\n<\/p><\/div>\n<\/p><\/div>\n<\/p><\/div>\n<\/div>","protected":false},"excerpt":{"rendered":"<p><?xml encoding=\"utf-8\" ?><\/p>\n<p>La circonia es un material con alta resistencia mec\u00e1nica y resistencia a la fractura a temperatura ambiente. Nuestro circonio (ZRO2) se agrega con Zirconia estable parcial 3MOL%Y2O3 (PSZ). Debido a que el di\u00e1metro de part\u00edcula del material PSZ es peque\u00f1o, se puede procesar con alta precisi\u00f3n y su aplicaci\u00f3n en piezas de mecanizado de precisi\u00f3n como los moldes se est\u00e1 expandiendo. Adem\u00e1s, tambi\u00e9n se puede utilizar para herramientas industriales, piezas de conector \u00f3ptico y medios de equipos de trituraci\u00f3n. La alta resistencia a la fractura de PSZ se puede utilizar para hacer resortes especiales, y tambi\u00e9n se usa ampliamente en cuchillos de cer\u00e1mica dom\u00e9stica, cortadores y otras partes.<\/p>","protected":false},"featured_media":1230,"comment_status":"closed","ping_status":"open","template":"","meta":[],"product_brand":[],"product_cat":[31,33],"product_tag":[],"class_list":{"0":"post-2300","1":"product","2":"type-product","3":"status-publish","4":"has-post-thumbnail","6":"product_cat-more-ceramic-products","7":"product_cat-zirconium-oxide-ceramics","9":"first","10":"instock","11":"product-type-simple"},"_links":{"self":[{"href":"https:\/\/www.cn-semiconductorparts.com\/es\/wp-json\/wp\/v2\/product\/2300","targetHints":{"allow":["GET"]}}],"collection":[{"href":"https:\/\/www.cn-semiconductorparts.com\/es\/wp-json\/wp\/v2\/product"}],"about":[{"href":"https:\/\/www.cn-semiconductorparts.com\/es\/wp-json\/wp\/v2\/types\/product"}],"replies":[{"embeddable":true,"href":"https:\/\/www.cn-semiconductorparts.com\/es\/wp-json\/wp\/v2\/comments?post=2300"}],"wp:featuredmedia":[{"embeddable":true,"href":"https:\/\/www.cn-semiconductorparts.com\/es\/wp-json\/wp\/v2\/media\/1230"}],"wp:attachment":[{"href":"https:\/\/www.cn-semiconductorparts.com\/es\/wp-json\/wp\/v2\/media?parent=2300"}],"wp:term":[{"taxonomy":"product_brand","embeddable":true,"href":"https:\/\/www.cn-semiconductorparts.com\/es\/wp-json\/wp\/v2\/product_brand?post=2300"},{"taxonomy":"product_cat","embeddable":true,"href":"https:\/\/www.cn-semiconductorparts.com\/es\/wp-json\/wp\/v2\/product_cat?post=2300"},{"taxonomy":"product_tag","embeddable":true,"href":"https:\/\/www.cn-semiconductorparts.com\/es\/wp-json\/wp\/v2\/product_tag?post=2300"}],"curies":[{"name":"WP","href":"https:\/\/api.w.org\/{rel}","templated":true}]}}