{"id":2303,"date":"2025-09-11T05:33:53","date_gmt":"2025-09-11T05:33:53","guid":{"rendered":"https:\/\/weitai2.globaldeepsea.site\/product\/zirconia-optical-fiber-ceramic-manipulator\/"},"modified":"2026-04-29T15:27:56","modified_gmt":"2026-04-29T07:27:56","slug":"zirconia-optical-fiber-ceramic-manipulator","status":"publish","type":"product","link":"https:\/\/www.cn-semiconductorparts.com\/es\/product\/zirconia-optical-fiber-ceramic-manipulator\/","title":{"rendered":"Zirconia optical fiber ceramic manipulator"},"content":{"rendered":"<p><?xml encoding=\"utf-8\" ?><\/p>\n<div class=\"fl-builder-content fl-builder-content-1805 fl-builder-content-primary fl-builder-global-templates-locked\" data-post-id=\"1805\">\n<div class=\"fl-row fl-row-full-width fl-row-bg-none fl-node-64b60865e52c9\" data-node=\"64b60865e52c9\">\n<div class=\"fl-row-content-wrap\">\n<div class=\"fl-row-content fl-row-full-width fl-node-content\">\n<div class=\"fl-col-group fl-node-64b60865e5308\" data-node=\"64b60865e5308\">\n<div class=\"fl-col fl-node-64b60865e5345\" data-node=\"64b60865e5345\" style=\"width: 100%;\">\n<div class=\"fl-col-content fl-node-content\">\n<div class=\"fl-module fl-module-rich-text fl-node-64b60865e5382\" data-animation-delay=\"0.0\" data-node=\"64b60865e5382\">\n<div class=\"fl-module-content fl-node-content\">\n<div class=\"fl-rich-text\">\n<p>La circonia es un material con alta resistencia mec\u00e1nica y resistencia a la fractura a temperatura ambiente. Nuestro circonio (ZRO2) se agrega con Zirconia estable parcial 3MOL%Y2O3 (PSZ). Debido a que el di\u00e1metro de part\u00edcula del material PSZ es peque\u00f1o, se puede procesar con alta precisi\u00f3n y su aplicaci\u00f3n en piezas de mecanizado de precisi\u00f3n como los moldes se est\u00e1 expandiendo. Adem\u00e1s, tambi\u00e9n se puede utilizar para herramientas industriales, piezas de conector \u00f3ptico y medios de equipos de trituraci\u00f3n. La alta resistencia a la fractura de PSZ se puede utilizar para hacer resortes especiales, y tambi\u00e9n se usa ampliamente en cuchillos de cer\u00e1mica dom\u00e9stica, cortadores y otras partes.<\/p>\n<\/p><\/div>\n<\/p><\/div>\n<\/p><\/div>\n<\/p><\/div>\n<\/p><\/div>\n<\/p><\/div>\n<div class=\"fl-col-group fl-node-64b60865e5476\" data-node=\"64b60865e5476\">\n<div class=\"fl-col fl-node-64b60865e54b3\" data-node=\"64b60865e54b3\" style=\"width: 100%;\">\n<div class=\"fl-col-content fl-node-content\">\n<div class=\"fl-module fl-module-rich-text fl-node-64b60890a6e3d\" data-animation-delay=\"0.0\" data-node=\"64b60890a6e3d\">\n<div class=\"fl-module-content fl-node-content\">\n<div class=\"fl-rich-text\">\n<p style=\"text-align: center;\">Material Properties<\/p>\n<table border=\"0\" cellspacing=\"0\">\n<tbody>\n<tr>\n<td nowrap valign=\"center\" width=\"99\">Item<\/td>\n<td valign=\"center\" width=\"73\">95% Alumina<\/td>\n<td valign=\"center\" width=\"80\">99% Alumina<\/td>\n<td valign=\"center\" width=\"71\">Zirconia<\/td>\n<td valign=\"center\" width=\"70\">Carburo de silicio<\/td>\n<td valign=\"center\" width=\"70\">Silicon <span style=\"font-family: Arial;\">N<\/span>itride<\/td>\n<td valign=\"center\" width=\"80\">Aluminum <span style=\"font-family: Arial;\">N<\/span>itride<\/td>\n<td valign=\"center\" width=\"81\">Machinable ceramic<\/td>\n<\/tr>\n<tr>\n<td valign=\"center\" width=\"99\">Colour<\/td>\n<td valign=\"center\" width=\"73\">white<\/td>\n<td valign=\"center\" width=\"80\">Light yellow<\/td>\n<td valign=\"center\" width=\"71\">white<\/td>\n<td valign=\"center\" width=\"70\">black<\/td>\n<td valign=\"center\" width=\"70\">black<\/td>\n<td valign=\"center\" width=\"80\">gray<\/td>\n<td valign=\"center\" width=\"81\">white<\/td>\n<\/tr>\n<tr>\n<td valign=\"center\" width=\"99\">Density (g\/cm3)<\/td>\n<td valign=\"center\" width=\"73\">3.7g\/cm3<\/td>\n<td valign=\"center\" width=\"80\">3.9g\/cm3<\/td>\n<td valign=\"center\" width=\"71\">6.02g\/cm3<\/td>\n<td valign=\"center\" width=\"70\">3.2g\/cm3<\/td>\n<td valign=\"center\" width=\"70\">3.25g\/cm3<\/td>\n<td valign=\"center\" width=\"80\">3.2g\/cm3<\/td>\n<td valign=\"center\" width=\"81\">2.48g\/cm3<\/td>\n<\/tr>\n<tr>\n<td valign=\"center\" width=\"99\">Water Absorption<\/td>\n<td valign=\"center\" width=\"73\">0%<\/td>\n<td valign=\"center\" width=\"80\">0%<\/td>\n<td valign=\"center\" width=\"71\">0%<\/td>\n<td valign=\"center\" width=\"70\">0%<\/td>\n<td valign=\"center\" width=\"70\">0%<\/td>\n<td valign=\"center\" width=\"80\">0%<\/td>\n<td valign=\"center\" width=\"81\">0%<\/td>\n<\/tr>\n<tr>\n<td valign=\"center\" width=\"99\">Hardness(HV)<\/td>\n<td valign=\"center\" width=\"73\">23.7<\/td>\n<td valign=\"center\" width=\"80\">23.7<\/td>\n<td valign=\"center\" width=\"71\">16.5<\/td>\n<td valign=\"center\" width=\"70\">33<\/td>\n<td valign=\"center\" width=\"70\">20<\/td>\n<td valign=\"center\" width=\"80\">&#8211;<\/td>\n<td valign=\"center\" width=\"81\">&#8211;<\/td>\n<\/tr>\n<tr>\n<td valign=\"center\" width=\"99\">Flexural Strength(MPa)<\/td>\n<td valign=\"center\" width=\"73\">300MPa<\/td>\n<td valign=\"center\" width=\"80\">400MPa<\/td>\n<td valign=\"center\" width=\"71\">1100MPa<\/td>\n<td valign=\"center\" width=\"70\">450MPa<\/td>\n<td valign=\"center\" width=\"70\">800MPa<\/td>\n<td valign=\"center\" width=\"80\">310MPa<\/td>\n<td valign=\"center\" width=\"81\">91MPa<\/td>\n<\/tr>\n<tr>\n<td valign=\"center\" width=\"99\">Compressive Strength(MPa)<\/td>\n<td valign=\"center\" width=\"73\">2500MPa<\/td>\n<td valign=\"center\" width=\"80\">2800MPa<\/td>\n<td valign=\"center\" width=\"71\">3600MPa<\/td>\n<td valign=\"center\" width=\"70\">2000MPa<\/td>\n<td valign=\"center\" width=\"70\">2600MPa<\/td>\n<td valign=\"center\" width=\"80\">&#8211;<\/td>\n<td valign=\"center\" width=\"81\">340MPa<\/td>\n<\/tr>\n<tr>\n<td valign=\"center\" width=\"99\">Young&#8217;s Modulus Of Elasticity<\/td>\n<td valign=\"center\" width=\"73\">300GPa<\/td>\n<td valign=\"center\" width=\"80\">300GPa<\/td>\n<td valign=\"center\" width=\"71\">320GPa<\/td>\n<td valign=\"center\" width=\"70\">450GPa<\/td>\n<td valign=\"center\" width=\"70\">290GPa<\/td>\n<td valign=\"center\" width=\"80\">310~350GPa<\/td>\n<td valign=\"center\" width=\"81\">65GPa<\/td>\n<\/tr>\n<tr>\n<td valign=\"center\" width=\"99\">Poisson&#8217;s Ratio<\/td>\n<td valign=\"center\" width=\"73\">0.23<\/td>\n<td valign=\"center\" width=\"80\">0.23<\/td>\n<td valign=\"center\" width=\"71\">0.25<\/td>\n<td valign=\"center\" width=\"70\">0.14<\/td>\n<td valign=\"center\" width=\"70\">0.24<\/td>\n<td valign=\"center\" width=\"80\">0.24<\/td>\n<td valign=\"center\" width=\"81\">0.29<\/td>\n<\/tr>\n<tr>\n<td valign=\"center\" width=\"99\">Thermal Conductivity<\/td>\n<td valign=\"center\" width=\"73\">20W\/m&deg;C<\/td>\n<td valign=\"center\" width=\"80\">32W\/m&deg;C<\/td>\n<td valign=\"center\" width=\"71\">3W\/m&deg;C<\/td>\n<td valign=\"center\" width=\"70\">50W\/m&deg;C<\/td>\n<td valign=\"center\" width=\"70\">25W\/m&deg;C<\/td>\n<td valign=\"center\" width=\"80\">150W\/m&deg;C<\/td>\n<td valign=\"center\" width=\"81\">1.46W\/m&deg;C<\/td>\n<\/tr>\n<tr>\n<td valign=\"center\" width=\"99\">Dielectric Strength<\/td>\n<td valign=\"center\" width=\"73\">14KV\/mm<\/td>\n<td valign=\"center\" width=\"80\">14KV\/mm<\/td>\n<td valign=\"center\" width=\"71\">14KV\/mm<\/td>\n<td valign=\"center\" width=\"70\">14KV\/mm<\/td>\n<td valign=\"center\" width=\"70\">14KV\/mm<\/td>\n<td valign=\"center\" width=\"80\">14KV\/mm<\/td>\n<td valign=\"center\" width=\"81\">14KV\/mm<\/td>\n<\/tr>\n<tr>\n<td valign=\"center\" width=\"99\">Volume Resistivity(25&#8451;)<\/td>\n<td nowrap valign=\"center\" width=\"73\">&gt;1014&Omega;&middot;cm<\/td>\n<td nowrap valign=\"center\" width=\"80\">&gt;1014&Omega;&middot;cm<\/td>\n<td nowrap valign=\"center\" width=\"71\">&gt;1014&Omega;&middot;cm<\/td>\n<td nowrap valign=\"center\" width=\"70\">&gt;105&Omega;&middot;cm<\/td>\n<td nowrap valign=\"center\" width=\"70\">&gt;1014&Omega;&middot;cm<\/td>\n<td nowrap valign=\"center\" width=\"80\">&gt;1014&Omega;&middot;cm<\/td>\n<td nowrap valign=\"center\" width=\"81\">&gt;1014&Omega;&middot;cm<\/td>\n<\/tr>\n<\/tbody>\n<\/table><\/div>\n<\/p><\/div>\n<\/p><\/div>\n<\/p><\/div>\n<\/p><\/div>\n<\/p><\/div>\n<div class=\"fl-col-group fl-node-64b6090aad939\" data-node=\"64b6090aad939\">\n<div class=\"fl-col fl-node-64b6090aadae8 fl-col-small\" data-node=\"64b6090aadae8\" style=\"width: 50%;\">\n<div class=\"fl-col-content fl-node-content\">\n<div class=\"fl-module fl-module-photo fl-node-64b6090aad7fa\" data-animation-delay=\"0.0\" data-node=\"64b6090aad7fa\">\n<div class=\"fl-module-content fl-node-content\">\n<div class=\"fl-photo fl-photo-align-center\" itemscope=\"\" itemtype=\"http:\/\/schema.org\/ImageObject\">\n<div class=\"fl-photo-content fl-photo-img-png\"> <img decoding=\"async\" alt=\"&#22270;&#29255;1\" class=\"fl-photo-img wp-image-1808\" itemprop=\"image\" src=\"\/wp-content\/uploads\/2025\/09\/948920c709a93579.webp\"> <\/div>\n<\/p><\/div>\n<\/p><\/div>\n<\/p><\/div>\n<\/p><\/div>\n<\/p><\/div>\n<div class=\"fl-col fl-node-64b6093341140 fl-col-small\" data-node=\"64b6093341140\" style=\"width: 50%;\">\n<div class=\"fl-col-content fl-node-content\">\n<div class=\"fl-module fl-module-photo fl-node-64b6092ebd41d\" data-animation-delay=\"0.0\" data-node=\"64b6092ebd41d\">\n<div class=\"fl-module-content fl-node-content\">\n<div class=\"fl-photo fl-photo-align-center\" itemscope=\"\" itemtype=\"http:\/\/schema.org\/ImageObject\">\n<div class=\"fl-photo-content fl-photo-img-png\"> <img decoding=\"async\" alt=\"&#20809;&#32420;&#38518;&#29943;&#26426;&#26800;&#25163;\" class=\"fl-photo-img wp-image-1806\" itemprop=\"image\" src=\"\/wp-content\/uploads\/2025\/09\/d971c97c4f625b64.webp\"> <\/div>\n<\/p><\/div>\n<\/p><\/div>\n<\/p><\/div>\n<\/p><\/div>\n<\/p><\/div>\n<\/p><\/div>\n<div class=\"fl-col-group fl-node-64b60865e56ad\" data-node=\"64b60865e56ad\">\n<div class=\"fl-col fl-node-64b60865e56ea\" data-node=\"64b60865e56ea\" style=\"width: 100%;\">\n<div class=\"fl-col-content fl-node-content\">\n<div class=\"fl-module fl-module-rich-text fl-node-64b60865e5670\" data-animation-delay=\"0.0\" data-node=\"64b60865e5670\">\n<div class=\"fl-module-content fl-node-content\">\n<div class=\"fl-rich-text\">\n<p>Zirconia (ZRO2) I Usos principales<\/p>\n<p>Herramientas de moho y moho (varios moldes, accesorio de posicionamiento de precisi\u00f3n, accesorio de aislamiento); Piezas de molino (clasificador, molino de flujo de aire, molino de cuentas); Herramienta industrial (cortador industrial, m\u00e1quina de deslizamiento, rollo de prensa plana); Componentes del conector \u00f3ptico (anillo de sellado, manga, accesorio de ranura V); Primavera especial (resorte de bobina, resorte de placa); Productos de consumo (destornillador peque\u00f1o aislado, cuchillo de cer\u00e1mica, cortadora).<\/p>\n<\/p><\/div>\n<\/p><\/div>\n<\/p><\/div>\n<\/p><\/div>\n<\/p><\/div>\n<\/p><\/div>\n<div class=\"fl-col-group fl-node-64b60865e552d\" data-node=\"64b60865e552d\">\n<div class=\"fl-col fl-node-64b60865e556a\" data-node=\"64b60865e556a\" style=\"width: 100%;\">\n<div class=\"fl-col-content fl-node-content\">\n<div class=\"fl-module fl-module-gallery fl-node-64b60865e55a7\" data-animation-delay=\"0.0\" data-node=\"64b60865e55a7\">\n<div class=\"fl-module-content fl-node-content\">\n<div class=\"fl-mosaicflow\">\n<div class=\"fl-mosaicflow-content\">\n<div class=\"fl-mosaicflow-item\">\n<div class=\"fl-photo fl-photo-align-center\" itemscope=\"\" itemtype=\"http:\/\/schema.org\/ImageObject\">\n<div class=\"fl-photo-content fl-photo-img-png\"> <a href=\"\/es\/uploads\/SDfsdCFTYHJN.webp\/\" itemprop=\"url\" target=\"_self\"> <img decoding=\"async\" alt=\"Sdfsdcftyhjn\" class=\"fl-photo-img wp-image-1736\" itemprop=\"image\" src=\"\/wp-content\/uploads\/2025\/09\/0a5d2007841c9923.webp\"> <\/a> <\/div>\n<\/p><\/div>\n<\/p><\/div>\n<div class=\"fl-mosaicflow-item\">\n<div class=\"fl-photo fl-photo-align-center\" itemscope=\"\" itemtype=\"http:\/\/schema.org\/ImageObject\">\n<div class=\"fl-photo-content fl-photo-img-png\"> <a href=\"\/es\/uploads\/SFDvSDcfvaq.webp\/\" itemprop=\"url\" target=\"_self\"> <img decoding=\"async\" alt=\"Sfdvsdcfvaq\" class=\"fl-photo-img wp-image-1737\" itemprop=\"image\" src=\"\/wp-content\/uploads\/2025\/09\/5d34c27c40e0923f.webp\"> <\/a> <\/div>\n<\/p><\/div>\n<\/p><\/div>\n<div class=\"fl-mosaicflow-item\">\n<div class=\"fl-photo fl-photo-align-center\" itemscope=\"\" itemtype=\"http:\/\/schema.org\/ImageObject\">\n<div class=\"fl-photo-content fl-photo-img-png\"> <a href=\"\/es\/uploads\/ZADfvSXCD.webp\/\" itemprop=\"url\" target=\"_self\"> <img decoding=\"async\" alt=\"Zadfvsxcd\" class=\"fl-photo-img wp-image-1738\" itemprop=\"image\" src=\"\/wp-content\/uploads\/2025\/09\/6acb3916de7499d8.webp\"> <\/a> <\/div>\n<\/p><\/div>\n<\/p><\/div>\n<\/p><\/div>\n<div class=\"fl-clear\"><\/div>\n<\/p><\/div>\n<\/p><\/div>\n<\/p><\/div>\n<\/p><\/div>\n<\/p><\/div>\n<\/p><\/div>\n<div class=\"fl-col-group fl-node-64b60865e53bf\" data-node=\"64b60865e53bf\">\n<div class=\"fl-col fl-node-64b60865e53fd\" data-node=\"64b60865e53fd\" style=\"width: 100%;\">\n<div class=\"fl-col-content fl-node-content\">\n<div class=\"fl-module fl-module-photo fl-node-64b60865e543a\" data-animation-delay=\"0.0\" data-node=\"64b60865e543a\">\n<div class=\"fl-module-content fl-node-content\">\n<div class=\"fl-photo fl-photo-align-center\" itemscope=\"\" itemtype=\"http:\/\/schema.org\/ImageObject\">\n<div class=\"fl-photo-content fl-photo-img-png\"> <img decoding=\"async\" alt=\"Adfvzcvxcd\" class=\"fl-photo-img wp-image-1732\" itemprop=\"image\" src=\"\/wp-content\/uploads\/2025\/09\/b2c38ce1672f5a38.webp\"> <\/div>\n<\/p><\/div>\n<\/p><\/div>\n<\/p><\/div>\n<\/p><\/div>\n<\/p><\/div>\n<\/p><\/div>\n<div class=\"fl-col-group fl-node-64b60865e55b9\" data-node=\"64b60865e55b9\">\n<div class=\"fl-col fl-node-64b60865e55f7\" data-node=\"64b60865e55f7\" style=\"width: 100%;\">\n<div class=\"fl-col-content fl-node-content\">\n<div class=\"fl-module fl-module-photo fl-node-64b60865e5634\" data-animation-delay=\"0.0\" data-node=\"64b60865e5634\">\n<div class=\"fl-module-content fl-node-content\">\n<div class=\"fl-photo fl-photo-align-center\" itemscope=\"\" itemtype=\"http:\/\/schema.org\/ImageObject\">\n<div class=\"fl-photo-content fl-photo-img-png\"> <img decoding=\"async\" alt=\"zdfgfghj\" class=\"fl-photo-img wp-image-1809\" itemprop=\"image\" src=\"\/wp-content\/uploads\/2025\/09\/5e4f4b955af2d653.webp\"> <\/div>\n<\/p><\/div>\n<\/p><\/div>\n<\/p><\/div>\n<\/p><\/div>\n<\/p><\/div>\n<\/p><\/div>\n<div class=\"fl-col-group fl-node-6617856ce34c6\" data-node=\"6617856ce34c6\">\n<div class=\"fl-col fl-node-6617856ce3685\" data-node=\"6617856ce3685\" style=\"width: 100%;\">\n<div class=\"fl-col-content fl-node-content\">\n<div class=\"fl-module fl-module-rich-text fl-node-6617856ce3381\" data-animation-delay=\"0.0\" data-node=\"6617856ce3381\">\n<div class=\"fl-module-content fl-node-content\">\n<div class=\"fl-rich-text\">\n<\/p><\/div>\n<\/p><\/div>\n<\/p><\/div>\n<\/p><\/div>\n<\/p><\/div>\n<\/p><\/div>\n<\/p><\/div>\n<\/p><\/div>\n<\/p><\/div>\n<\/div>","protected":false},"excerpt":{"rendered":"<p><?xml encoding=\"utf-8\" ?><\/p>\n<p>La circonia es un material con alta resistencia mec\u00e1nica y resistencia a la fractura a temperatura ambiente. Nuestro circonio (ZRO2) se agrega con Zirconia estable parcial 3MOL%Y2O3 (PSZ). Debido a que el di\u00e1metro de part\u00edcula del material PSZ es peque\u00f1o, se puede procesar con alta precisi\u00f3n y su aplicaci\u00f3n en piezas de mecanizado de precisi\u00f3n como los moldes se est\u00e1 expandiendo. Adem\u00e1s, tambi\u00e9n se puede utilizar para herramientas industriales, piezas de conector \u00f3ptico y medios de equipos de trituraci\u00f3n. La alta resistencia a la fractura de PSZ se puede utilizar para hacer resortes especiales, y tambi\u00e9n se usa ampliamente en cuchillos de cer\u00e1mica dom\u00e9stica, cortadores y otras partes.<\/p>","protected":false},"featured_media":1275,"comment_status":"closed","ping_status":"open","template":"","meta":[],"product_brand":[],"product_cat":[31,33],"product_tag":[],"class_list":{"0":"post-2303","1":"product","2":"type-product","3":"status-publish","4":"has-post-thumbnail","6":"product_cat-more-ceramic-products","7":"product_cat-zirconium-oxide-ceramics","9":"first","10":"instock","11":"product-type-simple"},"_links":{"self":[{"href":"https:\/\/www.cn-semiconductorparts.com\/es\/wp-json\/wp\/v2\/product\/2303","targetHints":{"allow":["GET"]}}],"collection":[{"href":"https:\/\/www.cn-semiconductorparts.com\/es\/wp-json\/wp\/v2\/product"}],"about":[{"href":"https:\/\/www.cn-semiconductorparts.com\/es\/wp-json\/wp\/v2\/types\/product"}],"replies":[{"embeddable":true,"href":"https:\/\/www.cn-semiconductorparts.com\/es\/wp-json\/wp\/v2\/comments?post=2303"}],"wp:featuredmedia":[{"embeddable":true,"href":"https:\/\/www.cn-semiconductorparts.com\/es\/wp-json\/wp\/v2\/media\/1275"}],"wp:attachment":[{"href":"https:\/\/www.cn-semiconductorparts.com\/es\/wp-json\/wp\/v2\/media?parent=2303"}],"wp:term":[{"taxonomy":"product_brand","embeddable":true,"href":"https:\/\/www.cn-semiconductorparts.com\/es\/wp-json\/wp\/v2\/product_brand?post=2303"},{"taxonomy":"product_cat","embeddable":true,"href":"https:\/\/www.cn-semiconductorparts.com\/es\/wp-json\/wp\/v2\/product_cat?post=2303"},{"taxonomy":"product_tag","embeddable":true,"href":"https:\/\/www.cn-semiconductorparts.com\/es\/wp-json\/wp\/v2\/product_tag?post=2303"}],"curies":[{"name":"WP","href":"https:\/\/api.w.org\/{rel}","templated":true}]}}