{"id":2315,"date":"2025-09-11T05:34:00","date_gmt":"2025-09-11T05:34:00","guid":{"rendered":"https:\/\/weitai2.globaldeepsea.site\/product\/sic-coated-epitaxial-reactor-barrel-2\/"},"modified":"2026-04-29T15:27:51","modified_gmt":"2026-04-29T07:27:51","slug":"sic-coated-epitaxial-reactor-barrel-2","status":"publish","type":"product","link":"https:\/\/www.cn-semiconductorparts.com\/es\/product\/sic-coated-epitaxial-reactor-barrel-2\/","title":{"rendered":"SiC-Coated Epitaxial Reactor Barrel"},"content":{"rendered":"<p><?xml encoding=\"utf-8\" ?><\/p>\n<div class=\"fl-builder-content fl-builder-content-1458 fl-builder-content-primary fl-builder-global-templates-locked\" data-post-id=\"1458\">\n<div class=\"fl-row fl-row-full-width fl-row-bg-none fl-node-647d905a58d38\" data-node=\"647d905a58d38\">\n<div class=\"fl-row-content-wrap\">\n<div class=\"fl-row-content fl-row-full-width fl-node-content\">\n<div class=\"fl-col-group fl-node-647d905a590c5\" data-node=\"647d905a590c5\">\n<div class=\"fl-col fl-node-647d905a59105\" data-node=\"647d905a59105\" style=\"width: 100%;\">\n<div class=\"fl-col-content fl-node-content\">\n<div class=\"fl-module fl-module-heading fl-node-647d905a59142 pro_tit\" data-animation-delay=\"0.0\" data-node=\"647d905a59142\">\n<div class=\"fl-module-content fl-node-content\">\n<h3 class=\"fl-heading\"> <span class=\"fl-heading-text\">Descripci\u00f3n<\/span> <\/h3>\n<\/p><\/div>\n<\/p><\/div>\n<\/p><\/div>\n<\/p><\/div>\n<\/p><\/div>\n<div class=\"fl-col-group fl-node-647d905a59237\" data-node=\"647d905a59237\">\n<div class=\"fl-col fl-node-647d905a59275\" data-node=\"647d905a59275\" style=\"width: 100%;\">\n<div class=\"fl-col-content fl-node-content\">\n<div class=\"fl-module fl-module-rich-text fl-node-647d905a592b2\" data-animation-delay=\"0.0\" data-node=\"647d905a592b2\">\n<div class=\"fl-module-content fl-node-content\">\n<div class=\"fl-rich-text\">\n<p>Our company provides SiC coating process services on the surface of graphite, ceramics and other materials by CVD method, so that special gases containing carbon and silicon can react at high temperature to obtain high-purity Sic molecules, which can be deposited on the surface of coated materials to form a SiC protective layer for&nbsp;epitaxy barrel type hy pnotic.<\/p>\n<div id=\"gtx-trans\" style=\"position: absolute; left: 211px; top: 32.6719px;\">&nbsp;<\/div>\n<\/p><\/div>\n<\/p><\/div>\n<\/p><\/div>\n<\/p><\/div>\n<\/p><\/div>\n<\/p><\/div>\n<div class=\"fl-col-group fl-node-647d93083add8\" data-node=\"647d93083add8\">\n<div class=\"fl-col fl-node-647d93083af70 fl-col-small\" data-node=\"647d93083af70\" style=\"width: 50%;\">\n<div class=\"fl-col-content fl-node-content\">\n<div class=\"fl-module fl-module-rich-text fl-node-647d931917804\" data-animation-delay=\"0.0\" data-node=\"647d931917804\">\n<div class=\"fl-module-content fl-node-content\">\n<div class=\"fl-rich-text\">\n<p><img decoding=\"async\" alt=\"sic (1)\" class=\"alignnone size-medium wp-image-1469\" src=\"\/wp-content\/uploads\/2025\/09\/cc770ab25f0f8956.webp\"><\/p>\n<\/p><\/div>\n<\/p><\/div>\n<\/p><\/div>\n<\/p><\/div>\n<\/p><\/div>\n<div class=\"fl-col fl-node-647d931c128ca fl-col-small\" data-node=\"647d931c128ca\" style=\"width: 50%;\">\n<div class=\"fl-col-content fl-node-content\">\n<div class=\"fl-module fl-module-rich-text fl-node-647d93083ac99\" data-animation-delay=\"0.0\" data-node=\"647d93083ac99\">\n<div class=\"fl-module-content fl-node-content\">\n<div class=\"fl-rich-text\">\n<p> <img decoding=\"async\" alt=\"sic (2)\" class=\"alignnone size-medium wp-image-1470\" src=\"\/wp-content\/uploads\/2025\/09\/a708f524499f4ae3.webp\"><\/p>\n<\/p><\/div>\n<\/p><\/div>\n<\/p><\/div>\n<\/p><\/div>\n<\/p><\/div>\n<\/p><\/div>\n<\/p><\/div>\n<\/p><\/div>\n<\/p><\/div>\n<div class=\"fl-row fl-row-full-width fl-row-bg-none fl-node-648fba461e867\" data-node=\"648fba461e867\">\n<div class=\"fl-row-content-wrap\">\n<div class=\"fl-row-content fl-row-full-width fl-node-content\">\n<div class=\"fl-col-group fl-node-648fba461ec36\" data-node=\"648fba461ec36\">\n<div class=\"fl-col fl-node-648fba461ec75\" data-node=\"648fba461ec75\" style=\"width: 100%;\">\n<div class=\"fl-col-content fl-node-content\">\n<div class=\"fl-module fl-module-heading fl-node-648fba461ecb2 pro_tit\" data-animation-delay=\"0.0\" data-node=\"648fba461ecb2\">\n<div class=\"fl-module-content fl-node-content\">\n<h3 class=\"fl-heading\"> <span class=\"fl-heading-text\">Caracter\u00edsticas principales<\/span> <\/h3>\n<\/p><\/div>\n<\/p><\/div>\n<\/p><\/div>\n<\/p><\/div>\n<\/p><\/div>\n<div class=\"fl-col-group fl-node-648fba461ecf0\" data-node=\"648fba461ecf0\">\n<div class=\"fl-col fl-node-648fba461ed2e\" data-node=\"648fba461ed2e\" style=\"width: 100%;\">\n<div class=\"fl-col-content fl-node-content\">\n<div class=\"fl-module fl-module-rich-text fl-node-648fba461ed6b\" data-animation-delay=\"0.0\" data-node=\"648fba461ed6b\">\n<div class=\"fl-module-content fl-node-content\">\n<div class=\"fl-rich-text\">\n<p>1. Resistencia a la oxidaci\u00f3n de alta temperatura:<br \/> La resistencia a la oxidaci\u00f3n sigue siendo muy buena cuando la temperatura es tan alta como 1600 C.<br \/> 2. Alta pureza: hecha por deposici\u00f3n de vapor qu\u00edmico en una condici\u00f3n de cloraci\u00f3n de alta temperatura.<br \/> 3. Resistencia a la erosi\u00f3n: alta dureza, superficie compacta, part\u00edculas finas.<br \/> 4. Resistencia a la corrosi\u00f3n: \u00e1cido, \u00e1lcali, sal y reactivos org\u00e1nicos.<\/p>\n<\/p><\/div>\n<\/p><\/div>\n<\/p><\/div>\n<\/p><\/div>\n<\/p><\/div>\n<\/p><\/div>\n<\/p><\/div>\n<\/p><\/div>\n<\/p><\/div>\n<div class=\"fl-row fl-row-full-width fl-row-bg-none fl-node-648fb4d3e9930\" data-node=\"648fb4d3e9930\">\n<div class=\"fl-row-content-wrap\">\n<div class=\"fl-row-content fl-row-full-width fl-node-content\">\n<div class=\"fl-col-group fl-node-648fb4d3e9c52\" data-node=\"648fb4d3e9c52\">\n<div class=\"fl-col fl-node-648fb4d3e9c91\" data-node=\"648fb4d3e9c91\" style=\"width: 100%;\">\n<div class=\"fl-col-content fl-node-content\">\n<div class=\"fl-module fl-module-heading fl-node-648fb4d3e9cce pro_tit\" data-animation-delay=\"0.0\" data-node=\"648fb4d3e9cce\">\n<div class=\"fl-module-content fl-node-content\">\n<h3 class=\"fl-heading\"> <span class=\"fl-heading-text\">Especificaciones principales de recubrimiento CVD-SIC<\/span> <\/h3>\n<\/p><\/div>\n<\/p><\/div>\n<\/p><\/div>\n<\/p><\/div>\n<\/p><\/div>\n<div class=\"fl-col-group fl-node-648fb4d3e9d0c\" data-node=\"648fb4d3e9d0c\">\n<div class=\"fl-col fl-node-648fb4d3e9d4b\" data-node=\"648fb4d3e9d4b\" style=\"width: 100%;\">\n<div class=\"fl-col-content fl-node-content\">\n<div class=\"fl-module fl-module-rich-text fl-node-648fb4d3e9d89\" data-animation-delay=\"0.0\" data-node=\"648fb4d3e9d89\">\n<div class=\"fl-module-content fl-node-content\">\n<div class=\"fl-rich-text\">\n<table border=\"0\" cellspacing=\"0\">\n<tbody>\n<tr>\n<td colspan=\"3\" valign=\"center\" width=\"100.0000%\">Propiedades de SIC-CVD<\/td>\n<\/tr>\n<tr>\n<td valign=\"center\" width=\"30.8400%\">Estructura cristalina<\/td>\n<td colspan=\"2\" valign=\"center\" width=\"69.1400%\">FCC&nbsp;&beta;&nbsp;phase<\/td>\n<\/tr>\n<tr>\n<td valign=\"center\" width=\"30.8400%\">Densidad<\/td>\n<td valign=\"center\" width=\"30.1800%\">g\/cm&nbsp;&sup3;<\/td>\n<td valign=\"center\" width=\"38.9400%\">3.21<\/td>\n<\/tr>\n<tr>\n<td valign=\"center\" width=\"30.8400%\">Dureza<\/td>\n<td valign=\"center\" width=\"30.1800%\">Dureza de Vickers<\/td>\n<td valign=\"center\" width=\"38.9400%\">2500<\/td>\n<\/tr>\n<tr>\n<td valign=\"center\" width=\"30.8400%\">Tama\u00f1o de grano<\/td>\n<td valign=\"center\" width=\"30.1800%\">&mu;m<\/td>\n<td valign=\"center\" width=\"38.9400%\">2~10<\/td>\n<\/tr>\n<tr>\n<td valign=\"center\" width=\"30.8400%\">Pureza qu\u00edmica<\/td>\n<td valign=\"center\" width=\"30.1800%\">%<\/td>\n<td valign=\"bottom\" width=\"38.9400%\">99.99995<\/td>\n<\/tr>\n<tr>\n<td valign=\"center\" width=\"30.8400%\">Capacidad de calor<\/td>\n<td valign=\"center\" width=\"30.1800%\">J&middot;kg-1&nbsp;&middot;K-1<\/td>\n<td valign=\"bottom\" width=\"38.9400%\">640<\/td>\n<\/tr>\n<tr>\n<td valign=\"center\" width=\"30.8400%\">Temperatura de sublimaci\u00f3n<\/td>\n<td valign=\"center\" width=\"30.1800%\">&#8451;<\/td>\n<td valign=\"bottom\" width=\"38.9400%\">2700<\/td>\n<\/tr>\n<tr>\n<td valign=\"center\" width=\"30.8400%\">Fuerza del felexural<\/td>\n<td valign=\"center\" width=\"30.1800%\">MPa&nbsp; (RT 4-point)<\/td>\n<td valign=\"bottom\" width=\"38.9400%\">415<\/td>\n<\/tr>\n<tr>\n<td valign=\"center\" width=\"30.8400%\">Young&rsquo; s Modulus<\/td>\n<td valign=\"center\" width=\"30.1800%\">Gpa (4pt bend, 1300&#8451;)<\/td>\n<td valign=\"bottom\" width=\"38.9400%\">430<\/td>\n<\/tr>\n<tr>\n<td valign=\"center\" width=\"30.8400%\">Expansi\u00f3n t\u00e9rmica (CTE)<\/td>\n<td valign=\"center\" width=\"30.1800%\">10-6K-1<\/td>\n<td valign=\"bottom\" width=\"38.9400%\">4.5<\/td>\n<\/tr>\n<tr>\n<td valign=\"center\" width=\"30.8400%\">Conductividad t\u00e9rmica<\/td>\n<td valign=\"center\" width=\"30.1800%\">(W\/mk)<\/td>\n<td valign=\"bottom\" width=\"38.9400%\">300<\/td>\n<\/tr>\n<\/tbody>\n<\/table><\/div>\n<\/p><\/div>\n<\/p><\/div>\n<\/p><\/div>\n<\/p><\/div>\n<\/p><\/div>\n<div class=\"fl-col-group fl-node-66174f0fa49c2\" data-node=\"66174f0fa49c2\">\n<div class=\"fl-col fl-node-66174f0fa4b8f\" data-node=\"66174f0fa4b8f\" style=\"width: 100%;\">\n<div class=\"fl-col-content fl-node-content\">\n<div class=\"fl-module fl-module-photo fl-node-66174f0fa4863\" data-animation-delay=\"0.0\" data-node=\"66174f0fa4863\">\n<div class=\"fl-module-content fl-node-content\">\n<div class=\"fl-photo fl-photo-align-center\" itemscope=\"\" itemtype=\"http:\/\/schema.org\/ImageObject\">\n<div class=\"fl-photo-content fl-photo-img-jpg\"> <img decoding=\"async\" alt=\"Lugar de trabajo de semicera\" class=\"fl-photo-img wp-image-7286\" itemprop=\"image\" src=\"\/wp-content\/uploads\/2025\/09\/b1dd0bcab1675ff4.webp\"> <\/div>\n<\/p><\/div>\n<\/p><\/div>\n<\/p><\/div>\n<div class=\"fl-module fl-module-photo fl-node-66174f1aa90a9\" data-animation-delay=\"0.0\" data-node=\"66174f1aa90a9\">\n<div class=\"fl-module-content fl-node-content\">\n<div class=\"fl-photo fl-photo-align-center\" itemscope=\"\" itemtype=\"http:\/\/schema.org\/ImageObject\">\n<div class=\"fl-photo-content fl-photo-img-jpg\"> <img decoding=\"async\" alt=\"Semicera Work Place 2\" class=\"fl-photo-img wp-image-7287\" itemprop=\"image\" src=\"\/wp-content\/uploads\/2025\/09\/2b946d2b4b61306d.webp\"> <\/div>\n<\/p><\/div>\n<\/p><\/div>\n<\/p><\/div>\n<div class=\"fl-module fl-module-photo fl-node-66174f19c22e8\" data-animation-delay=\"0.0\" data-node=\"66174f19c22e8\">\n<div class=\"fl-module-content fl-node-content\">\n<div class=\"fl-photo fl-photo-align-center\" itemscope=\"\" itemtype=\"http:\/\/schema.org\/ImageObject\">\n<div class=\"fl-photo-content fl-photo-img-jpg\"> <img decoding=\"async\" alt=\"M\u00e1quina de equipos\" class=\"fl-photo-img wp-image-7288\" itemprop=\"image\" src=\"\/wp-content\/uploads\/2025\/09\/081b6529d68ead23.webp\"> <\/div>\n<\/p><\/div>\n<\/p><\/div>\n<\/p><\/div>\n<div class=\"fl-module fl-module-photo fl-node-66174f18e8661\" data-animation-delay=\"0.0\" data-node=\"66174f18e8661\">\n<div class=\"fl-module-content fl-node-content\">\n<div class=\"fl-photo fl-photo-align-center\" itemscope=\"\" itemtype=\"http:\/\/schema.org\/ImageObject\">\n<div class=\"fl-photo-content fl-photo-img-jpg\"> <img decoding=\"async\" alt=\"Procesamiento de CNN, limpieza qu\u00edmica, recubrimiento de CVD\" class=\"fl-photo-img wp-image-7289\" itemprop=\"image\" src=\"\/wp-content\/uploads\/2025\/09\/a4132b2b399abbac.webp\"> <\/div>\n<\/p><\/div>\n<\/p><\/div>\n<\/p><\/div>\n<div class=\"fl-module fl-module-photo fl-node-66174f17eb8da\" data-animation-delay=\"0.0\" data-node=\"66174f17eb8da\">\n<div class=\"fl-module-content fl-node-content\">\n<div class=\"fl-photo fl-photo-align-center\" itemscope=\"\" itemtype=\"http:\/\/schema.org\/ImageObject\">\n<div class=\"fl-photo-content fl-photo-img-jpg\"> <img decoding=\"async\" alt=\"Nuestro servicio\" class=\"fl-photo-img wp-image-7290\" itemprop=\"image\" src=\"\/wp-content\/uploads\/2025\/09\/b07f222c0ec0ab8d.webp\"> <\/div>\n<\/p><\/div>\n<\/p><\/div>\n<\/p><\/div>\n<\/p><\/div>\n<\/p><\/div>\n<\/p><\/div>\n<\/p><\/div>\n<\/p><\/div>\n<\/p><\/div>\n<\/div>","protected":false},"excerpt":{"rendered":"<p><?xml encoding=\"utf-8\" ?><\/p>\n<p>Semicera&nbsp;offers a comprehensive range of susceptors and graphite components designed for various epitaxy reactors.Through strategic partnerships with industry-leading OEMs, extensive materials expertise, and advanced manufacturing capabilities, Semicera&nbsp;delivers tailored designs to meet the specific requirements of your application. Our commitment to excellence ensures that you receive optimal solutions for your epitaxy reactor needs.<\/p>","protected":false},"featured_media":1022,"comment_status":"closed","ping_status":"open","template":"","meta":[],"product_brand":[],"product_cat":[16,17],"product_tag":[],"class_list":{"0":"post-2315","1":"product","2":"type-product","3":"status-publish","4":"has-post-thumbnail","6":"product_cat-cvd-sic","7":"product_cat-si-epitaxial-parts","9":"first","10":"instock","11":"product-type-simple"},"_links":{"self":[{"href":"https:\/\/www.cn-semiconductorparts.com\/es\/wp-json\/wp\/v2\/product\/2315","targetHints":{"allow":["GET"]}}],"collection":[{"href":"https:\/\/www.cn-semiconductorparts.com\/es\/wp-json\/wp\/v2\/product"}],"about":[{"href":"https:\/\/www.cn-semiconductorparts.com\/es\/wp-json\/wp\/v2\/types\/product"}],"replies":[{"embeddable":true,"href":"https:\/\/www.cn-semiconductorparts.com\/es\/wp-json\/wp\/v2\/comments?post=2315"}],"wp:featuredmedia":[{"embeddable":true,"href":"https:\/\/www.cn-semiconductorparts.com\/es\/wp-json\/wp\/v2\/media\/1022"}],"wp:attachment":[{"href":"https:\/\/www.cn-semiconductorparts.com\/es\/wp-json\/wp\/v2\/media?parent=2315"}],"wp:term":[{"taxonomy":"product_brand","embeddable":true,"href":"https:\/\/www.cn-semiconductorparts.com\/es\/wp-json\/wp\/v2\/product_brand?post=2315"},{"taxonomy":"product_cat","embeddable":true,"href":"https:\/\/www.cn-semiconductorparts.com\/es\/wp-json\/wp\/v2\/product_cat?post=2315"},{"taxonomy":"product_tag","embeddable":true,"href":"https:\/\/www.cn-semiconductorparts.com\/es\/wp-json\/wp\/v2\/product_tag?post=2315"}],"curies":[{"name":"WP","href":"https:\/\/api.w.org\/{rel}","templated":true}]}}