{"id":1313,"date":"2025-09-11T05:28:18","date_gmt":"2025-09-11T05:28:18","guid":{"rendered":"https:\/\/weitai2.globaldeepsea.site\/product\/rigid-felt-crucible\/"},"modified":"2026-04-29T15:34:28","modified_gmt":"2026-04-29T07:34:28","slug":"rigid-felt-crucible","status":"publish","type":"product","link":"https:\/\/www.cn-semiconductorparts.com\/fr\/product\/rigid-felt-crucible\/","title":{"rendered":"Crucible rigide"},"content":{"rendered":"<div class=\"fl-builder-content fl-builder-content-11572 fl-builder-content-primary fl-builder-global-templates-locked\" data-post-id=\"11572\">\n<div class=\"fl-row fl-row-full-width fl-row-bg-none fl-node-672dbdf6e615c\" data-node=\"672dbdf6e615c\">\n<div class=\"fl-row-content-wrap\">\n<div class=\"fl-row-content fl-row-full-width fl-node-content\">\n<div class=\"fl-col-group fl-node-672dbe1f42783\" data-node=\"672dbe1f42783\">\n<div class=\"fl-col fl-node-672dbe1f42994\" data-node=\"672dbe1f42994\" style=\"width: 100%;\">\n<div class=\"fl-col-content fl-node-content\">\n<div class=\"fl-module fl-module-rich-text fl-node-672dbe1f425c4\" data-animation-delay=\"0.0\" data-node=\"672dbe1f425c4\">\n<div class=\"fl-module-content fl-node-content\">\n<div class=\"fl-rich-text\">\n<p><span style=\"font-family: arial, helvetica, sans-serif; font-size: medium;\">Le creuset rigide en feutre par semirera est fabriqu\u00e9 pour r\u00e9pondre aux besoins exigeants des environnements \u00e0 haute temp\u00e9rature, combinant la durabilit\u00e9, une excellente isolation thermique et l'int\u00e9grit\u00e9 structurelle. Fabriqu\u00e9 \u00e0 partir de feuilles rigides de haute qualit\u00e9, ce creuset est con\u00e7u pour offrir une stabilit\u00e9 thermique et une r\u00e9sistance \u00e0 l'abrasion sup\u00e9rieures, assurant la fiabilit\u00e9 et les performances \u00e0 long terme. Sa composition de haute puret\u00e9 et sa faible conductivit\u00e9 thermique en font une solution id\u00e9ale pour les industries qui n\u00e9cessitent un contr\u00f4le pr\u00e9cis des temp\u00e9ratures extr\u00eames, y compris la fabrication de semi-conducteurs, la m\u00e9tallurgie et le traitement avanc\u00e9 des mat\u00e9riaux.<\/span><\/p>\n<p><strong><span style=\"font-family: arial, helvetica, sans-serif; font-size: medium;\">Con\u00e7u avec des mat\u00e9riaux avanc\u00e9s pour des performances optimales<\/span><\/strong><\/p>\n<p><span style=\"font-family: arial, helvetica, sans-serif; font-size: medium;\">Le Crucible en feutre rigide semirara int\u00e8gre des mat\u00e9riaux sp\u00e9cialis\u00e9s tels que le graphite isostatique, le graphite poreux et la feuille de graphite pour am\u00e9liorer la stabilit\u00e9 thermique et minimiser la perte thermique. Ces mat\u00e9riaux sont connus pour leur haute puret\u00e9 et leur r\u00e9sistance aux chocs thermiques exceptionnels, permettant au creuset de maintenir sa forme et sa r\u00e9sistance sous une chaleur intense. La combinaison de feuilles rigides et d'autres composants avanc\u00e9s comme le feutre doux et le composite C \/ C donne le creuset des propri\u00e9t\u00e9s d'isolation exceptionnelles, r\u00e9duisant le risque de contamination et d'usure dans les processus de haute pr\u00e9cision.<\/span><\/p>\n<\/p><\/div>\n<\/p><\/div>\n<\/p><\/div>\n<\/p><\/div>\n<\/p><\/div>\n<\/p><\/div>\n<div class=\"fl-col-group fl-node-672dbdf6e61a1\" data-node=\"672dbdf6e61a1\">\n<div class=\"fl-col fl-node-672dbdf6e61e2\" data-node=\"672dbdf6e61e2\" style=\"width: 100%;\">\n<div class=\"fl-col-content fl-node-content\">\n<div class=\"fl-module fl-module-heading fl-node-672dbdf6e6265\" data-animation-delay=\"0.0\" data-node=\"672dbdf6e6265\">\n<div class=\"fl-module-content fl-node-content\">\n<h3 class=\"fl-heading\"> <span class=\"fl-heading-text\">D\u00e9tails du produit<\/span> <\/h3>\n<\/p><\/div>\n<\/p><\/div>\n<div class=\"fl-module fl-module-rich-text fl-node-672dbdf6e6223\" data-animation-delay=\"0.0\" data-node=\"672dbdf6e6223\">\n<div class=\"fl-module-content fl-node-content\">\n<div class=\"fl-rich-text\">\n<table border=\"0\" cellspacing=\"0\">\n<tbody>\n<tr>\n<td valign=\"center\" width=\"337\">\n<p>Nom de produit<\/p>\n<\/td>\n<td valign=\"center\" width=\"330\">\n<p>Graphite en feutre<\/p>\n<\/td>\n<\/tr>\n<tr>\n<td valign=\"center\" width=\"337\">\n<p>Composition chimique<\/p>\n<\/td>\n<td valign=\"center\" width=\"330\">\n<p>Fibre de carbone<\/p>\n<\/td>\n<\/tr>\n<tr>\n<td valign=\"center\" width=\"337\">\n<p>Densit\u00e9 en vrac<\/p>\n<\/td>\n<td valign=\"center\" width=\"330\">\n<p>0.12-0.14g\/cm3<\/p>\n<\/td>\n<\/tr>\n<tr>\n<td valign=\"center\" width=\"337\">\n<p>Teneur en carbone<\/p>\n<\/td>\n<td valign=\"center\" width=\"330\">\n<p>&gt; = 99%<\/p>\n<\/td>\n<\/tr>\n<tr>\n<td valign=\"center\" width=\"337\">\n<p>R\u00e9sistance \u00e0 la traction<\/p>\n<\/td>\n<td valign=\"center\" width=\"330\">\n<p>0.14Mpa<\/p>\n<\/td>\n<\/tr>\n<tr>\n<td valign=\"center\" width=\"337\">\n<p>Conductivit\u00e9 thermique (1150 \u2103)<\/p>\n<\/td>\n<td valign=\"center\" width=\"330\">\n<p>0,08 ~ 0,14W \/ Mk<\/p>\n<\/td>\n<\/tr>\n<tr>\n<td valign=\"center\" width=\"337\">\n<p>Cendre<\/p>\n<\/td>\n<td valign=\"center\" width=\"330\">\n<p>&lt;= 0,005%<\/p>\n<\/td>\n<\/tr>\n<tr>\n<td valign=\"center\" width=\"337\">\n<p>Stress \u00e9crasant<\/p>\n<\/td>\n<td valign=\"center\" width=\"330\">\n<p>8-10N\/cm<\/p>\n<\/td>\n<\/tr>\n<tr>\n<td valign=\"center\" width=\"337\">\n<p>\u00c9paisseur<\/p>\n<\/td>\n<td valign=\"center\" width=\"330\">\n<p>1-10mm<\/p>\n<\/td>\n<\/tr>\n<tr>\n<td valign=\"center\" width=\"337\">\n<p>Temp\u00e9rature de traitement<\/p>\n<\/td>\n<td valign=\"center\" width=\"330\">\n<p>2500(\u2103)<\/p>\n<\/td>\n<\/tr>\n<\/tbody>\n<\/table><\/div>\n<\/p><\/div>\n<\/p><\/div>\n<\/p><\/div>\n<\/p><\/div>\n<\/p><\/div>\n<div class=\"fl-col-group fl-node-672dbdf6e65f3\" data-node=\"672dbdf6e65f3\">\n<div class=\"fl-col fl-node-672dbdf6e6634\" data-node=\"672dbdf6e6634\" style=\"width: 50.89%;\">\n<div class=\"fl-col-content fl-node-content\">\n<div class=\"fl-module fl-module-rich-text fl-node-672dbdf6e6678\" data-animation-delay=\"0.0\" data-node=\"672dbdf6e6678\">\n<div class=\"fl-module-content fl-node-content\">\n<div class=\"fl-rich-text\">\n<p><strong><span style=\"font-family: arial, helvetica, sans-serif; font-size: medium;\">Il existe actuellement quatre grades disponibles pour fournir des produits bruts ou transform\u00e9s:<\/span><\/strong><br \/><span style=\"font-family: arial, helvetica, sans-serif; font-size: medium;\"><strong>SCRF:<\/strong> Fibre de graphite durci par le feuilles durs, temp\u00e9rature de traitement thermique au-dessus de 1900\u2103<\/span><br \/><span style=\"font-family: arial, helvetica, sans-serif; font-size: medium;\"><strong>Scrf-p:<\/strong> Felt dur RVB hautement purifi\u00e9<\/span><br \/><span style=\"font-family: arial, helvetica, sans-serif; font-size: medium;\"><strong>SCRF-LTC:<\/strong> Fibre de graphite solidifi\u00e9 purifi\u00e9 Fonction dure, temp\u00e9rature de traitement thermique au-dessus de 1900 \u2103, avec de meilleures performances d'isolation thermique<\/span><br \/><span style=\"font-family: arial, helvetica, sans-serif; font-size: medium;\"><strong>SCRF-LTC-P:<\/strong> RHB-LTC hautement purifi\u00e9 en feutre dur<\/span><\/p>\n<p><strong><span style=\"font-family: arial, helvetica, sans-serif; font-size: medium;\">Taille disponible:<\/span><\/strong><br \/><span style=\"font-family: arial, helvetica, sans-serif; font-size: medium;\">Plaque: 1500 * 1800 (max) \u00c9paisseur 20-200 mm<\/span><br \/><span style=\"font-family: arial, helvetica, sans-serif; font-size: medium;\">Tambour rond: 1500 * 2000 (max) \u00e9pais 20-150 mm<\/span><br \/><span style=\"font-family: arial, helvetica, sans-serif; font-size: medium;\">Tambour carr\u00e9: 1500 * 1500 * 2000 (max) \u00e9paisseur 60-120 mm<\/span><br \/><span style=\"font-family: arial, helvetica, sans-serif; font-size: medium;\">Plage de temp\u00e9rature applicative: 1250-2600<\/span><\/p>\n<\/p><\/div>\n<\/p><\/div>\n<\/p><\/div>\n<\/p><\/div>\n<\/p><\/div>\n<div class=\"fl-col fl-node-672dbdf6e6841 fl-col-small\" data-node=\"672dbdf6e6841\" style=\"width: 49.11%;\">\n<div class=\"fl-col-content fl-node-content\">\n<div class=\"fl-module fl-module-photo fl-node-672dbdf6e67bf\" data-animation-delay=\"0.0\" data-node=\"672dbdf6e67bf\">\n<div class=\"fl-module-content fl-node-content\">\n<div class=\"fl-photo fl-photo-align-center\" itemscope=\"\" itemtype=\"http:\/\/schema.org\/ImageObject\">\n<div class=\"fl-photo-content fl-photo-img-png\"> <img decoding=\"async\" alt=\"si-growth-882326\" class=\"fl-photo-img wp-image-11575\" itemprop=\"image\" src=\"\/wp-content\/uploads\/2025\/09\/152a8e9d596dbb3c.webp\"> <\/img><\/div>\n<\/p><\/div>\n<\/p><\/div>\n<\/p><\/div>\n<\/p><\/div>\n<\/p><\/div>\n<\/p><\/div>\n<div class=\"fl-col-group fl-node-672dbe52556d1\" data-node=\"672dbe52556d1\">\n<div class=\"fl-col fl-node-672dbe52558d5\" data-node=\"672dbe52558d5\" style=\"width: 100%;\">\n<div class=\"fl-col-content fl-node-content\">\n<div class=\"fl-module fl-module-rich-text fl-node-672dbe525552f\" data-animation-delay=\"0.0\" data-node=\"672dbe525552f\">\n<div class=\"fl-module-content fl-node-content\">\n<div class=\"fl-rich-text\">\n<p><strong><span style=\"font-family: arial, helvetica, sans-serif; font-size: medium;\">Applications dans l'industrie des semi-conducteurs<\/span><\/strong><\/p>\n<p><span style=\"font-family: arial, helvetica, sans-serif; font-size: medium;\">Dans l'industrie des semi-conducteurs, le crucible rigide semi-contes est indispensable dans les processus \u00e0 haute temp\u00e9rature tels que la fabrication de la plaquette, la croissance des cristaux et le d\u00e9p\u00f4t chimique de vapeur. Son mat\u00e9riau en feutre rigide de haute puret\u00e9 assure un risque de contamination minimal, ce qui le rend bien adapt\u00e9 aux environnements de salle blanche et aux applications thermiques pr\u00e9cises. La durabilit\u00e9 et la r\u00e9sistance \u00e0 l'abrasion du creuset sont particuli\u00e8rement utiles pour les \u00e9quipements semi-conducteurs qui subissent un cycle thermique fr\u00e9quent, car il aide \u00e0 maintenir la coh\u00e9rence et l'efficacit\u00e9 des produits au fil du temps.<\/span><\/p>\n<p><span style=\"font-family: arial, helvetica, sans-serif; font-size: medium;\">De plus, le Crucible en feutre rigide semirara sert de composant cl\u00e9 dans les processus impliquant des feuilles de graphite, du graphite poreux et des composites C \/ C utilis\u00e9s dans la fabrication de semi-conducteurs, soutenant l'int\u00e9grit\u00e9 et la qualit\u00e9 des plaquettes et composants de semi-conducteurs.<\/span><\/p>\n<p><strong><span style=\"font-family: arial, helvetica, sans-serif; font-size: medium;\">R\u00e9sistance \u00e0 la chaleur exceptionnelle et durabilit\u00e9 de l'usure<\/span><\/strong><\/p>\n<p><span style=\"font-family: arial, helvetica, sans-serif; font-size: medium;\">Avec sa stabilit\u00e9 thermique \u00e9lev\u00e9e et sa r\u00e9sistance \u00e0 l'abrasion, le creuset rigide en feutre par semirera est con\u00e7u pour g\u00e9rer facilement les environnements les plus exigeants. Sa r\u00e9silience \u00e0 la chaleur extr\u00eame et aux conditions abrasives garantit qu'elle r\u00e9siste \u00e0 une utilisation \u00e0 long terme sans d\u00e9gradation, ce qui le rend id\u00e9al pour les applications qui n\u00e9cessitent des performances coh\u00e9rentes \u00e0 haute temp\u00e9rature et un faible entretien.<\/span><\/p>\n<p><strong><span style=\"font-family: arial, helvetica, sans-serif; font-size: medium;\">Solution de haute puret\u00e9 pour les processus industriels avanc\u00e9s<\/span><\/strong><\/p>\n<p><span style=\"font-family: arial, helvetica, sans-serif; font-size: medium;\">Issue avec les normes les plus \u00e9lev\u00e9es de puret\u00e9 et de performance, le Crucible en feutre rigide Semicera fournit une solution fiable, durable et haute performance pour les industries qui exigent une qualit\u00e9 et une durabilit\u00e9 rigoureuses. Des besoins pr\u00e9cis de la production de semi-conducteurs \u00e0 d'autres industries de haute technologie n\u00e9cessitant un contr\u00f4le thermique exigeant, ce creuset est con\u00e7u pour am\u00e9liorer l'efficacit\u00e9 op\u00e9rationnelle et la qualit\u00e9 des produits.<\/span><\/p>\n<p><span style=\"font-family: arial, helvetica, sans-serif; font-size: medium;\">Choisissez le creuset en feutre rigide par semirara pour la stabilit\u00e9 thermique avanc\u00e9e, la r\u00e9sistance \u00e0 l'abrasion et les solutions de haute puret\u00e9 \u00e0 travers des applications critiques \u00e0 haute temp\u00e9rature.<\/span><\/p>\n<\/p><\/div>\n<\/p><\/div>\n<\/p><\/div>\n<\/p><\/div>\n<\/p><\/div>\n<\/p><\/div>\n<\/p><\/div>\n<\/p><\/div>\n<\/p><\/div>\n<div class=\"fl-row fl-row-full-width fl-row-bg-none fl-node-672dbe0a304c5\" data-node=\"672dbe0a304c5\">\n<div class=\"fl-row-content-wrap\">\n<div class=\"fl-row-content fl-row-full-width fl-node-content\">\n<div class=\"fl-col-group fl-node-672dbe0a30507\" data-node=\"672dbe0a30507\">\n<div class=\"fl-col fl-node-672dbe0a30532\" data-node=\"672dbe0a30532\" style=\"width: 100%;\">\n<div class=\"fl-col-content fl-node-content\">\n<div class=\"fl-module fl-module-photo fl-node-672dbe0a30571\" data-animation-delay=\"0.0\" data-node=\"672dbe0a30571\">\n<div class=\"fl-module-content fl-node-content\">\n<div class=\"fl-photo fl-photo-align-center\" itemscope=\"\" itemtype=\"http:\/\/schema.org\/ImageObject\">\n<div class=\"fl-photo-content fl-photo-img-jpg\"> <img decoding=\"async\" alt=\"Lieu de travail Semiera\" class=\"fl-photo-img wp-image-9038\" itemprop=\"image\" src=\"\/wp-content\/uploads\/2025\/09\/b1dd0bcab1675ff4.webp\"> <\/img><\/div>\n<\/p><\/div>\n<\/p><\/div>\n<\/p><\/div>\n<div class=\"fl-module fl-module-photo fl-node-672dbe0a306ac\" data-animation-delay=\"0.0\" data-node=\"672dbe0a306ac\">\n<div class=\"fl-module-content fl-node-content\">\n<div class=\"fl-photo fl-photo-align-center\" itemscope=\"\" itemtype=\"http:\/\/schema.org\/ImageObject\">\n<div class=\"fl-photo-content fl-photo-img-jpg\"> <img decoding=\"async\" alt=\"Semirara Lieu de travail 2\" class=\"fl-photo-img wp-image-9037\" itemprop=\"image\" src=\"\/wp-content\/uploads\/2025\/09\/2b946d2b4b61306d.webp\"> <\/img><\/div>\n<\/p><\/div>\n<\/p><\/div>\n<\/p><\/div>\n<div class=\"fl-module fl-module-photo fl-node-672dbe0a3066d\" data-animation-delay=\"0.0\" data-node=\"672dbe0a3066d\">\n<div class=\"fl-module-content fl-node-content\">\n<div class=\"fl-photo fl-photo-align-center\" itemscope=\"\" itemtype=\"http:\/\/schema.org\/ImageObject\">\n<div class=\"fl-photo-content fl-photo-img-jpg\"> <img decoding=\"async\" alt=\"Machine de mat\u00e9riel\" class=\"fl-photo-img wp-image-9034 size-full\" itemprop=\"image\" src=\"\/wp-content\/uploads\/2025\/09\/081b6529d68ead23.webp\"> <\/img><\/div>\n<\/p><\/div>\n<\/p><\/div>\n<\/p><\/div>\n<div class=\"fl-module fl-module-photo fl-node-672dbe0a3062e\" data-animation-delay=\"0.0\" data-node=\"672dbe0a3062e\">\n<div class=\"fl-module-content fl-node-content\">\n<div class=\"fl-photo fl-photo-align-center\" itemscope=\"\" itemtype=\"http:\/\/schema.org\/ImageObject\">\n<div class=\"fl-photo-content fl-photo-img-jpg\"> <img decoding=\"async\" alt=\"Traitement CNN, nettoyage chimique, rev\u00eatement CVD\" class=\"fl-photo-img wp-image-9033\" itemprop=\"image\" src=\"\/wp-content\/uploads\/2025\/09\/a4132b2b399abbac.webp\"> <\/img><\/div>\n<\/p><\/div>\n<\/p><\/div>\n<\/p><\/div>\n<div class=\"fl-module fl-module-photo fl-node-672dbe0a305ef\" data-animation-delay=\"0.0\" data-node=\"672dbe0a305ef\">\n<div class=\"fl-module-content fl-node-content\">\n<div class=\"fl-photo fl-photo-align-center\" itemscope=\"\" itemtype=\"http:\/\/schema.org\/ImageObject\">\n<div class=\"fl-photo-content fl-photo-img-jpg\"> <img decoding=\"async\" alt=\"Maison des articles semira\" class=\"fl-photo-img wp-image-9036\" itemprop=\"image\" src=\"\/wp-content\/uploads\/2025\/09\/2190bb9ce5c1d546.webp\"> <\/img><\/div>\n<\/p><\/div>\n<\/p><\/div>\n<\/p><\/div>\n<div class=\"fl-module fl-module-photo fl-node-672dbe0a305b0\" data-animation-delay=\"0.0\" data-node=\"672dbe0a305b0\">\n<div class=\"fl-module-content fl-node-content\">\n<div class=\"fl-photo fl-photo-align-center\" itemscope=\"\" itemtype=\"http:\/\/schema.org\/ImageObject\">\n<div class=\"fl-photo-content fl-photo-img-jpg\"> <img decoding=\"async\" alt=\"Notre service\" class=\"fl-photo-img wp-image-9035\" itemprop=\"image\" src=\"\/wp-content\/uploads\/2025\/09\/b07f222c0ec0ab8d.webp\"> <\/img><\/div>\n<\/p><\/div>\n<\/p><\/div>\n<\/p><\/div>\n<\/p><\/div>\n<\/p><\/div>\n<\/p><\/div>\n<\/p><\/div>\n<\/p><\/div>\n<\/p><\/div>\n<\/div>","protected":false},"excerpt":{"rendered":"<p>Le creuset rigide en feutre de Semicera est con\u00e7u pour des performances sup\u00e9rieures dans des applications \u00e0 haute temp\u00e9rature, offrant une excellente isolation thermique et une int\u00e9grit\u00e9 structurelle. Construit \u00e0 partir de mat\u00e9riaux en feutre rigide de qualit\u00e9 sup\u00e9rieure, ce creuset fournit une r\u00e9sistance \u00e0 la chaleur fiable, une faible conductivit\u00e9 thermique et une durabilit\u00e9 exceptionnelle, ce qui le rend id\u00e9al pour les processus de fabrication avanc\u00e9e et les tests de mat\u00e9riaux.<\/p>","protected":false},"featured_media":665,"comment_status":"closed","ping_status":"open","template":"","meta":[],"product_brand":[],"product_cat":[29,30],"product_tag":[],"class_list":{"0":"post-1313","1":"product","2":"type-product","3":"status-publish","4":"has-post-thumbnail","6":"product_cat-carbon-fiber","7":"product_cat-hard-felt","9":"first","10":"instock","11":"product-type-simple"},"_links":{"self":[{"href":"https:\/\/www.cn-semiconductorparts.com\/fr\/wp-json\/wp\/v2\/product\/1313","targetHints":{"allow":["GET"]}}],"collection":[{"href":"https:\/\/www.cn-semiconductorparts.com\/fr\/wp-json\/wp\/v2\/product"}],"about":[{"href":"https:\/\/www.cn-semiconductorparts.com\/fr\/wp-json\/wp\/v2\/types\/product"}],"replies":[{"embeddable":true,"href":"https:\/\/www.cn-semiconductorparts.com\/fr\/wp-json\/wp\/v2\/comments?post=1313"}],"wp:featuredmedia":[{"embeddable":true,"href":"https:\/\/www.cn-semiconductorparts.com\/fr\/wp-json\/wp\/v2\/media\/665"}],"wp:attachment":[{"href":"https:\/\/www.cn-semiconductorparts.com\/fr\/wp-json\/wp\/v2\/media?parent=1313"}],"wp:term":[{"taxonomy":"product_brand","embeddable":true,"href":"https:\/\/www.cn-semiconductorparts.com\/fr\/wp-json\/wp\/v2\/product_brand?post=1313"},{"taxonomy":"product_cat","embeddable":true,"href":"https:\/\/www.cn-semiconductorparts.com\/fr\/wp-json\/wp\/v2\/product_cat?post=1313"},{"taxonomy":"product_tag","embeddable":true,"href":"https:\/\/www.cn-semiconductorparts.com\/fr\/wp-json\/wp\/v2\/product_tag?post=1313"}],"curies":[{"name":"WP","href":"https:\/\/api.w.org\/{rel}","templated":true}]}}