{"id":1314,"date":"2025-09-11T05:28:25","date_gmt":"2025-09-11T05:28:25","guid":{"rendered":"https:\/\/weitai2.globaldeepsea.site\/product\/silicon-nitride-guide-roller\/"},"modified":"2026-04-29T15:34:13","modified_gmt":"2026-04-29T07:34:13","slug":"silicon-nitride-guide-roller","status":"publish","type":"product","link":"https:\/\/www.cn-semiconductorparts.com\/fr\/product\/silicon-nitride-guide-roller\/","title":{"rendered":"Rouleau de guide de nitrure de silicium"},"content":{"rendered":"<div class=\"fl-builder-content fl-builder-content-11558 fl-builder-content-primary fl-builder-global-templates-locked\" data-post-id=\"11558\">\n<div class=\"fl-row fl-row-full-width fl-row-bg-none fl-node-672da9af868e7\" data-node=\"672da9af868e7\">\n<div class=\"fl-row-content-wrap\">\n<div class=\"fl-row-content fl-row-full-width fl-node-content\">\n<div class=\"fl-col-group fl-node-672da9af86932\" data-node=\"672da9af86932\">\n<div class=\"fl-col fl-node-672da9af8697a\" data-node=\"672da9af8697a\" style=\"width: 100%;\">\n<div class=\"fl-col-content fl-node-content\">\n<div class=\"fl-module fl-module-rich-text fl-node-672da9af869c2\" data-animation-delay=\"0.0\" data-node=\"672da9af869c2\">\n<div class=\"fl-module-content fl-node-content\">\n<div class=\"fl-rich-text\">\n<p><span style=\"font-family: arial, helvetica, sans-serif; font-size: medium;\">Le rouleau de guide de nitrure de silicium de Semiera est con\u00e7u pour offrir une durabilit\u00e9 et une fiabilit\u00e9 exceptionnelles dans des applications \u00e0 haute demande. Fabriqu\u00e9 \u00e0 partir de nitrure de silicium de haute puret\u00e9 (Si3N4), ce rouleau en c\u00e9ramique avanc\u00e9 offre une r\u00e9sistance \u00e0 l'usure exceptionnelle, une stabilit\u00e9 thermique sup\u00e9rieure et une excellente r\u00e9sistance m\u00e9canique, ce qui en fait un choix id\u00e9al pour les industries qui n\u00e9cessitent une pr\u00e9cision, une performance \u00e9lev\u00e9e et une dur\u00e9e de vie prolong\u00e9e.<\/span><\/p>\n<p><strong><span style=\"font-family: arial, helvetica, sans-serif; font-size: medium;\">Durabilit\u00e9 sup\u00e9rieure et stabilit\u00e9 thermique<\/span><\/strong><\/p>\n<p><span style=\"font-family: arial, helvetica, sans-serif; font-size: medium;\">Le rouleau de guide de nitrure de silicium seminer se distingue en raison de sa combinaison unique de nitrure de silicium (Si3N4) et d'autres mat\u00e9riaux c\u00e9ramiques avanc\u00e9s tels que le carbure de silicium (SIC), l'alumine (AL2O3), le nitrure d'aluminium (AIN) et le zircone (ZRO2). Cette composition garantit que le rouleau offre une r\u00e9sistance \u00e0 l'usure exceptionnelle et peut supporter des environnements \u00e0 haute temp\u00e9rature, m\u00eame sous une contrainte continue. La stabilit\u00e9 thermique \u00e9lev\u00e9e du nitrure de silicium lui permet de maintenir son int\u00e9grit\u00e9 et de fonctionner de mani\u00e8re fiable dans des applications o\u00f9 des fluctuations rapides de temp\u00e9rature ou une chaleur \u00e9lev\u00e9e sont courantes.<\/span><\/p>\n<p><strong><span style=\"font-family: arial, helvetica, sans-serif; font-size: medium;\">C\u00e9ramique composite pour des performances durables<\/span><\/strong><\/p>\n<p><span style=\"font-family: arial, helvetica, sans-serif; font-size: medium;\">Con\u00e7u comme une c\u00e9ramique composite, le rouleau de guide de nitrure de silicium semirara int\u00e8gre des mat\u00e9riaux avanc\u00e9s pour fournir des propri\u00e9t\u00e9s m\u00e9caniques sup\u00e9rieures qui minimisent l'usure, la r\u00e9duction des besoins de maintenance et les temps d'arr\u00eat dans les syst\u00e8mes haute performance. Sa r\u00e9sistance \u00e0 l'abrasion et au choc thermique le rend tr\u00e8s efficace dans des environnements automatis\u00e9s et \u00e0 grande vitesse. Les applications o\u00f9 la r\u00e9sistance \u00e9lev\u00e9e du rouleau et la faible friction sont essentielles comprennent les machines de pr\u00e9cision, la fabrication de semi-conducteurs et les syst\u00e8mes de manutention des mat\u00e9riaux.<\/span><\/p>\n<\/p><\/div>\n<\/p><\/div>\n<\/p><\/div>\n<\/p><\/div>\n<\/p><\/div>\n<\/p><\/div>\n<div class=\"fl-col-group fl-node-672da9af86a52\" data-node=\"672da9af86a52\">\n<div class=\"fl-col fl-node-672da9af86a9a fl-col-small\" data-node=\"672da9af86a9a\" style=\"width: 50%;\">\n<div class=\"fl-col-content fl-node-content\">\n<div class=\"fl-module fl-module-rich-text fl-node-672da9af86ae2\" data-animation-delay=\"0.0\" data-node=\"672da9af86ae2\">\n<div class=\"fl-module-content fl-node-content\">\n<div class=\"fl-rich-text\">\n<p><span style=\"font-family: arial, helvetica, sans-serif; font-size: medium;\"><strong>Propri\u00e9t\u00e9s de la c\u00e9ramique au nitrure de silicium<\/strong><\/span><\/p>\n<p><span style=\"font-family: arial, helvetica, sans-serif; font-size: medium;\">1, a une forte r\u00e9sistance dans une grande plage de temp\u00e9ratures;<\/span><\/p>\n<p><span style=\"font-family: arial, helvetica, sans-serif; font-size: medium;\">2, force de fracture \u00e9lev\u00e9e;<\/span><\/p>\n<p><span style=\"font-family: arial, helvetica, sans-serif; font-size: medium;\">3, bonne force de flexion;<\/span><\/p>\n<p><span style=\"font-family: arial, helvetica, sans-serif; font-size: medium;\">4, r\u00e9sistance \u00e0 la fatigue m\u00e9canique et au fluage;<\/span><\/p>\n<p><span style=\"font-family: arial, helvetica, sans-serif; font-size: medium;\">5, lumi\u00e8re - basse densit\u00e9;<\/span><\/p>\n<p><span style=\"font-family: arial, helvetica, sans-serif; font-size: medium;\">6, r\u00e9sistance \u00e9lev\u00e9e \u00e0 la duret\u00e9 et \u00e0 l'usure;<\/span><\/p>\n<p><span style=\"font-family: arial, helvetica, sans-serif; font-size: medium;\">7, excellente r\u00e9sistance aux chocs thermiques;<\/span><\/p>\n<p><span style=\"font-family: arial, helvetica, sans-serif; font-size: medium;\">8, faible dilatation thermique;<\/span><\/p>\n<p><span style=\"font-family: arial, helvetica, sans-serif; font-size: medium;\">9, isolant \u00e9lectrique;<\/span><\/p>\n<p><span style=\"font-family: arial, helvetica, sans-serif; font-size: medium;\">10, bonne r\u00e9sistance \u00e0 l'oxydation;<\/span><\/p>\n<p><span style=\"font-family: arial, helvetica, sans-serif; font-size: medium;\">11, bonne r\u00e9sistance \u00e0 la corrosion chimique.<\/span><\/p>\n<\/p><\/div>\n<\/p><\/div>\n<\/p><\/div>\n<\/p><\/div>\n<\/p><\/div>\n<div class=\"fl-col fl-node-672da9af86e95 fl-col-small\" data-node=\"672da9af86e95\" style=\"width: 50%;\">\n<div class=\"fl-col-content fl-node-content\">\n<div class=\"fl-module fl-module-photo fl-node-672da9af86c4a\" data-animation-delay=\"0.0\" data-node=\"672da9af86c4a\">\n<div class=\"fl-module-content fl-node-content\">\n<div class=\"fl-photo fl-photo-align-center\" itemscope=\"\" itemtype=\"http:\/\/schema.org\/ImageObject\">\n<div class=\"fl-photo-content fl-photo-img-jpg\"> <img decoding=\"async\" alt=\"C\u00e9ramique au nitrure de silicium\" class=\"fl-photo-img wp-image-1990 size-full\" itemprop=\"image\" src=\"\/wp-content\/uploads\/2025\/09\/c3a060257fdd8071.webp\"> <\/img><\/div>\n<\/p><\/div>\n<\/p><\/div>\n<\/p><\/div>\n<\/p><\/div>\n<\/p><\/div>\n<\/p><\/div>\n<div class=\"fl-col-group fl-node-672da9af86b71\" data-node=\"672da9af86b71\">\n<div class=\"fl-col fl-node-672da9af86bb8\" data-node=\"672da9af86bb8\" style=\"width: 100%;\">\n<div class=\"fl-col-content fl-node-content\">\n<div class=\"fl-module fl-module-photo fl-node-672da9af86c93\" data-animation-delay=\"0.0\" data-node=\"672da9af86c93\">\n<div class=\"fl-module-content fl-node-content\">\n<div class=\"fl-photo fl-photo-align-center\" itemscope=\"\" itemtype=\"http:\/\/schema.org\/ImageObject\">\n<div class=\"fl-photo-content fl-photo-img-png\"> <img decoding=\"async\" alt=\"sem-se-images-of-si3n4-ceramic-at-a-5000---and-b-30-000---magnifications--c-pore-size-distribution-a\" class=\"fl-photo-img wp-image-11561\" itemprop=\"image\" src=\"\/wp-content\/uploads\/2025\/09\/98954e401da68de5.webp\"> <\/img><\/div>\n<\/p><\/div>\n<\/p><\/div>\n<\/p><\/div>\n<\/p><\/div>\n<\/p><\/div>\n<\/p><\/div>\n<div class=\"fl-col-group fl-node-672da9af86fba\" data-node=\"672da9af86fba\">\n<div class=\"fl-col fl-node-672da9af87006\" data-node=\"672da9af87006\" style=\"width: 100%;\">\n<div class=\"fl-col-content fl-node-content\">\n<div class=\"fl-module fl-module-rich-text fl-node-672daa1b96135\" data-animation-delay=\"0.0\" data-node=\"672daa1b96135\">\n<div class=\"fl-module-content fl-node-content\">\n<div class=\"fl-rich-text\">\n<p><span style=\"font-family: arial, helvetica, sans-serif; font-size: medium;\"><strong>Applications de l'industrie des semi-conducteurs<\/strong><\/span><\/p>\n<p><span style=\"font-family: arial, helvetica, sans-serif; font-size: medium;\">Dans l'industrie des semi-conducteurs, le rouleau de guide de nitrure de silicium de Semicera joue un r\u00f4le essentiel dans la manipulation des plaquettes, le transport des mat\u00e9riaux et d'autres processus de haute pr\u00e9cision. La r\u00e9sistance \u00e0 l'usure du rouleau et la composition de haute puret\u00e9 garantissent qu'il fonctionne avec une contamination minimale, qui est critique pour la fabrication de semi-conducteurs. Dans la production de porteurs de plaquettes, de joints m\u00e9caniques, de bateaux \u00e0 plaquettes et d'autres composants sensibles, la capacit\u00e9 du rouleau \u00e0 r\u00e9sister \u00e0 des temp\u00e9ratures \u00e9lev\u00e9es et \u00e0 maintenir des performances coh\u00e9rentes est inestimable.<\/span><\/p>\n<p><span style=\"font-family: arial, helvetica, sans-serif; font-size: medium;\">Le rouleau s'int\u00e8gre \u00e9galement de mani\u00e8re transparente dans les syst\u00e8mes utilisant des manches d'essieu, des bagues et d'autres pi\u00e8ces de haute pr\u00e9cision, assurant un fonctionnement et une long\u00e9vit\u00e9 en douceur dans des environnements automatis\u00e9s exigeants. Que ce soit utilis\u00e9 dans le traitement des mat\u00e9riaux ou l'\u00e9quipement qui n\u00e9cessite un mouvement et une stabilit\u00e9 pr\u00e9cis, le rouleau de guide de nitrure de silicium semiric\u00e8re est un composant essentiel dans les lignes de production modernes et hautes performances.<\/span><\/p>\n<p><span style=\"font-family: arial, helvetica, sans-serif; font-size: medium;\"><strong>Solutions de haute puret\u00e9 pour la manipulation de pr\u00e9cision<\/strong><\/span><\/p>\n<p><span style=\"font-family: arial, helvetica, sans-serif; font-size: medium;\">Gr\u00e2ce \u00e0 sa combinaison exceptionnelle de nitrure de silicium de haute puret\u00e9 et de propri\u00e9t\u00e9s m\u00e9caniques sup\u00e9rieures, le rouleau de guide de nitrure de silicium semiric\u00e8re est con\u00e7u pour des applications \u00e0 haute demande qui n\u00e9cessitent une durabilit\u00e9, une pr\u00e9cision et une r\u00e9sistance \u00e0 des conditions extr\u00eames. Qu'il s'agisse de transporteurs de plaquettes pour l'industrie des semi-conducteurs ou dans le cadre d'un syst\u00e8me automatis\u00e9 critique, ce rouleau assure des performances lisses et fiables avec un minimum d'usure, ce qui en fait la solution id\u00e9ale pour les industries qui exigent le meilleur.<\/span><\/p>\n<p><span style=\"font-family: arial, helvetica, sans-serif; font-size: medium;\">Choisissez le rouleau de guide de nitrure de silicium par semirera pour une solution haute performance \u00e0 faible entretien qui offre une valeur et une pr\u00e9cision \u00e0 long terme, m\u00eame dans les environnements les plus difficiles.<\/span><\/p>\n<\/p><\/div>\n<\/p><\/div>\n<\/p><\/div>\n<\/p><\/div>\n<\/p><\/div>\n<\/p><\/div>\n<\/p><\/div>\n<\/p><\/div>\n<\/p><\/div>\n<div class=\"fl-row fl-row-full-width fl-row-bg-none fl-node-672da9b90cde1\" data-node=\"672da9b90cde1\">\n<div class=\"fl-row-content-wrap\">\n<div class=\"fl-row-content fl-row-full-width fl-node-content\">\n<div class=\"fl-col-group fl-node-672da9b90ce2d\" data-node=\"672da9b90ce2d\">\n<div class=\"fl-col fl-node-672da9b90ce75\" data-node=\"672da9b90ce75\" style=\"width: 100%;\">\n<div class=\"fl-col-content fl-node-content\">\n<div class=\"fl-module fl-module-photo fl-node-672da9b90cebc\" data-animation-delay=\"0.0\" data-node=\"672da9b90cebc\">\n<div class=\"fl-module-content fl-node-content\">\n<div class=\"fl-photo fl-photo-align-center\" itemscope=\"\" itemtype=\"http:\/\/schema.org\/ImageObject\">\n<div class=\"fl-photo-content fl-photo-img-jpg\"> <img decoding=\"async\" alt=\"Lieu de travail Semiera\" class=\"fl-photo-img wp-image-9038\" itemprop=\"image\" src=\"\/wp-content\/uploads\/2025\/09\/b1dd0bcab1675ff4.webp\"> <\/img><\/div>\n<\/p><\/div>\n<\/p><\/div>\n<\/p><\/div>\n<div class=\"fl-module fl-module-photo fl-node-672da9b90d02a\" data-animation-delay=\"0.0\" data-node=\"672da9b90d02a\">\n<div class=\"fl-module-content fl-node-content\">\n<div class=\"fl-photo fl-photo-align-center\" itemscope=\"\" itemtype=\"http:\/\/schema.org\/ImageObject\">\n<div class=\"fl-photo-content fl-photo-img-jpg\"> <img decoding=\"async\" alt=\"Semirara Lieu de travail 2\" class=\"fl-photo-img wp-image-9037\" itemprop=\"image\" src=\"\/wp-content\/uploads\/2025\/09\/2b946d2b4b61306d.webp\"> <\/img><\/div>\n<\/p><\/div>\n<\/p><\/div>\n<\/p><\/div>\n<div class=\"fl-module fl-module-photo fl-node-672da9b90cfe4\" data-animation-delay=\"0.0\" data-node=\"672da9b90cfe4\">\n<div class=\"fl-module-content fl-node-content\">\n<div class=\"fl-photo fl-photo-align-center\" itemscope=\"\" itemtype=\"http:\/\/schema.org\/ImageObject\">\n<div class=\"fl-photo-content fl-photo-img-jpg\"> <img decoding=\"async\" alt=\"Machine de mat\u00e9riel\" class=\"fl-photo-img wp-image-9034 size-full\" itemprop=\"image\" src=\"\/wp-content\/uploads\/2025\/09\/081b6529d68ead23.webp\"> <\/img><\/div>\n<\/p><\/div>\n<\/p><\/div>\n<\/p><\/div>\n<div class=\"fl-module fl-module-photo fl-node-672da9b90cf9e\" data-animation-delay=\"0.0\" data-node=\"672da9b90cf9e\">\n<div class=\"fl-module-content fl-node-content\">\n<div class=\"fl-photo fl-photo-align-center\" itemscope=\"\" itemtype=\"http:\/\/schema.org\/ImageObject\">\n<div class=\"fl-photo-content fl-photo-img-jpg\"> <img decoding=\"async\" alt=\"Traitement CNN, nettoyage chimique, rev\u00eatement CVD\" class=\"fl-photo-img wp-image-9033\" itemprop=\"image\" src=\"\/wp-content\/uploads\/2025\/09\/a4132b2b399abbac.webp\"> <\/img><\/div>\n<\/p><\/div>\n<\/p><\/div>\n<\/p><\/div>\n<div class=\"fl-module fl-module-photo fl-node-672da9b90cf57\" data-animation-delay=\"0.0\" data-node=\"672da9b90cf57\">\n<div class=\"fl-module-content fl-node-content\">\n<div class=\"fl-photo fl-photo-align-center\" itemscope=\"\" itemtype=\"http:\/\/schema.org\/ImageObject\">\n<div class=\"fl-photo-content fl-photo-img-jpg\"> <img decoding=\"async\" alt=\"Maison des articles semira\" class=\"fl-photo-img wp-image-9036\" itemprop=\"image\" src=\"\/wp-content\/uploads\/2025\/09\/2190bb9ce5c1d546.webp\"> <\/img><\/div>\n<\/p><\/div>\n<\/p><\/div>\n<\/p><\/div>\n<div class=\"fl-module fl-module-photo fl-node-672da9b90cf0e\" data-animation-delay=\"0.0\" data-node=\"672da9b90cf0e\">\n<div class=\"fl-module-content fl-node-content\">\n<div class=\"fl-photo fl-photo-align-center\" itemscope=\"\" itemtype=\"http:\/\/schema.org\/ImageObject\">\n<div class=\"fl-photo-content fl-photo-img-jpg\"> <img decoding=\"async\" alt=\"Notre service\" class=\"fl-photo-img wp-image-9035\" itemprop=\"image\" src=\"\/wp-content\/uploads\/2025\/09\/b07f222c0ec0ab8d.webp\"> <\/img><\/div>\n<\/p><\/div>\n<\/p><\/div>\n<\/p><\/div>\n<\/p><\/div>\n<\/p><\/div>\n<\/p><\/div>\n<\/p><\/div>\n<\/p><\/div>\n<\/p><\/div>\n<\/div>","protected":false},"excerpt":{"rendered":"<p>Le rouleau de guide de nitrure de silicium par semirera est con\u00e7u pour une performance haute performance dans les applications de manipulation de pr\u00e9cision, offrant une durabilit\u00e9 exceptionnelle, une r\u00e9sistance \u00e0 l'usure et une stabilit\u00e9 thermique. Fabriqu\u00e9 \u00e0 partir de nitrure de silicium de haute qualit\u00e9 (Si3N4), ce rouleau de guide est con\u00e7u pour r\u00e9sister aux conditions difficiles, y compris des temp\u00e9ratures \u00e9lev\u00e9es et une contrainte m\u00e9canique. Sa composition en c\u00e9ramique avanc\u00e9e garantit une usure minimale au fil du temps, ce qui le rend id\u00e9al pour une utilisation dans des industries telles que la fabrication de semi-conducteurs, l'automobile et le traitement des mat\u00e9riaux.<\/p>","protected":false},"featured_media":961,"comment_status":"closed","ping_status":"open","template":"","meta":[],"product_brand":[],"product_cat":[31,32],"product_tag":[],"class_list":{"0":"post-1314","1":"product","2":"type-product","3":"status-publish","4":"has-post-thumbnail","6":"product_cat-more-ceramic-products","7":"product_cat-sic-si3n4-ceramic","9":"first","10":"instock","11":"product-type-simple"},"_links":{"self":[{"href":"https:\/\/www.cn-semiconductorparts.com\/fr\/wp-json\/wp\/v2\/product\/1314","targetHints":{"allow":["GET"]}}],"collection":[{"href":"https:\/\/www.cn-semiconductorparts.com\/fr\/wp-json\/wp\/v2\/product"}],"about":[{"href":"https:\/\/www.cn-semiconductorparts.com\/fr\/wp-json\/wp\/v2\/types\/product"}],"replies":[{"embeddable":true,"href":"https:\/\/www.cn-semiconductorparts.com\/fr\/wp-json\/wp\/v2\/comments?post=1314"}],"wp:featuredmedia":[{"embeddable":true,"href":"https:\/\/www.cn-semiconductorparts.com\/fr\/wp-json\/wp\/v2\/media\/961"}],"wp:attachment":[{"href":"https:\/\/www.cn-semiconductorparts.com\/fr\/wp-json\/wp\/v2\/media?parent=1314"}],"wp:term":[{"taxonomy":"product_brand","embeddable":true,"href":"https:\/\/www.cn-semiconductorparts.com\/fr\/wp-json\/wp\/v2\/product_brand?post=1314"},{"taxonomy":"product_cat","embeddable":true,"href":"https:\/\/www.cn-semiconductorparts.com\/fr\/wp-json\/wp\/v2\/product_cat?post=1314"},{"taxonomy":"product_tag","embeddable":true,"href":"https:\/\/www.cn-semiconductorparts.com\/fr\/wp-json\/wp\/v2\/product_tag?post=1314"}],"curies":[{"name":"WP","href":"https:\/\/api.w.org\/{rel}","templated":true}]}}