{"id":1316,"date":"2025-09-11T05:28:25","date_gmt":"2025-09-11T05:28:25","guid":{"rendered":"https:\/\/weitai2.globaldeepsea.site\/product\/zirconia-zro2-robot-arm\/"},"modified":"2026-04-29T15:34:14","modified_gmt":"2026-04-29T07:34:14","slug":"zirconia-zro2-robot-arm","status":"publish","type":"product","link":"https:\/\/www.cn-semiconductorparts.com\/fr\/product\/zirconia-zro2-robot-arm\/","title":{"rendered":"Zirconia Zro2 Robot bras"},"content":{"rendered":"<div class=\"fl-builder-content fl-builder-content-11540 fl-builder-content-primary fl-builder-global-templates-locked\" data-post-id=\"11540\">\n<div class=\"fl-row fl-row-full-width fl-row-bg-none fl-node-672d7aa88f8b8\" data-node=\"672d7aa88f8b8\">\n<div class=\"fl-row-content-wrap\">\n<div class=\"fl-row-content fl-row-full-width fl-node-content\">\n<div class=\"fl-col-group fl-node-672d7aa88f905\" data-node=\"672d7aa88f905\">\n<div class=\"fl-col fl-node-672d7aa88f94c\" data-node=\"672d7aa88f94c\" style=\"width: 100%;\">\n<div class=\"fl-col-content fl-node-content\">\n<div class=\"fl-module fl-module-rich-text fl-node-672d7aa88f993\" data-animation-delay=\"0.0\" data-node=\"672d7aa88f993\">\n<div class=\"fl-module-content fl-node-content\">\n<div class=\"fl-rich-text\">\n<p><span style=\"font-family: arial, helvetica, sans-serif; font-size: medium;\">The Zirconia ZrO2 Robot Arm from Semicera represents the next level of robotic automation, offering a high-performance solution for industries that demand precision, durability, and high-purity materials. Manufactured from high-quality Zirconia (ZrO2), this robot arm is designed to withstand extreme temperatures, resist wear, and maintain long-term operational stability in the most demanding environments. Its exceptional thermal stability, wear resistance, and superior mechanical properties make it the ideal choice for high-tech industries like semiconductor manufacturing, precision automation, and materials handling.<\/span><\/p>\n<p><strong><span style=\"font-family: arial, helvetica, sans-serif; font-size: medium;\">Unmatched Durability and Thermal Stability<\/span><\/strong><\/p>\n<p><span style=\"font-family: arial, helvetica, sans-serif; font-size: medium;\">Crafted from Zirconia (ZrO2), a material known for its superior wear resistance and high thermal stability, the Semicera Zirconia ZrO2 Robot Arm is built to perform reliably in extreme conditions. Unlike traditional metals, Zirconia maintains its strength and integrity even at high temperatures, making it a vital component in precision processes. In addition, the high-purity nature of Zirconia ensures that the robot arm operates in environments where material contamination must be minimized, such as semiconductor wafer processing.<\/span><\/p>\n<p><span style=\"font-family: arial, helvetica, sans-serif; font-size: medium;\">Incorporating advanced ceramic materials like Silicon Carbide (SiC), Alumina (Al2O3), Silicon Nitride (Si3N4), and Aluminum Nitride (AIN), Semicera has created a composite ceramic solution that balances strength, durability, and flexibility for automation tasks. Whether used in axle sleeves, bushings, wafer carriers, mechanical seals, or wafer boats, these advanced materials ensure the robot arm remains resistant to abrasion and thermal shock, providing superior reliability for extended service life.<\/span><\/p>\n<\/p><\/div>\n<\/p><\/div>\n<\/p><\/div>\n<\/p><\/div>\n<\/p><\/div>\n<\/p><\/div>\n<div class=\"fl-col-group fl-node-672d7aa88fde2\" data-node=\"672d7aa88fde2\">\n<div class=\"fl-col fl-node-672d7aa88fe2b fl-col-small\" data-node=\"672d7aa88fe2b\" style=\"width: 50%;\">\n<div class=\"fl-col-content fl-node-content\">\n<div class=\"fl-module fl-module-rich-text fl-node-672d7aa88fe72\" data-animation-delay=\"0.0\" data-node=\"672d7aa88fe72\">\n<div class=\"fl-module-content fl-node-content\">\n<div class=\"fl-rich-text\">\n<p><strong><span style=\"font-family: arial, helvetica, sans-serif; font-size: medium;\">The main characteristics of zirconia ceramic parts:<\/span><\/strong><\/p>\n<p><span style=\"font-family: arial, helvetica, sans-serif; font-size: medium;\">1. Excellente r\u00e9sistance \u00e0 l'usure, beaucoup plus \u00e9lev\u00e9e 276 fois que l'acier inoxydable<\/span><br \/><span style=\"font-family: arial, helvetica, sans-serif; font-size: medium;\"> 2. Densit\u00e9 plus \u00e9lev\u00e9e que la plupart des c\u00e9ramiques techniques, sur 6 g \/ cm3<\/span><br \/><span style=\"font-family: arial, helvetica, sans-serif; font-size: medium;\"> 3. Haute duret\u00e9, plus de 1300 MPa pour Vicker<\/span><br \/><span style=\"font-family: arial, helvetica, sans-serif; font-size: medium;\"> 4. Peut supporter des temp\u00e9ratures plus \u00e9lev\u00e9es jusqu'\u00e0 2400 \u00b0<\/span><br \/><span style=\"font-family: arial, helvetica, sans-serif; font-size: medium;\"> 5. Conductivit\u00e9 thermique faible, moins de 3 W \/ Mk \u00e0 temp\u00e9rature ambiante<\/span><br \/><span style=\"font-family: arial, helvetica, sans-serif; font-size: medium;\"> 6. Coefficient similaire d'expansion thermique comme acier inoxydable<\/span><br \/><span style=\"font-family: arial, helvetica, sans-serif; font-size: medium;\"> 7. La t\u00e9nacit\u00e9 \u00e0 fracture exceptionnelle atteint jusqu'\u00e0 8 MPa M1 \/ \u200b\u200b2<\/span><br \/><span style=\"font-family: arial, helvetica, sans-serif; font-size: medium;\"> 8. Inerness chimique, r\u00e9sistance au vieillissement, et pas rouille pour toujours<\/span><br \/><span style=\"font-family: arial, helvetica, sans-serif; font-size: medium;\"> 9. Resistance to molten metals due to an extraordinary melting point.<\/span><\/p>\n<\/p><\/div>\n<\/p><\/div>\n<\/p><\/div>\n<\/p><\/div>\n<\/p><\/div>\n<div class=\"fl-col fl-node-672d7aa88feb8 fl-col-small\" data-node=\"672d7aa88feb8\" style=\"width: 50%;\">\n<div class=\"fl-col-content fl-node-content\">\n<div class=\"fl-module fl-module-photo fl-node-672d7aa88feff\" data-animation-delay=\"0.0\" data-node=\"672d7aa88feff\">\n<div class=\"fl-module-content fl-node-content\">\n<div class=\"fl-photo fl-photo-align-center\" itemscope=\"\" itemtype=\"http:\/\/schema.org\/ImageObject\">\n<div class=\"fl-photo-content fl-photo-img-png\"> <img decoding=\"async\" alt=\"Zirconia Zro2 Robot bras\" class=\"fl-photo-img wp-image-11541\" itemprop=\"image\" src=\"\/wp-content\/uploads\/2025\/09\/3eb3f886adf72b86.webp\"> <\/img><\/div>\n<\/p><\/div>\n<\/p><\/div>\n<\/p><\/div>\n<\/p><\/div>\n<\/p><\/div>\n<\/p><\/div>\n<div class=\"fl-col-group fl-node-672d7aa88fc95\" data-node=\"672d7aa88fc95\">\n<div class=\"fl-col fl-node-672d7aa88fcd6\" data-node=\"672d7aa88fcd6\" style=\"width: 100%;\">\n<div class=\"fl-col-content fl-node-content\">\n<div class=\"fl-module fl-module-rich-text fl-node-672d7aa88fc54\" data-animation-delay=\"0.0\" data-node=\"672d7aa88fc54\">\n<div class=\"fl-module-content fl-node-content\">\n<div class=\"fl-rich-text\">\n<p><strong><span style=\"font-family: arial, helvetica, sans-serif; font-size: medium;\">Zircone (ZRO2) I Utilisations principales<\/span><\/strong><\/p>\n<p><span style=\"font-family: arial, helvetica, sans-serif; font-size: medium;\">Outils de moisissures et de moisissures (divers moules, luminaire de positionnement de pr\u00e9cision, luminaire d'isolation); Pi\u00e8ces de l'usine (classificateur, moulin \u00e0 d\u00e9bit d'air, moulin \u00e0 perles); Outil industriel (coupe-industriel, machine \u00e0 couliller, rouleau \u00e0 presse plat); Composants du connecteur optique (anneau d'\u00e9tanch\u00e9it\u00e9, manche, montage en V-Groove); Printemps sp\u00e9cial (printemps de la bobine, printemps de plaque); Produits de consommation (petits tournevis isol\u00e9s, couteau en c\u00e9ramique, trancheuse).<\/span><\/p>\n<\/p><\/div>\n<\/p><\/div>\n<\/p><\/div>\n<div class=\"fl-module fl-module-rich-text fl-node-672d7b36619b4\" data-animation-delay=\"0.0\" data-node=\"672d7b36619b4\">\n<div class=\"fl-module-content fl-node-content\">\n<div class=\"fl-rich-text\">\n<p><strong><span style=\"font-family: arial, helvetica, sans-serif; font-size: medium;\">High-Purity Solution for Semiconductor Applications<\/span><\/strong><\/p>\n<p><span style=\"font-family: arial, helvetica, sans-serif; font-size: medium;\">In the semiconductor industry, the Zirconia ZrO2 Robot Arm by Semicera excels in applications where precise material handling and contamination control are essential. The robot arm\u2019s high-purity composition is crucial in tasks such as wafer handling, wafer inspection, and materials deposition, where even the smallest contamination can affect product quality. The arm\u2019s robust design ensures optimal performance in cleanroom environments, making it perfect for delicate operations like wafer transport or in equipment requiring high-temperature stability.<\/span><\/p>\n<p><span style=\"font-family: arial, helvetica, sans-serif; font-size: medium;\">The robot arm is also used in critical applications involving mechanical seals, wafer boats, and precision bushing systems. With its exceptional resistance to wear and high thermal stability, it enables smoother operations in automated production lines, reducing the risk of downtime and increasing overall throughput in semiconductor fabrication and processing.<\/span><\/p>\n<p><strong><span style=\"font-family: arial, helvetica, sans-serif; font-size: medium;\">Reliable, High-Performance Automation<\/span><\/strong><\/p>\n<p><span style=\"font-family: arial, helvetica, sans-serif; font-size: medium;\">The Semicera Zirconia ZrO2 Robot Arm offers an advanced solution for manufacturers seeking robust automation systems with minimal maintenance and maximum precision. Its unique combination of Zirconia (ZrO2) and other high-performance ceramics ensures that it can handle the toughest tasks in industries that demand the highest standards of performance. Whether integrated into semiconductor fabrication processes or advanced manufacturing systems, this robot arm guarantees superior durability, precision, and long-term reliability.<\/span><\/p>\n<p><span style=\"font-family: arial, helvetica, sans-serif; font-size: medium;\">Choose the Zirconia ZrO2 Robot Arm by Semicera for cutting-edge performance, superior wear resistance, and high thermal stability in the most demanding environments.<\/span><\/p>\n<\/p><\/div>\n<\/p><\/div>\n<\/p><\/div>\n<\/p><\/div>\n<\/p><\/div>\n<\/p><\/div>\n<\/p><\/div>\n<\/p><\/div>\n<\/p><\/div>\n<div class=\"fl-row fl-row-full-width fl-row-bg-none fl-node-672d7ab16dac2\" data-node=\"672d7ab16dac2\">\n<div class=\"fl-row-content-wrap\">\n<div class=\"fl-row-content fl-row-full-width fl-node-content\">\n<div class=\"fl-col-group fl-node-672d7ab16db08\" data-node=\"672d7ab16db08\">\n<div class=\"fl-col fl-node-672d7ab16db4a\" data-node=\"672d7ab16db4a\" style=\"width: 100%;\">\n<div class=\"fl-col-content fl-node-content\">\n<div class=\"fl-module fl-module-photo fl-node-672d7ab16db8c\" data-animation-delay=\"0.0\" data-node=\"672d7ab16db8c\">\n<div class=\"fl-module-content fl-node-content\">\n<div class=\"fl-photo fl-photo-align-center\" itemscope=\"\" itemtype=\"http:\/\/schema.org\/ImageObject\">\n<div class=\"fl-photo-content fl-photo-img-jpg\"> <img decoding=\"async\" alt=\"Lieu de travail Semiera\" class=\"fl-photo-img wp-image-9038\" itemprop=\"image\" src=\"\/wp-content\/uploads\/2025\/09\/b1dd0bcab1675ff4.webp\"> <\/img><\/div>\n<\/p><\/div>\n<\/p><\/div>\n<\/p><\/div>\n<div class=\"fl-module fl-module-photo fl-node-672d7ab16dcd4\" data-animation-delay=\"0.0\" data-node=\"672d7ab16dcd4\">\n<div class=\"fl-module-content fl-node-content\">\n<div class=\"fl-photo fl-photo-align-center\" itemscope=\"\" itemtype=\"http:\/\/schema.org\/ImageObject\">\n<div class=\"fl-photo-content fl-photo-img-jpg\"> <img decoding=\"async\" alt=\"Semirara Lieu de travail 2\" class=\"fl-photo-img wp-image-9037\" itemprop=\"image\" src=\"\/wp-content\/uploads\/2025\/09\/2b946d2b4b61306d.webp\"> <\/img><\/div>\n<\/p><\/div>\n<\/p><\/div>\n<\/p><\/div>\n<div class=\"fl-module fl-module-photo fl-node-672d7ab16dc92\" data-animation-delay=\"0.0\" data-node=\"672d7ab16dc92\">\n<div class=\"fl-module-content fl-node-content\">\n<div class=\"fl-photo fl-photo-align-center\" itemscope=\"\" itemtype=\"http:\/\/schema.org\/ImageObject\">\n<div class=\"fl-photo-content fl-photo-img-jpg\"> <img decoding=\"async\" alt=\"Machine de mat\u00e9riel\" class=\"fl-photo-img wp-image-9034 size-full\" itemprop=\"image\" src=\"\/wp-content\/uploads\/2025\/09\/081b6529d68ead23.webp\"> <\/img><\/div>\n<\/p><\/div>\n<\/p><\/div>\n<\/p><\/div>\n<div class=\"fl-module fl-module-photo fl-node-672d7ab16dc51\" data-animation-delay=\"0.0\" data-node=\"672d7ab16dc51\">\n<div class=\"fl-module-content fl-node-content\">\n<div class=\"fl-photo fl-photo-align-center\" itemscope=\"\" itemtype=\"http:\/\/schema.org\/ImageObject\">\n<div class=\"fl-photo-content fl-photo-img-jpg\"> <img decoding=\"async\" alt=\"Traitement CNN, nettoyage chimique, rev\u00eatement CVD\" class=\"fl-photo-img wp-image-9033\" itemprop=\"image\" src=\"\/wp-content\/uploads\/2025\/09\/a4132b2b399abbac.webp\"> <\/img><\/div>\n<\/p><\/div>\n<\/p><\/div>\n<\/p><\/div>\n<div class=\"fl-module fl-module-photo fl-node-672d7ab16dc0f\" data-animation-delay=\"0.0\" data-node=\"672d7ab16dc0f\">\n<div class=\"fl-module-content fl-node-content\">\n<div class=\"fl-photo fl-photo-align-center\" itemscope=\"\" itemtype=\"http:\/\/schema.org\/ImageObject\">\n<div class=\"fl-photo-content fl-photo-img-jpg\"> <img decoding=\"async\" alt=\"Maison des articles semira\" class=\"fl-photo-img wp-image-9036\" itemprop=\"image\" src=\"\/wp-content\/uploads\/2025\/09\/2190bb9ce5c1d546.webp\"> <\/img><\/div>\n<\/p><\/div>\n<\/p><\/div>\n<\/p><\/div>\n<div class=\"fl-module fl-module-photo fl-node-672d7ab16dbcd\" data-animation-delay=\"0.0\" data-node=\"672d7ab16dbcd\">\n<div class=\"fl-module-content fl-node-content\">\n<div class=\"fl-photo fl-photo-align-center\" itemscope=\"\" itemtype=\"http:\/\/schema.org\/ImageObject\">\n<div class=\"fl-photo-content fl-photo-img-jpg\"> <img decoding=\"async\" alt=\"Notre service\" class=\"fl-photo-img wp-image-9035\" itemprop=\"image\" src=\"\/wp-content\/uploads\/2025\/09\/b07f222c0ec0ab8d.webp\"> <\/img><\/div>\n<\/p><\/div>\n<\/p><\/div>\n<\/p><\/div>\n<\/p><\/div>\n<\/p><\/div>\n<\/p><\/div>\n<\/p><\/div>\n<\/p><\/div>\n<\/p><\/div>\n<\/div>","protected":false},"excerpt":{"rendered":"<p>Semicera\u2019s Zirconia ZrO2 Robotic Arm combines advanced ceramic technology with cutting-edge robotics to provide exceptional durability, precision, and reliability for automated systems. Made from high-purity zirconium oxide (ZrO2), this robot arm is built to withstand extreme conditions, ensuring optimal performance in high-temperature and high-wear environments. Its outstanding thermal stability, wear resistance, and mechanical strength make it ideal for demanding applications in industries such as semiconductor manufacturing, precision automation, and robotics. We look forward to being your long-term partner in China.<\/p>","protected":false},"featured_media":1070,"comment_status":"closed","ping_status":"open","template":"","meta":[],"product_brand":[],"product_cat":[31,32],"product_tag":[],"class_list":{"0":"post-1316","1":"product","2":"type-product","3":"status-publish","4":"has-post-thumbnail","6":"product_cat-more-ceramic-products","7":"product_cat-sic-si3n4-ceramic","9":"first","10":"instock","11":"product-type-simple"},"_links":{"self":[{"href":"https:\/\/www.cn-semiconductorparts.com\/fr\/wp-json\/wp\/v2\/product\/1316","targetHints":{"allow":["GET"]}}],"collection":[{"href":"https:\/\/www.cn-semiconductorparts.com\/fr\/wp-json\/wp\/v2\/product"}],"about":[{"href":"https:\/\/www.cn-semiconductorparts.com\/fr\/wp-json\/wp\/v2\/types\/product"}],"replies":[{"embeddable":true,"href":"https:\/\/www.cn-semiconductorparts.com\/fr\/wp-json\/wp\/v2\/comments?post=1316"}],"wp:featuredmedia":[{"embeddable":true,"href":"https:\/\/www.cn-semiconductorparts.com\/fr\/wp-json\/wp\/v2\/media\/1070"}],"wp:attachment":[{"href":"https:\/\/www.cn-semiconductorparts.com\/fr\/wp-json\/wp\/v2\/media?parent=1316"}],"wp:term":[{"taxonomy":"product_brand","embeddable":true,"href":"https:\/\/www.cn-semiconductorparts.com\/fr\/wp-json\/wp\/v2\/product_brand?post=1316"},{"taxonomy":"product_cat","embeddable":true,"href":"https:\/\/www.cn-semiconductorparts.com\/fr\/wp-json\/wp\/v2\/product_cat?post=1316"},{"taxonomy":"product_tag","embeddable":true,"href":"https:\/\/www.cn-semiconductorparts.com\/fr\/wp-json\/wp\/v2\/product_tag?post=1316"}],"curies":[{"name":"WP","href":"https:\/\/api.w.org\/{rel}","templated":true}]}}