{"id":1318,"date":"2025-09-11T05:28:25","date_gmt":"2025-09-11T05:28:25","guid":{"rendered":"https:\/\/weitai2.globaldeepsea.site\/product\/zro2-crucible\/"},"modified":"2026-04-29T15:34:14","modified_gmt":"2026-04-29T07:34:14","slug":"zro2-crucible","status":"publish","type":"product","link":"https:\/\/www.cn-semiconductorparts.com\/fr\/product\/zro2-crucible\/","title":{"rendered":"Zro2 Crucible"},"content":{"rendered":"<div class=\"fl-builder-content fl-builder-content-11527 fl-builder-content-primary fl-builder-global-templates-locked\" data-post-id=\"11527\">\n<div class=\"fl-row fl-row-full-width fl-row-bg-none fl-node-672d76d522def\" data-node=\"672d76d522def\">\n<div class=\"fl-row-content-wrap\">\n<div class=\"fl-row-content fl-row-full-width fl-node-content\">\n<div class=\"fl-col-group fl-node-672d76d522e34\" data-node=\"672d76d522e34\">\n<div class=\"fl-col fl-node-672d76d522e76\" data-node=\"672d76d522e76\" style=\"width: 100%;\">\n<div class=\"fl-col-content fl-node-content\">\n<div class=\"fl-module fl-module-rich-text fl-node-672d76d522eb7\" data-animation-delay=\"0.0\" data-node=\"672d76d522eb7\">\n<div class=\"fl-module-content fl-node-content\">\n<div class=\"fl-rich-text\">\n<p><span style=\"font-family: arial, helvetica, sans-serif; font-size: medium;\">The ZrO2 Crucible by Semicera offers outstanding performance tailored for high-precision applications in the semiconductor industry. Made from high-purity Zirconia (ZrO2), this crucible is engineered for maximum durability and resistance to extreme temperatures, making it a reliable solution for critical processing environments. With its robust composition, this ZrO2 crucible exhibits excellent wear resistance and superior thermal stability, essential for demanding applications.<\/span><\/p>\n<p><span style=\"font-family: arial, helvetica, sans-serif; font-size: medium;\">Advanced Ceramic Composition for Optimal Performance The Semicera ZrO2 Crucible is part of an advanced line of high-performance ceramic products. Beyond Zirconia, we provide expertise in materials such as Silicon Carbide (SiC), Alumina (Al2O3), Silicon Nitride (Si3N4), and Aluminum Nitride (AIN). These composite ceramics are specifically designed for use in semiconductor components including axle sleeves, bushings, wafer carriers, mechanical seals, and wafer boats. The advanced properties of these materials make them suitable for complex applications requiring extreme resilience and precision.<\/span><\/p>\n<p><span style=\"font-family: arial, helvetica, sans-serif; font-size: medium;\">Semiconductor Applications and Enhanced Durability In the semiconductor industry, the Semicera ZrO2 Crucible meets the demands of high-purity processing environments. Its high wear resistance ensures that it withstands repeated cycles, maintaining its structural integrity under high thermal loads. Applications for the ZrO2 crucible in the production of wafers and high-precision components illustrate its vital role in processes that require absolute purity and reliability.<\/span><\/p>\n<p><span style=\"font-family: arial, helvetica, sans-serif; font-size: medium;\">Designed to meet stringent industry standards, Semicera\u2019s ZrO2 Crucible is the ideal choice for companies seeking performance, endurance, and quality.<\/span><\/p>\n<\/p><\/div>\n<\/p><\/div>\n<\/p><\/div>\n<\/p><\/div>\n<\/p><\/div>\n<\/p><\/div>\n<div class=\"fl-col-group fl-node-672d76d5232cc\" data-node=\"672d76d5232cc\">\n<div class=\"fl-col fl-node-672d76d52330d fl-col-small\" data-node=\"672d76d52330d\" style=\"width: 50%;\">\n<div class=\"fl-col-content fl-node-content\">\n<div class=\"fl-module fl-module-rich-text fl-node-672d76d52334e\" data-animation-delay=\"0.0\" data-node=\"672d76d52334e\">\n<div class=\"fl-module-content fl-node-content\">\n<div class=\"fl-rich-text\">\n<p><span style=\"font-family: arial, helvetica, sans-serif; font-size: medium;\"><strong>The main characteristics of zirconia ceramic parts:<\/strong><\/span><\/p>\n<p><span style=\"font-family: arial, helvetica, sans-serif; font-size: medium;\">1. Excellente r\u00e9sistance \u00e0 l'usure, beaucoup plus \u00e9lev\u00e9e 276 fois que l'acier inoxydable<\/span><br \/><span style=\"font-family: arial, helvetica, sans-serif; font-size: medium;\"> 2. Densit\u00e9 plus \u00e9lev\u00e9e que la plupart des c\u00e9ramiques techniques, sur 6 g \/ cm3<\/span><br \/><span style=\"font-family: arial, helvetica, sans-serif; font-size: medium;\"> 3. Haute duret\u00e9, plus de 1300 MPa pour Vicker<\/span><br \/><span style=\"font-family: arial, helvetica, sans-serif; font-size: medium;\"> 4. Peut supporter des temp\u00e9ratures plus \u00e9lev\u00e9es jusqu'\u00e0 2400 \u00b0<\/span><br \/><span style=\"font-family: arial, helvetica, sans-serif; font-size: medium;\"> 5. Conductivit\u00e9 thermique faible, moins de 3 W \/ Mk \u00e0 temp\u00e9rature ambiante<\/span><br \/><span style=\"font-family: arial, helvetica, sans-serif; font-size: medium;\"> 6. Coefficient similaire d'expansion thermique comme acier inoxydable<\/span><br \/><span style=\"font-family: arial, helvetica, sans-serif; font-size: medium;\"> 7. La t\u00e9nacit\u00e9 \u00e0 fracture exceptionnelle atteint jusqu'\u00e0 8 MPa M1 \/ \u200b\u200b2<\/span><br \/><span style=\"font-family: arial, helvetica, sans-serif; font-size: medium;\"> 8. Inerness chimique, r\u00e9sistance au vieillissement, et pas rouille pour toujours<\/span><br \/><span style=\"font-family: arial, helvetica, sans-serif; font-size: medium;\"> 9. Resistance to molten metals due to an extraordinary melting point.<\/span><\/p>\n<\/p><\/div>\n<\/p><\/div>\n<\/p><\/div>\n<\/p><\/div>\n<\/p><\/div>\n<div class=\"fl-col fl-node-672d76d523398 fl-col-small\" data-node=\"672d76d523398\" style=\"width: 50%;\">\n<div class=\"fl-col-content fl-node-content\">\n<div class=\"fl-module fl-module-photo fl-node-672d76d5233da\" data-animation-delay=\"0.0\" data-node=\"672d76d5233da\">\n<div class=\"fl-module-content fl-node-content\">\n<div class=\"fl-photo fl-photo-align-center\" itemscope=\"\" itemtype=\"http:\/\/schema.org\/ImageObject\">\n<div class=\"fl-photo-content fl-photo-img-jpg\"> <img decoding=\"async\" alt=\"h6b215cd5cdb04d5b86faad21c1484730b-391424\" class=\"fl-photo-img wp-image-11530\" itemprop=\"image\" src=\"\/wp-content\/uploads\/2025\/09\/6a4e10bb8d37e69f.webp\"> <\/img><\/div>\n<\/p><\/div>\n<\/p><\/div>\n<\/p><\/div>\n<\/p><\/div>\n<\/p><\/div>\n<\/p><\/div>\n<div class=\"fl-col-group fl-node-672d76d523185\" data-node=\"672d76d523185\">\n<div class=\"fl-col fl-node-672d76d5231c6\" data-node=\"672d76d5231c6\" style=\"width: 100%;\">\n<div class=\"fl-col-content fl-node-content\">\n<div class=\"fl-module fl-module-rich-text fl-node-672d76d523144\" data-animation-delay=\"0.0\" data-node=\"672d76d523144\">\n<div class=\"fl-module-content fl-node-content\">\n<div class=\"fl-rich-text\">\n<p><strong><span style=\"font-family: arial, helvetica, sans-serif; font-size: medium;\">Zircone (ZRO2) I Utilisations principales<\/span><\/strong><\/p>\n<p><span style=\"font-family: arial, helvetica, sans-serif; font-size: medium;\">Outils de moisissures et de moisissures (divers moules, luminaire de positionnement de pr\u00e9cision, luminaire d'isolation); Pi\u00e8ces de l'usine (classificateur, moulin \u00e0 d\u00e9bit d'air, moulin \u00e0 perles); Outil industriel (coupe-industriel, machine \u00e0 couliller, rouleau \u00e0 presse plat); Composants du connecteur optique (anneau d'\u00e9tanch\u00e9it\u00e9, manche, montage en V-Groove); Printemps sp\u00e9cial (printemps de la bobine, printemps de plaque); Produits de consommation (petits tournevis isol\u00e9s, couteau en c\u00e9ramique, trancheuse).<\/span><\/p>\n<\/p><\/div>\n<\/p><\/div>\n<\/p><\/div>\n<\/p><\/div>\n<\/p><\/div>\n<\/p><\/div>\n<\/p><\/div>\n<\/p><\/div>\n<\/p><\/div>\n<div class=\"fl-row fl-row-full-width fl-row-bg-none fl-node-672d76f8c2396\" data-node=\"672d76f8c2396\">\n<div class=\"fl-row-content-wrap\">\n<div class=\"fl-row-content fl-row-full-width fl-node-content\">\n<div class=\"fl-col-group fl-node-672d76f8c23da\" data-node=\"672d76f8c23da\">\n<div class=\"fl-col fl-node-672d76f8c2419\" data-node=\"672d76f8c2419\" style=\"width: 100%;\">\n<div class=\"fl-col-content fl-node-content\">\n<div class=\"fl-module fl-module-photo fl-node-672d76f8c2459\" data-animation-delay=\"0.0\" data-node=\"672d76f8c2459\">\n<div class=\"fl-module-content fl-node-content\">\n<div class=\"fl-photo fl-photo-align-center\" itemscope=\"\" itemtype=\"http:\/\/schema.org\/ImageObject\">\n<div class=\"fl-photo-content fl-photo-img-jpg\"> <img decoding=\"async\" alt=\"Lieu de travail Semiera\" class=\"fl-photo-img wp-image-9038\" itemprop=\"image\" src=\"\/wp-content\/uploads\/2025\/09\/b1dd0bcab1675ff4.webp\"> <\/img><\/div>\n<\/p><\/div>\n<\/p><\/div>\n<\/p><\/div>\n<div class=\"fl-module fl-module-photo fl-node-672d76f8c259f\" data-animation-delay=\"0.0\" data-node=\"672d76f8c259f\">\n<div class=\"fl-module-content fl-node-content\">\n<div class=\"fl-photo fl-photo-align-center\" itemscope=\"\" itemtype=\"http:\/\/schema.org\/ImageObject\">\n<div class=\"fl-photo-content fl-photo-img-jpg\"> <img decoding=\"async\" alt=\"Semirara Lieu de travail 2\" class=\"fl-photo-img wp-image-9037\" itemprop=\"image\" src=\"\/wp-content\/uploads\/2025\/09\/2b946d2b4b61306d.webp\"> <\/img><\/div>\n<\/p><\/div>\n<\/p><\/div>\n<\/p><\/div>\n<div class=\"fl-module fl-module-photo fl-node-672d76f8c255f\" data-animation-delay=\"0.0\" data-node=\"672d76f8c255f\">\n<div class=\"fl-module-content fl-node-content\">\n<div class=\"fl-photo fl-photo-align-center\" itemscope=\"\" itemtype=\"http:\/\/schema.org\/ImageObject\">\n<div class=\"fl-photo-content fl-photo-img-jpg\"> <img decoding=\"async\" alt=\"Machine de mat\u00e9riel\" class=\"fl-photo-img wp-image-9034 size-full\" itemprop=\"image\" src=\"\/wp-content\/uploads\/2025\/09\/081b6529d68ead23.webp\"> <\/img><\/div>\n<\/p><\/div>\n<\/p><\/div>\n<\/p><\/div>\n<div class=\"fl-module fl-module-photo fl-node-672d76f8c251f\" data-animation-delay=\"0.0\" data-node=\"672d76f8c251f\">\n<div class=\"fl-module-content fl-node-content\">\n<div class=\"fl-photo fl-photo-align-center\" itemscope=\"\" itemtype=\"http:\/\/schema.org\/ImageObject\">\n<div class=\"fl-photo-content fl-photo-img-jpg\"> <img decoding=\"async\" alt=\"Traitement CNN, nettoyage chimique, rev\u00eatement CVD\" class=\"fl-photo-img wp-image-9033\" itemprop=\"image\" src=\"\/wp-content\/uploads\/2025\/09\/a4132b2b399abbac.webp\"> <\/img><\/div>\n<\/p><\/div>\n<\/p><\/div>\n<\/p><\/div>\n<div class=\"fl-module fl-module-photo fl-node-672d76f8c24d8\" data-animation-delay=\"0.0\" data-node=\"672d76f8c24d8\">\n<div class=\"fl-module-content fl-node-content\">\n<div class=\"fl-photo fl-photo-align-center\" itemscope=\"\" itemtype=\"http:\/\/schema.org\/ImageObject\">\n<div class=\"fl-photo-content fl-photo-img-jpg\"> <img decoding=\"async\" alt=\"Maison des articles semira\" class=\"fl-photo-img wp-image-9036\" itemprop=\"image\" src=\"\/wp-content\/uploads\/2025\/09\/2190bb9ce5c1d546.webp\"> <\/img><\/div>\n<\/p><\/div>\n<\/p><\/div>\n<\/p><\/div>\n<div class=\"fl-module fl-module-photo fl-node-672d76f8c2498\" data-animation-delay=\"0.0\" data-node=\"672d76f8c2498\">\n<div class=\"fl-module-content fl-node-content\">\n<div class=\"fl-photo fl-photo-align-center\" itemscope=\"\" itemtype=\"http:\/\/schema.org\/ImageObject\">\n<div class=\"fl-photo-content fl-photo-img-jpg\"> <img decoding=\"async\" alt=\"Notre service\" class=\"fl-photo-img wp-image-9035\" itemprop=\"image\" src=\"\/wp-content\/uploads\/2025\/09\/b07f222c0ec0ab8d.webp\"> <\/img><\/div>\n<\/p><\/div>\n<\/p><\/div>\n<\/p><\/div>\n<\/p><\/div>\n<\/p><\/div>\n<\/p><\/div>\n<\/p><\/div>\n<\/p><\/div>\n<\/p><\/div>\n<\/div>","protected":false},"excerpt":{"rendered":"<p>The ZrO2 Crucible from Semicera is a high-performance solution engineered for demanding high-temperature environments. Made from pure Zirconia (ZrO2), this crucible offers exceptional thermal stability, wear resistance, and mechanical strength. Designed to handle extreme conditions, it is ideal for use in advanced industries like semiconductor manufacturing, where precision and durability are critical.<\/p>","protected":false},"featured_media":1200,"comment_status":"closed","ping_status":"open","template":"","meta":[],"product_brand":[],"product_cat":[31,33],"product_tag":[],"class_list":{"0":"post-1318","1":"product","2":"type-product","3":"status-publish","4":"has-post-thumbnail","6":"product_cat-more-ceramic-products","7":"product_cat-zirconium-oxide-ceramics","9":"first","10":"instock","11":"product-type-simple"},"_links":{"self":[{"href":"https:\/\/www.cn-semiconductorparts.com\/fr\/wp-json\/wp\/v2\/product\/1318","targetHints":{"allow":["GET"]}}],"collection":[{"href":"https:\/\/www.cn-semiconductorparts.com\/fr\/wp-json\/wp\/v2\/product"}],"about":[{"href":"https:\/\/www.cn-semiconductorparts.com\/fr\/wp-json\/wp\/v2\/types\/product"}],"replies":[{"embeddable":true,"href":"https:\/\/www.cn-semiconductorparts.com\/fr\/wp-json\/wp\/v2\/comments?post=1318"}],"wp:featuredmedia":[{"embeddable":true,"href":"https:\/\/www.cn-semiconductorparts.com\/fr\/wp-json\/wp\/v2\/media\/1200"}],"wp:attachment":[{"href":"https:\/\/www.cn-semiconductorparts.com\/fr\/wp-json\/wp\/v2\/media?parent=1318"}],"wp:term":[{"taxonomy":"product_brand","embeddable":true,"href":"https:\/\/www.cn-semiconductorparts.com\/fr\/wp-json\/wp\/v2\/product_brand?post=1318"},{"taxonomy":"product_cat","embeddable":true,"href":"https:\/\/www.cn-semiconductorparts.com\/fr\/wp-json\/wp\/v2\/product_cat?post=1318"},{"taxonomy":"product_tag","embeddable":true,"href":"https:\/\/www.cn-semiconductorparts.com\/fr\/wp-json\/wp\/v2\/product_tag?post=1318"}],"curies":[{"name":"WP","href":"https:\/\/api.w.org\/{rel}","templated":true}]}}